{"id":568,"date":"2020-09-22T13:10:20","date_gmt":"2020-09-22T10:10:20","guid":{"rendered":"https:\/\/nowbeyou.global\/lt\/parduotuve\/clone-of-zvake-kopija-2\/"},"modified":"2022-12-02T14:18:06","modified_gmt":"2022-12-02T12:18:06","slug":"mandala","status":"publish","type":"product","link":"https:\/\/nowbeyou.global\/lt\/parduotuve\/mandala\/","title":{"rendered":"Mandala meditacijoms"},"content":{"rendered":"<p><strong>Gydom\u0105sias \u0161viesos vibracijas aktyvuojanti autenti\u0161kumo holograma \u2013 \u201cA\u0160 ESU\u201d Mandala<\/strong><\/p>\n<p><strong>\u0160i daugiafunkcin\u0117 Mandala skirta: <\/strong><\/p>\n<ul>\n<li>Meditacij\u0173 erdvei namuose susikurti<\/li>\n<li>Apsaugoti erdves<\/li>\n<li>Valyti papuo\u0161alus<\/li>\n<li>Krauti pozityviomis vibracijomis vanden\u012f<\/li>\n<li>Aktyvizuoti sakrali\u0105 Tavo viet\u0105, bet kur, kur esi.<\/li>\n<\/ul>\n<p><strong>Naudojimo b\u016bdas:<\/strong><\/p>\n<p>\u012esigijus mandal\u0105, kuri yra jau aktyvizuota ir centruota per visas laiko juostas bei dimensijas, svarbu personalizuoti j\u0105 savo asmeninei erdvei, kad ir kur j\u0105 naudotum ateity, aktyvizacija gali pad\u0117ti sustiprinti Tavo ry\u0161\u012f su malda, pra\u0161ymu ar kasdienine praktika. Taip pat, aktyvizacija gali b\u016bti atnaujinama (neb\u016btinai), kaskart kei\u010diant tavo fokuso\/maldos intensij\u0105.<\/p>\n<p><strong>Pagrindin\u0117 informacija<\/strong><\/p>\n<p>\u0160i mandala yra pagaminta i\u0161 lengvos, vandeniui atsparios med\u017eiagos, mandalos dydis 25 x 25 cm, tad j\u0105 bus lengva transportuoti keliaujant ar kei\u010diant jos viet\u0105 namuose. Kitoje mandalos pus\u0117je rasite afirmacij\u0105, tinkan\u010di\u0105 Tavo meditacijos, maldos, d\u0117kingumo praktikai. Kartu su mandala gausite ir jos aktyvizavimo instrukcij\u0105 su kv\u0117pavimo bei meditacijos praktika.<\/p>\n","protected":false},"excerpt":{"rendered":"<p>Meditacijoms bei energetin\u0117ms praktikoms skirta mandala kartu su d\u0117kingumo afirmacijomis pad\u0117s koncentruoti ir aktyvizuoti \u0161viesos energij\u0105 Tavo erdv\u0117je. Ie\u0161kai kaip susikurti sakrali\u0105 erdv\u0119 savo namuose ar keliaujant? \u0160i mandala pad\u0117s Tau susikurti meditacijos erdv\u0119, kad ir kur beb\u016btum!<\/p>\n","protected":false},"featured_media":1465,"comment_status":"closed","ping_status":"closed","template":"","meta":{"_acf_changed":false,"inline_featured_image":false},"product_brand":[],"product_cat":[37],"product_tag":[],"class_list":{"0":"post-568","1":"product","2":"type-product","3":"status-publish","4":"has-post-thumbnail","6":"product_cat-be-kategorijos","7":"post-wrapper","8":"thrv_wrapper","10":"first","11":"instock","12":"shipping-taxable","13":"purchasable","14":"product-type-simple"},"acf":[],"_links":{"self":[{"href":"https:\/\/nowbeyou.global\/lt\/wp-json\/wp\/v2\/product\/568","targetHints":{"allow":["GET"]}}],"collection":[{"href":"https:\/\/nowbeyou.global\/lt\/wp-json\/wp\/v2\/product"}],"about":[{"href":"https:\/\/nowbeyou.global\/lt\/wp-json\/wp\/v2\/types\/product"}],"replies":[{"embeddable":true,"href":"https:\/\/nowbeyou.global\/lt\/wp-json\/wp\/v2\/comments?post=568"}],"wp:featuredmedia":[{"embeddable":true,"href":"https:\/\/nowbeyou.global\/lt\/wp-json\/wp\/v2\/media\/1465"}],"wp:attachment":[{"href":"https:\/\/nowbeyou.global\/lt\/wp-json\/wp\/v2\/media?parent=568"}],"wp:term":[{"taxonomy":"product_brand","embeddable":true,"href":"https:\/\/nowbeyou.global\/lt\/wp-json\/wp\/v2\/product_brand?post=568"},{"taxonomy":"product_cat","embeddable":true,"href":"https:\/\/nowbeyou.global\/lt\/wp-json\/wp\/v2\/product_cat?post=568"},{"taxonomy":"product_tag","embeddable":true,"href":"https:\/\/nowbeyou.global\/lt\/wp-json\/wp\/v2\/product_tag?post=568"}],"curies":[{"name":"wp","href":"https:\/\/api.w.org\/{rel}","templated":true}]}}