{"id":567,"date":"2020-09-22T13:10:16","date_gmt":"2020-09-22T10:10:16","guid":{"rendered":"https:\/\/nowbeyou.global\/lt\/parduotuve\/clone-of-clone-of-clone-of-zvake\/"},"modified":"2022-12-02T14:16:57","modified_gmt":"2022-12-02T12:16:57","slug":"lunaamuletas","status":"publish","type":"product","link":"https:\/\/nowbeyou.global\/lt\/parduotuve\/lunaamuletas\/","title":{"rendered":"Luna amuletas"},"content":{"rendered":"<p><strong>LUNA SWAN apsaugos amuletas<\/strong><\/p>\n<p>\u0160is trejyb\u0117s m\u0117nulis &#8211; simbolizuoja vidin\u0117s pilnatv\u0117s b\u016bsen\u0105 per tris aspektus: Dievi\u0161k\u0105 vyri\u0161kum\u0105, Deivi\u0161k\u0105 moteri\u0161kum\u0105 ir am\u017einos meil\u0117s vaisi\u0173 &#8211; vidin\u012f vaik\u0105, kurie yra vartai \u012f nejudinam\u0105 \u017emogaus ties\u0105 su K\u016br\u0117ju.<\/p>\n<p>Kuomet \u017emogus yra vidiniame balanse ir pilnatv\u0117je, i\u0161oriniai \u012fvykiai negali sugriauti ar i\u0161mu\u0161ti i\u0161 am\u017eino meil\u0117s centro sielos evoliucijos kelyje.<\/p>\n<p>\u0160is LUNOS simbolis yra aktyvuotas senov\u0117s Egipto m\u0117nulio \u0161ventyklos erdv\u0117s, kurioje t\u016bkstantme\u010dius vyravo Deivi\u0173 i\u0161mintis. \u0160is rank\u0173 darbo apsaugos amuletas, sukurtas pagal special\u0173 BE YOU u\u017esakym\u0105, simbolizuoja am\u017einos i\u0161minties ir Dievi\u0161kos trejyb\u0117s darn\u0105. Inkrustuotas m\u0117nulio akmuo, amuleto centre &#8211; stiprina moters pasitik\u0117jim\u0105 savo intuicija, aktyvina vidin\u0117s meil\u0117s b\u016bsen\u0105 bei tvirtina jos energetin\u012f lauk\u0105.<\/p>\n<p><strong>Pagrindin\u0117 informacija<\/strong><\/p>\n<p>Amuletas pagamintas i\u0161 sidabro, jo centre naudojamas m\u0117nulio akmuo, kuris kaip ir bet kuris <em>gyvas<\/em> akmuo kiekviename amulete yra skirtingas ir unikalus. Grandin\u0117l\u0117 yra su prailginimu, tod\u0117l gal\u0117site ne\u0161ioti taip kaip patinka.<\/p>\n","protected":false},"excerpt":{"rendered":"<p>\u0160is rank\u0173 darbo sidabrinis apsaugos amuletas, sukurtas juvelyro pagal special\u0173 BE YOU u\u017esakym\u0105, simbolizuoja am\u017einos i\u0161minties ir Dievi\u0161kos trejyb\u0117s darn\u0105. Inkrustuotas m\u0117nulio akmuo, amuleto centre &#8211; stiprina moters pasitik\u0117jim\u0105 savo intuicija, aktyvina vidin\u0117s meil\u0117s b\u016bsen\u0105 bei tvirtina jos energetin\u012f lauk\u0105. <em>Gyvas<\/em> akmuo kiekviename amulete unikalus ir vienintelis toks.<\/p>\n<p>Su \u0161iuo amuletu taip pat gausite meditacin\u0119 praktik\u0105 &#8211; instrukcij\u0105, kaip j\u012f personalizuoti ir pritaikyti savo energetinei apsaugai.<\/p>\n","protected":false},"featured_media":1463,"comment_status":"closed","ping_status":"closed","template":"","meta":{"_acf_changed":false,"inline_featured_image":false},"product_brand":[],"product_cat":[37],"product_tag":[],"class_list":{"0":"post-567","1":"product","2":"type-product","3":"status-publish","4":"has-post-thumbnail","6":"product_cat-be-kategorijos","7":"post-wrapper","8":"thrv_wrapper","10":"first","11":"outofstock","12":"shipping-taxable","13":"purchasable","14":"product-type-simple"},"acf":[],"_links":{"self":[{"href":"https:\/\/nowbeyou.global\/lt\/wp-json\/wp\/v2\/product\/567","targetHints":{"allow":["GET"]}}],"collection":[{"href":"https:\/\/nowbeyou.global\/lt\/wp-json\/wp\/v2\/product"}],"about":[{"href":"https:\/\/nowbeyou.global\/lt\/wp-json\/wp\/v2\/types\/product"}],"replies":[{"embeddable":true,"href":"https:\/\/nowbeyou.global\/lt\/wp-json\/wp\/v2\/comments?post=567"}],"wp:featuredmedia":[{"embeddable":true,"href":"https:\/\/nowbeyou.global\/lt\/wp-json\/wp\/v2\/media\/1463"}],"wp:attachment":[{"href":"https:\/\/nowbeyou.global\/lt\/wp-json\/wp\/v2\/media?parent=567"}],"wp:term":[{"taxonomy":"product_brand","embeddable":true,"href":"https:\/\/nowbeyou.global\/lt\/wp-json\/wp\/v2\/product_brand?post=567"},{"taxonomy":"product_cat","embeddable":true,"href":"https:\/\/nowbeyou.global\/lt\/wp-json\/wp\/v2\/product_cat?post=567"},{"taxonomy":"product_tag","embeddable":true,"href":"https:\/\/nowbeyou.global\/lt\/wp-json\/wp\/v2\/product_tag?post=567"}],"curies":[{"name":"wp","href":"https:\/\/api.w.org\/{rel}","templated":true}]}}