{"id":566,"date":"2020-09-22T13:10:15","date_gmt":"2020-09-22T10:10:15","guid":{"rendered":"https:\/\/nowbeyou.global\/lt\/parduotuve\/clone-of-clone-of-zvake-2\/"},"modified":"2024-06-25T21:40:48","modified_gmt":"2024-06-25T18:40:48","slug":"knygasielosaritmetika","status":"publish","type":"product","link":"https:\/\/nowbeyou.global\/lt\/parduotuve\/knygasielosaritmetika\/","title":{"rendered":"Knyga &#8222;Sielos aritmetika&#8221;"},"content":{"rendered":"<p>\u0160ioje knygoje \u017eaismingai ir subtiliai, jautriai ir be egzaltacijos aptariami universal\u016bs nematomi gyvenimo d\u0117sniai, kuriuos \u017einant bus galima pasiekti pilnatv\u0119 visose gyvenimo srityse. Knygos autor\u0117 Leonora Blekaityt\u0117, asmenini\u0173 poky\u010di\u0173 konsultant\u0117, tekst\u0105 grind\u017eia savo darbo, pad\u0117jusio jai pa\u010diai sutvirtinti gyvenimo pamatus, patirtimi ir iliustruoja \u012ftikinamais gyvenimi\u0161kais pavyzd\u017eiais. Knyga \u012fkv\u0117ps veikti, \u201esupurtys\u201c, paskatins \u012fsiklausyti ir pa\u017einti save, u\u017eves ant kelio, pad\u0117s lavinti \u012fg\u016bd\u017eius harmoningai gyvenant su savimi, o svarbiausia, privers imtis gyvenimo poky\u010di\u0173 DABAR. \u201eSielos aritmetika\u201c papildyta praktikomis, kurios ypa\u010d rekomenduojamos siekiant prisijaukinti permainas, pl\u0117sti s\u0105moningum\u0105, \u012fsiklausyti \u012f savo, o ne primestus norus, m\u0117gautis mums duota dovana \u2013 gyvenimu ir \u017eingsnelis po \u017eingsnelio \u017eengti laim\u0117s link.<\/p>\n<p>L. Blekaityt\u0117s mintis i\u0161grynino, savo gyvenime i\u0161band\u0117 ir sura\u0161\u0117 Elena Nikonovait\u0117 \u2013 14 met\u0173 \u017eurnalist\u0117s darbo patirtis \u0161iuo metu praver\u010dia vie\u0161\u0173j\u0173 ry\u0161i\u0173 srityje.<\/p>\n<p>\u0160i knyga skaitytoj\u0173 praminta tiesiog &#8222;Moters biblija&#8221; ir &#8222;gryniausia joga kasdienyb\u0117je&#8221;:) Tai knyga apie meil\u0119 sau, gyvenim\u0105 \u010dia ir dabar, poky\u010dius, kurie prasideda viduje ir nei\u0161vengiamai pakei\u010dia gyvenimo tikrov\u0119. Tai ne apie pozityvum\u0105, kuris &#8222;i\u0161sprend\u017eia&#8221; visas gyvenimo problemas, tai apie sisteming\u0105 vidin\u012f darb\u0105 ir savistab\u0105, kuri veda \u012f platesn\u0119 s\u0105mon\u0119 bei darnesn\u012f ry\u0161\u012f su savimi ir Tave supan\u010diu pasauliu.<\/p>\n","protected":false},"excerpt":{"rendered":"<p>Pirmoji lietuvi\u0161ka saviugdos knygos \u201eSielos aritmetika: praktinis gidas teigiam\u0173 poky\u010di\u0173 link\u201c greitai tapusi bestseleriu. \u0160i knyga nei\u0161versta, o para\u0161yta lietuvi\u0173 autori\u0173 Leonoros Blekaityt\u0117s (Be You) bei Elenos Dumpien\u0117s. \u0160i knyga yra praktin\u0117, tarsi vadov\u0117lis. &#8222;Visad sakau, kad gyvenimas yra mokykla \u2013 kai i\u0161mokstame pamok\u0105, einame prie kitos. Jei nei\u0161mokstame, j\u0105 kartojame. Knygoje daug pamok\u0173, kurias besimokant galima pa\u017einti save.\u201c<\/p>\n<p><strong>\u201eSielos aritmetika\u201c<\/strong> papildyta praktikomis, kurios ypa\u010d rekomenduojamos siekiant prisijaukinti permainas, pl\u0117sti s\u0105moningum\u0105, \u012fsiklausyti \u012f savo, o ne primestus norus, m\u0117gautis mums duota dovana \u2013 gyvenimu ir \u017eingsnelis po \u017eingsnelio \u017eengti laim\u0117s link.<\/p>\n","protected":false},"featured_media":1470,"comment_status":"closed","ping_status":"closed","template":"","meta":{"_acf_changed":false,"inline_featured_image":false},"product_brand":[],"product_cat":[37],"product_tag":[],"class_list":{"0":"post-566","1":"product","2":"type-product","3":"status-publish","4":"has-post-thumbnail","6":"product_cat-be-kategorijos","7":"post-wrapper","8":"thrv_wrapper","10":"first","11":"outofstock","12":"shipping-taxable","13":"purchasable","14":"product-type-simple"},"acf":[],"_links":{"self":[{"href":"https:\/\/nowbeyou.global\/lt\/wp-json\/wp\/v2\/product\/566","targetHints":{"allow":["GET"]}}],"collection":[{"href":"https:\/\/nowbeyou.global\/lt\/wp-json\/wp\/v2\/product"}],"about":[{"href":"https:\/\/nowbeyou.global\/lt\/wp-json\/wp\/v2\/types\/product"}],"replies":[{"embeddable":true,"href":"https:\/\/nowbeyou.global\/lt\/wp-json\/wp\/v2\/comments?post=566"}],"wp:featuredmedia":[{"embeddable":true,"href":"https:\/\/nowbeyou.global\/lt\/wp-json\/wp\/v2\/media\/1470"}],"wp:attachment":[{"href":"https:\/\/nowbeyou.global\/lt\/wp-json\/wp\/v2\/media?parent=566"}],"wp:term":[{"taxonomy":"product_brand","embeddable":true,"href":"https:\/\/nowbeyou.global\/lt\/wp-json\/wp\/v2\/product_brand?post=566"},{"taxonomy":"product_cat","embeddable":true,"href":"https:\/\/nowbeyou.global\/lt\/wp-json\/wp\/v2\/product_cat?post=566"},{"taxonomy":"product_tag","embeddable":true,"href":"https:\/\/nowbeyou.global\/lt\/wp-json\/wp\/v2\/product_tag?post=566"}],"curies":[{"name":"wp","href":"https:\/\/api.w.org\/{rel}","templated":true}]}}