{"id":565,"date":"2020-09-22T13:10:15","date_gmt":"2020-09-22T10:10:15","guid":{"rendered":"https:\/\/nowbeyou.global\/lt\/parduotuve\/clone-of-clone-of-zvake-kopija\/"},"modified":"2023-09-25T20:03:30","modified_gmt":"2023-09-25T17:03:30","slug":"medziaginismaiselis","status":"publish","type":"product","link":"https:\/\/nowbeyou.global\/lt\/parduotuve\/medziaginismaiselis\/","title":{"rendered":"Med\u017eiaginis mai\u0161elis"},"content":{"rendered":"<p>\u0160is tvirtas, nat\u016bralios medviln\u0117s pirkini\u0173 bei laisvalaikio mai\u0161elis ne tik ie\u0161kan\u010dioms tvaraus sprendimo savo kasdienyb\u0117je, ta\u010diau ir norin\u010dioms i\u0161reik\u0161ti savo unikalum\u0105 su u\u017era\u0161u &#8222;BE THE MOST AUTHENTIC YOU&#8221; (B\u016bk autenti\u0161kiausia savo versija).<\/p>\n<p>Ar b\u016bna taip, kad prisikrovus sunkesni\u0173 preki\u0173 med\u017eiaginis mai\u0161elis &#8222;i\u0161t\u012fsta&#8221; ir gailiesi nepasi\u0117mus plastikinio? Ar kartais tenka kuistis rankin\u0117je kol atrandi nam\u0173 raktus? Nesijaudink, apie \u0161ias situacijas pagalvojome u\u017e Tave! \u0160is mai\u0161elis i\u0161 storos medviln\u0117s, tad atlaikys net ir nelengv\u0105 turin\u012f, o Tavo svarbiausiems daiktams nepasimesti pasir\u016bpinome ir ki\u0161en\u0117le su u\u017etrauktuku nugarin\u0117je pus\u0117je.<\/p>\n<p>Leki \u012f parduotuv\u0119, pasivaik\u0161\u010dioti \u012f miest\u0105, papiknikauti su drauge? O gal ie\u0161kai prakti\u0161ko ir tvaraus b\u016bdo \u012fteikti dovanas artimiausiems? \u0160is med\u017eiaginis mai\u0161elis puikus sprendimas prakti\u0161koms, skuban\u010dioms ir norin\u010dioms i\u0161siskirti asmenyb\u0117ms, o taip pat \u017einut\u0117 su u\u017era\u0161u pad\u0117s kiekvien\u0105 kart\u0105 naudojant nepamir\u0161ti autenti\u0161kiausios sav\u0119s!:)<\/p>\n","protected":false},"excerpt":{"rendered":"<p>Nat\u016bralios medviln\u0117s, tvirtas ir tvarus pasirinkimas ne tik pirkiniams bet ir unikaliam Tavo stiliui &#8211; med\u017eiaginis NOW BE YOU mai\u0161elis su u\u017era\u0161u &#8222;BE THE MOST AUTHENTIC YOU&#8221; (B\u016bk autenti\u0161kiausia savo versija). Moter\u0173 ypa\u010d \u012fvertinta detal\u0117 &#8211; ki\u0161en\u0117l\u0117 su u\u017etrauktuku mai\u0161elio nugar\u0117l\u0117je, kuri pad\u0117s nepamesti savo telefono, pinigin\u0117s, rakt\u0173 ar kit\u0173 svarbi\u0173 dalyk\u0173 tarp daugyb\u0117s daikt\u0173.<\/p>\n","protected":false},"featured_media":1471,"comment_status":"closed","ping_status":"closed","template":"","meta":{"_acf_changed":false,"inline_featured_image":false},"product_brand":[],"product_cat":[37],"product_tag":[],"class_list":{"0":"post-565","1":"product","2":"type-product","3":"status-publish","4":"has-post-thumbnail","6":"product_cat-be-kategorijos","7":"post-wrapper","8":"thrv_wrapper","10":"first","11":"outofstock","12":"shipping-taxable","13":"purchasable","14":"product-type-simple"},"acf":[],"_links":{"self":[{"href":"https:\/\/nowbeyou.global\/lt\/wp-json\/wp\/v2\/product\/565","targetHints":{"allow":["GET"]}}],"collection":[{"href":"https:\/\/nowbeyou.global\/lt\/wp-json\/wp\/v2\/product"}],"about":[{"href":"https:\/\/nowbeyou.global\/lt\/wp-json\/wp\/v2\/types\/product"}],"replies":[{"embeddable":true,"href":"https:\/\/nowbeyou.global\/lt\/wp-json\/wp\/v2\/comments?post=565"}],"wp:featuredmedia":[{"embeddable":true,"href":"https:\/\/nowbeyou.global\/lt\/wp-json\/wp\/v2\/media\/1471"}],"wp:attachment":[{"href":"https:\/\/nowbeyou.global\/lt\/wp-json\/wp\/v2\/media?parent=565"}],"wp:term":[{"taxonomy":"product_brand","embeddable":true,"href":"https:\/\/nowbeyou.global\/lt\/wp-json\/wp\/v2\/product_brand?post=565"},{"taxonomy":"product_cat","embeddable":true,"href":"https:\/\/nowbeyou.global\/lt\/wp-json\/wp\/v2\/product_cat?post=565"},{"taxonomy":"product_tag","embeddable":true,"href":"https:\/\/nowbeyou.global\/lt\/wp-json\/wp\/v2\/product_tag?post=565"}],"curies":[{"name":"wp","href":"https:\/\/api.w.org\/{rel}","templated":true}]}}