{"id":564,"date":"2020-09-22T13:09:43","date_gmt":"2020-09-22T10:09:43","guid":{"rendered":"https:\/\/nowbeyou.global\/lt\/parduotuve\/clone-of-zvake-kopija\/"},"modified":"2022-08-08T13:12:07","modified_gmt":"2022-08-08T10:12:07","slug":"skenavimomeditacija","status":"publish","type":"product","link":"https:\/\/nowbeyou.global\/lt\/parduotuve\/skenavimomeditacija\/","title":{"rendered":"K\u016bno skenavimo meditacija"},"content":{"rendered":"<p><b>K\u016bno skenavimo meditacija<\/b><\/p>\n<p>Ten, kur d\u0117mesio koncentracija, ten ir energija. \u0160i meditacija lavina s\u0105moningum\u0105 ir padeda sutelkti d\u0117mes\u012f \u012f tai, ko mums reikia, ko norime, siekiame. Per meditacij\u0105 i\u0161mokstama, \u012fgundama valdyti savo mintis, sutelkti jas siekiant tiksl\u0173, u\u017euot leidus joms inerti\u0161kai bla\u0161kytis. Taip pat \u0161i ypa\u010d galinga meditacija stiprina ry\u0161\u012f su k\u016bnu ir leid\u017eia daryti jam teigiam\u0105 \u012ftak\u0105. Tai kelion\u0117 \u012f save, per kuri\u0105 \u017eadinama intuicija ir i\u0161mintis, gl\u016bdinti kiekviename i\u0161 m\u016bs\u0173. Medituoti rekomenduojama kasdien ar bent tris kartus per savait\u0119, ne trumpiau nei 45 minutes. Tai ne tik sav\u0119s lavinimas, savo s\u0105moningumo pl\u0117timas, laim\u0117s ir d\u017eiaugsmo, ramyb\u0117s savyje didinimas bei auginimas, bet ir puikus b\u016bdas pails\u0117ti ir net pagyti. \u0160ios meditacijos d\u0117ka gim\u0117 ne viena tikra i\u0161gijimo istorija.<\/p>\n","protected":false},"excerpt":{"rendered":"<p>Ar nor\u0117tum jaustis pails\u0117jusi\/\u0119s, o vos tik bandant tai padaryti galv\u0105 u\u017el\u016bsta nenutr\u016bkstama min\u010di\u0173 grandin\u0117? Ar nor\u0117tum tapti efektyvesne\/iu savo veikloje? Ar \u017einai, jog i\u0161mokusi\/\u0119s valdyti savo energij\u0105 gali pagyti?<\/p>\n<p>K\u016bno skenavimo meditacija tai bazin\u0117 d\u0117mesingumo lavinimo praktika, norintiems nuraminti chaoti\u0161kas mintis, \u012fne\u0161ti daugiau koncentracijos, geriau i\u0161simiegoti ar i\u0161gydyti savo negalavimus.<\/p>\n","protected":false},"featured_media":1483,"comment_status":"closed","ping_status":"closed","template":"","meta":{"_acf_changed":false,"inline_featured_image":false},"product_brand":[],"product_cat":[37],"product_tag":[],"class_list":{"0":"post-564","1":"product","2":"type-product","3":"status-publish","4":"has-post-thumbnail","6":"product_cat-be-kategorijos","7":"post-wrapper","8":"thrv_wrapper","10":"first","11":"instock","12":"downloadable","13":"virtual","14":"purchasable","15":"product-type-simple"},"acf":[],"_links":{"self":[{"href":"https:\/\/nowbeyou.global\/lt\/wp-json\/wp\/v2\/product\/564","targetHints":{"allow":["GET"]}}],"collection":[{"href":"https:\/\/nowbeyou.global\/lt\/wp-json\/wp\/v2\/product"}],"about":[{"href":"https:\/\/nowbeyou.global\/lt\/wp-json\/wp\/v2\/types\/product"}],"replies":[{"embeddable":true,"href":"https:\/\/nowbeyou.global\/lt\/wp-json\/wp\/v2\/comments?post=564"}],"wp:featuredmedia":[{"embeddable":true,"href":"https:\/\/nowbeyou.global\/lt\/wp-json\/wp\/v2\/media\/1483"}],"wp:attachment":[{"href":"https:\/\/nowbeyou.global\/lt\/wp-json\/wp\/v2\/media?parent=564"}],"wp:term":[{"taxonomy":"product_brand","embeddable":true,"href":"https:\/\/nowbeyou.global\/lt\/wp-json\/wp\/v2\/product_brand?post=564"},{"taxonomy":"product_cat","embeddable":true,"href":"https:\/\/nowbeyou.global\/lt\/wp-json\/wp\/v2\/product_cat?post=564"},{"taxonomy":"product_tag","embeddable":true,"href":"https:\/\/nowbeyou.global\/lt\/wp-json\/wp\/v2\/product_tag?post=564"}],"curies":[{"name":"wp","href":"https:\/\/api.w.org\/{rel}","templated":true}]}}