{"id":563,"date":"2020-09-22T13:09:42","date_gmt":"2020-09-22T10:09:42","guid":{"rendered":"https:\/\/nowbeyou.global\/lt\/parduotuve\/clone-of-zvake-2\/"},"modified":"2022-06-11T01:01:04","modified_gmt":"2022-06-10T22:01:04","slug":"meilesau","status":"publish","type":"product","link":"https:\/\/nowbeyou.global\/lt\/parduotuve\/meilesau\/","title":{"rendered":"Online mokymai &#8222;Meil\u0117 sau&#8221;"},"content":{"rendered":"<p class=\"section__heading\"><strong>Meil\u0117s sau gidas moterims<\/strong> &#8211; praktikos, kuri\u0173 nerasite kitose programose<\/p>\n<ul>\n<li>\u017dVALUS K\u016aNAS: penki\u0173 dali\u0173 k\u016bno praktika suteiks ne tik ger\u0105 fizin\u0119 b\u016bsen\u0105, bet ir pad\u0117s tonizuoti raumenis, gerinti kraujotak\u0105, lavins energetin\u012f susijungim\u0105 su &#8222;apimtine a\u0161&#8221; ir i\u0161oriniu pasauliu. Sutvirtins Tavo min\u010di\u0173 \u012fgalinim\u0105 per k\u016bn\u0105. I\u0161laisvins nuo neigiam\u0173 ir genetini\u0173 \u0161eimos program\u0173 ma\u017einan\u010di\u0173 pasitik\u0117jim\u0105 savimi. Sugr\u0105\u017eins gyvybin\u0119 meil\u0117s ir seksualin\u0119 energij\u0105.<\/li>\n<li>RAMI S\u0104MON\u0116: kv\u0117pavimo, k\u016bno judesio bei energetin\u0117s praktikos, meditacijos vidinio stabilumo, ramyb\u0117s b\u016bsenai pagilinti, gausos traukai aktyvizuoti, miegui pagerinti bei atsiverti pamilti visapusi\u0161k\u0105 ir nepakartojam\u0105 save.<\/li>\n<li>SENSORINIS JAUTRUMAS: \u0160i programa sukurta po daug met\u0173 patirties, dirbant su moters psichoenergetiniu lauku. Ir \u0161i kelion\u0117 garantuoja absoliut\u0173 saugum\u0105 bei savirealizacijos pagreitinim\u0105 per moters pri\u0117mim\u0105 savo esm\u0117je ir k\u016bne. I\u0161moksi kaip \u012fvaldyti gausos trauk\u0105, priimti savo k\u016bn\u0105 ir padidinsi malonumo energij\u0105 fiziniam, mentaliniam bei emociniam k\u016bnuose. Nes Tu esi verta pa\u010dio geriausio savo gyvenimo scenarijaus!<\/li>\n<\/ul>\n<p>Praktikos prieinamos neribot\u0105 laik\u0105 internetin\u0117je platformoje, vedamos Leonoros Be You. \u012esigijus \u0161\u012f kurs\u0105 laukite lai\u0161ko su prisijungimo instrukcijomis. Jei negaunate lai\u0161ko susisiekite su mumis info@kelioneisave.lt<\/p>\n","protected":false},"excerpt":{"rendered":"<p><!--(figmeta)eyJmaWxlS2V5IjoiOFQ2N1FkUlNTZERsSzlXR0oxQ2JhNSIsInBhc3RlSUQiOi0xLCJkYXRhVHlwZSI6InNjZW5lIn0K(\/figmeta)--><!--(figma)ZmlnLWtpd2kCAAAABB4AALV7+Z8jyVVnREp1dfX09Bw+McYYY4wB09MznhkbY5xKpUpZJSlzMlOq7sFYzpKyqnJaJQmlqrprMMZ4vRfLjTG7ZvEaLwvGsOY+1xjwHuxhzGLMDcYYc\/Phw5\/A9xuRl7ra\/MZ8PlPx3ouXL168eO\/Fiwj1s904TaOjODyfx0Lct+s6vWEQmn4o8F\/PbdpDq232duwAqOwHtl\/BDcVt95qAa4Gz0zM7gOpBeLNjA1hTwDCwKWtd8SrJw2DP8Ya+3XFNfrnRc0OndXMYtN1+pznsezu+2eT3mxk4bLo94ls57tst3w7aIF0KLLtnD0H22sOn+rZ\/E8TtKtG3vQ6Jl807SQqVbwAWJEhzNMLUQfJtszl0e4pNKGTfd0KOKHuzcewdR2kMNgtdoU2NwdR1BwqU+8l0nEyP\/NMJeXpu72nbd9Eh3KbqpwRt2wfQaYMkmq7V79o9WkVaZm9gBoCMHd\/tewBqLd\/skq\/ecN2ObfaGrmf7Zui4PRDXBrYVuj6gddoS7UbHUWI37U7H8QKCWz6YsEhqFS759k6\/Y\/pDz+3c3FFCtjFUr2k3YZyS73Jo36BK9wUdxyLhSnCz23C5ovc7PQzWU9SrjUk8HXcxKyEe8swgGIZtiNvhasBf\/K7yAdk0\/T2bYxndfid09BrUqCo0afR9dtUtt+MW2FrH2WmH6pv1ALZWkJocvmi6zR0b+Kb+JEe3sAp+x6TsS4HbCodKBrDttuk3C+xy02m1bN\/WM7jPvmF1+oG255V2n7T7AzPsF0a+qkYB8ECn33V6buCEHOJBL0qmS72YG4HbcbjAAm7WdLCaGI2qgiILEltlD6wuQJJgbq4GaLWCBqauq6Ko7nRNNbM1eNiuA2DdOUF0BqNoEmujI7x8O7SUvVsOpydbTkcNEjpqJWv24WE8yhStO70egjZom013H52i6bteicqWC\/\/AAvaaw0anT72MhmntrZJqYXxnaakwWHd9Z8fRkS76HlwTrey4+wqACqHWIYAjdIaW6dG56yU2bLm+pUJnjUKb8Wi2iJbJbIpv8gDByFhWmBOwxHSdPbt0MqN3enIQL\/rTZJniG9\/kNITn3LA7AQAJjRD+tIthzabpclFZNCwm6IL9Sl3ZNZkPDIyRmbQWWKaaQL0Fic2h\/mItQxT3erBczG7F5iQ5muKDQphAlDgqcUm3H2agoZmtaA4p+fwwFbXaMniqb\/okGabvu\/vKhTiJmkbtp\/pOBznHV9aua1G7s4TDdpGh1KgNe2CzW+ZSjcZsNomjqTuPc8vW+z3t2dARnwUIe8Ay6DdC31SwcUM5vFpoNbP2bJE8O5suowk+79gtMlUMBydQoWXs9gNkb0etaPn1IF4sE\/gsaa6HrsqnDTcM3S4gozs7TWPrdJHOFlicpt0ykSvQISzfDeCijg9Y2jdt+izWFZiBzUcN5ZmYCnKHBd8AXvdUvlhDYzkdQOsDhMBs0U0WC0ovfAvxp9ZXKgDhiDRh93ZCLr7RjNJjHWWGhWQKkihdQ6pI1J5U93o7IIldz2YrgwEbw2u20NTsO\/PZYnm399UsFyaA0rmLiZyw7zTV+DIntO3cvJ3ofHa63FkkYy2krh2yYs5SQUP7Z638xouWy3gxRRe4HE\/5FhKWSlxSLdbpcubHafIsRBcmUuooyxR6yAKCQ59P4iDOJgWD+4GbpYPQNrmu0oJP6BXGPo1duWcxfdZCu+u5vqn2aDizFgMrLePCRBeyKkCZ50QMHY1u6fUplG0jHz0NsykNJLaD0IF5AWtu5Y1gv2A2bSvNZM1OocQi4137rLyFpWtmP+Qmj1ng893TdJkcngP9rF96pmUPEai6yKipzwJldUOlFhBRVATO0\/YwdIdZWodppnBiRLC2TpE\/4Pm2D5sPWZ8Bl31fzbiBxI22ZnVcVQfUHU4rqoi47PaG8GzFJswWxAxDp2sjXwGXXRcF3lDNwdCw7qjhqza3WsB13YHdg2xrGlOFyzq4PEyCToaaTqm62fRNRsYW+vbsm\/lnl4AOXF1mbIeLaJompY4vQB5FtREOkZuQUbM9WTSdAN4xsAHKFqpAtAZKFZSDLd\/tIohViqpVSHmOqldoOhutVShFOlr3+kFb0zJhGyUll7VZkrSorZJQSLrE6lDTMknbJSWXdLkkaUn3lYRC0hWtKJYBTLmw+1eIubyrK1Qt8oEVWiH1QTVSRs2EPlSl5TIfrhK1yOdUSYXE5yJEHWvIPmDPw3aPMt\/sIXJVHf18O0pRJOv13cQ5wOo3HAsdgoJyRKLUqqAGd0NdKeEL+nbRVSffCmVNf7tCW9d5qMA3gtFiNpk0k4WOKsjJ3PSfyCKYoop4\/S1CcsmAiscI4WWMfvuGh0ypI9iCBO6nCpM7faQyaaQ4ZGAwwBtCTmbYFBWI4mSCjUnWF2JLyCP8MQ7wpxbhT13vXfj4DjB5jj+GDxK4S8Jt\/Kkd409dSQqWszk+GBEWoZDzmY4pMBjdaLlI7gi5fnLtGnB5cu0RNMbJtetoaiePkFg\/eYTEtZNHSFz3ogWysjMdx\/jOODpNxsKvCN3OyzB0nkWT0xjfyFNVkj1fGC1YqRedxELWDqOTZHIOfpky4QMwIGSZjhbJfAmsRt5BtEgifHJ6Ei+SUSs5Ol3AtEjx2WlCwBMcteFKt9NUp0rAapjVT4N5NIKfrXzroXZwsZ7ZJiVDs5EV4PcQ0OLicoJVCSjPcW5SMHZbeJha3+rXVjRP4V\/lJwgAVZJLNMMcMTwb5TFVr4EwLDBWZ5apMvYaSJjsDsD1inwvt3tVLVRv+IsiDlswAKVPoIyMxSm4HPi08n6JelBl2FYcLZWB\/1x6qMjRJazrnmLJtDAsLyC9Rm3QKgXRrmVn2\/XA6bHQ2XD9Zg\/tptny2b\/V7KlscKnX71KlbRzATLSXseVwSvc1dXulrdv7UeSzvWqaqu57wNLtg76l2ocCjT\/sD9QR8TkMTLTPDfbV6f95VrDP9vlYHNJfYFld6v3CQG\/Tn9N2AtJfxI0V7ee6fo\/6vZhGQft52GC4lC9phurs8Pmtjsl5vLS743OH\/IIAvob2ZXvYbtF+YQulEdqXt3X7RW097itCjX\/xU7p9pafbL2FxjPZLO60G8S9zPdW+yg9V++We\/v6at9ejnR7pIH2gvY6Wej7qhx3ij6El\/mqz4Q\/QPm42BsSfQEu9nxxoOa8ZQCG0r2109rk+X4GWfK9DS76vNPfanMfrrV1V9H+V1VKB8AbLU7hp9X3yNbDXEreQ3Ng2W1q+3cLBD20L7XW0O2gfRdvGsBzPQUv5u209H4y2Q306bXeXfoPySFU2PQc7OVp313viSbTervck5Ty1673mGlp\/17v2GNqgs9vld2HHtcjfx7bCdRl07SbPxvtoqceN7l6X9Ju9jqpsnu7190K0X41yhHq9EW2A9msGMDjaN3lBSPoQLelv9vd84pHvtdke+P0G130UdD3yj0OtRxz2VIF7iGXi+h0NcGuA9nig+5OBnvczgz3lL7cGfuijnaC9jvYkCJB5hZiiJT5D+yjaOdrH0H4t2lejXaB9HG2K9gm0S7S00yna16A9CwLkbCFuo6W8O2gp7xwt5T2LlvK+Di3lvQUt5X09Wsp7K1rK+wa0lPc2GQTXKfAbpTVQGr6dAEX+CwKU+Q4CFPovCVDqvyJAsf+aAOX+GwIU\/G8JUPI3AVCq\/jsClPzNBCj5WwhQ8rcSoORvI0DJ306Akr+DACV\/JwFK\/i4ClPxOAErn7yZAye8iQMnfQ4CS\/z0BSv4PBCj53QQo+XsJUPJ\/JEDJ30eAkt8D4FFK\/k8EKPm9BCj5+wlQ8vsIUPJ\/JkDJP0CAkv8LAUr+QQKU\/EMEKPn9AB6j5B8mQMkfIEDJP0KAkn+UACX\/VwKU\/EEClPxjBCj5xwlQ8k8QoOSfBPBqSv4pApT80wQo+WcIUPLPEqDknyNAyT9PgJJ\/gQAl\/yIBSv5vBCj5QwAep+RfIkDJHyZAyb9MgJJ\/hQAl\/yoBSv4IAUr+7wQo+X8QoOT\/SYCS\/xeAJyj51whQ8v8mQMn\/hwAl\/18ClPz\/CFDyRwlQ8q8ToOSPEaDk3yBAyf8fwJOU\/JsEKPnjBCj5twhQ8icIUPJvE6Dk3yFAyb9LgJJ\/jwAl\/z4BSv4DACpF\/SEBSv4jApT8xwQo+ZMEKPlPCFDypwhQ8p8SoORPE6DkPyNAyZ+Rd98aoLRaYrsW14TMSyyDNWU3ms9Z5EjjcDE7YVm2nOGv0ZjMDoSUB+fLOBU1qa8rhFHD9fUx8SkrMtRf42gZKd4NVF\/JBCdEi0WjOX4G51ghN5ccG+VcehyNZ7dTgMZxcnSMw\/ExyjsUjON4GSUTQPUYKqesJVA4nuHwHOO6AfD6Mj5Rl0+6a+MsOcAZb0R4U92h6mGzlwdhXPrnHXKEwmgRYW5bYutgQZlTjAzsklJGGA8oO18RckRDoHo2Ziwkl6yza2dJmhygqJKijia7+r4s1lIU3Kl4Wq5D9jQ9nC1OxBvFRqKMfkdsKiA8RpE8peao26MpaDg5OOwB4aomoKxD1Yml2RAPAK\/e9V4VlxYznDPAAk22U3YAuHyozGdR2WzVnhX3zTmXluoRbxFX4pPZM4kFKR7uC2HEDXk\/C8QuDNmEAwhj7VZ8LuAwh6B2kmncjmkZiDdIaSZHMeTWUMED02XlVNSJ7GvGNRSruEHSwrZHxxFL53iRwsVkgakPnSaHN1LC7lm8wMVUHEYwJpKCrE3UbZW6DBnAxLhknkCbFNuLXDuanM+PU+wrcn1cXBSn2FXkhv5sgAFBgu02qVoxu7dJuXUYTSYHuGdpoSMVB\/LSMVZ5AeG3GrM7GOAdUm63KyRh1A9wETROxQ2cZRYTTCQ\/+NSOcz7UdWt4mcm0FMYGvFGX5gMhbyfjJU9kBvtuAqgRKAxbJ2amIxysgG0cJot0aeWWwhTW4F1VfH2H0xfG+mh2chJBsSxqy2PYQGirQisE8yEmquyIoS4Kj8ZnWUCsNwtbCsNY4GCJKUtZSjL0+VNZ0qidKaQXL2\/PFrdyFabw92iCwcZqxFyRi8vLjIVrSExD0pip8KUMzk8OZpNMfKoQjItEpuFcSEoBBk6VDK6Azt\/CbBCgMGwuNk+GhqEWSs5BQ0WBqyHMHcopgX58GOM4i8kbW4fJJN6D58NLU9WpRjYwJB2pHSFX4lRKVT2IysSnKEBkPc+sa5MEyWVxTh3CWXB6wNPsAdhIEEvJ9ZrPplhmPdDG6fRwwpvYKXiqEjeTtJ93xWNkmC2ttZV\/341SrF5mqFFO1VLl\/PRgkqTHEMZxqW04C+PopFNqx0GMuwfJnofguyrtPSgqae\/wMI2XWM3aIhonp8yR9TL\/raEp8t96Ol\/E0RgcGyEToHJIZ3o4w1IoubtCjk8zL0NIeMhkM3Y047NklF+j5\/cvLNDVPb60cGRSh0hD0XAlw6M78Jr+0M8TIg+5+mPL2h+qTVneNQgimghqPCx25qbQGlN0xrBjcpggNLDa+ErLfA+SPL0PycXLYiykALw7QhN1zBa4BsvvzCThoscglt+c1XBvhHnknPUMLZjXMkLOv941e311ONnIFGggdR0tmJCc8hYXoxSz5iUvnq31fS5v5LInJ3lBgJ5D8SUOX05zmL9xXmQ35\/MYiUPFi3FQkJWUH4QpS5KVO04vwl6sbKi4sLDmAGd\/db0hcCmYPdLKYF9dOBhs+WMAxZC9lwTYyuHMqTA209PDQ1xYwcnVjqhkvkrgcquojRailp4dMTJ63DuxbkBRG9E5PwhXBeaeLplwuUmhH0EJM2IncKe4j5JiAxyt2WIUB+pVDZF2KwV5M9NlsJMJE4bTGvZsO7viMzv75s0AgOyoDYivLMgqS2p4XciIPzIwkE6KoKlNT08ChBtMkwpsHVmIoXpJNTWgYyIpH50iQhcZtjHKLLs5Z+DiCecxsbWDpIQlqWWDyEJUsU15SAJYs9tJ+ZuETYHwXtk+8OaBTB1SY15ZaZ\/InpBxv+W7e6QY2c8BajaeztXtQB23AbhIA7SWPSGt63Sl5FVyrN4KsiwF56ok1jwtkwEmx8y4hJhTSkr2CZ4DyxsvfFOm7OwWthEfw99gH8jDU2FHXd5gCnhIGe63bYRE2+k0h24LT23sxoUa7tX1ryqkuRgVY0Z4pZwemdMjGArlJ7JbBTUSPL8s\/DwR1rzJ6VEyzb6dKwRWgL66Ooeit7SSnurz40l0Oh0d3+ODE5SfcGuAcGm1NgBr\/KUIduwpOoy\/VZslllS1YXSEdXv1\/Bhlh1gXhgI08fE57Jlf1L5J1CqoZnhiyYW+JFQm1KQnpxFCZlussdWk15QOu56BuuO1uLG+pbaNDQ1p8leUBfJmBuqO1+HLYo\/YKhDd+ZUjJI0lgEsK0MTXp3T5AcpbtJr0VQjyoqS+XCC68w1juBIcHb6DjUXeV0E1gxmpR01ODmpfKTHd3SjTlz1lmcLJ3X+BqJmtE+QF9F9lq0nNWGUIazWdPHCRqtltfumkrk5G4HxwhaCZWuXwrrYmDPvQBaJm3kHxVnXMh6u4ZmlXSsHn5LDucuAh0dEimh\/TSbAaW+K5d5E0425BzW\/Vt8Tz7qZp1j1GksNoUVUaGJ+\/StFsnZMEq9RJ0IDlBWgyTHd3U5WJs+PFlnhhFdcsvSWSeYi98BbGBsvnVHHN4h4XP1zAYkCE2i5eKF50L7r+xAOGgUwcN6fiReJzK6hmeEpTrGguXixeXCC609e4+lnGS8TnlZjuDqiiktUuFBAvEy+5B1l\/EBY9g\/xHFC8Xn3+BqJn7pFvIBuJh8dIc1l0DopVK\/7niC1Ypmm3\/4O5fi7xUvOxumma9cZaNXRoQhv3Ci1TNfhN5e+IRT8Vb5ctLTHc\/DWZYSpPA8EVVXLN8NSMkOz69WbyixHT3G+nZPQQ2jrFfnMO662vUVJl53y7FK3NE970pVvVviutB+SUZrHuGyL5jbEzqNyPwKPFK8aV3kTTjm3W0B3nF8qNSftkqSfNFHNlUCShFBIrHxatWKZrtYFLUEiku9+SXV3DNMdKHME4CN6jiWonq\/rHaP7G7bIhHMlB3xGUSsbKS4vpdJM14yPXZiWcn8XJxjttD+WiVoHmO9BLlRHI9tkrSfMeI\/uyHGq8TSYHozmcUnuUPxPCtKq5ZJorkRWNux2A5qeKaZcp9EWlfHfZmOaL75vpgR+vgKll8bYnq\/sUh71u6SMPNJFXJHmk5vUDUzMuFXqhZC1lLClwvFahmONML34CG2qj59+C+rRS3QEWqU+Er3iDuKOIurm34o5GGOE91TaS0LMuod0rxbJJqqqePehQLqV8HqPigep58yxhvmGd5DyfME\/TXV9kHuhzD7v9WRkz2vmihCplNOyzhOUGM8Q0rvVD\/zvI0mlQ53qZujjIWzHm0iJkqcPKscn1jlasNX0AUIVdUWd5eZXEXWGOkPImXhwo5mGCXj8dPx4sZut5R7eplL7f61XiM94mLnZl3iUPcKl3sbWEDoeriGE8ZlW6k+FQ8g9unCq2oSyd45KDbYQo\/KeU3SWS+7BDMOg6R6OPNY46TpTqPBtgOl0XHN5cdpduoWER4fotEAkQxE01YRGC23ypnZ+pCBHuzXkQl5Nuy+4tmDNPjMR0jY1W\/XfI+B0UkNt3ZvBMfYvXK6gCx9B0rDD6z6V0c31lyNGbL5ezkHlK+626eewl6Z8lU9iSsMfASjckwnr77bp4QW88qy7toLYYYZpjCF5FxIuwEjK\/vkdq34b\/6agTxC9spz3+XRIIHa7Yq6mri3RJPQSUtxALgnuLdFVKzvLL4XhlHxa9WOrhEgJ1x+Ch\/PtLDC9FIKR2czGZL3sTgs\/fKZHoMt+Jd7CTQuRjL9Z6cHKiEWXa8L+8IEWMl+Ydysq3SS9nx\/qJDbV1lxw\/nHdw3SvIHcnJFnxZ\/L0I10P8LMkmLLtj0+4Drzpzy\/TIlpOzwsxJPXgpd9btflqf5JRPMUE1KPyAn2BNhoywG34wXMnwJS7r6\/DrApQIcPEtLP5ItacAxKsv5ixK7bKWrTJQ\/L\/FWlqSrOfKDMlZ2o1HNFMd5AqD\/GDiD2SHKIGiViQL5x0Huzab9+RhbdibiJzI14XLwj5HiRq\/wEPCjkobdAFP4KYkLCzjicTIZQ61mcobUwMuln644l4eEFy\/OcMNPuRjiZyhoilVEpzJvCwYuSfxZ37b4Ofq\/zhbZtdZ7JSadKiHFUfhDEiZSmQNq4dsQ7KKNd7xy+DA5iVFWwEc\/VOXsRkDwv4qoX5JA8p5KMHxYjmNsWFOF4\/SCBUORgg9+pXIdpGs31HK\/Ku\/pc42CE373ERllJ\/EPSzwTwlqrW1dH1UCDzDHWsJNNMVNsG0DV5D4g8ZY4O1OK5GlZdbxP4m0x6+ApfAnBOQOW6tfyvlIdp5wzHnLxDnmBwyzvxN4v8T6ptoRMt208Uy7hXn0sbmdF6w28W+qDP2cEW8mP4rHuCMlu7E7dsKV\/iZOKufz1gn54uNLxscoCBsez08k4OMFeYqq3I7rpb8iU9YSuLl6Pt0+FlqeKrGzCGv6m7oJyql4vOz6uO\/bV80VT\/JZGdakN\/BPKHEgq6hbGx4vpXMcaVpf3CL+T4yrf\/C4cOMvGZN\/GK2qSWteh6e\/nfPF4kBloGy+q2kBcqOK65CNS\/iHEQH245SI4nTOUsyzFzGRyu2TiZf3wR1rdrMpCPHJSTbzHFgLSTMJnEfBJWTzvwHx4tr0Vn4eL5OgIAfwxKT4F\/QNG\/g48YQ7+Py0DsuI4KZxOflqezRCh9hlm7x3j0ZH2+TN4Cy4a+58lQX5G6+8tsKKL80L\/P18hq+V18MiZomL8C92VzbjS9Xrxl1kX81D2KdTmbwX\/Svdkq+6rtd0Sf71C1Xs5yH8j6eqs1lhWN2JMAMkHKRMTxQvO35Y37RUL4Lpd31nFnD6iSBi6I0WAyFqSKgkqzdSL723Fa6wnpZwQZKQuWSGt5ChczBUdlRRVW122+j1WYq2MpTIZrhe6mEqkMPSVk2IrarZKGIZgRdlglJSqFitFQ73kKQesaHHPiOZVdbYDKDEtXgfnFL0nbDIiJ\/dMb1sX0+SlcsALW9C21reF2GM\/btQuZ0Zs6s1GrO3ZNxuu6fPGV\/R7ez13Hzes\/KkrrlbVY4a80XBv4CnCBmx4wWNoasG+E1rtoad+MFjfK5fG4DUpH6ZxHS5hVUXNxvooFrcNpXUsGoZ+hVV1NpbAGCTxbcYxHG0UTc+ilDUFClDkZ7xgCjnHFjzBDM\/Ah6kZCm\/GnDov1Gr6ox0tra7+9QlF6X+A8gohdb8S2pmNlAlhUKNCDuDByk58L75xt0RrkoxuCby4jZH58UoLP+X32tbFEkljitmDP9vCkfF1GWSE2hjYBPTqClmbaSgbQR7Plul8tsxQI70dzTO4dvfHKpEaazONZVz\/lIB5HgZOGV5ZXz37rIGL7jmuQZbOGMcSsQZbp4gvbNvMj1iwA8RZgJNgzJtuDJeNniJJS0wv98KyhhZGy\/X3M+fybbwUBfQiibNJJz7DauLrAySo\/GJ8fYZwUYN9Ei9R0\/h2gRgXdGxSxxqgfDagYC5J2taczrQX375rCpjUuFDuU4jFVQU83rzDu\/lDRgevV0pts+H6GpSW2+06oUaM1U\/34vNDXjHwLUBJ+QwmAJsfQQGelowlEkS6jE7mQLKHjmybwCcHq7PKDcuT0h04m5Eq\/sKV8Aahx9YVLfwAB+hlblStkPg05FwkB7ADjm9\/AYtqoZkSKXYQWasqWVcejpqnjJW1PrKLliOMB1d++p6lMJ3BpzQE3jxG2aG3jtx3FOvctsbwVWH+cdj\/REXpJ\/D+kOaxhw1oc3aAgc6gltiQW+OY2aOnZV7C6mFBVSymqE3ktp5GHn8pChKJDL8aLSkKEXkfhlpA221xRdkl58n8Bc5z\/wrdu0fE4HNfXF3mLLn4JqMRQfDAHFi5MCl2WvlgAIVRXeBa\/anTGPdqfEHDjoDZ9bJMgfMwSjOsMwnavmk3XkaQEQlDHuBlD+VRPGH5SA+AvbswPmwqjIepIfxRVpfDgAoKqE1LiaixZZ02yPG\/kxKP\/pAtzuR6ijIjmmRW3ohGqA9SURebKev7IFa3r+jZyvGQwz4pLuW4hXIMC6PIrxXbc1iSW+uauKzATPMBf8kEFLUaQwYCr+iBveh8MovGINyfrtgrgaJ\/L+XVykQK0\/wDXmYOIWmASg9Tx3wfVNKd1KOBo8nk3D1dpsk4tqejCTwEO6EKUikeUoweTIhk54uH\/xEkGQAA7Zp5fFXVtcfXvQkhwUDCIE6oV0WNOOGsJVyOllqqVLG2FZXW4FCNKKKAQ0U5CEkQUeMEiIpxQlDUoKioEK+KMzgVUautWFFQENBSjRbxfX\/73Jsu\/niv\/7znH++9+\/kc17rru9ew197nnJ2LqVTaiqy4KGWWtuJUu\/7nnTb63DOGj7KSVOlYMyuzSutilrIwznay4nS7QUPPPCOz379GlEvwCaIiJYeu0ve\/fPGrrxYuGS4i0Mr0hrRCpQjVkVCjRmbOvGDo8y21Q0ePrB06MjN0BN\/uuORc1GFDa0dkhteeMWzo6UMzI4aOumDo6GG1Q4ePuoRRwxY9lKm9IHP66PNOx1I7MjNy9IXnDas9d1GdzCOGjhw2dFTt8PB9RO0Fw0bV7pMZ9L8zF+vQ3vIrscVEs+o6szHJkkyypnlhVa5OzS\/uaJ3C0mw5HkN328q2GYeyrfB21sO2T+9gO1qGFd7ZdrFdbbdUytKXzbznnjH3zZ59Wa899tDAIv2HXZKy3a2KPI3pPY4dccbwzPFDh4+0gbVnnjXK9F1f906+9koN+vFa8WO2\/cfMZcWFdW1XnLLxNqhreqKN2IP7lrWsac9\/KttZyfHcpRNs1mGw+7Yrwljj8PEld3MPi38Gr9q9aALI8btTJV9rQJ0tHZhusJceKiJdqRvwdapkXtq42BahhCS7kfhyi\/e0VCp9BdKTFCSq4MmRHm\/x9p6kSy4zO8FSRZBopCdFIn+xVDEk\/tyTYpEOlmqXnmBxd0\/akSe3haVKRE70pASf+BrVNsFqrvKkPT6qrT0ket2TUnzsXUuVpuss086TspIxZq8rWp01dfWkQz5aGaTxIE+2gNg+mmmdDTrZk3LlYaYhzyWedPR5GjzpRDTlUbTG2Z5U5KMVQ2pe9KRShL4pmr3rSed8tA6Q9d960gWS662O1ltppSddiZZ0tN7iHp50w0fRtoBcvLcnW+Kj2sohNdWedBdZZqmOkMqjPdmKaLYoyTPoTE+2hihPEWTAxZ5so2jkKYb0bvBkWxF60AkSX+vJdpB4XZLHbvekRz5PKaT1IU+2z69PB8ihj3uyAz7qmyoY8IonO5JHFVRApr3lSQYf7RDlufgTT3bK56mEzF\/jyc7y2SaZz4BNnuxCnmQ+DbaixJOe+Gg+nSE1FZ7sClHV8lm1tSe7QeRTDDl9J092J4\/m0wEyeVdPqvApROu2ryd7QBQtDWk8xJNeisbzoASyZrMdsick2W8NVvVTT\/bKRyuD3L3Z3tkboo52gnT7jSf7KNo69brBlg7xZN98r5VnVI0nvYmmPBWQ9Wd5sh9EeTSfmgs82Z88mk85ZMFFnhwgwo4vgnQb68mBImH3NtjEek8OEqHXqq15kicHU4Fq00z3usGTQ\/DRTLtA1kz35ND8TJVn8gxPDsNHedSdeXd68pO8j9bn1zM96YOP1kfRGud4Ug1RNO23+c2e9KVq7RCtXPSkJ1mIOtoV0vycJ\/1E9kqiVS7xJIIomrozbZknh0PUHa1ctw89OQKiPFq5Cas8+amqZuXUg+VfeNI\/3wOtXPylJz+TT37lNrR6cqQIPZBPj+89+bkIPmW8jQekPRmQr60bxNp78gv5sHf09p\/TwZOj5EN3OkGGVHhyND7aB6WQ6q6eDMzPpyOkfEtPfqloPHu3hPTo4ckxEHW0GHJSxpNjyaOZKs\/wnT0ZlM9TAsn29OQ4fJK9Q9W7e\/IriKJ1SOvEcljBfDzpk6W+wmw\/T34NUWHhQJHx5DcKRaM7QeKpnvwWotbocJAr8+SEfLQ0pOmXngzGJ9keHDUu9uTE\/DQrRG7y5CSiaUHlYx95cnLep6PIJk+GyCcsQZ3Fh3jyO4hq04t+xIme\/F61habVWeXZnpyCj\/qmo0bvRk9q8hWUQJpneDKUaFqcTpCmxz05VWSdugNZ5slpkKQ7VLDGk9PzebpDGr\/z5AyRlZpPva0q9uQPisZ8DHJoR0\/OZD7JkbPe1u\/oyVkQdScNWdXbk1pFozYdG5r6eHK2CDtEFUw8ypNhIlTQDvLurzw5hzzJkZPX+WmenIuP+qbaKkd4Mhwf1dYeUjrOk\/PwSY6c9fbStZ6MUHdeT6KVTvXk\/Hy0MojN8uQCiPabZrr8SU9GKg8zDXle9mSUz\/OmJ6OJpjyKZn\/z5MJ8NPVt1XpPLhKhb4p26LeeXJyPpmPD1u08uQSiPapXTFMnT\/5ItKSjDfZBN08uxUfRtoAM3t6TMfioNr2AF\/f05DIRHqIdIT338uRyoumeU57+P\/FkLER59BjPHeFJnFI4EunZf+Bmm2dcQHRBL+chx3h0hZBuIaXq8VuPxqfyufQCmvZ7jyak8ouk5h16qkd18lL3VEZumEf1yqUy9BZcdZ5HDfLSTlGuwZd4NLGQqxLUOsajK4NXOHySq86jScpVmFd8tUdXyUvz0gt842bPx8lCKl5eE2736GoheWlem+\/ya5RL81I3quZ4dK28CgGbH\/WoUUgB9ebfq8Wj60JAnhDagROf8+h6ocIWXLTZjXNDIWA4zLzl0Y1Caq8a1fy+RzeFgOuSzo\/42KMphc4rV+VKj6YqoHJpKSev82iakHJpXhtbPbpZuTQv3QuDN3k0PSBuhiLewO+mPboloLCxJ9r1JR7dGhCdT4Fmlnp0m8pQhTqIrCj3aIa8NOUuoEWVHt1emLJy3djFoyZ5KZfOFbM2u\/nvKHjpYHFxd4\/ulJfWSwGnbOPRXUIK2DkcLT4r2O9W5dozZYWzRRu6R0i97aojxL4ezQyIg1dnoec9uldIAXW8sM28ZgmpSzorLL\/Ao9lCyqWjR02LR\/eFyllHnSOizzy6v9AK\/S6QKfJoTvAK68gf+RmPHgiIVsircbMpPxgQXvpBo+ZYjx4qVNgNlBntUXPwYjt1BcXXezQ3eNEoHSdsvkcPy0sbQ6cGe8ejRwrz6giKP\/FoXgjI03pL3jFW4dGjQmqvXkytO3r0mHJpynoDDqjy6PFCLr3SJ+7r0Xx5JduJXNUePSGkgPotYFB\/j55UGckGqLeaEzx6SkgV6qU6+CyPFoSAdF5\/2kcXebRQSI1SwFy9Ry2FgDr3zJ\/q0dPySrZNvY2406NcYcr6UaJ5tkfPKKBWWV6NCzx6tuClH23eeM6j54JXflEql3u0SEgVqoelX3r0fKgw38PB33r0grzUQz0nDyzx6MVCGXpcLy3z6CUF1HrpwVupR00bejmgdWpUg72xlUevCCWN4tWg00QberWQqztoccajxQGF82uD3drToyUhIPMy0KIqj17TvJITbINl9vfodSE1ShXeqmNIG3ojBKRCnUNa+3n0ZkBsG5Vxzs89eisgymgHuvFoj\/6kXMkxlr9cj\/doqbzUQ1XY+ySP3paXKmwPmnOqR8vklZxkG6z8bI\/eCY16PQk451yP3i0E1Du06kKP3hPSPtSUp4316M8hF1MOuRo8en+zXJM8+kABlUsBq27w6C+FgOrhrdM9+mtA9FABF83w6MNCQJ1Dons9Wi6k3av2vtTs0UcKWGhv8eMe\/U1eCqhTbfy0Rx\/LSxXqVb7hBY9WBMSzV+faga959IkC6q5UrnM+8OhTIeVSN1at8GhlCEgudWPIGo9WBUQ3dH9NWO\/RZ0K6v5Srf6tHnxdy6VVeYx6tLqxXB1DvtEdr5KUe6lW+ocSjL5RLZVSASjd7AqyVl7aNcuU6erSukKsS1Fjh0frgFU625Orq0ZfKlcxroi3dyqOv5KV5dQZ16eHR34VUvLyWZTzaICQvzavbrh79Q7k0L3790D\/HFOxfyyWJpiOKR98IKZr+qSXKeNQaovHQKAHZhR59K5RswvGWe8+j7woBy1iNXG+P\/imk3nYCRWM82hgCrlPbQU969H2h7ToORe94tEkBlauCt3xjR49+EFIu\/dYw6ACP4jS5NK9yUG6AR+MC4l7QwSbzB4+uCCjsao5D4z0aHxBt1z+UNN7o0YQ0ZahCnV7ixzyqk5em3EXobY\/q0\/kpK5et8KhBXsqlM0\/TBo8mFrx0DmlMeXSlvLRe4R3ayaNJQgrYGTS4u0dXqXhtG\/1ScNYeHk0WUnu7ggZUe3R1QBzYFLD0WI+uEVJAnUO2PtWja4XUKJ0oKkd61CikXDqirK\/z6LpQPEupw8asRo+uL3RDJ6VVUz26IXiFpeQcMtOjGwOiG\/LKPOTRTQHhpW6Utng0pVBhN9CqNzyaGrzYUWrUtA89mha8aJQObIO\/8uhmeWlv6A21xjyaXpiXHteTiz26JQTkcb0laE4Xj24VUnv1TK7azqPblEtTVq5BO3o0o5BLr6H1O3t0u7ySHcWZZ7O90SSkgHqv\/Xpvj+5QGckG4BeZgz26U0gV6oUyuJ9Hd4WAdF5vjcVHenS3kBqlgJOP8eieQkAdh0pP8GimvJJtw79ODfHo3sKU9ZdycY1HsxRQqyyvUbUezS54aVG6nevRfcErvygHXurR\/UKqUD1s3uyRMidUmO\/huw0ePSAv9VBl1Fzn0YOFMrRedpNHDymg1ks9rL7Fo+aA1iWN2ninR3OFCo0aPMujhwu5dLJtvd+jRwJayZu1LJXS\/9Xh\/y8PS4+1piFF3ZonP9rwxF3D+7UeP\/qJxqfLWud1XHNaMSe6Yt0S+9jYVJxKjUvZFSkbn7IJKatLWX3KGlI2MWVXpmxqymakfuBTwfVDxT0clV9J2aup9JKUvZYyK9lqqf6nhOXt+1mU7lcUlPj1rOVWZy16JFtkuRezZlMx1AWZtnhbr1Ans+uLzCu5g\/ulLboah4Pz4VCCJD6ZgtcDuNvYoBRZtDAolns3a9EzMmzgy9t8kUwRRcry7kT4MyN3kiEH3ZPQVwaZ1NKmKNi0IuV6iy8qLFqMMqcvyitBYVqPopRQdxPy0OoiiyehZBaYnRRkEbsqKGZPMaq1GkN\/lEYuZFxJnVKshlGfIusxxAfx5dasxTdTzW1Z0i1hBjMKSjNDpMTvcDHpaDWG3AP4\/ACdFCRRjwqK2VdE\/RxfW0K+QCJ8OjDrq4Ik3\/ygWPwa8ntG5Fbg9ynBkLl52XRQ+NCXpBXGkv8OrZwW2PSgmD2CnI1BXYpLCIW0U\/CWEk1CyTGpaCIJ7OcM0U7ojjxHhlcp7hgMkp3yBnucL8UYxxDVeqIoTZLX\/qL9Fp\/Nl1JobnJQLJqBrNIKSbE+VCNC\/+PaIJntTkHh33EItqKayE+i1HMh4y0pU0r0nZQB1f9SaorZF0LWQcoa9mgVSlxBjwoK+xNlqlOCu1CbEvdgelJsAfl2RcZMIO6DwgTyM7IbtPFsGcM7MlyKXUlVTyJXUXOs6WkSJwTJiKUUJkMVckE1BUqZTmRrRank0tBKDLkbgmLxLOQfMWgT2SMYJEtIF5R9mdcc5NEYIhbOzqSYc5DjMNh20Gv5soGipsvwMBnuwdCI4WEZfk+DnsaAtD\/lDfGXGN7ua00ptp3tQEC2nf0xSAyzg2LxG7QrTQOjFxm+Ft\/odsgmvmjoJgzxIUHRDWTx3zHYn4i+ihFIeztvUP64PcZHZNiNqDP5cjnGKRhyd2G4ki\/zMF6GIXoe5SwMS5C\/xBDavj8XknWwlD3Tjv\/kLDyJ2M8oVEGhLzPon3jkPkThynHRxcQQTeELseNLMcT3M+JorrFc6m14Usig6xgM8d4MzfJlB+QeMnRC6caFtO+0YFJeYKI7Ix\/EYAejTKEDpwdJZXcEBfJaUPhRDtlDhu9Ravoksm5hYoi3bjH7c5b7soU2PI5yYYvF5wbJCLUQg91GnGNkmFdttjsGyWcUQ8rOC81O70vwpzDMRylh+FZZfojri2EThj9wLee6WYbnUHJckl\/lDfG+DN+d68QshnUYtOF0z10lQx1KEwbJp\/KG3McYuBmjjTL0yoYdxB6VpP23BMXi+\/L3pJYMhVVUV2z+QpykDGyx+HwiDWzBSSExBNnAiKDcuIA9hazpQ4ueRVlcHR5oSG7smqDkg0GCnL9QeT5DC9WixKpnW8ZOkuFwvpA0jrnOxxDfGZRkR2pE7gV2Dy6StiBvyP2VLxqxHkN8BwbmZMRAErRfUCzeBrmWEUobfcBwJHVYc3hwTiNLaNDsoGizWq5UDZqP8i1+uXvx2QS9KUhSnREUs8MwLpehnC\/P8UVyCrdBUPSasMfIVVBoN0q7\/ALofcgMGNwxKBTIouc24vmbrB6yGC4lpmqalsjloeJljAghexZiS9lI8\/USpmQs49gPBSXJhlebYibldbx6c4vEsrQpfFgqJmNHUEHI3IsK6rOW2U5eQ4JCbQejcGQIt98RIiiZ\/lJKIP01hBWoORTnUVmLemGIbiKaDHPDCIaSp00hit0eZvifd0+oTdGHWmfxGN2b6EE5jIpWBomhKCvF4i1Iq9OTnh01B2BABhcpVoWBEbmeGOQS75TEQGIgKEqQuNizKlAzDFVIiftlGYZi7zO0CtnYF8PRKOWswpVBMvcng2L2JnIWBluFwmaQjEdqrVBC1Ihd26bwYbarGSfFVqLouRYeY+G59ioK77uoIUgM95EEg2RcrbgoIZyKRLGlaePZzf3CMMYfGZSko7MIbWV5JWaH8vakTUJNfRLZYyFEyoUtjGVh2hRio7QLSRjTiTGfZVE6B4Uwv2CmHfpZpLu7A82N3guK2de0P9zEZZzGFmOUbMgb4jIMG4hxOaVEy1CoNl++pSySVgoKnSil5R8hcxhyrSg7EBqZqyealHhTNilgEwbdySjhTo5WyFCO8gpGyWuzFC8lVIJiFVyHcM0lup2KQrp8frummGKM8rifoSj\/f1Dhi4aGVh8SlB\/9oJJTZ\/Qoi2hi3IvdN45njh5l8XFBobQ9UfQom0slR0CkJI+lb4LCkAOz4VFmZ1NBLwzWSDQM0Rx8NVR52hSi2DW6y\/QJd4MNLNwfu+E4nFLjkxi3iB5QP3\/5UM+woFAprzD7mFqmMfT8LOTN\/D1lq\/NKrM3XvJA6foaya4vZflmzqAXD9ignt\/CwwPksGfSc16FlfJAYugWFyrijh7UQVUrwba22eACEtwYSw7ygJI+2ahlSRO3dElbRtsIQZ1A2LjQ7CHmNCjoKZQLbehCSKrhCC2yt+hFH9FBWKWHXSdGJK6dmrsFg+7GfNuHMUxdZZJnyoFgmjVyJIVqfTXbceq7bs+w6FD7kescpuScYK0XOoZeKprajWHwA1ycylDN0MV\/KGfXvXt7Fhf7zcIs\/1+DOQSFRFWEU9ziGFGuHXMqXDpQ8JUh277Kg6FmovyOJ9nlQmNA3ZNzIlxJ6EHy74MfQKBMkRR4cFGs6HOP3uOQGYvgEF2RuLsGk8KGiKCj6sYJ+b0HO4WD1K6l8bUEZj\/ctoJyyy1PLwAd0Rlb3GQqtiA\/PK3wYQyv4JEqsm0WoTbFnGWxlWELSJHv+pbkaHDxRombmEJT3qELXagzxS4ynh9HdQTLizKBYfBgjCosVLcGAtH+3WO0KM+2Ew2aLFR+JQjvt3iBpZ4p2YpBM2onChygUqc\/L2r7RLXwJD+8oKPytQ9YxfTEMRynFiMzVkSIoL2DgEZL7AoP+sFUKuzFIRiwKSvjLKDwR438y\/C2+IONpFBGUCSj2Ic2ewBD7iDTbYN2FoQuU9wSUcp7gtwRJkIeDEqLbbhhyb6NEFLEeeRXPmaAsqoa8h9LYxyKVmXkKg3yZVQiGZNEo1n4gcXxiUMIfFvYJBvsHSV\/VF0qbTo3RR5SlF4uU3Mtci7PJSzWazzD5JsHsA7XSrmO42hA\/GBRK4hZvJ8N7GBjGSmmLM\/s1QYHIoqcAsqmzVhYl2XssV5vCh1l+RTIpMd42k3lrMAphVDbTiykBiWH\/oPDmom8jGKHF0wM0yAlklhK\/guELGrkOQ7wfmVX1dYnMTyhs2l8EhZMS8\/9QBlbPchiQcYiGoiNDjAuSaE8HRe9Bs4dk+BylI3EktQOkhF+MgvIiF0Nzf8MQETmkI5hkON39F7eFUJuiD6XP4gWv83BQODHr+IvEUESnMYQ7+b\/pCE2+SRTVuhAk5YCWcChBEq1LVorZLlmzvVsoW8oJkHD2OqXF7K8MPUUG+crQG6k\/1+3Wav5uxoC04rzBnl3IsaUv5xClYxVt+QKzp5FqSr4FkDexbIQ8gByuoYrevDCRrQvtMXU1w2ssLIIUTdjWco3ry52zBCWD\/01BMpFTg8KPykjdbLaaQOdwzeX6BpdQTDUUGYJKyb2CgeNfsseg2lvxlCAxvBYUi9ay\/hqhOnSrSRLDaO2HhWgoejnr4hcFDL9CKScn0ZAYnguKxe8jNSLakAyXDDGkxDm+MCLWTo6fRWGPxUwTSYzjgsJUkRqhtLkcBiQxbLRqUma1W5\/l2nptpyH+eOKfNvCLT0Z5jWJqkQP6Qs4JCiRGWUO0q5D7ZiFv5jewHs2JcgUoJEgy2dxwFn+GL2GXSWFTxe8HyWqtDIp+OMjvMilhl32KckpLOD8iMcgXQzhyapdFs7Jhl0mGXRYUdln0MFK7LPcUyiqW\/i3kG314Mi5G+T\/8azlEreD20l5Nbi+1VbeXJLcXq\/U7tPK+oOlB0Z8A\/H2BQe2LS8iB\/J\/7Gf1Y1XAn33sISmnmUheaZdiZUTJIhhFStD4aERZMLjJI9uD6Dw==(\/figma)-->Praktik\u0173 gidas moterims &#8211; &#8222;Meil\u0117 sau&#8221; &#8211; tai autorinis Leonora Be You kursas susidedantis i\u0161 profesionaliai nufilmuot\u0173 video pamok\u0173 bei meditacij\u0173 audio \u012fra\u0161\u0173, kurie pad\u0117s Tau:<\/p>\n<ul class=\"checklist__list section__body\">\n<li class=\"checklist__list-item\">Pakelti SAVIVERT\u0118 meil\u0117je sau bei santykiuose su kitais<\/li>\n<li class=\"checklist__list-item\"><i class=\"fa fa-check\" aria-hidden=\"true\"><\/i>Aktyvinti materialaus PERTEKLIAUS trauk\u0105 \u012f savo gyvenim\u0105<\/li>\n<li class=\"checklist__list-item\"><i class=\"fa fa-check\" aria-hidden=\"true\"><\/i>ATGIMTI per gilias fizines patirtis, meditacijas ir praktines \u012f\u017evalgas<\/li>\n<li class=\"checklist__list-item\"><i class=\"fa fa-check\" aria-hidden=\"true\"><\/i>I\u0160LAISVINTI save i\u0161 nerimo, nepasitik\u0117jimo ir nepri\u0117mimo sav\u0119s pinkli\u0173, palengv\u0117ti fizi\u0161kai bei emoci\u0161kai,<\/li>\n<li class=\"checklist__list-item\"><i class=\"fa fa-check\" aria-hidden=\"true\"><\/i>PAMILTI savo fizin\u012f k\u016bn\u0105, suaktyvinti seksualin\u0119 energij\u0105 ir sensorik\u0105 fiziniam k\u016bne<\/li>\n<li class=\"checklist__list-item\"><i class=\"fa fa-check\" aria-hidden=\"true\"><\/i>PALEISTI ir pagreitinti i\u0161sivalym\u0105 nuo genetini\u0173 bei karmini\u0173 patir\u010di\u0173 fizinio, mentalinio, emocinio ir dvasinio k\u016bn\u0173 lygmenyse<\/li>\n<\/ul>\n<p>Piln\u0105 kurso apra\u0161ym\u0105 rasite \u010dia: <a href=\"https:\/\/onlinekursai.kelioneisave.lt\/courses\/meilesau\">https:\/\/onlinekursai.kelioneisave.lt\/courses\/meilesau<\/a><\/p>\n","protected":false},"featured_media":1551,"comment_status":"closed","ping_status":"closed","template":"","meta":{"_acf_changed":false,"inline_featured_image":false},"product_brand":[],"product_cat":[37],"product_tag":[],"class_list":{"0":"post-563","1":"product","2":"type-product","3":"status-publish","4":"has-post-thumbnail","6":"product_cat-be-kategorijos","7":"post-wrapper","8":"thrv_wrapper","10":"first","11":"instock","12":"virtual","13":"purchasable","14":"product-type-simple"},"acf":[],"_links":{"self":[{"href":"https:\/\/nowbeyou.global\/lt\/wp-json\/wp\/v2\/product\/563","targetHints":{"allow":["GET"]}}],"collection":[{"href":"https:\/\/nowbeyou.global\/lt\/wp-json\/wp\/v2\/product"}],"about":[{"href":"https:\/\/nowbeyou.global\/lt\/wp-json\/wp\/v2\/types\/product"}],"replies":[{"embeddable":true,"href":"https:\/\/nowbeyou.global\/lt\/wp-json\/wp\/v2\/comments?post=563"}],"wp:featuredmedia":[{"embeddable":true,"href":"https:\/\/nowbeyou.global\/lt\/wp-json\/wp\/v2\/media\/1551"}],"wp:attachment":[{"href":"https:\/\/nowbeyou.global\/lt\/wp-json\/wp\/v2\/media?parent=563"}],"wp:term":[{"taxonomy":"product_brand","embeddable":true,"href":"https:\/\/nowbeyou.global\/lt\/wp-json\/wp\/v2\/product_brand?post=563"},{"taxonomy":"product_cat","embeddable":true,"href":"https:\/\/nowbeyou.global\/lt\/wp-json\/wp\/v2\/product_cat?post=563"},{"taxonomy":"product_tag","embeddable":true,"href":"https:\/\/nowbeyou.global\/lt\/wp-json\/wp\/v2\/product_tag?post=563"}],"curies":[{"name":"wp","href":"https:\/\/api.w.org\/{rel}","templated":true}]}}