{"id":562,"date":"2020-09-22T13:09:40","date_gmt":"2020-09-22T10:09:40","guid":{"rendered":"https:\/\/nowbeyou.global\/lt\/parduotuve\/clone-of-clone-of-zvake\/"},"modified":"2022-02-08T23:34:47","modified_gmt":"2022-02-08T21:34:47","slug":"samoningumopraktikos","status":"publish","type":"product","link":"https:\/\/nowbeyou.global\/lt\/parduotuve\/samoningumopraktikos\/","title":{"rendered":"S\u0105moningumo praktik\u0173 s\u0105siuvinis"},"content":{"rendered":"<p>Su \u0161iuo u\u017eduo\u010di\u0173 s\u0105siuviniu pasijausite tarsi gyvuose mokymuose &#8222;Kelion\u0117 \u012f save&#8221; ir keliausite per pagrindines s\u0105moningumo praktikas.<\/p>\n<p><strong>S\u0105moningumo praktik\u0173 s\u0105siuvinio turinys:<\/strong><\/p>\n<ul>\n<li>U\u017eduotis u\u017esakymai realybei<\/li>\n<li>D\u0117kingumo dienora\u0161tis<\/li>\n<li>Savo erdv\u0117s ap\u017evalga<\/li>\n<li>Savo emocin\u0117s erdv\u0117s i\u0161sivalymas<\/li>\n<li>S\u0105moningum\u0105 ugdantis pratimas &#8222;Kino sukimas&#8221;<\/li>\n<li>Energetini\u0173 centr\u0173 &#8211; \u010dakr\u0173 i\u0161samus apra\u0161ymas<\/li>\n<li>Energetini\u0173 centr\u0173 subalansavimo praktika<\/li>\n<li>&#8222;Mano \u0161e\u0161\u0117lin\u0117s pus\u0117s&#8221; susipa\u017einimas su savo vidiniu teis\u0117ju, kritiku ir auka<\/li>\n<li>Praktika &#8222;Mano Auk\u0161tesnioji A\u0160&#8221;<\/li>\n<li>Keturi moter\u0173 tipai &#8211; apra\u0161ymas bei savianaliz\u0117s praktika<\/li>\n<li>U\u017era\u0161in\u0117 Tavo vidin\u0117ms \u012f\u017evalgoms<\/li>\n<\/ul>\n<p>&nbsp;<\/p>\n<p>U\u017eduo\u010di\u0173 s\u0105siuvinio formatas A5 (pus\u0117 \u012fprasto A4 dyd\u017eio), tod\u0117l puikiai tilps \u012f rankin\u0119 ar keliaujant. S\u0105siuvinyje palikti 66 tu\u0161ti puslapiai Tavo u\u017era\u0161ams.<\/p>\n<p>\u012esigijus \u0161\u012f s\u0105siuvin\u012f labai kvie\u010diame prisijungti prie <a href=\"https:\/\/www.facebook.com\/groups\/kelioneisave\" target=\"_blank\" rel=\"noopener\">u\u017edaros grup\u0117s Facebook<\/a> kur prisijungsi prie bendramin\u010di\u0173 rato!<\/p>\n","protected":false},"excerpt":{"rendered":"<p>S\u0105moningumo praktik\u0173 s\u0105siuvinis sudarytas pagal vien\u0105 pirm\u0173j\u0173 s\u0105moningumo mokym\u0173 program\u0173 moterims Lietuvoje &#8211; <a href=\"https:\/\/nowbeyou.global\/lt\/mokymai\/kelioneisave\/\">&#8222;Kelion\u0117 \u012f save&#8221;<\/a>, kuri organizuojama jau de\u0161imtmet\u012f <a href=\"https:\/\/nowbeyou.global\/lt\/komanda\/\">BE YOU komandos<\/a>.<\/p>\n<p>Su \u0161iuo praktik\u0173 s\u0105siuviniu nei\u0161keliaudama i\u0161 nam\u0173 gali tyrin\u0117ti savo vidin\u012f pasaul\u012f. Ra\u0161ymas yra puiki priemon\u0117 rasti atsakymus viduje, o su \u0161io gido pagalba tai bus padaryti daug lengviau.<\/p>\n<p>\u0160\u012f praktik\u0173 s\u0105siuvin\u012f naudingiausia bus pildyti dalyvaujant online mokym\u0173 programoje &#8222;Kelion\u0117 \u012f save&#8221; prie kurios prisijungti gali \u010dia: <a href=\"https:\/\/onlinekursai.kelioneisave.lt\/courses\/kelioneisave\" target=\"_blank\" rel=\"noopener\">https:\/\/onlinekursai.kelioneisave.lt\/courses\/kelioneisave<\/a><\/p>\n","protected":false},"featured_media":1464,"comment_status":"closed","ping_status":"closed","template":"","meta":{"_acf_changed":false,"inline_featured_image":false},"product_brand":[],"product_cat":[37],"product_tag":[],"class_list":{"0":"post-562","1":"product","2":"type-product","3":"status-publish","4":"has-post-thumbnail","6":"product_cat-be-kategorijos","7":"post-wrapper","8":"thrv_wrapper","10":"first","11":"instock","12":"shipping-taxable","13":"purchasable","14":"product-type-simple"},"acf":[],"_links":{"self":[{"href":"https:\/\/nowbeyou.global\/lt\/wp-json\/wp\/v2\/product\/562","targetHints":{"allow":["GET"]}}],"collection":[{"href":"https:\/\/nowbeyou.global\/lt\/wp-json\/wp\/v2\/product"}],"about":[{"href":"https:\/\/nowbeyou.global\/lt\/wp-json\/wp\/v2\/types\/product"}],"replies":[{"embeddable":true,"href":"https:\/\/nowbeyou.global\/lt\/wp-json\/wp\/v2\/comments?post=562"}],"wp:featuredmedia":[{"embeddable":true,"href":"https:\/\/nowbeyou.global\/lt\/wp-json\/wp\/v2\/media\/1464"}],"wp:attachment":[{"href":"https:\/\/nowbeyou.global\/lt\/wp-json\/wp\/v2\/media?parent=562"}],"wp:term":[{"taxonomy":"product_brand","embeddable":true,"href":"https:\/\/nowbeyou.global\/lt\/wp-json\/wp\/v2\/product_brand?post=562"},{"taxonomy":"product_cat","embeddable":true,"href":"https:\/\/nowbeyou.global\/lt\/wp-json\/wp\/v2\/product_cat?post=562"},{"taxonomy":"product_tag","embeddable":true,"href":"https:\/\/nowbeyou.global\/lt\/wp-json\/wp\/v2\/product_tag?post=562"}],"curies":[{"name":"wp","href":"https:\/\/api.w.org\/{rel}","templated":true}]}}