{"id":561,"date":"2020-09-22T13:09:20","date_gmt":"2020-09-22T10:09:20","guid":{"rendered":"https:\/\/nowbeyou.global\/lt\/?post_type=product&#038;p=561"},"modified":"2022-01-10T21:17:05","modified_gmt":"2022-01-10T19:17:05","slug":"gyvenimokurejas","status":"publish","type":"product","link":"https:\/\/nowbeyou.global\/lt\/parduotuve\/gyvenimokurejas\/","title":{"rendered":"Meditacija &#8222;Gyvenimo k\u016br\u0117ja(s)&#8221;"},"content":{"rendered":"<p>Centruota<strong> GYVENIMO K\u016aR\u0116JO(S)<\/strong> pozicija prasideda nuo susigr\u0105\u017einimo savo atsakomyb\u0117s u\u017e savo gyvenim\u0105, be kaltinimo kit\u0173, grau\u017eaties sav\u0119s ar tik\u0117jimo  sen\u0173 patir\u010di\u0173 limitais\u2026<br \/>\nTad jei esi pasiruo\u0161usi (-\u0119s) susitikti save atsakomyb\u0117s \u0161viesoje ir \u0161e\u0161\u0117liuose &#8211; \u0161is susitikimas taps tavo esmine \u201cakseleracija\u201d savasties evoliucijoje ir kolektyvin\u0117s s\u0105mon\u0117s bendryst\u0117je.<\/p>\n<p>Leonora-Luna, kaip daugelis jau yra patyr\u0119 per savo asmenines patirtis, kuria ypatingai sakrali\u0105 erdv\u0119, skirt\u0105, kiekvienai sielai unikaliai patirti bei aktyvuoti auk\u0161\u010diausi\u0105 laiko juost\u0105 ir galimybes per savo esaties erdv\u0119. Po gyv\u0173 online patir\u010di\u0173 ar i\u0161klausyt\u0173 \u012fra\u0161\u0173, kiekviena(s) patiria savo asmenin\u0119 ir unikali\u0105 savasties erdv\u0119, kurios pagalba, lengviau gali:<br \/>\n* i\u0161girsti savo intuicij\u0105<br \/>\n* pa\u017einti save i\u0161 vidin\u0117s esaties am\u017einyb\u0117s gelmi\u0173<br \/>\n* Priimti save ir kitus per visatin\u0119 meil\u0117s erdv\u0119<br \/>\n* Sustiprinti s\u0105jung\u0105 su tiesioginiu savo resursu<br \/>\n* Aktyvinti savo ir savo artim\u0173j\u0173 energetin\u0119 apsaug\u0105<br \/>\n* Aktyvizuoti pasitik\u0117jim\u0105 savimi ir tuo pa\u010diu gaus\u0105 savo materialiam pasaulyje<br \/>\n* Prisiliesti prie sielos atminties ir \u201caka\u0161ini\u0173\u201d (sielos bibliotekos) \u012fra\u0161\u0173<br \/>\n* I\u0161laisvinti save i\u0161 pas\u0105monini\u0173, besikartojan\u010di\u0173 gyvenimi\u0161k\u0173 \u201cprogram\u0173\u201d<\/p>\n<p>Jei jauti jog ne protas, o Tavo \u0161irdis rezonuoja su \u0161ia galinga savasties i\u0161laisvinimo realybe, tuomet \u0161is kursas skirtas Tau! \u0160is kursas \u012fra\u0161ytas galingame<br \/>\n2021\/12\/21 portale pad\u0117s savo asmenin\u0117je sielos kelion\u0117je.<\/p>\n<p>Kvie\u010diame pasinaudoti, \u0161ia galinga plazmin\u0117s energijos \u0161viesa, kuri kas ketvirt\u012f, kartu su saul\u0117s pozicij\u0173 kaita aplink m\u016bs\u0173 planet\u0105 \u017eem\u0119, atidaro vis stipresnes energijos bangas, prisijungti prie kosmini\u0173 \u012fstatym\u0173 per tiesiogin\u012f ir prigimtin\u012f ry\u0161\u012f su resursu bei aktyvuoti Auk\u0161\u010diausi\u0105 HOMO DIVINUS genetin\u0119 virbacij\u0105 savo fiziniuose k\u016bnuose.<\/p>\n<p>Nori pasinerti giliau, junkis \u010dia ir kurk savo gyvenim\u0105 kartu, per s\u0105moning\u0105 i\u0161minties ir visatos bendradarbyst\u0119 \ud83d\udcab<\/p>\n<p>Pla\u010diau apie kurs\u0105: <a href=\"https:\/\/onlinekursai.kelioneisave.lt\/courses\/gyvenimokurejas\" target=\"_blank\" rel=\"noopener\">https:\/\/onlinekursai.kelioneisave.lt\/courses\/gyvenimokurejas<\/a><\/p>\n","protected":false},"excerpt":{"rendered":"<p><strong>Tu esi savo gyvenimo k\u016br\u0117ja(s)! <\/strong><\/p>\n<p>\u017dinodama(s) tai ar ne, kuri savo realyb\u0119 per kiekvienos dienos mintis, sprendimus, \u017eod\u017eius ir veiksmus. Tod\u0117l prisiimti atsakomyb\u0119 yra lygu, susigr\u0105\u017einti savo vidin\u0119 laisv\u0119 kurti.<br \/>\nKaip \u012fgalinti savo gyvenimo k\u016br\u0117jo(s) pozicij\u0105? Kaltinti aplink\u0105, koncetruotis \u012f prie\u017eastis kod\u0117l nematerializavome vienos ar kitos savo svajon\u0117s ar grau\u017eti save i\u0161 vidaus &#8211; yra pasyvi ir vidin\u0117s j\u0117gos negeneruojanti pozicija.<\/p>\n<p>Pla\u010diau apie kurs\u0105: <a href=\"https:\/\/onlinekursai.kelioneisave.lt\/courses\/gyvenimokurejas\" target=\"_blank\" rel=\"noopener\">https:\/\/onlinekursai.kelioneisave.lt\/courses\/gyvenimokurejas<\/a><\/p>\n","protected":false},"featured_media":1621,"comment_status":"closed","ping_status":"closed","template":"","meta":{"_acf_changed":false,"inline_featured_image":false},"product_brand":[],"product_cat":[37],"product_tag":[],"class_list":{"0":"post-561","1":"product","2":"type-product","3":"status-publish","4":"has-post-thumbnail","6":"product_cat-be-kategorijos","7":"post-wrapper","8":"thrv_wrapper","10":"first","11":"instock","12":"virtual","13":"purchasable","14":"product-type-simple"},"acf":[],"_links":{"self":[{"href":"https:\/\/nowbeyou.global\/lt\/wp-json\/wp\/v2\/product\/561","targetHints":{"allow":["GET"]}}],"collection":[{"href":"https:\/\/nowbeyou.global\/lt\/wp-json\/wp\/v2\/product"}],"about":[{"href":"https:\/\/nowbeyou.global\/lt\/wp-json\/wp\/v2\/types\/product"}],"replies":[{"embeddable":true,"href":"https:\/\/nowbeyou.global\/lt\/wp-json\/wp\/v2\/comments?post=561"}],"wp:featuredmedia":[{"embeddable":true,"href":"https:\/\/nowbeyou.global\/lt\/wp-json\/wp\/v2\/media\/1621"}],"wp:attachment":[{"href":"https:\/\/nowbeyou.global\/lt\/wp-json\/wp\/v2\/media?parent=561"}],"wp:term":[{"taxonomy":"product_brand","embeddable":true,"href":"https:\/\/nowbeyou.global\/lt\/wp-json\/wp\/v2\/product_brand?post=561"},{"taxonomy":"product_cat","embeddable":true,"href":"https:\/\/nowbeyou.global\/lt\/wp-json\/wp\/v2\/product_cat?post=561"},{"taxonomy":"product_tag","embeddable":true,"href":"https:\/\/nowbeyou.global\/lt\/wp-json\/wp\/v2\/product_tag?post=561"}],"curies":[{"name":"wp","href":"https:\/\/api.w.org\/{rel}","templated":true}]}}