{"id":560,"date":"2020-09-22T13:09:10","date_gmt":"2020-09-22T10:09:10","guid":{"rendered":"https:\/\/nowbeyou.global\/lt\/parduotuve\/clone-of-zvake\/"},"modified":"2022-02-14T14:38:25","modified_gmt":"2022-02-14T12:38:25","slug":"augaliniaireceptai","status":"publish","type":"product","link":"https:\/\/nowbeyou.global\/lt\/parduotuve\/augaliniaireceptai\/","title":{"rendered":"Augalin\u0117s mitybos receptai"},"content":{"rendered":"<p class=\"section__heading\"><strong>Augalin\u0117s mitybos receptai tiks, jei:<\/strong><\/p>\n<ul class=\"checklist__list section__body\">\n<li class=\"checklist__list-item\">nori \u012fne\u0161ti \u012f savo mitybos rutin\u0105 nauj\u0173 spalv\u0173, skoni\u0173 pa\u012fvairinant savo valgiara\u0161t\u012f<\/li>\n<li class=\"checklist__list-item\"><i class=\"fa fa-pagelines\" aria-hidden=\"true\"><\/i>pritr\u016bkai id\u0117j\u0173 k\u0105 greitai ir sveikai pasigaminti gaunant vis\u0173 reikaling\u0173 maisto med\u017eiag\u0173<\/li>\n<li class=\"checklist__list-item\"><i class=\"fa fa-pagelines\" aria-hidden=\"true\"><\/i>domiesi augaline mityba ir nori m\u0117gautis ja<\/li>\n<li>nori atsisakyti alergen\u0173 ir pastiprinti savo imunitet\u0105<\/li>\n<li>vis atid\u0117lioji poky\u010diams savo mityboje, nes ne\u017einai k\u0105 gaminti, kad b\u016bt\u0173 ne tik sveika, bet ir skanu<\/li>\n<li class=\"checklist__list-item\"><i class=\"fa fa-pagelines\" aria-hidden=\"true\"><\/i>ne\u017einai kuo pakeisti \u012fprast\u0105 pien\u0105, atsibodusius skrand\u012f apsunkinan\u010dius patiekalus ar i\u0161sikepti sveik\u0105 duonel\u0119 namuose:)<\/li>\n<\/ul>\n<p>&nbsp;<\/p>\n<p><b>Programoje rasite:<\/b><\/p>\n<ul>\n<li>Net 3 recept\u0173 e-knygos, kurias gal\u0117si patogiai parsisi\u0173sti \u012f savo kompiuter\u012f. Jose rasi net 48 receptus nuo pada\u017e\u0173 iki desert\u0173!<\/li>\n<li>Daugiau nei 20 video recept\u0173 su i\u0161samiais paai\u0161kinimais<\/li>\n<li>Gausite patarimus ir rekomendacijas kur \u012fsigyti geriausius produktus gamybai.<\/li>\n<li>Daiginimo ABC<\/li>\n<li>Rauginimo receptus<\/li>\n<li>Imunitet\u0105 stiprinantys g\u0117rim\u0173 receptai<\/li>\n<li>Prisijungsite \u012f bendramin\u010di\u0173 grup\u0119, kurioje Vytautas dalijasi receptais<\/li>\n<\/ul>\n<p>&nbsp;<\/p>\n<p>Nori susipa\u017einti? Prisijunk \u012f <a href=\"https:\/\/www.facebook.com\/groups\/beyouvirtuve\" target=\"_blank\" rel=\"noopener\">Facebook grup\u0119 BE YOU virtuv\u0117<\/a>, kurioje Vytautas dalijasi savo patarimais bei \u017einoma receptais!<\/p>\n","protected":false},"excerpt":{"rendered":"<p>Augalin\u0117s mitybos receptai tai BE YOU virtuv\u0117s \u012fk\u016br\u0117jo ir sveikos mitybos praktiko Vytauto Vai\u010dai\u010dio kurti sveiki, lengvi ir gyvybin\u0117s energijos suteikiantys receptai.<\/p>\n<header class=\"section__headings section__headings___504b1\">\n<p class=\"section__heading\">Pavalgius nori jaustis lengvai? Pritr\u016bko id\u0117j\u0173 virtuv\u0117je? Norisi \u012ftraukti nauj\u0173 skoni\u0173, spalv\u0173 ir sveik\u0173 produkt\u0173 \u012f savo valgiara\u0161t\u012f? Bandei laikytis mitybos plan\u0173, bet jie tiesiog neveikia?<\/p>\n<\/header>\n<div class=\"section__content\">\n<div class=\"section__body\">\n<div class=\"custom-theme\">\n<div class=\"fr-view\">\n<p>Augalin\u0117s mitybos receptai pa\u012fvairins Tavo \u012fprast\u0105 mityb\u0105 ir \u012fne\u0161 nauj\u0173 spalv\u0173, skoni\u0173 ir potyri\u0173 virtuv\u0117je:) Tuo pa\u010diu be jokio spaudimo ir grie\u017et\u0173 r\u0117m\u0173 gal\u0117si jud\u0117ti sveik\u0173 mitybos poky\u010di\u0173 link.<\/p>\n<\/div>\n<\/div>\n<\/div>\n<\/div>\n<p>Piln\u0105 programos apra\u0161ym\u0105 rasite \u010dia: <a href=\"https:\/\/onlinekursai.kelioneisave.lt\/courses\/augaline-mityba\" target=\"_blank\" rel=\"noopener\">https:\/\/onlinekursai.kelioneisave.lt\/courses\/augaline-mityba<\/a><\/p>\n<p>Prisijungus gausite instrukcij\u0105 kaip naudotis online platforma ir prie mokym\u0173 med\u017eiagos gal\u0117site prieiti patogiu metu neribot\u0105 laik\u0105!<\/p>\n","protected":false},"featured_media":1582,"comment_status":"closed","ping_status":"closed","template":"","meta":{"_acf_changed":false,"inline_featured_image":false},"product_brand":[],"product_cat":[37],"product_tag":[],"class_list":{"0":"post-560","1":"product","2":"type-product","3":"status-publish","4":"has-post-thumbnail","6":"product_cat-be-kategorijos","7":"post-wrapper","8":"thrv_wrapper","10":"first","11":"instock","12":"virtual","13":"purchasable","14":"product-type-simple"},"acf":[],"_links":{"self":[{"href":"https:\/\/nowbeyou.global\/lt\/wp-json\/wp\/v2\/product\/560","targetHints":{"allow":["GET"]}}],"collection":[{"href":"https:\/\/nowbeyou.global\/lt\/wp-json\/wp\/v2\/product"}],"about":[{"href":"https:\/\/nowbeyou.global\/lt\/wp-json\/wp\/v2\/types\/product"}],"replies":[{"embeddable":true,"href":"https:\/\/nowbeyou.global\/lt\/wp-json\/wp\/v2\/comments?post=560"}],"wp:featuredmedia":[{"embeddable":true,"href":"https:\/\/nowbeyou.global\/lt\/wp-json\/wp\/v2\/media\/1582"}],"wp:attachment":[{"href":"https:\/\/nowbeyou.global\/lt\/wp-json\/wp\/v2\/media?parent=560"}],"wp:term":[{"taxonomy":"product_brand","embeddable":true,"href":"https:\/\/nowbeyou.global\/lt\/wp-json\/wp\/v2\/product_brand?post=560"},{"taxonomy":"product_cat","embeddable":true,"href":"https:\/\/nowbeyou.global\/lt\/wp-json\/wp\/v2\/product_cat?post=560"},{"taxonomy":"product_tag","embeddable":true,"href":"https:\/\/nowbeyou.global\/lt\/wp-json\/wp\/v2\/product_tag?post=560"}],"curies":[{"name":"wp","href":"https:\/\/api.w.org\/{rel}","templated":true}]}}