{"id":3061,"date":"2024-02-16T00:32:37","date_gmt":"2024-02-15T22:32:37","guid":{"rendered":"https:\/\/nowbeyou.global\/lt\/?post_type=product&#038;p=3061"},"modified":"2024-03-07T16:09:04","modified_gmt":"2024-03-07T14:09:04","slug":"lyderiu-pauze","status":"publish","type":"product","link":"https:\/\/nowbeyou.global\/lt\/parduotuve\/lyderiu-pauze\/","title":{"rendered":"Gyvenimo lyderi\u0173 PAUZ\u0116 \u2013 unikalus patyrimas moterims su Leonora Be You GYVAI!"},"content":{"rendered":"<p><strong>Gyvenimo lyderi\u0173 PAUZ\u0116 \u2013 unikalus patyrimas moterims su Leonora Be You GYVAI!<\/strong><\/p>\n<p>&nbsp;<\/p>\n<p><em>Ar esi pasirengusi sustiprinti savo vidin\u0117s laisv\u0117s, intuicijos ir moteri\u0161kos stipryb\u0117s \u0161altin\u012f?<\/em><\/p>\n<p>&nbsp;<\/p>\n<p>Prisijunk prie unikalaus susitikimo, skirto moterims lyder\u0117ms, kuriame patyrusi netradicin\u0117s psichologijos praktik\u0117 ir moteri\u0161ko s\u0105moningumo mokyklos \u012fk\u016br\u0117ja Leonora Be You atvers duris \u012f gilumin\u012f sav\u0119s suvokim\u0105 ir naujas praktikas, skirtas tavo asmeniniam augimui.<\/p>\n<p>&nbsp;<\/p>\n<p>Tos, kas dalyvavo gyvuose patyrimuose su Leonora bei NOW BE YOU komanda puikiai \u017eino, kad \u0161ie susitikimai visuomet ne\u0161a daugyb\u0119 atradim\u0173 ir kad j\u0173 ne\u012fmanoma apra\u0161yti, nes visuomet paliekame vietos netik\u0117tumams, bendrai grup\u0117s dinamikai. Tad susitikimus jokios sausos teorijos, o vien patyrimai, skoniai, muzika, kvapai ir gyvenim\u0105 kei\u010dian\u010dios praktikos surinktos i\u0161 daugyb\u0117s met\u0173 praktikos dirbant sau t\u016bkstan\u010diais moter\u0173 visame pasaulyje!<\/p>\n<p>&nbsp;<\/p>\n<p>Nepaleisk \u0161ios progos padaryti pauz\u0119, pab\u016bti su savimi, pasimokyti i\u0161 geriausi\u0173 ir prad\u0117ti gyvenim\u0105, kuris atspindi tavo tikr\u0105j\u0105 esyb\u0119. Prisijunk prie m\u016bs\u0173, kad kartu kurtume stipri\u0105, s\u0105moning\u0105 ir laiming\u0105 bendruomen\u0119.<\/p>\n<p>&nbsp;<\/p>\n<p>\u0160iai galimybei tik kelios vietos, rezervacija patvirtinima apmok\u0117jus. Rezervacija neat\u0161aukiama, ta\u010diau gali b\u016bti perkeliama kitai dalyvei ar kei\u010diama \u012f online kursus.<\/p>\n","protected":false},"excerpt":{"rendered":"<p><strong>Kovo 29 d. 14-19 val.<\/strong> Leonora Be You ir NOW BE YOU komanda kvie\u010dia \u012f <strong>unikal\u0173 patyrim\u0105 moterims Bir\u0161tone<\/strong> &#8211; <strong>&#8222;Gyvenimo lyderi\u0173 PAUZ\u0116&#8221;<\/strong><\/p>\n<p>&nbsp;<\/p>\n<p>\u0160iame susitikime i\u0161moksi, <strong>kaip s\u0117kmingai integruoti pauzes \u012f savo u\u017eimt\u0105 gyvenim\u0105<\/strong>, kad gal\u0117tum pasir\u016bpinti savo emocine gerove ir atgaivinti savo moteri\u0161k\u0105 energij\u0105. Leonora dalinsis i\u0161skirtiniais metodais ir \u012f\u017evalgomis, <strong>kaip atsiverti jautrumui, sensorikai bei seksualumui, neprarandant ry\u0161io su savo lyderyst\u0117s j\u0117ga<\/strong>.<\/p>\n<p>Tai bus prakti\u0161kas ir \u012fkvepiantis patyrimas, kuris ne tik suteiks \u017eini\u0173, bet ir pad\u0117s patirti, <strong>kaip svarbu leisti sau b\u016bti silpnai, pa\u017eeid\u017eiamai ir tuo pa\u010diu metu stipriai<\/strong>.<\/p>\n<p>M\u016bs\u0173 tikslas \u2013 paskatinti moteris atrasti ir priimti savo unikalum\u0105, mokytis, kaip <strong>\u0161velnumas ir stipryb\u0117 gali egzistuoti kartu<\/strong>, bei kaip vidin\u0117 laisv\u0117 transformuoja kasdienyb\u0119.<\/p>\n<p>&nbsp;<\/p>\n<p><strong><u>K\u0105 gausi prisijungus prie \u0161ios patirties:<\/u><\/strong><\/p>\n<p>&#8211; <strong>Technikas, kaip integruoti pauzes \u012f u\u017eimt\u0105 gyvenim\u0105, atsiverti moteri\u0161kai energijai, jautrumui, ir stiprinti emocin\u0119 gerov\u0119 bei lyderyst\u0119<\/strong>, su ilgamete praktike, netradicine psichologe Leonora Be You<\/p>\n<p>&#8211; <strong>gurmani\u0161k\u0105 Vytauto Vai\u010dai\u010dio alchemin\u0117s virtuv\u0117s vakarien\u0119<\/strong>. Vytautas pasidalins \u017einiomis, kaip nat\u016braliomis priemon\u0117mis stiprinti imunitet\u0105, stabilizuoti nervin\u0119 sistem\u0105 ir kasdien aktyvuoti tavo energijos lyg\u012f.\u00a0Vakaro metu ne tik ragausi, bet ir \u00a0i\u0161moksi <em>biohacking\u2019o<\/em> paslap\u010di\u0173 bei i\u0161skirtini\u0173 ir lengvai pasigaminam\u0173 recept\u0173, kurie puikiai tiks Velyk\u0173 stalui (ir ne tik;)<\/p>\n<p>&#8211; <strong>Talent Dynamics asmenyb\u0117s test\u0105 bei integracin\u0119 asmenin\u0119 konsultacij\u0105<\/strong> su FLOW konsultante bei asmeninio <em>brand\u2019o<\/em> eksperte Egle Blekaityte. Egl\u0117 pad\u0117s Tau \u012fgalinti tavo stiprybes bei pa\u017einti savo unikali\u0105 vert\u0117s k\u016brimo strategij\u0105. (vien \u0161io testo su konsultacija vert\u0117 yra 250 Eur!)<\/p>\n<p>&nbsp;<\/p>\n<p>Tai puiki galimyb\u0117 ne tik sustoti, bet ir pasikrauti naujos energijos pavasario atgimimui!<\/p>\n<p>&nbsp;<\/p>\n<p>\u0160iai galimybei tik kelios vietos, rezervacija patvirtinima apmok\u0117jus. Rezervacija neat\u0161aukiama, ta\u010diau gali b\u016bti perkeliama kitai dalyvei ar kei\u010diama \u012f online kursus.<\/p>\n","protected":false},"featured_media":3062,"comment_status":"closed","ping_status":"closed","template":"","meta":{"_acf_changed":false,"inline_featured_image":false},"product_brand":[],"product_cat":[37],"product_tag":[],"class_list":{"0":"post-3061","1":"product","2":"type-product","3":"status-publish","4":"has-post-thumbnail","6":"product_cat-be-kategorijos","7":"post-wrapper","8":"thrv_wrapper","10":"first","11":"instock","12":"sale","13":"virtual","14":"purchasable","15":"product-type-simple"},"acf":[],"_links":{"self":[{"href":"https:\/\/nowbeyou.global\/lt\/wp-json\/wp\/v2\/product\/3061","targetHints":{"allow":["GET"]}}],"collection":[{"href":"https:\/\/nowbeyou.global\/lt\/wp-json\/wp\/v2\/product"}],"about":[{"href":"https:\/\/nowbeyou.global\/lt\/wp-json\/wp\/v2\/types\/product"}],"replies":[{"embeddable":true,"href":"https:\/\/nowbeyou.global\/lt\/wp-json\/wp\/v2\/comments?post=3061"}],"wp:featuredmedia":[{"embeddable":true,"href":"https:\/\/nowbeyou.global\/lt\/wp-json\/wp\/v2\/media\/3062"}],"wp:attachment":[{"href":"https:\/\/nowbeyou.global\/lt\/wp-json\/wp\/v2\/media?parent=3061"}],"wp:term":[{"taxonomy":"product_brand","embeddable":true,"href":"https:\/\/nowbeyou.global\/lt\/wp-json\/wp\/v2\/product_brand?post=3061"},{"taxonomy":"product_cat","embeddable":true,"href":"https:\/\/nowbeyou.global\/lt\/wp-json\/wp\/v2\/product_cat?post=3061"},{"taxonomy":"product_tag","embeddable":true,"href":"https:\/\/nowbeyou.global\/lt\/wp-json\/wp\/v2\/product_tag?post=3061"}],"curies":[{"name":"wp","href":"https:\/\/api.w.org\/{rel}","templated":true}]}}