{"id":3043,"date":"2023-12-02T20:11:35","date_gmt":"2023-12-02T18:11:35","guid":{"rendered":"https:\/\/nowbeyou.global\/lt\/?post_type=product&#038;p=3043"},"modified":"2023-12-29T00:49:44","modified_gmt":"2023-12-28T22:49:44","slug":"dirbtuves","status":"publish","type":"product","link":"https:\/\/nowbeyou.global\/lt\/parduotuve\/dirbtuves\/","title":{"rendered":"Gyvenimo dirbtuv\u0117s"},"content":{"rendered":"<p><strong>\u201cGYVENIMO DIRBTUV\u0116S\u201d sukurtos pakrauti gyvenimo k\u016br\u0117jos resurs\u0105 kokybi\u0161ku laiku SAU, tavo k\u016bnui, tikslams, sveikatai ir vidiniam gerb\u016bviui\u00a0<\/strong><\/p>\n<p>&nbsp;<\/p>\n<p>Tav\u0119s laukia:<\/p>\n<p>&nbsp;<\/p>\n<p><strong>Leonora Be You\u00a0\u00a0su\u00a0\u00a0s\u0105moningumo pl\u0117timo mokymais \u201cNaujo pasaulio technologijos\u201d<\/strong><\/p>\n<p>\u0160i praktin\u0117 paskaita, pad\u0117s labiau pa\u017einti\u00a0\u00a0savo asmenyb\u0119 ir kaip j\u0105 motyvuoti, kad gal\u0117tum veikti efektyviau ir laisviau ry\u0161yje su savo esybe.<\/p>\n<p>&nbsp;<\/p>\n<p><strong>B\u016bsen\u0173 keitimo praktin\u0117 meditacija <\/strong><\/p>\n<p>\u0160i praktika padeda i\u0161laisvinti save i\u0161 neigiam\u0173 b\u016bsen\u0173 ir \u012fvyki\u0173 savo gyvenime. Bei moko, kaip be pastang\u0173 pereiti \u012f auk\u0161\u010diausias teigiamas tavo potencialo vibracijas.<\/p>\n<p>&nbsp;<\/p>\n<p><strong>\u201cS\u0105moningo kelio integracija\u201d,<\/strong> kurioje Leonora Be You dalinasi auk\u0161tos s\u0105mon\u0117s vibracijos sprendimais, einant per \u017emogiskus\u00a0\u00a0gyvenimo i\u0161\u0161\u016bkius bei atsakant \u012f da\u017eniausiai u\u017eduodamus klausimus sav\u0119s pa\u017einimo kelyje.<\/p>\n<p>&nbsp;<\/p>\n<p><strong>Meditacin\u0117 praktika\u00a0\u00a0\u201cnulin\u0117 koncentracija\u201d\u00a0<\/strong><\/p>\n<p>\u0160ia audio yra specialiai paruo\u0161tas Tau, kad gal\u0117tum atsipalaiduoti ir pasinerti \u012f savo vid\u0173 ir:<\/p>\n<p>&#8211; I\u0161pl\u0117sti savo s\u0105mon\u0117s erdv\u0119<\/p>\n<p>&#8211; Giliau susijungti su meil\u0117s vibracija<\/p>\n<p>&#8211; Nuraminti savo mintis<\/p>\n<p>&#8211; Atverti erdv\u0119 naujiems sprendimams<\/p>\n<p>&nbsp;<\/p>\n<p><strong>Emocij\u0173 paleidimo ir judesio praktika su Ieva, kuri skirta:<\/strong><\/p>\n<p>&#8211; Tavo k\u016bno i\u0161judinimui, pri\u0117mimui ir i\u0161laisvinimui<\/p>\n<p>&#8211; Susikaupusi\u0173 emocij\u0173 paleidimui<\/p>\n<p>&#8211; Didesniam k\u016bno energetiniam pralaidumui ir jautrumui<\/p>\n<p>&nbsp;<\/p>\n<p><strong>Savirealizacijos ir nor\u0173 dirbtuv\u0117s su Egle, kuriose:<\/strong><\/p>\n<ul>\n<li>Atrasi savo IKIGAI (savo pa\u0161aukim\u0105)<\/li>\n<li>Skirsi laiko savo vizijos i\u0161gryninimui<\/li>\n<li>Sukursi veiksm\u0173 plan\u0105 savo nor\u0173 \u012fgyvendinimui<\/li>\n<\/ul>\n<p>&nbsp;<\/p>\n<p><strong>Interaktyvi sveikos gyvensenos paskaita su Vytautu \u201eKaip i\u0161gyventi XXI am\u017eiuje\u201c, kurioje:<\/strong><\/p>\n<ul>\n<li>9 \u017eingsniai sveikam k\u016bnui<\/li>\n<li>Gyvo maisto nauda ir svarba m\u016bs\u0173 gyvenime<\/li>\n<li>Detox\u2018as ir i\u0161krovos taisykl\u0117s<\/li>\n<li>Emocinis valgymas ir kaip jo i\u0161vengti<\/li>\n<li>Paprasti ir lengvai pagaminami receptai, kurie gal\u0117s papildyti Tavo \u0161eimos racion\u0105<\/li>\n<li>Rekomenduojam\u0173 tiek\u0117j\u0173 s\u0105ra\u0161as<\/li>\n<\/ul>\n<p>&nbsp;<\/p>\n<p><a href=\"https:\/\/onlinekursai.kelioneisave.lt\/courses\/dirbtuves\">Pla\u010diau apie GYVENIMO K\u016aR\u0116JO dirbtuves \u010cIA&gt;&gt;&gt;<\/a><\/p>\n","protected":false},"excerpt":{"rendered":"<p><strong>Tavo asmeninis retreat\u2018as nauj\u0173 met\u0173 startui<\/strong><\/p>\n<p>&nbsp;<\/p>\n<p>10 valand\u0173 programa su keturiais NOW BE YOU komandos praktikais, turin\u010diais daugiau nei 20 met\u0173 profesin\u0117s patirties, apimant pagrindines sritis:<\/p>\n<ul>\n<li>vidin\u012f pasaul\u012f,<\/li>\n<li>emocij\u0173 valdym\u0105,<\/li>\n<li>sveikat\u0105,<\/li>\n<li>savirealizacij\u0105<\/li>\n<\/ul>\n<p><a href=\"https:\/\/onlinekursai.kelioneisave.lt\/courses\/dirbtuves\">Pla\u010diau apie GYVENIMO K\u016aR\u0116JO dirbtuves \u010cIA&gt;&gt;&gt;<\/a><\/p>\n<p>&nbsp;<\/p>\n<p>Prisijungti prie kurso galite \u012fsigijant j\u012f m\u016bs\u0173 online parduotuv\u0117je arba tiesiai m\u016bs\u0173 <a href=\"https:\/\/onlinekursai.kelioneisave.lt\/courses\/dirbtuves\">online mokym\u0173 platformoje \u010cIA&gt;&gt;<\/a><\/p>\n<p>\u012esigijus kurs\u0105 i\u0161 karto gausite prieig\u0105 prie jo NERIBOTAM laikui!!<\/p>\n<p>Turite papildom\u0173 klausim\u0173? Ra\u0161ykite m\u016bs\u0173 komandai beyou@nowbeyou.global<\/p>\n","protected":false},"featured_media":3044,"comment_status":"closed","ping_status":"closed","template":"","meta":{"_acf_changed":false,"inline_featured_image":false},"product_brand":[],"product_cat":[37],"product_tag":[],"class_list":{"0":"post-3043","1":"product","2":"type-product","3":"status-publish","4":"has-post-thumbnail","6":"product_cat-be-kategorijos","7":"post-wrapper","8":"thrv_wrapper","10":"first","11":"instock","12":"virtual","13":"purchasable","14":"product-type-simple"},"acf":[],"_links":{"self":[{"href":"https:\/\/nowbeyou.global\/lt\/wp-json\/wp\/v2\/product\/3043","targetHints":{"allow":["GET"]}}],"collection":[{"href":"https:\/\/nowbeyou.global\/lt\/wp-json\/wp\/v2\/product"}],"about":[{"href":"https:\/\/nowbeyou.global\/lt\/wp-json\/wp\/v2\/types\/product"}],"replies":[{"embeddable":true,"href":"https:\/\/nowbeyou.global\/lt\/wp-json\/wp\/v2\/comments?post=3043"}],"wp:featuredmedia":[{"embeddable":true,"href":"https:\/\/nowbeyou.global\/lt\/wp-json\/wp\/v2\/media\/3044"}],"wp:attachment":[{"href":"https:\/\/nowbeyou.global\/lt\/wp-json\/wp\/v2\/media?parent=3043"}],"wp:term":[{"taxonomy":"product_brand","embeddable":true,"href":"https:\/\/nowbeyou.global\/lt\/wp-json\/wp\/v2\/product_brand?post=3043"},{"taxonomy":"product_cat","embeddable":true,"href":"https:\/\/nowbeyou.global\/lt\/wp-json\/wp\/v2\/product_cat?post=3043"},{"taxonomy":"product_tag","embeddable":true,"href":"https:\/\/nowbeyou.global\/lt\/wp-json\/wp\/v2\/product_tag?post=3043"}],"curies":[{"name":"wp","href":"https:\/\/api.w.org\/{rel}","templated":true}]}}