{"id":3036,"date":"2023-11-30T01:22:47","date_gmt":"2023-11-29T23:22:47","guid":{"rendered":"https:\/\/nowbeyou.global\/lt\/?post_type=product&#038;p=3036"},"modified":"2023-11-30T01:31:57","modified_gmt":"2023-11-29T23:31:57","slug":"verslo-strategija","status":"publish","type":"product","link":"https:\/\/nowbeyou.global\/lt\/parduotuve\/verslo-strategija\/","title":{"rendered":"Strategin\u0117 met\u0173 planavimo sesija su Egle"},"content":{"rendered":"<p><a href=\"https:\/\/nowbeyou.global\/lt\/komanda\/egle\/\">Pla\u010diau apie s\u0105moningo verslo mentor\u0119 Egl\u0119 Blekaityt\u0119 \u010cIA&gt;&gt;<\/a><\/p>\n<p>&nbsp;<\/p>\n<p><strong>Pla\u010diau apie Talent Dynamics test\u0105:<\/strong><\/p>\n<p><strong>Talent Dynamics<\/strong> testas &#8211; vienas i\u0161 pasaulyje grei\u010diausiai augan\u010di\u0173 profiliavimo \u012franki\u0173 padedan\u010di\u0173 rasti savo nat\u016bral\u0173 flow bei suburti aplink save tinkamiausi\u0105 komand\u0105.<\/p>\n<p>I\u0161sami testo analiz\u0117 suteiks ai\u0161kumo Tavo kryp\u010diai tiek samdomam darbe tiek ir savo versle.<\/p>\n<p>I\u0161siai\u0161kinus savo profil\u012f:<\/p>\n<ul>\n<li>SUTAUPYSI LAIKO (!!!), nes \u017einosi, kuriuos dalykus tiesiog privalai deleguoti<\/li>\n<li>Gausi AI\u0160KUMO, koks Tavo nat\u016bralus energijos srautas ir kam sakyti \u201ene\u201c, nes tai tiesiog Tave i\u0161vargins<\/li>\n<li>Geriau suprasi savo komand\u0105, bendradarbius, \u0161eim\u0105, bei \u017einosi koki\u0173 \u017emoni\u0173 Tau reikia \u0161alia, kad b\u016btum savo nat\u016bralioje t\u0117km\u0117je<\/li>\n<li>Su\u017einosi, kuomet Tavo \u201elaim\u0117jimo formul\u0117\u201c gali tapti pralaim\u0117jimo scenarijumi priklausomai nuo skirting\u0173 veiklos etap\u0173 ir cikl\u0173.<\/li>\n<\/ul>\n","protected":false},"excerpt":{"rendered":"<p>Ar kartais pagauni save, kad jau nebe\u017einai, ko griebtis besibaigiant metams? Nori atsipalaiduoti, m\u0117gautis \u0161ventiniu \u0161urmuliu, ta\u010diau jauti, kad dar nepasiruo\u0161ei stipriam met\u0173 startui?<\/p>\n<p>Kvie\u010diu \u012f CEO dien\u0105 su savimi (ir manimi:), kuri bus skirta Tau sustoti b\u0117gime ir skirti laiko pasiruo\u0161ti naujiems metams.<\/p>\n<p>&nbsp;<\/p>\n<p><strong>\u0160i aktyvi sesija susid\u0117s i\u0161 trij\u0173 etap\u0173:<\/strong><\/p>\n<p><strong>REVIEW:<\/strong> per\u017ei\u016br\u0117sime kas \u0161iemet Tavo versle veik\u0117, kas ne, kurios dalys atved\u0117 daugiausiai klient\u0173, pelno, kokios pagrindin\u0117s i\u0161moktos pamokos<\/p>\n<p><strong>RENEW:<\/strong> planuosime 2024 met\u0173 projektus, programas, naujus galimus \u012fplauk\u0173 \u0161altinius bei per\u017ei\u016br\u0117sime Tavo stiprybes bei tinkamiausi\u0105 komand\u0105 per Talent Dynamics modelio prizm\u0119<\/p>\n<p><strong>REFOCUS:<\/strong> i\u0161gryninsime Tavo prioritetines veiklos kryptis ir sekan\u010dius veiksmus atsi\u017evelgiant ne tik \u012f gr\u0105\u017eos rodiklius bet Tavo stiprybes bei kaip geriausiai u\u017edirbti i\u0161 savo talento!<\/p>\n<p>&nbsp;<\/p>\n<p><strong>\u0160ioje strategin\u0117je sesijoje Tav\u0119s laukia:<\/strong><\/p>\n<ul>\n<li>Konsultacija-dirbtuv\u0117s \u201eZoom\u201c<\/li>\n<li>Esamos situacijos \u201erevizija\u201c<\/li>\n<li>Talent Dynamics (vien testo vert\u0117 97USD) profilio aptarimas (testas atliekamas iki konsultacijos, gaunate i\u0161sami\u0105 profilio analiz\u0119 el.pa\u0161tu, o konsultacijos aptariame klausimus bei sprend\u017eiame konkre\u010dias situacijas)<\/li>\n<li>Paprastas naudoti met\u0173 planavimo \u0161ablonas, kuriame kartu \u0161ioje sesijoje sud\u0117liosime 2024 met\u0173 plan\u0105 (galime naudoti ir kit\u0105 tau tinkam\u0105 ir jau naudojam\u0105 fail\u0105\/platform\u0105)<\/li>\n<li>Generuosime id\u0117jas bei <em>step-by-step<\/em> taktikas nauj\u0173 \u012fplauk\u0173 srautams<\/li>\n<\/ul>\n<p><strong>Kal\u0117dinis BONUS rezervuojant sesij\u0105 gruod\u017eio m\u0117n<\/strong>: 45min. Konsultacija pra\u0117jus 1-2 sav. po pirmojo susitikimo progreso aptarimui<\/p>\n<p>&nbsp;<\/p>\n<p>U\u017esiregistravus suderinsime tinkam\u0105 laik\u0105 sesijai bei gausite Talent Dynamics testo kod\u0105 ir pasiruo\u0161imo klausimyn\u0105, kad susitikimas b\u016bt\u0173 kuo efektyvesnis.<\/p>\n","protected":false},"featured_media":3038,"comment_status":"closed","ping_status":"closed","template":"","meta":{"_acf_changed":false,"inline_featured_image":false},"product_brand":[],"product_cat":[37],"product_tag":[],"class_list":{"0":"post-3036","1":"product","2":"type-product","3":"status-publish","4":"has-post-thumbnail","6":"product_cat-be-kategorijos","7":"post-wrapper","8":"thrv_wrapper","10":"first","11":"instock","12":"virtual","13":"purchasable","14":"product-type-simple"},"acf":[],"_links":{"self":[{"href":"https:\/\/nowbeyou.global\/lt\/wp-json\/wp\/v2\/product\/3036","targetHints":{"allow":["GET"]}}],"collection":[{"href":"https:\/\/nowbeyou.global\/lt\/wp-json\/wp\/v2\/product"}],"about":[{"href":"https:\/\/nowbeyou.global\/lt\/wp-json\/wp\/v2\/types\/product"}],"replies":[{"embeddable":true,"href":"https:\/\/nowbeyou.global\/lt\/wp-json\/wp\/v2\/comments?post=3036"}],"wp:featuredmedia":[{"embeddable":true,"href":"https:\/\/nowbeyou.global\/lt\/wp-json\/wp\/v2\/media\/3038"}],"wp:attachment":[{"href":"https:\/\/nowbeyou.global\/lt\/wp-json\/wp\/v2\/media?parent=3036"}],"wp:term":[{"taxonomy":"product_brand","embeddable":true,"href":"https:\/\/nowbeyou.global\/lt\/wp-json\/wp\/v2\/product_brand?post=3036"},{"taxonomy":"product_cat","embeddable":true,"href":"https:\/\/nowbeyou.global\/lt\/wp-json\/wp\/v2\/product_cat?post=3036"},{"taxonomy":"product_tag","embeddable":true,"href":"https:\/\/nowbeyou.global\/lt\/wp-json\/wp\/v2\/product_tag?post=3036"}],"curies":[{"name":"wp","href":"https:\/\/api.w.org\/{rel}","templated":true}]}}