{"id":2685,"date":"2022-08-08T00:26:30","date_gmt":"2022-08-07T21:26:30","guid":{"rendered":"https:\/\/nowbeyou.global\/lt\/parduotuve\/clone-of-kuno-skenavimo-meditacija\/"},"modified":"2022-08-08T13:13:00","modified_gmt":"2022-08-08T10:13:00","slug":"liuto-vartu-gausos-meditacija","status":"publish","type":"product","link":"https:\/\/nowbeyou.global\/lt\/parduotuve\/liuto-vartu-gausos-meditacija\/","title":{"rendered":"Li\u016bto vart\u0173 88 gausos meditacija"},"content":{"rendered":"<p><b>Li\u016bto vart\u0173 &#8211; 8\/8 &#8211; GAUSOS meditacija su SOMA kv\u0117pavimu<\/b><\/p>\n<p>\u0160i aktyvi meditacija su SOMA kv\u0117pavimu balansuoja tavo fizin\u012f k\u016bn\u0105 ir nervin\u0119 sistem\u0105. Po \u0161ios praktikos Tu pasijusi pails\u0117jusi ir pasikrovusi \u0161viesos energijos.<\/p>\n<p>\u0160ios praktikos metu ypa\u010d aktyvaus portalo periode 8\/8 &#8211; 8\/12, Tu patirsi:<\/p>\n<ul>\n<li>Stipresn\u012f ry\u0161\u012f su savo intuicija<\/li>\n<li>Aktyvinsi gilesn\u012f b\u016bties jausm\u0105<\/li>\n<li>Jausi ramyb\u0119 savo viduje priimant sprendimus<\/li>\n<li>Auginsi pasitik\u0117jimo jausm\u0105 savimi ir gyvenimu<\/li>\n<li>Stiprinsi fizin\u0119 ir emocin\u0119 sveikat\u0105<\/li>\n<li>Atnaujinsi ry\u0161\u012f su auk\u0161tesniu sav\u0119s resusrsu<\/li>\n<\/ul>\n<p><a href=\"https:\/\/youtu.be\/a8VhpVq4Nuw\">Intrukcija, kaip teisingai atlikti SOMA kv\u0117pavim\u0105 \u010cIA<\/a>.<\/p>\n<p>\u0160is \u012fra\u0161as puikiai tik ne tik &#8222;Li\u016bto vart\u0173&#8221; portalo metu, ta\u010diau bet kuriuo metu Tavo kasdienei praktikai.<\/p>\n","protected":false},"excerpt":{"rendered":"<p>Li\u016bto vart\u0173 &#8211; 8\/8 &#8211; GAUSOS meditacija su SOMA kv\u0117pavimu \u0160i aktyvi meditacija su SOMA kv\u0117pavimu balansuoja tavo fizin\u012f k\u016bn\u0105 ir nervin\u0119 sistem\u0105. Po \u0161ios praktikos Tu pasijusi pails\u0117jusi ir pasikrovusi \u0161viesos energijos. \u0160ios praktikos metu ypa\u010d aktyvaus portalo periode 8\/8 &#8211; 8\/12, Tu patirsi: Stipresn\u012f ry\u0161\u012f su savo intuicija Aktyvinsi gilesn\u012f b\u016bties jausm\u0105 Jausi [&hellip;]<\/p>\n","protected":false},"featured_media":2687,"comment_status":"closed","ping_status":"closed","template":"","meta":{"_acf_changed":false,"inline_featured_image":false},"product_brand":[],"product_cat":[37],"product_tag":[],"class_list":{"0":"post-2685","1":"product","2":"type-product","3":"status-publish","4":"has-post-thumbnail","6":"product_cat-be-kategorijos","7":"post-wrapper","8":"thrv_wrapper","10":"first","11":"instock","12":"downloadable","13":"virtual","14":"purchasable","15":"product-type-simple"},"acf":[],"_links":{"self":[{"href":"https:\/\/nowbeyou.global\/lt\/wp-json\/wp\/v2\/product\/2685","targetHints":{"allow":["GET"]}}],"collection":[{"href":"https:\/\/nowbeyou.global\/lt\/wp-json\/wp\/v2\/product"}],"about":[{"href":"https:\/\/nowbeyou.global\/lt\/wp-json\/wp\/v2\/types\/product"}],"replies":[{"embeddable":true,"href":"https:\/\/nowbeyou.global\/lt\/wp-json\/wp\/v2\/comments?post=2685"}],"wp:featuredmedia":[{"embeddable":true,"href":"https:\/\/nowbeyou.global\/lt\/wp-json\/wp\/v2\/media\/2687"}],"wp:attachment":[{"href":"https:\/\/nowbeyou.global\/lt\/wp-json\/wp\/v2\/media?parent=2685"}],"wp:term":[{"taxonomy":"product_brand","embeddable":true,"href":"https:\/\/nowbeyou.global\/lt\/wp-json\/wp\/v2\/product_brand?post=2685"},{"taxonomy":"product_cat","embeddable":true,"href":"https:\/\/nowbeyou.global\/lt\/wp-json\/wp\/v2\/product_cat?post=2685"},{"taxonomy":"product_tag","embeddable":true,"href":"https:\/\/nowbeyou.global\/lt\/wp-json\/wp\/v2\/product_tag?post=2685"}],"curies":[{"name":"wp","href":"https:\/\/api.w.org\/{rel}","templated":true}]}}