{"id":2529,"date":"2022-06-13T18:31:17","date_gmt":"2022-06-13T15:31:17","guid":{"rendered":"https:\/\/nowbeyou.global\/lt\/parduotuve\/clone-of-online-kursas-rysys-su-visata\/"},"modified":"2022-06-13T19:39:42","modified_gmt":"2022-06-13T16:39:42","slug":"vasaros-saulegriza","status":"publish","type":"product","link":"https:\/\/nowbeyou.global\/lt\/parduotuve\/vasaros-saulegriza\/","title":{"rendered":"Online kursas &#8222;Vasaros saul\u0117gr\u012f\u017eos portalas&#8221;"},"content":{"rendered":"<p><strong>Kuo ypatingas \u0161is laikas?<\/strong><\/p>\n<p>Metuose gamta yra \u012fgalinta 4 kosminiais portalais: \u017eiemos ir vasaros saul\u0117gr\u012f\u017eomis bei rudens ir pavasario lygiadieniais. \u0160ie ypatingi portalai, sukuria \u017eymiai plonens\u012f sluoksn\u012f tarp kosminio ir \u017eemi\u0161ko pasauli\u0173, kuri\u0173 metu \u017emogaus s\u0105mon\u0117 turi \u0161imteriopai didesnes magnetiniam lauke energetines apsukas. \u0160iuo laikotarpiu tampame \u017eymiai jautresni gyvenimo \u012fvykiams, vidiniams patyrimams ar i\u0161orin\u0117ms aplinkyb\u0117ms. \u0160iuos portalus nuo sen\u0173 senov\u0117s Egipto i\u0161min\u010diai, taip pat ir m\u016bs\u0173 prot\u0117viai pagonys \u0161vent\u0117 per ritualus ir (per)KURDAVO savo ir kolektyvinius pasaulius. Tam, kad \u0161iame portale, tavo norai \u012fgaut\u0173 materializuojan\u010di\u0105 apimt\u012f, svarbu b\u016bti kiek galima harmonizuotoje bei rezonanse aktyvizuotoje erdv\u0117je. Ne veltui, ritualai buvo viena i\u0161 galing\u0173 apeig\u0173 i\u0161likusi\u0173 iki \u0161i\u0173 dien\u0173. Tam, kad tavo mintys, norai ir veiksmai \u012fgaut\u0173 realizuojan\u010di\u0105 prasm\u0119, Leonora &#8211; Luna ir visa NOW BE YOU komanda, ruo\u0161ia Tau ir visoms bendramint\u0117ms bendr\u0105 erdv\u0119, \u012f kuri\u0105 esi kvie\u010diama prisijungti ir TU.<\/p>\n<p><em><strong>\u0160io susitikimo metu per special\u0173 senov\u0117s ritual\u0105 b\u016bsi vedama prie savo auk\u0161\u010diausias laiko juostas ir pajusi k\u016br\u0117jos gali\u0105 savyje.<\/strong><\/em><\/p>\n<p>&nbsp;<\/p>\n<p><strong>\u0160iame praktiniame susitikime ir pasiruo\u0161ime misti\u0161kai vidurvasario \u0161ventei PRAKTI\u0160KAI atsakysime \u012f klausimus:<\/strong><\/p>\n<ul>\n<li>Kaip <strong>PASITIK\u0116TI<\/strong> gamta, visata, pa\u010diu gyvenimu ir \u017einoma <strong>SAVIMI<\/strong>?<\/li>\n<li>Kaip \u0161v\u0119sti svarbius gamtoje <strong>energetinius poky\u010dius<\/strong> ir pritaikyti juos savo kasdienyb\u0117je?<\/li>\n<li>Kaip atlikti vidurvasario ritual\u0105 \u012fprasminant gamtos simbolius ir senov\u0117s i\u0161mint\u012f?<\/li>\n<\/ul>\n<p>&nbsp;<\/p>\n<p>Po interaktyvaus susitikimo, kuris vyks gyvoje transliacijoje <strong>bir\u017eelio 20 d. 20:20 val. Lietuvos laiku<\/strong> gausite <strong><em>susitikimo \u012fra\u0161\u0105<\/em><\/strong> video bei audio formatu (prieinamus neribot\u0105 laik\u0105!), taip pat ritualo instrukcij\u0105, kuri\u0105 gal\u0117site atlikti ypatingomis savo gyvenime datomis.<\/p>\n<p><strong>Registruokis, nes viet\u0173 skai\u010dius ribotas!<\/strong><\/p>\n","protected":false},"excerpt":{"rendered":"<p><strong>Tavo gyvenimo \u012fgalinimas vasaros saul\u0117gr\u012f\u017eos portale<\/strong> \ud83d\ude4c\ud83c\udffb<\/p>\n<p><strong>Bir\u017eelio 20 d. 20:20 val. tiesiogin\u0117je transliacijoje<\/strong><\/p>\n<p>&nbsp;<\/p>\n<p>Ar aptinki save, vis dar sugr\u012f\u017etan\u010di\u0105 \u012f vidin\u0119 kontrol\u0119, \u012ftamp\u0105 ar reikalavim\u0105 i\u0161 sav\u0119s bei kit\u0173?<\/p>\n<p>At\u0117jo laikas jausti daugiau <em><strong>tik\u0117jimo savo vidine galia, savo \u0161irdimi, nuojauta ir pa\u010dia savimi<\/strong><\/em>!<\/p>\n<p>&nbsp;<\/p>\n<p>Esi kvie\u010diama pasinaudoti ypatinga galimybe (per)kurti savo gyvenim\u0105 galingame vasaros saul\u0117gr\u012f\u017eos portale, kartu su rezonanse vibruojan\u010dia bendramin\u010di\u0173 grupe bei Leonora Be You aktyvizacijomis!<\/p>\n<p>&nbsp;<\/p>\n<p>\u0160iame galingame portale Tu:<\/p>\n<ul>\n<li>Stiprinsi savo <strong><em>vidin\u0119 gali\u0105 ir nuojaut\u0105,<\/em><\/strong><\/li>\n<li>Bendramin\u010di\u0173 rate patirsi proto kontrol\u0117s paleidim\u0105 be pastang\u0173,<\/li>\n<li>Aktyvizuosi<em><strong> pasitik\u0117jimo<\/strong><\/em> energij\u0105,<\/li>\n<li>Pateksi \u012f <em><strong>vidin\u0117s ramyb\u0117s, palaikymo ir stiprios savivert\u0117s erdv\u0119<\/strong><\/em><strong> SOMA kv\u0117pavimo ir \u012fgalinan\u010dios meditacijos<\/strong> pagalba,<\/li>\n<li>I\u0161sine\u0161i su savimi \u0161irdies atv\u0117rimo praktik\u0105 ir norimo gyvenimo magnetizacijos ritual\u0105 \ud83d\ude4c\ud83c\udffb<\/li>\n<\/ul>\n<p>&nbsp;<\/p>\n<p>U\u017esiregistravus gausite lai\u0161k\u0105 su instrukcija kaip prisijungti prie tiesiogin\u0117s transliacijos bei po susitikimo gausite prieig\u0105 prie susitikimo \u012fra\u0161\u0173.<\/p>\n","protected":false},"featured_media":2534,"comment_status":"closed","ping_status":"closed","template":"","meta":{"_acf_changed":false,"inline_featured_image":false},"product_brand":[],"product_cat":[37],"product_tag":[],"class_list":{"0":"post-2529","1":"product","2":"type-product","3":"status-publish","4":"has-post-thumbnail","6":"product_cat-be-kategorijos","7":"post-wrapper","8":"thrv_wrapper","10":"first","11":"instock","12":"virtual","13":"purchasable","14":"product-type-simple"},"acf":[],"_links":{"self":[{"href":"https:\/\/nowbeyou.global\/lt\/wp-json\/wp\/v2\/product\/2529","targetHints":{"allow":["GET"]}}],"collection":[{"href":"https:\/\/nowbeyou.global\/lt\/wp-json\/wp\/v2\/product"}],"about":[{"href":"https:\/\/nowbeyou.global\/lt\/wp-json\/wp\/v2\/types\/product"}],"replies":[{"embeddable":true,"href":"https:\/\/nowbeyou.global\/lt\/wp-json\/wp\/v2\/comments?post=2529"}],"wp:featuredmedia":[{"embeddable":true,"href":"https:\/\/nowbeyou.global\/lt\/wp-json\/wp\/v2\/media\/2534"}],"wp:attachment":[{"href":"https:\/\/nowbeyou.global\/lt\/wp-json\/wp\/v2\/media?parent=2529"}],"wp:term":[{"taxonomy":"product_brand","embeddable":true,"href":"https:\/\/nowbeyou.global\/lt\/wp-json\/wp\/v2\/product_brand?post=2529"},{"taxonomy":"product_cat","embeddable":true,"href":"https:\/\/nowbeyou.global\/lt\/wp-json\/wp\/v2\/product_cat?post=2529"},{"taxonomy":"product_tag","embeddable":true,"href":"https:\/\/nowbeyou.global\/lt\/wp-json\/wp\/v2\/product_tag?post=2529"}],"curies":[{"name":"wp","href":"https:\/\/api.w.org\/{rel}","templated":true}]}}