{"id":2305,"date":"2022-02-11T03:33:44","date_gmt":"2022-02-11T01:33:44","guid":{"rendered":"https:\/\/nowbeyou.global\/lt\/parduotuve\/clone-of-meditacija-gyvenimo-kurejas\/"},"modified":"2022-02-12T13:57:55","modified_gmt":"2022-02-12T11:57:55","slug":"rysys-su-visata","status":"publish","type":"product","link":"https:\/\/nowbeyou.global\/lt\/parduotuve\/rysys-su-visata\/","title":{"rendered":"Online kursas &#8222;Ry\u0161ys su visata&#8221;"},"content":{"rendered":"<p>K\u0105 daryti kuomet kosminiai \u012fvykiai diktuoja ypatingai magi\u0161kas datas bei astrologines konstaliacijas?<\/p>\n<p>\u0160is kursas tai energetin\u0117 transmisija ie\u0161kantiems kaip gyventi ry\u0161yje su visata bei suprasti astrologini\u0173 \u012fvyki\u0173 \u012ftak\u0105 m\u016bs\u0173 kasdienybei.<\/p>\n<p id=\"isPasted\">Jei jautiesi da\u017enai kitokia ar kitoks nei dauguma tave supan\u010dios aplinkos ir galb\u016bt da\u017enai neatitinki tradicini\u0173 standartini\u0173 elgesio modeli\u0173.. vadinasi jau esi arba ruo\u0161iesi sugr\u012f\u017eti \u012f <strong><em>VISATOS PILIE\u010cIO <\/em><\/strong>gyvenimo am\u017ein\u0105 ties\u0105. Kur \u012fstatymai yra ne u\u017era\u0161yti &#8211; o pagr\u012fsti gyvenimo <strong><em>\u201cKarmos\u201d <\/em><\/strong>(pamok\u0173) ir <strong><em>\u201cDharmos\u201d<\/em><\/strong> (dovan\u0173) d\u0117sniais.<\/p>\n<p>Jei jau matai, jog nuo nieko nepab\u0117gsi <em>(nes b\u0117gti galime tik nuo sav\u0119s)<\/em> ir nieko neapgausi <em>(nes apgauti gali tik save)<\/em> &#8211; vadinasi Tu esi s\u0105moninga(s) ne tik gyvenimi\u0161k\u0173, bet ir KOSMINI\u0172 \u012eVYKI\u0172 dalimi.<\/p>\n<p>Pla\u010diau apie kurs\u0105: <a href=\"https:\/\/onlinekursai.kelioneisave.lt\/courses\/rysys-su-visata\">https:\/\/onlinekursai.kelioneisave.lt\/courses\/rysys-su-visata<\/a><\/p>\n","protected":false},"excerpt":{"rendered":"<p><strong>Kosminio portalo 2022 02 22 aktyvizacija<\/strong><\/p>\n<p>Tiesiogin\u0117 transliacija dien\u0105 prie\u0161 ypating\u0105 astrologin\u012f \u012fvyk\u012f &#8211; <strong>v<\/strong><strong>asario 21 d. 20 val.<\/strong> Lietuvos laiku<\/p>\n<p><strong>\u0160iame susitikime tu i\u0161moksi:<\/strong><\/p>\n<ul>\n<li>Su\u017einosi kod\u0117l ir kam buvo naudojami ritualai senov\u0117s i\u0161minties bendruomen\u0117se bei kam jie reikalingi \u0161iandienos gyvenime?<\/li>\n<li>Apie VISATOS \u012eSTATYMUS ir prakti\u0161kai patirsi, kaip tai veikia Tavo kasdienin\u0119 realyb\u0119.<\/li>\n<li>PATIRSI K\u016aR\u0116JO(s) gali\u0105 savyje<\/li>\n<li>I\u0161sine\u0161ti 3 svarbias PRAKTIKAS, pad\u0117sian\u010dias keisti senus \u012fpro\u010dius, mintis bei veiksmus gyvenimo kasdienyb\u0117je<\/li>\n<li>PASIRUO\u0160I astrologiniams \u012fvykiams ir \u012fgausi \u012frankius toliau savaranki\u0161koms praktikoms<\/li>\n<\/ul>\n<p>Pla\u010diau apie kurs\u0105: <a href=\"https:\/\/onlinekursai.kelioneisave.lt\/courses\/rysys-su-visata\">https:\/\/onlinekursai.kelioneisave.lt\/courses\/rysys-su-visata<\/a><\/p>\n<p>U\u017esiregistravus \u012f susitikim\u0105 gausi prisijungimo instrukcijas tiesioginei transliacijai vasario 21 d. 20 val. Lietuvos laiku bei galimyb\u0119 prieiti prie kurso \u012fra\u0161o neribot\u0105 laik\u0105!<\/p>\n","protected":false},"featured_media":2307,"comment_status":"closed","ping_status":"closed","template":"","meta":{"_acf_changed":false,"inline_featured_image":false},"product_brand":[],"product_cat":[37],"product_tag":[],"class_list":{"0":"post-2305","1":"product","2":"type-product","3":"status-publish","4":"has-post-thumbnail","6":"product_cat-be-kategorijos","7":"post-wrapper","8":"thrv_wrapper","10":"first","11":"instock","12":"sale","13":"virtual","14":"purchasable","15":"product-type-simple"},"acf":[],"_links":{"self":[{"href":"https:\/\/nowbeyou.global\/lt\/wp-json\/wp\/v2\/product\/2305","targetHints":{"allow":["GET"]}}],"collection":[{"href":"https:\/\/nowbeyou.global\/lt\/wp-json\/wp\/v2\/product"}],"about":[{"href":"https:\/\/nowbeyou.global\/lt\/wp-json\/wp\/v2\/types\/product"}],"replies":[{"embeddable":true,"href":"https:\/\/nowbeyou.global\/lt\/wp-json\/wp\/v2\/comments?post=2305"}],"wp:featuredmedia":[{"embeddable":true,"href":"https:\/\/nowbeyou.global\/lt\/wp-json\/wp\/v2\/media\/2307"}],"wp:attachment":[{"href":"https:\/\/nowbeyou.global\/lt\/wp-json\/wp\/v2\/media?parent=2305"}],"wp:term":[{"taxonomy":"product_brand","embeddable":true,"href":"https:\/\/nowbeyou.global\/lt\/wp-json\/wp\/v2\/product_brand?post=2305"},{"taxonomy":"product_cat","embeddable":true,"href":"https:\/\/nowbeyou.global\/lt\/wp-json\/wp\/v2\/product_cat?post=2305"},{"taxonomy":"product_tag","embeddable":true,"href":"https:\/\/nowbeyou.global\/lt\/wp-json\/wp\/v2\/product_tag?post=2305"}],"curies":[{"name":"wp","href":"https:\/\/api.w.org\/{rel}","templated":true}]}}