{"id":2299,"date":"2022-02-09T16:09:29","date_gmt":"2022-02-09T14:09:29","guid":{"rendered":"https:\/\/nowbeyou.global\/lt\/?post_type=product&#038;p=2299"},"modified":"2022-02-20T00:02:03","modified_gmt":"2022-02-19T22:02:03","slug":"mitybos-alchemija","status":"publish","type":"product","link":"https:\/\/nowbeyou.global\/lt\/parduotuve\/mitybos-alchemija\/","title":{"rendered":"Augalin\u0117s mitybos alchemija"},"content":{"rendered":"<header class=\"section__headings section__headings___504b1\">\n<h5 class=\"section__heading\">Vis pri\u017eadi sau, kad maitinsiesi sveikiau, bet \u201epasl\u012fsti\u201c, nes ne\u017einai k\u0105 gaminti? Griebiesi dar vieno kavos puodelio ir \u0161okoladuko greitam energijos antpl\u016bd\u017eiui, o vos pavalgius u\u017esimanai miego? O gal jau i\u0161bandei ne vien\u0105 diet\u0105, bet supratai, kad jos neveikia?<\/h5>\n<\/header>\n<div class=\"section__content\">\n<div class=\"section__body\">\n<div class=\"custom-theme\">\n<div class=\"fr-view\">\n<p><strong>Jei susiduri su pana\u0161iomis situacijomis ar jauti, kad nori \u012fne\u0161ti sveikesni\u0173 \u012fpro\u010di\u0173 \u012f savo kasdienyb\u0119 &#8211; Augalin\u0117s mitybos alchemija<\/strong> &#8211; tai lengvas ir skanus b\u016bdas \u012fntegruoti mitybos poky\u010dius \u012f savo kasdienyb\u0119.<\/p>\n<h4>Nori &#8222;pasimatuoti&#8221; augalin\u0119 mityb\u0105 ir su\u017einoti kuo pakeisti Tau \u012fprastus produktus, kurie ne visuomet prideda sveikatos?<\/h4>\n<h4>Programoje sud\u0117ti pagrindiniai principai, k\u0105 \u012fvesti \u012f savo mityb\u0105, taigi Tau nereik\u0117s nieko mesti, laikytis ar neleisti sau. Jei pasinaudosi programoje sud\u0117tais mitybos principais bei i\u0161bandysi skanius bei nesud\u0117tingus receptus, pa\u017eadu nat\u016braliai atsivers dar didesnis susidom\u0117jimas ir m\u0117gavimasis augaline mityba, kuri suteiks \u017evalumo, lengvumo ir sveiko k\u016bno poj\u016bt\u012f kiekvien\u0105 dien\u0105!<\/h4>\n<\/div>\n<\/div>\n<\/div>\n<\/div>\n<p>Pla\u010diau apie program\u0105: <a href=\"https:\/\/onlinekursai.kelioneisave.lt\/courses\/mitybosalchemija\" target=\"_blank\" rel=\"noopener\">https:\/\/onlinekursai.kelioneisave.lt\/courses\/mitybosalchemija<\/a><\/p>\n<p>Nori susipa\u017einti? Prisijunk \u012f <a href=\"https:\/\/www.facebook.com\/groups\/beyouvirtuve\" target=\"_blank\" rel=\"noopener\">Facebook grup\u0119 BE YOU virtuv\u0117<\/a>, kurioje Vytautas dalijasi savo patarimais bei \u017einoma receptais!<\/p>\n","protected":false},"excerpt":{"rendered":"<p>Augalin\u0117s mitybos alchemijos programa tai &#8222;sukramtyta&#8221; informacija bei praktin\u0117s video pamokos, kuri\u0173 pagalba integruosi sveikos mitybos \u012fpro\u010dius \u012f savo kasdienyb\u0119 su lengvumu!<\/p>\n<p>Vytautas Vai\u010daitis BE YOU virtuv\u0117s \u012fk\u016br\u0117jo ir ilgametis sveikos mitybos praktikas trump\u0173 video pagalba sud\u0117jo pagrindus, norintiems integruoti augalin\u0119 mityb\u0105 \u012f savo kasdienyb\u0119 bei atrasti naujus skonius, spalvas bei produktus savo virtuv\u0117je!<\/p>\n<p>Piln\u0105 programos apra\u0161ym\u0105 rasite \u010dia: <a href=\"https:\/\/onlinekursai.kelioneisave.lt\/courses\/mitybosalchemija\" target=\"_blank\" rel=\"noopener\">https:\/\/onlinekursai.kelioneisave.lt\/courses\/mitybosalchemija<\/a><\/p>\n<p>Prisijungus gausite instrukcij\u0105 kaip naudotis online platforma ir prie mokym\u0173 med\u017eiagos gal\u0117site prieiti patogiu metu neribot\u0105 laik\u0105 bei jud\u0117ti savo tempu!<\/p>\n","protected":false},"featured_media":2301,"comment_status":"closed","ping_status":"closed","template":"","meta":{"_acf_changed":false,"inline_featured_image":false},"product_brand":[],"product_cat":[37],"product_tag":[],"class_list":{"0":"post-2299","1":"product","2":"type-product","3":"status-publish","4":"has-post-thumbnail","6":"product_cat-be-kategorijos","7":"post-wrapper","8":"thrv_wrapper","10":"first","11":"instock","12":"virtual","13":"purchasable","14":"product-type-simple"},"acf":[],"_links":{"self":[{"href":"https:\/\/nowbeyou.global\/lt\/wp-json\/wp\/v2\/product\/2299","targetHints":{"allow":["GET"]}}],"collection":[{"href":"https:\/\/nowbeyou.global\/lt\/wp-json\/wp\/v2\/product"}],"about":[{"href":"https:\/\/nowbeyou.global\/lt\/wp-json\/wp\/v2\/types\/product"}],"replies":[{"embeddable":true,"href":"https:\/\/nowbeyou.global\/lt\/wp-json\/wp\/v2\/comments?post=2299"}],"wp:featuredmedia":[{"embeddable":true,"href":"https:\/\/nowbeyou.global\/lt\/wp-json\/wp\/v2\/media\/2301"}],"wp:attachment":[{"href":"https:\/\/nowbeyou.global\/lt\/wp-json\/wp\/v2\/media?parent=2299"}],"wp:term":[{"taxonomy":"product_brand","embeddable":true,"href":"https:\/\/nowbeyou.global\/lt\/wp-json\/wp\/v2\/product_brand?post=2299"},{"taxonomy":"product_cat","embeddable":true,"href":"https:\/\/nowbeyou.global\/lt\/wp-json\/wp\/v2\/product_cat?post=2299"},{"taxonomy":"product_tag","embeddable":true,"href":"https:\/\/nowbeyou.global\/lt\/wp-json\/wp\/v2\/product_tag?post=2299"}],"curies":[{"name":"wp","href":"https:\/\/api.w.org\/{rel}","templated":true}]}}