{"id":1853,"date":"2022-01-13T02:24:06","date_gmt":"2022-01-13T00:24:06","guid":{"rendered":"https:\/\/nowbeyou.global\/lt\/?post_type=product&#038;p=1853"},"modified":"2024-02-12T00:36:14","modified_gmt":"2024-02-11T22:36:14","slug":"leonorabeyoukonsultacija","status":"publish","type":"product","link":"https:\/\/nowbeyou.global\/lt\/parduotuve\/leonorabeyoukonsultacija\/","title":{"rendered":"Asmenin\u0117 konsultacija su Leonora Be You"},"content":{"rendered":"<p>Priklausomai nuo kliento esamos situacijos Leonora gali naudoti skirtingas pokalbio formas, praktikas, duoti \u012fvairias u\u017eduotis nam\u0173 darbams. Konsultacija, kitaip vadinama \u201eveidrod\u017eio principo terapija\u201c &#8211; tai tarsi sav\u0119s atspindys veidrodyje, kuomet atsakymai \u201eneprimetami\u201c i\u0161 \u0161ono, ta\u010diau padedama pa\u017evelgti \u012f savo vid\u0173 bei u\u017emegzti objektyv\u0173 santyk\u012f su savimi ir supan\u010dia aplinka bei gauti atsakymus slypin\u010dius viduje. Nor\u0117dami pasiekti geresni\u0173 rezultat\u0173 rinkit\u0117s t\u0119stin\u012f darb\u0105, t.y. asmenini\u0173 konsultacij\u0173 paket\u0105 pagal poreikius.<\/p>\n","protected":false},"excerpt":{"rendered":"<p>Konsultacija, kitaip vadinama \u201eveidrod\u017eio principo terapija\u201c &#8211; tai tarsi sav\u0119s atspindys veidrodyje, kuomet atsakymai \u201eneprimetami\u201c i\u0161 \u0161ono, ta\u010diau padedama pa\u017evelgti \u012f savo vid\u0173 bei u\u017emegzti objektyv\u0173 santyk\u012f su savimi ir supan\u010dia aplinka bei gauti atsakymus slypin\u010dius viduje.<\/p>\n<p>Leonora Be You &#8211; psicholog\u0117, s\u0105moningumo kelio vedl\u0117 ir asmeninio augimo trener\u0117 konsultuojanti \u017emones jau daugiau nei 10 met\u0173 bei pad\u0117jo savo klientams i\u0161spr\u0119sti \u012fvairius klausimus santyki\u0173, fizini\u0173 ir emocini\u0173 sutrikim\u0173, &#8222;nepaai\u0161kinam\u0173&#8221; gyvenio \u012fvyki\u0173 ir kitomis temomis.<\/p>\n<p>Konsultacija vyks zoom i\u0161 anksto suderintu laiku. Prie\u0161 konsultacij\u0105 u\u017epildysite klausimyn\u0105 pasiruo\u0161imui. Konsultacijos kainos\u00a0 &#8211; 60 min &#8211; 250 eur, trukm\u0117 iki 2 val. &#8211; 369 Eur.<\/p>\n","protected":false},"featured_media":2922,"comment_status":"open","ping_status":"closed","template":"","meta":{"_acf_changed":false,"inline_featured_image":false},"product_brand":[],"product_cat":[37],"product_tag":[],"class_list":{"0":"post-1853","1":"product","2":"type-product","3":"status-publish","4":"has-post-thumbnail","6":"product_cat-be-kategorijos","7":"post-wrapper","8":"thrv_wrapper","10":"first","11":"instock","12":"shipping-taxable","13":"purchasable","14":"product-type-variable"},"acf":[],"_links":{"self":[{"href":"https:\/\/nowbeyou.global\/lt\/wp-json\/wp\/v2\/product\/1853","targetHints":{"allow":["GET"]}}],"collection":[{"href":"https:\/\/nowbeyou.global\/lt\/wp-json\/wp\/v2\/product"}],"about":[{"href":"https:\/\/nowbeyou.global\/lt\/wp-json\/wp\/v2\/types\/product"}],"replies":[{"embeddable":true,"href":"https:\/\/nowbeyou.global\/lt\/wp-json\/wp\/v2\/comments?post=1853"}],"wp:featuredmedia":[{"embeddable":true,"href":"https:\/\/nowbeyou.global\/lt\/wp-json\/wp\/v2\/media\/2922"}],"wp:attachment":[{"href":"https:\/\/nowbeyou.global\/lt\/wp-json\/wp\/v2\/media?parent=1853"}],"wp:term":[{"taxonomy":"product_brand","embeddable":true,"href":"https:\/\/nowbeyou.global\/lt\/wp-json\/wp\/v2\/product_brand?post=1853"},{"taxonomy":"product_cat","embeddable":true,"href":"https:\/\/nowbeyou.global\/lt\/wp-json\/wp\/v2\/product_cat?post=1853"},{"taxonomy":"product_tag","embeddable":true,"href":"https:\/\/nowbeyou.global\/lt\/wp-json\/wp\/v2\/product_tag?post=1853"}],"curies":[{"name":"wp","href":"https:\/\/api.w.org\/{rel}","templated":true}]}}