{"id":170,"date":"2020-09-15T15:41:09","date_gmt":"2020-09-15T12:41:09","guid":{"rendered":"https:\/\/nowbeyou.global\/lt\/?post_type=product&#038;p=170"},"modified":"2022-01-11T22:44:05","modified_gmt":"2022-01-11T20:44:05","slug":"seksualineenergija","status":"publish","type":"product","link":"https:\/\/nowbeyou.global\/lt\/parduotuve\/seksualineenergija\/","title":{"rendered":"Online mokymai &#8222;Seksualin\u0117s energijos paslaptys&#8221;"},"content":{"rendered":"<p>Online mokymai  \u201c Seksualin\u0117s energijos paslaptys moters \u0161ventykloje &#8211; k\u016bne\u201d skirti moterims, norin\u010dioms nerti giliau \u012f sav\u0119s pa\u017einim\u0105 per sensorikos ir seksualin\u0117s energijos patyrimus.<\/p>\n<p>Moters prigimtis yra &#8211; duoti, gimdyti, maitinti\u2026 ta\u010diau did\u017eioji <strong><em>\u201ci\u0161sibalansavimo\u201d<\/em><\/strong> tema moters pasaulyje  yra nepraleidimas seksualin\u0117s energijos per savo k\u016bn\u0105. To pasekoje, kyla nemeil\u0117 sau, vidinis bei i\u0161orinis apsileidimas, hormon\u0173 sutrikimai ar nervin\u0117s sistemos i\u0161balansavimas..  toki\u0105 moter\u012f aplinkiniai <em>(o da\u017enai artimiausi \u0161eimos nariai)<\/em> gali pavadinti perd\u0117tai jautria, pikta ar net ragana!  Bet tai tik <strong><em>priminimas Tau &#8211; pasisemti nei\u0161semiamo gyvybin\u0117s energijos resurso neie\u0161kant meil\u0117s i\u0161or\u0117je, bet j\u0105 randant savo viduje!<\/em><\/strong><\/p>\n<p>\u0160ioje programoje TU i\u0161moksi:<\/p>\n<ul>\n<li>Kaip \u012fvaldyti seksualin\u0119 energij\u0105 savo k\u016bne.<\/li>\n<li>Kaip aktyvizuoti gyvybin\u0119 energij\u0105 savyje nepriklausomai nuo antrosios pus\u0117s.<\/li>\n<li>Kaip naudoti sensorines paslaptis gydomiesiems procesams sau ir savo aplinkai.<\/li>\n<\/ul>\n<p>Prie programos \u012fra\u0161\u0173 tur\u0117si galimyb\u0119 prisijungti neribot\u0105 laik\u0105 ir kartoti \u0161ias praktikas bei meditacij\u0105 kiek nor\u0117sis!<\/p>\n<p>\u0160i programa tai tarsi \u012fvadin\u0117 instrukcija \u012f platesn\u012f praktik\u0173 kurs\u0105 &#8222;Meil\u0117 sau&#8221; apie kur\u012f pla\u010diau skaitykite \u010dia: <a href=\"https:\/\/onlinekursai.kelioneisave.lt\/courses\/meilesau\">https:\/\/onlinekursai.kelioneisave.lt\/courses\/meilesau<\/a><\/p>\n<p>\u012esigijus \u0161iuos mokymus laukite lai\u0161ko i\u0161 BE YOU komandos savo el.pa\u0161tu su tolimesne informacija kaip prisijungti prie kurso online mokym\u0173 platformoje.<\/p>\n<p>Negaunate lai\u0161ko? Turite klausim\u0173? Susisiekite su m\u016bs\u0173 komanda: info@kelioneisave.lt<\/p>\n","protected":false},"excerpt":{"rendered":"<p>Online mokymai  \u201c Seksualin\u0117s energijos paslaptys moters \u0161ventykloje &#8211; k\u016bne\u201d skirti moterims, norin\u010dioms nerti giliau \u012f sav\u0119s pa\u017einim\u0105 per sensorikos ir seksualin\u0117s energijos patyrimus.<\/p>\n<p>Prisijungus prie kurso tur\u0117site programos \u012fra\u0161\u0105, kuris bus prieinamas neribot\u0105 laik\u0105!<\/p>\n","protected":false},"featured_media":1436,"comment_status":"closed","ping_status":"closed","template":"","meta":{"_acf_changed":false,"inline_featured_image":false},"product_brand":[],"product_cat":[37],"product_tag":[],"class_list":{"0":"post-170","1":"product","2":"type-product","3":"status-publish","4":"has-post-thumbnail","6":"product_cat-be-kategorijos","7":"post-wrapper","8":"thrv_wrapper","10":"first","11":"instock","12":"sale","13":"virtual","14":"purchasable","15":"product-type-simple"},"acf":[],"_links":{"self":[{"href":"https:\/\/nowbeyou.global\/lt\/wp-json\/wp\/v2\/product\/170","targetHints":{"allow":["GET"]}}],"collection":[{"href":"https:\/\/nowbeyou.global\/lt\/wp-json\/wp\/v2\/product"}],"about":[{"href":"https:\/\/nowbeyou.global\/lt\/wp-json\/wp\/v2\/types\/product"}],"replies":[{"embeddable":true,"href":"https:\/\/nowbeyou.global\/lt\/wp-json\/wp\/v2\/comments?post=170"}],"wp:featuredmedia":[{"embeddable":true,"href":"https:\/\/nowbeyou.global\/lt\/wp-json\/wp\/v2\/media\/1436"}],"wp:attachment":[{"href":"https:\/\/nowbeyou.global\/lt\/wp-json\/wp\/v2\/media?parent=170"}],"wp:term":[{"taxonomy":"product_brand","embeddable":true,"href":"https:\/\/nowbeyou.global\/lt\/wp-json\/wp\/v2\/product_brand?post=170"},{"taxonomy":"product_cat","embeddable":true,"href":"https:\/\/nowbeyou.global\/lt\/wp-json\/wp\/v2\/product_cat?post=170"},{"taxonomy":"product_tag","embeddable":true,"href":"https:\/\/nowbeyou.global\/lt\/wp-json\/wp\/v2\/product_tag?post=170"}],"curies":[{"name":"wp","href":"https:\/\/api.w.org\/{rel}","templated":true}]}}