{"id":850,"date":"2020-09-24T19:06:36","date_gmt":"2020-09-24T16:06:36","guid":{"rendered":"https:\/\/nowbeyou.global\/lt\/komanda\/clone-of-leonora-blekaityte-be-you\/"},"modified":"2023-07-19T14:53:02","modified_gmt":"2023-07-19T11:53:02","slug":"kelioneisave","status":"publish","type":"page","link":"https:\/\/nowbeyou.global\/lt\/mokymai\/kelioneisave\/","title":{"rendered":"\u201eKelion\u0117 \u012f save\u201c mokym\u0173 metodika"},"content":{"rendered":"<p style=\"text-align: center;\">\u201cKelion\u0117 \u012f save\u201d mokym\u0173 metodika<\/p>\n<p><img loading=\"lazy\" decoding=\"async\" title=\"\" src=\"https:\/\/nowbeyou.global\/lt\/wp-content\/uploads\/2020\/09\/block-heads-2.png\" alt=\"\" width=\"215\" height=\"16\" data-id=\"84\" data-init-width=\"216\" data-init-height=\"16\" data-width=\"215\" data-height=\"16\" \/><\/p>\n<p style=\"text-align: center;\">10+ met\u0173 patirtis<\/p>\n<p style=\"text-align: center;\">M\u016bs\u0173 komanda pirmieji \u012f Lietuv\u0105 atne\u0161\u0117me patyrimini\u0173 saviugdos mokym\u0173 (angl.retreat) koncepcij\u0105 prie\u0161 de\u0161imtmet\u012f<\/p>\n<p><img loading=\"lazy\" decoding=\"async\" title=\"\" src=\"https:\/\/nowbeyou.global\/lt\/wp-content\/uploads\/2020\/09\/block-heads-2.png\" alt=\"\" width=\"215\" height=\"16\" data-id=\"84\" data-init-width=\"216\" data-init-height=\"16\" data-width=\"215\" data-height=\"16\" \/><\/p>\n<p style=\"text-align: center;\">1000+ moter\u0173<\/p>\n<p style=\"text-align: center;\">Daugyb\u0117 moter\u0173 istorij\u0173 apie sutvirt\u0117jusius bei atkurtus santykius, i\u0161gydytas ligas, naujas karjeros galimybes ir daugyb\u0119 kit\u0173 poky\u010di\u0173<\/p>\n<p><img loading=\"lazy\" decoding=\"async\" title=\"\" src=\"https:\/\/nowbeyou.global\/lt\/wp-content\/uploads\/2020\/09\/block-heads-2.png\" alt=\"\" width=\"215\" height=\"18\" data-id=\"84\" data-init-width=\"216\" data-init-height=\"16\" data-width=\"215\" data-height=\"18\" \/><\/p>\n<p style=\"text-align: center;\">GYVA PROGRAMA<\/p>\n<p style=\"text-align: center;\">Unikali, gyva ir paremta patyrimais programa, jau\u010diant susirinkusi\u0173 dalyvi\u0173 poreikius, klausimus ir situacijas. Joki\u0173 \u0161ablon\u0173!<\/p>\n<p><img loading=\"lazy\" decoding=\"async\" title=\"\" src=\"https:\/\/nowbeyou.global\/lt\/wp-content\/uploads\/2020\/09\/block-heads-2.png\" alt=\"\" width=\"215\" height=\"18\" data-id=\"84\" data-init-width=\"216\" data-init-height=\"16\" data-width=\"215\" data-height=\"18\" \/><\/p>\n<p style=\"text-align: center;\">unikal\u016bs metodai<\/p>\n<p style=\"text-align: center;\">Psichologija, meditacija, energetikos valdymas, kv\u0117pavimo ir judesio praktikos, \u0161amani\u0161ki ritualai, emocij\u0173 paleidimo technikos ir bes\u0105lygi\u0161kos meil\u0117s sintez\u0117:)<\/p>\n<h4 style=\"text-align: center;\"><span style=\"font-size: 14px;\">Kada:<\/span><\/h4>\n<p style=\"text-align: center;\"><span style=\"font-size: 14px;\"><span style=\"font-family: 'Open Sans'; font-weight: 300;\">pavasar\u012f, vasar\u0105 ir ruden\u012f<\/span><\/span><\/p>\n<h4 style=\"text-align: center;\"><span style=\"font-size: 14px;\">Kur:<\/span><\/h4>\n<p style=\"text-align: center;\"><span style=\"font-size: 14px;\"><span style=\"font-family: 'Open Sans'; font-weight: 300;\">Lietuvoje ir Ibizos saloje<\/span><\/span><\/p>\n<h4 style=\"text-align: center;\"><span style=\"font-size: 14px;\">Dalyv\u0117s:<\/span><\/h4>\n<p style=\"text-align: center;\"><span style=\"font-size: 14px;\"><span style=\"font-family: 'Open Sans'; font-weight: 300;\">18-30 dalyvi\u0173<\/span><\/span><\/p>\n<h4 style=\"text-align: center;\"><span style=\"font-size: 14px;\">5-7 dien\u0173:<\/span><\/h4>\n<p style=\"text-align: center;\"><span style=\"font-size: 14px;\"><span style=\"font-family: 'Open Sans'; font-weight: 300;\">gyva programa<\/span><\/span><\/p>\n<h2 style=\"text-align: center;\">Mokym\u0173 stovyklos \u201eKelion\u0117 \u012f save\u201c metodika<\/h2>\n<p style=\"text-align: center;\">praktiniai mokymai pad\u0117siantys susikurti s\u0105moning\u0105 ir kokybi\u0161k\u0105 gyvenim\u0105<\/p>\n<p>\u201eKelion\u0117 \u012f save\u201c \u2013 tai gili\u0173 vidini\u0173 transformacij\u0173 savait\u0117, patyriminiai mokymai, kurie tau pad\u0117s pasiekti kitoki\u0105 gyvenimo kokyb\u0119 ir sukurti savo autenti\u0161k\u0105 versij\u0105 &#8211; TIKR\u0104J\u0104 save. BE YOU komanda, jau <strong><em>daugiau nei de\u0161imtmet\u012f<\/em><\/strong> veda moters pasaul\u012f \u012f evoliucin\u0119 s\u0117km\u0119 visuose keturi\u0173 k\u016bn\u0173 lygmenyse, integruodamos <strong><em>gilias praktines technikas<\/em><\/strong>, prijungdamos ir derindamos su mokym\u0173 programa \u2013 <strong>gyvybin\u012f, gydom\u0105 maist\u0105<\/strong>, su BE YOU virtuv\u0117s \u012fk\u016br\u0117ju, maisto alchemiku \u2013 Vytautu Vai\u010dai\u010diu. Per de\u0161imtmet\u012f profesionalios komandos organizuojamoje programoje dalyvavo daugiau nei 400 moter\u0173 (dar daugiau baig\u0117 kursus internetu), i\u0161 j\u0173 i\u0161augo ne viena de\u0161imtis mokym\u0173 vedli\u0173 ir \u012fkv\u0117p\u0117j\u0173, toliau einan\u010di\u0173 \u0161iuo keliu. Be You komanda pirmoji Lietuvoje prad\u0117jo organizuoti tokio tipo mokym\u0173 programas. Iki \u0161i\u0173 dien\u0173 jos yra i\u0161skirtin\u0117s savo kokybe, gyva praktine programa, lanks\u010diu jos pritaikymu, atsi\u017evelgiant \u012f dalyvi\u0173 vidinius poreikius. \u201eKelion\u0117 \u012f save\u201c n\u0117ra pana\u0161i \u012f \u012fprastines jogos ar meditacij\u0173 keliones \u2013 tai gyvenim\u0105 kei\u010dianti patirtis, paremta ne diplomais, o gilesn\u0117mis \u017emogaus galimyb\u0117mis ir intuicijos lavinimu, tai ne atskir\u0173 praktik\u0173 &#8222;degustacinis&#8221; rinkinys, o nuoseklus vedimas ir s\u0105moningumo integravimas \u012f gyvenimo b\u016bd\u0105.<\/p>\n<p>Mokym\u0173 metu patirtos <em><strong>praktin\u0117s s\u0105mon\u0117s pl\u0117timo technikos<\/strong><\/em>, yra pritaikytos ir kaskart atnaujinamos, atitinkamai\u00a0<em><strong>pagal asmenines mokym\u0173 dalyvi\u0173 gyvenimo situacijas bei u\u017eklausas<\/strong><\/em>. Tod\u0117l kiekviena mokym\u0173 dalyve bus\u00a0<strong>asmeni\u0161kai pasir\u016bpinama ir pritaikoma tiek personalizuota mityba<\/strong>,\u00a0<strong>tiek u\u017etikrinama jos asmenin\u0117 kelion\u0117<\/strong>, per savo gyvenimo suvokimus \u012f jos gilesnes s\u0105mon\u0117s b\u016bsenas. Kaskart atitinkam\u0173\u00a0<em><strong>praktik\u0173 pagalba<\/strong><\/em>, bus aktyvinama ir\u00a0\u00a0<strong>gilinama kiekvienos dalyv\u0117s s\u0105mon\u0117s b\u016bsena<\/strong>, tam, kad b\u016bt\u0173 pagreitintas besikartojan\u010di\u0173 situacij\u0173 i\u0161ri\u0161imas,\u00a0<strong>fizini\u0173 ir emocini\u0173 skausm\u0173 gydymas<\/strong> bei laisvinama dvasin\u0117 b\u016bsena i\u0161 taip da\u017enai net nepastebimo \u201cfoninio\u201d vidinio nerimo, kuris da\u017enai tampa pagrindine \u017emogaus prie\u017eastimi ligoms ir stresin\u0117ms gyvenimo situacijoms kurtis.<\/p>\n<p style=\"text-align: center;\">&#8222;<em>Tai buvo nuostabiausios mano 5 gyvenimo dienos bandant suprasti ir surasti save. Atvykau su daug nerimo ir neatsakyt\u0173 klausim\u0173 sau. I\u0161vykau u\u017epildyta laim\u0117s ir ramyb\u0117s \u0161irdimi. \u010cia suradau praktik\u0105, teorij\u0105 ir \u017einias. Tai buvo 5 intesyvios darbo dienos. Organizatoriai puikiai \u017eino, k\u0105 daro, technika veikia nuo pirmos dienos&#8221;<\/em><\/p>\n<p style=\"text-align: center;\">JOlanta apie mokymus &#8222;Kelion\u0117 \u012f save&#8221;<\/p>\n<p style=\"text-align: center;\">01<\/p>\n<p style=\"text-align: center;\">5-7 d. stovyla (retreat)<\/p>\n<p style=\"text-align: center;\">\u201eKelion\u0117 \u012f save\u201c I pakopa<\/p>\n<p style=\"text-align: center;\">Lietuvoje<\/p>\n<p style=\"text-align: center;\">&#8222;Gyvenimas proto ir i\u0161minties balanse\u201d arba susitikimas su asmenybe ir esybe.<\/p>\n<p style=\"text-align: center;\">888\u00a0 Eur<\/p>\n<p style=\"text-align: center;\">02<\/p>\n<p style=\"text-align: center;\">5-7 d. stovyla (retreat)<\/p>\n<p style=\"text-align: center;\">\u201eKelion\u0117 \u012f save\u201c II pakopa<\/p>\n<p style=\"text-align: center;\">Ibizoje<\/p>\n<p style=\"text-align: center;\">\u201eRealyb\u0117s ir gylio s\u0105junga\u201d arba balansas tarp i\u0161orinio ir vidinio gyvenim\u0173.<\/p>\n<p style=\"text-align: center;\">Nuo 1888 Eur<\/p>\n<p style=\"text-align: center;\">03<\/p>\n<p style=\"text-align: center;\">5-7 d. stovyla (retreat)<\/p>\n<p style=\"text-align: center;\">\u201eKelion\u0117 \u012f save\u201c III pakopa<\/p>\n<p style=\"text-align: center;\">Skirtingose vietoje<\/p>\n<p style=\"text-align: center;\">\u201eMoters misterija\u201c. Ypatingai gil\u016bs patyrimai toms, kurios apsisprend\u0117, kad sav\u0119s pa\u017einimo kelias yra j\u0173 gyvenimo b\u016bdas.<\/p>\n<p style=\"text-align: center;\">1888 &#8211; 2222 Eur<\/p>\n<p style=\"text-align: center;\">01<\/p>\n<p style=\"text-align: left;\">5-7 d. stovyla (retreat)<\/p>\n<h2 style=\"text-align: left;\">\u201eKelion\u0117 \u012f save\u201c I pakopa<\/h2>\n<p style=\"text-align: left;\">Lietuvoje<\/p>\n<p>&#8222;Gyvenimas proto ir i\u0161minties balanse\u201d arba susitikimas su asmenybe ir esybe. S\u0105moningas susipa\u017einimas su savo automatini\u0173 \u012fpro\u010di\u0173, kauki\u0173 ir limituojan\u010di\u0173 baimi\u0173 kolekcija, apdovanojantis sugr\u012f\u017eimu \u012f vaikyst\u0119 ir vidinio pasaulio namus.Mokym\u0173 metu praktikuojame s\u0105moningo moteri\u0161kumo lavinimo technikas, meil\u0117s k\u016bnui puosel\u0117jim\u0105, s\u0105mon\u0117s pl\u0117timo meditacijas, blok\u0173 ir baimi\u0173 paleidimo terapijas. Be You mokymosi programa veda \u012f totalesnes i\u0161gyvenim\u0173 patirtis, kurios padeda sugr\u012f\u017eti \u012f jaunatvi\u0161k\u0105 aistr\u0105 gyvenimui, r\u016bpinasi sukaupt\u0173 patyrim\u0173 ir praktik\u0173 pritaikymu produktyviam kasdieniniam gyvenimui. Da\u017eniausiai \u0161ie mokymai veda \u012f pakyl\u0117jim\u0105 ir motyvacij\u0105 daryti poky\u010dius savo gyvenime. Pirmos pakopos mokymai yra skirti <strong>vis\u0173 am\u017ei\u0173 bei gyvenimo patir\u010di\u0173 moterims<\/strong>. Nesvarbu, kiek tau met\u0173 ir koki\u0105 gyvenimo patirt\u012f esi sukaupusi, \u0161ie mokymai atvers tavo asmenin\u012f potencial\u0105 ir \u012fkv\u0117ps b\u016bti tikr\u0105ja savimi. Tai bazin\u0117s praktikos, \u017einios, i\u0161laisvinan\u010dios moters prigimtin\u0119 esm\u0119 ir mokan\u010dios auginti bes\u0105lygin\u0119 meil\u0119 sau ir gyvenimui.<\/p>\n<p style=\"text-align: left;\">Artimiausi mokymai 2022 vasar\u0105<\/p>\n<p style=\"text-align: center;\">02<\/p>\n<p style=\"text-align: left;\">5-7 d. stovyla (retreat)<\/p>\n<h2 style=\"text-align: left;\">\u201eKelion\u0117 \u012f save\u201c II pakopa<\/h2>\n<p style=\"text-align: left;\">Ibizoje<\/p>\n<p>\u201eRealyb\u0117s ir gylio s\u0105junga\u201d arba balansas tarp i\u0161orinio ir vidinio gyvenim\u0173. Be You profesional\u0173 komanda yra suinteresuota ne tik suteikti ger\u0105 poils\u012f ir nepakartojamus jausmus mokym\u0173 metu, bet ir i\u0161mokyti \u0161ioje kokyb\u0117je gyventi ir u\u017e mokym\u0173 rib\u0173.<\/p>\n<p>Kitaip tariant, antra pakopa moko, kaip u\u017esinor\u0117jus \u017euvies j\u0105 pasigauti. \u0160iuose mokymuose naudojamas praktinis pirmos pakopos mokymuose s\u0105moningai sukauptas, asmeninis sav\u0119s ir gyvenimo pa\u017einimo baga\u017eas. Puosel\u0117jamas \u201evidinio \u0161eimininko\u201d augimas, atsi\u017evelgiant \u012f po pirmos pakopos sukaupt\u0105 s\u0105moningumo praktik\u0105, vykdomas nor\u0173 ir tiksl\u0173 praktinis i\u0161gryninimas, gilinamos seksualumo ir meil\u0117s savo k\u016bnui puosel\u0117jimo metodikos, turtinan\u010dios kasdienin\u012f asmenin\u012f ir vidin\u012f moters gyvenim\u0105.<\/p>\n<p style=\"text-align: left;\">Artimiausi mokymai 2022 lapkri\u010dio m\u0117n.<\/p>\n<p style=\"text-align: left;\">Nori registruotis \u012f laukian\u010di\u0173j\u0173 s\u0105ra\u0161\u0105? Para\u0161yk mums beyou@nowbeyou.global<\/p>\n<p style=\"text-align: center;\">03<\/p>\n<p style=\"text-align: left;\">5-7 d. stovyla (retreat)<\/p>\n<h2 style=\"text-align: left;\">\u201eKelion\u0117 \u012f save\u201c III pakopa<\/h2>\n<p style=\"text-align: left;\">Ibizoje<\/p>\n<p>\u201eMoters misterija\u201c. Ypatingai gil\u016bs patyrimai toms, kurios apsisprend\u0117, kad sav\u0119s pa\u017einimo kelias yra j\u0173 gyvenimo b\u016bdas. Visi\u0161kai izoliuota erdv\u0117 dievi\u0161kos gamtos apsupty, nebla\u0161kanti praktin\u0117s gyvenimo meditacijos, jungiant vidinio ir i\u0161orinio gyvenimo paveiksl\u0105, tarytum ruo\u0161iantis gyvenimo profesijos diplomui.<\/p>\n<p>Kiekviena praktika grupiniuose u\u017esi\u0117mimuose ir asmeniniuose pasin\u0117rimuose veda \u012f savaranki\u0161k\u0105 gil\u0173 sav\u0119s u\u017epildym\u0105. Pasineriame \u012f meil\u0119 sau ir gyvenimui ugdan\u010di\u0105 seksualumo praktin\u0119 terapij\u0105, kuri sutvirtina moters giluminius privalumus, naudojantis intuicija, vidine j\u0117ga ir atviros \u0161irdies ramybe be baim\u0117s u\u017esidaryti.<\/p>\n<p style=\"text-align: left;\">Artimiausia data 2022 baland\u012f Ibizoje<\/p>\n<p style=\"text-align: left;\">Nori registruotis \u012f laukian\u010di\u0173j\u0173 s\u0105ra\u0161\u0105? Para\u0161yk mums beyou@nowbeyou.global<\/p>\n<p style=\"text-align: center;\">Socialiai atsakingas pasirinkimas<\/p>\n<p style=\"text-align: center;\">Dalyvaudama m\u016bs\u0173 organizuojamuose mokymuose ar renginiuose kuri gra\u017eesn\u012f pasaul\u012f!<\/p>\n<p style=\"text-align: center;\">Esame pasaulin\u0117s iniciatyvos B1G1 (buy1give1) nariai ir kiekvien\u0105 savo veiklos veiksm\u0105 sujungiame su dalijimusi, tai yra \u012fsigydami bet kuri\u0105 program\u0105 ar produkt\u0173 i\u0161 m\u016bs\u0173 dal\u012f l\u0117\u0161\u0173 automati\u0161kai skiriate skirtingoms iniciatyvos remti Lietuvoje ir visame pasaulyje.<\/p>\n<h2 style=\"text-align: center;\">Mokymus organizuoja<\/h2>\n<p style=\"text-align: center;\">multidisciplinin\u0117 komanda<\/p>\n<p><img loading=\"lazy\" decoding=\"async\" title=\"\" src=\"https:\/\/nowbeyou.global\/lt\/wp-content\/uploads\/2020\/09\/waves-1.png\" alt=\"\" width=\"20\" height=\"15\" data-id=\"129\" data-init-width=\"38\" data-init-height=\"29\" data-width=\"20\" data-height=\"15\" \/><\/p>\n<p style=\"text-align: center;\">Vidinis pasaulis<\/p>\n<p><img loading=\"lazy\" decoding=\"async\" title=\"\" src=\"https:\/\/nowbeyou.global\/lt\/wp-content\/uploads\/2020\/09\/team-members-3.png\" alt=\"\" width=\"180\" height=\"180\" data-id=\"126\" data-init-width=\"180\" data-init-height=\"180\" data-width=\"180\" data-height=\"180\" \/><\/p>\n<p style=\"text-align: center;\">Leonora Be You<\/p>\n<p style=\"text-align: center;\"><span style=\"font-size: 45px;\">\u201c<\/span>Gyvenimo balansas ir vidin\u0117 ramyb\u0117<\/p>\n<p><img loading=\"lazy\" decoding=\"async\" title=\"waves (3)\" src=\"https:\/\/nowbeyou.global\/lt\/wp-content\/uploads\/2020\/09\/waves-3.png\" alt=\"\" width=\"20\" height=\"15\" data-id=\"131\" data-init-width=\"40\" data-init-height=\"29\" data-width=\"20\" data-height=\"15\" \/><\/p>\n<p style=\"text-align: center;\">K\u016bnas<\/p>\n<p><img loading=\"lazy\" decoding=\"async\" title=\"\" src=\"https:\/\/nowbeyou.global\/lt\/wp-content\/uploads\/2020\/09\/team-members-4.png\" alt=\"\" width=\"180\" height=\"180\" data-id=\"127\" data-init-width=\"180\" data-init-height=\"180\" data-width=\"180\" data-height=\"180\" \/><\/p>\n<p style=\"text-align: center;\">Vytas Healthy You<\/p>\n<p style=\"text-align: center;\"><span style=\"font-size: 45px;\">\u201c<\/span>Energizuojantis maistas ir garsai<\/p>\n<p><img loading=\"lazy\" decoding=\"async\" title=\"\" src=\"https:\/\/nowbeyou.global\/lt\/wp-content\/uploads\/2020\/09\/waves-2.png\" alt=\"\" width=\"20\" height=\"15\" data-id=\"130\" data-init-width=\"39\" data-init-height=\"29\" data-width=\"20\" data-height=\"15\" \/><\/p>\n<p style=\"text-align: center;\">Emocijos<\/p>\n<p><img loading=\"lazy\" decoding=\"async\" title=\"\" src=\"https:\/\/nowbeyou.global\/lt\/wp-content\/uploads\/2020\/09\/team-members-5.png\" alt=\"\" width=\"180\" height=\"180\" data-id=\"128\" data-init-width=\"180\" data-init-height=\"180\" data-width=\"180\" data-height=\"180\" \/><\/p>\n<p style=\"text-align: center;\">Ieva Leader You<\/p>\n<p style=\"text-align: center;\"><span style=\"font-size: 45px;\">\u201c<\/span>Tapk lydere ir b\u016bk pavyzd\u017eiu kitiems<\/p>\n<p><img loading=\"lazy\" decoding=\"async\" title=\"\" src=\"https:\/\/nowbeyou.global\/lt\/wp-content\/uploads\/2020\/09\/waves-4.png\" alt=\"\" width=\"20\" height=\"16\" data-id=\"132\" data-init-width=\"36\" data-init-height=\"29\" data-width=\"20\" data-height=\"16\" \/><\/p>\n<p style=\"text-align: center;\">Mintys<\/p>\n<p><img loading=\"lazy\" decoding=\"async\" title=\"\" src=\"https:\/\/nowbeyou.global\/lt\/wp-content\/uploads\/2020\/09\/team-members-1.png\" alt=\"\" width=\"180\" height=\"180\" data-id=\"124\" data-init-width=\"180\" data-init-height=\"180\" data-width=\"180\" data-height=\"180\" \/><\/p>\n<p style=\"text-align: center;\">Egl\u0117 Action You<\/p>\n<p style=\"text-align: center;\"><span style=\"font-size: 45px;\">\u201c<\/span>Gyvenimas vedinas misijos \u012fmanomas imantis veiksm\u0173<\/p>\n<p>Jauti, kad dar ne laikas prisijungti?<\/p>\n<p>Prad\u0117k kelion\u0119 \u012f save savo namuose<\/p>\n","protected":false},"excerpt":{"rendered":"<p>\u201cKelion\u0117 \u012f save\u201d mokym\u0173 metodika 10+ met\u0173 patirtis M\u016bs\u0173 komanda pirmieji \u012f Lietuv\u0105 atne\u0161\u0117me patyrimini\u0173 saviugdos mokym\u0173 (angl.retreat) koncepcij\u0105 prie\u0161 de\u0161imtmet\u012f 1000+ moter\u0173 Daugyb\u0117 moter\u0173 istorij\u0173 apie sutvirt\u0117jusius bei atkurtus santykius, i\u0161gydytas ligas, naujas karjeros galimybes ir daugyb\u0119 kit\u0173 poky\u010di\u0173 GYVA PROGRAMA Unikali, gyva ir paremta patyrimais programa, jau\u010diant susirinkusi\u0173 dalyvi\u0173 poreikius, klausimus ir situacijas. [&hellip;]<\/p>\n","protected":false},"author":1,"featured_media":1422,"parent":816,"menu_order":0,"comment_status":"closed","ping_status":"closed","template":"","meta":{"_acf_changed":false,"inline_featured_image":false,"footnotes":""},"class_list":["post-850","page","type-page","status-publish","has-post-thumbnail","hentry","post-wrapper","thrv_wrapper"],"acf":[],"_links":{"self":[{"href":"https:\/\/nowbeyou.global\/lt\/wp-json\/wp\/v2\/pages\/850","targetHints":{"allow":["GET"]}}],"collection":[{"href":"https:\/\/nowbeyou.global\/lt\/wp-json\/wp\/v2\/pages"}],"about":[{"href":"https:\/\/nowbeyou.global\/lt\/wp-json\/wp\/v2\/types\/page"}],"author":[{"embeddable":true,"href":"https:\/\/nowbeyou.global\/lt\/wp-json\/wp\/v2\/users\/1"}],"replies":[{"embeddable":true,"href":"https:\/\/nowbeyou.global\/lt\/wp-json\/wp\/v2\/comments?post=850"}],"version-history":[{"count":16,"href":"https:\/\/nowbeyou.global\/lt\/wp-json\/wp\/v2\/pages\/850\/revisions"}],"predecessor-version":[{"id":2936,"href":"https:\/\/nowbeyou.global\/lt\/wp-json\/wp\/v2\/pages\/850\/revisions\/2936"}],"up":[{"embeddable":true,"href":"https:\/\/nowbeyou.global\/lt\/wp-json\/wp\/v2\/pages\/816"}],"wp:featuredmedia":[{"embeddable":true,"href":"https:\/\/nowbeyou.global\/lt\/wp-json\/wp\/v2\/media\/1422"}],"wp:attachment":[{"href":"https:\/\/nowbeyou.global\/lt\/wp-json\/wp\/v2\/media?parent=850"}],"curies":[{"name":"wp","href":"https:\/\/api.w.org\/{rel}","templated":true}]}}