{"id":816,"date":"2022-01-17T16:52:02","date_gmt":"2022-01-17T14:52:02","guid":{"rendered":"https:\/\/nowbeyou.global\/lt\/clone-of-didele-kelione-prasideda-mazais-zingsneliais\/"},"modified":"2023-04-05T02:09:52","modified_gmt":"2023-04-04T23:09:52","slug":"mokymai","status":"publish","type":"page","link":"https:\/\/nowbeyou.global\/lt\/mokymai\/","title":{"rendered":"S\u0105moningumo mokymai"},"content":{"rendered":"<h2 style=\"text-align: center;\">S\u0105moningumo mokymai<\/h2>\n<p><img loading=\"lazy\" decoding=\"async\" title=\"\" src=\"https:\/\/nowbeyou.global\/lt\/wp-content\/uploads\/2020\/09\/block-heads-2.png\" alt=\"\" width=\"216\" height=\"16\" data-id=\"84\" data-init-width=\"216\" data-init-height=\"16\" data-width=\"216\" data-height=\"16\" \/><\/p>\n<p style=\"text-align: center;\">moter\u0173 stovyklos (retreat)<\/p>\n<p style=\"text-align: center;\">I\u0161vykstamosios 5- 6 dien\u0173 stovyklos moterims, sukurian\u010dios gilias vidines transformacijas. Rengiamos Lietuvoje ir u\u017esienyje<\/p>\n<p><img loading=\"lazy\" decoding=\"async\" title=\"\" src=\"https:\/\/nowbeyou.global\/lt\/wp-content\/uploads\/2020\/09\/block-heads-2.png\" alt=\"\" width=\"215\" height=\"16\" data-id=\"84\" data-init-width=\"216\" data-init-height=\"16\" data-width=\"215\" data-height=\"16\" \/><\/p>\n<p style=\"text-align: center;\">ONLINE programos<\/p>\n<p style=\"text-align: center;\">\u012evairios online programos toms, kurios nori tobul\u0117ti ir augti \u010dia ir dabar.Laikas sau tau patogiu metu tavo jaukioje aplinkoje.<\/p>\n<p><img loading=\"lazy\" decoding=\"async\" title=\"\" src=\"https:\/\/nowbeyou.global\/lt\/wp-content\/uploads\/2020\/09\/block-heads-2.png\" alt=\"\" width=\"215\" height=\"16\" data-id=\"84\" data-init-width=\"216\" data-init-height=\"16\" data-width=\"215\" data-height=\"16\" \/><\/p>\n<p style=\"text-align: center;\">mentoryst\u0117s programos<\/p>\n<p style=\"text-align: center;\">Energija liejasi per kra\u0161tus ir jau kutena padus noras sukurti ka\u017ek\u0105 savo? Puiku! \u0160is mokymosi metodas sukurtas kaip tik tau!<\/p>\n<p><img loading=\"lazy\" decoding=\"async\" title=\"\" src=\"https:\/\/nowbeyou.global\/lt\/wp-content\/uploads\/2020\/09\/block-heads-2.png\" alt=\"\" width=\"215\" height=\"16\" data-id=\"84\" data-init-width=\"216\" data-init-height=\"16\" data-width=\"215\" data-height=\"16\" \/><\/p>\n<p style=\"text-align: center;\">asmenin\u0117s konsultacijos<\/p>\n<p style=\"text-align: center;\">Reikia atsakymo dabar \u012f specifin\u012f klausim\u0105 savo vidin\u0117s kelion\u0117s ar verslo vystymo tikslais? Gali konsultuotis su visais keturiais Now Be You nariais.<\/p>\n<p style=\"text-align: center;\">moter\u0173 stovyklos (retreat)<\/p>\n<p style=\"text-align: center;\">Transformaciniai savait\u0117s mokymai &#8211; s\u0105moningas ir kokybi\u0161kas gyvenimas<\/p>\n<p style=\"text-align: center;\">Gyvi patyriminiai mokymai &#8211; giliausios transformacijos. Programoje pamatysi savo &#8222;veidrod\u012f&#8221; bei sukursi s\u0105moningo gyvenimo pamatus<\/p>\n<h2 style=\"text-align: center;\">Kelion\u0117 \u012f save &#8211; transformacin\u0117s moter\u0173 stovyklos Lietuvoje ir Ibizoje<\/h2>\n<p style=\"text-align: center;\">Tai legendin\u0117 Now Be You programa, kuri gyvuoja jau 10 met\u0173 ir i\u0161augo \u012f trij\u0173 pkop\u0173 mokym\u0173 program\u0105. Pirmoje programoje statome s\u0105moningumo &#8222;pamatus&#8221;. Antroje stipriname savo ry\u0161\u012f su moteri\u0161ka intuicija, o tre\u010dioji pakopa skirta misterijai bei \u012fgalinanti moteris veikti ir 100% susikurti savo gyvenim\u0105 pagal savo taisykles.<\/p>\n<p>2022 Vasara lietuva<\/p>\n<p>Kelion\u0117 \u012f save<\/p>\n<p><span style=\"font-size: 25px;\">(I pakopa)<\/span><\/p>\n<p>Kelion\u0117 \u012f autenti\u0161k\u0105, tikr\u0105j\u0105 save. S\u0105moningumo kelion\u0117s pamatas.<\/p>\n<p>Kaina: 1111 \u20ac<\/p>\n<p>2022 LAPKRITIS IBIZA<\/p>\n<p>Kelion\u0117 \u012f save<\/p>\n<p><span style=\"font-size: 25px;\">(II pakopa)<\/span><\/p>\n<p>Kelion\u0117s \u012f save t\u0119sinys ir dar gilesnis pan\u0117rimas \u012f savo vidinius lobius bei susijungimas su moteri\u0161ku pradu<\/p>\n<p>Kaina: \u00a0Nuo 1888 \u20ac<\/p>\n<p>2022 balandis ibiza<\/p>\n<p>Kelion\u0117 \u012f save<\/p>\n<p><span style=\"font-size: 25px;\">(III pakopa)<\/span><\/p>\n<p>Misterija, ritualai, energetin\u0117s praktikos ir seseryst\u0117.<\/p>\n<p>Kaina: 1888-2222 \u20ac<\/p>\n<p style=\"text-align: center;\">ONLINE programos<\/p>\n<p style=\"text-align: center;\">Trumpieji ir ilgieji mokymai, live ir video \u012fra\u0161ai<\/p>\n<p style=\"text-align: center;\">Online programos suteikia galimyb\u0119 tau rinktis kada ir kokiu ritmu mokysies. Puikus b\u016bdas praktikuotis nei\u0161einant i\u0161 nam\u0173.<\/p>\n<h2 style=\"text-align: center;\">Online programos<\/h2>\n<p style=\"text-align: center;\">I\u0161girdome! suk\u016br\u0117me online programas toms, kurios skuba, neturi laiko i\u0161vykstamiemiesiems mokymams, ta\u010diau turi begalin\u012f nor\u0105 tobul\u0117ti. Tai yra laikas sau, pagal savo galimybes ir norus. Juk pati geriausia vieta mokytis ir tobul\u0117ti yra sava aplinka. Galite rinktis i\u0161 keli\u0173 tip\u0173 program\u0173: <strong>\u201cKelion\u0117 \u012f save\u201d<\/strong> &#8211; tai geriausios praktikos i\u0161 moter\u0173 stovykl\u0173, parenga sukaupus 10 met\u0173 patirt\u012f. <strong>\u201cLunos i\u0161minties ir misterijos mokykla\u201d<\/strong> &#8211; tai gyvos &#8222;transmisijos&#8221; vykstan\u010dios pagal m\u0117nulio fazes (2k per m\u0117nes\u012f) ie\u0161kan\u010dioms gylio bei ritual\u0173. Galimyb\u0117 prisijungti 3 m\u0117n \/ 6 m\u0117n \/ 9 m\u0117n programai. <strong>\u201c<\/strong><strong>Augalin\u0117s mitybos alchemija\u201d<\/strong> &#8211; sveikatingumo programa moterims, ta\u010dia \u012ftraukianti vis\u0105 \u0161eim\u0105. Pla\u010diau apie kiekvien\u0105 i\u0161 program\u0173 galite su\u017einoti paspaud\u0119 ant nuorod\u0173 \u017eemiau.<\/p>\n<p>3 m\u0117n programa (\u012fra\u0161ai neribotam laikui!)<\/p>\n<p>Kelion\u0117 \u012f save<\/p>\n<p><span style=\"font-size: 25px;\">(3 m\u0117n)<\/span><\/p>\n<p>Pagrindin\u0117s s\u0105moningumo &#8222;pamat\u0173&#8221; sud\u0117jimo praktikos, savirefleksija, atleidimas, energetika, meditacijos. Prieinama neribot\u0105 laik\u0105.<\/p>\n<p>Kaina: 303 \u20ac<\/p>\n<p>3 \/ 6 \/ 9 m\u0117n transliacij\u0173 abonentas su gyvu vedimu<\/p>\n<p>Lunos i\u0161minties ir misterijos mokykla<\/p>\n<p>Gyvai vykstan\u010dios transmisijos, meditacijos ir ritualai, ie\u0161kan\u010dioms gylio ir bendramin\u010di\u0173.<\/p>\n<p>Kaina: 33-1111 \u20ac<\/p>\n<p>2 savai\u010di\u0173 programa su gyvu vedimu<\/p>\n<p>Augalin\u0117s mitybos alchemija<\/p>\n<p>Augalin\u0117s mitybos principai, receptai, gamyba, organizmo detoksikacija, emocinis palaikymas su meditacijomis. 2 kartus metuose: ruden\u012f ir pavasar\u012f.<\/p>\n<p>Kaina: 222 \u20ac<\/p>\n<p style=\"text-align: center;\">mentoryst\u0117s programos<\/p>\n<p style=\"text-align: center;\">0nline mentoryst\u0117, norin\u010dioms sukurti s\u0105moningumu gr\u012fst\u0105 veikl\u0105<\/p>\n<p style=\"text-align: center;\">\u0160ios programos metu suteiksime \u017einias kaip pereiti nuo id\u0117jos ir s\u0117kmingo verslo vystymo ta\u010diau nepamir\u0161ime ir tavo asmeninio vidinio tobul\u0117jimo.<\/p>\n<h2 style=\"text-align: center;\">Mentoryst\u0117s programos &#8211; prisijunk prie bendramin\u010di\u0173<\/h2>\n<p style=\"text-align: center;\">Imantis iniciatyvos sukurti kas anks\u010diau nepatirta ir nebandyta &#8211; apima \u012fvairios baim\u0117s abejon\u0117s bei pasitik\u0117jimo savimi stoka. Tai palaikymo grup\u0117 norin\u010dios siekti tiksl\u0173 drauge bei augti spar\u010diau. Galima dalyvauti grupin\u0117je mantoryst\u0117je arba rinktis individuali\u0105 mentoryst\u0119.<\/p>\n<p>Online susitikimai grup\u0117je<\/p>\n<p>Grupin\u0117 mentoryst\u0117<\/p>\n<p>&nbsp;<\/p>\n<p>Kart\u0105 metuose vykstanti mentoryst\u0117 &#8222;Women of IMPACT&#8221; s\u0105moning\u0173 veikl\u0173 vystymui!<\/p>\n<p>Kaina: 555\/888 \u20ac<\/p>\n<p>INDIVIDUALI PROGRAMA<\/p>\n<p>Individuali mentoryst\u0117<\/p>\n<p>&nbsp;<\/p>\n<p>Kiekvieno i\u0161 Now Be You komandos mentori\u0173 paruo\u0161ta individuali mentoryst\u0117<\/p>\n<p>Kaina: individuali<\/p>\n<p style=\"text-align: center;\">asmenin\u0117s konsultacijos<\/p>\n<p style=\"text-align: center;\">Atsakymai \u012f klausimus, kuri\u0173 google neranda<\/p>\n<p style=\"text-align: center;\">Individualios konsultacijos metu laikas skiriamas tik tau ir tavo klausimams.<\/p>\n<h2 style=\"text-align: center;\">Asmenin\u0117 mentoryst\u0117 &#8211; norin\u010dioms gylio ir rezultato<\/h2>\n<p style=\"text-align: center;\">Kiekvienas Now Be You komandos narys yra pasiruo\u0161\u0119s rasti efektyviausi\u0105 keli\u0105 Tau per asmenines sesijas.<\/p>\n<p>90 min zoom konsultacija<\/p>\n<p>Leonora Be You<\/p>\n<p><span style=\"font-size: 25px;\">(vidinis pasaulis)<\/span><\/p>\n<p>Vidinio pasaulio augimas, gilios energetin\u0117s praktikos ir nuotolinis energetinis gydymas<\/p>\n<p>Kaina: 222-2222 \u20ac<\/p>\n<p>90 min zoom konsultacija<\/p>\n<p>Ieva Leader You<\/p>\n<p><span style=\"font-size: 25px;\">(emocinis intelektas ir kou\u010dingas)<\/span><\/p>\n<p>Coachingo ir lyderyst\u0117s konsultacijos bei k\u016bno judesio praktikos<\/p>\n<p>Kaina: 111 \u20ac<\/p>\n<p>90 min zoom konsultacija<\/p>\n<p>Egle Action You<\/p>\n<p><span style=\"font-size: 25px;\">(prasm\u0117 veikloje ir savirealizacija)<\/span><\/p>\n<p>S\u0105moningo verslo vystymas ir pl\u0117tra, Talent Dynamics &#8211; FLOW asmeninio efektyvumo konsultacijos, giving back kult\u016bros k\u016brimas versle<\/p>\n<p>Kaina: 111-888 \u20ac<\/p>\n<p>90 min zoom konsultacija<\/p>\n<p>Vytautas Healthy You<\/p>\n<p><span style=\"font-size: 25px;\">(sveikata)<\/span><\/p>\n<p>Nori prad\u0117ti sveikai maitintis ta\u010diau ne\u017einai kuo ko prad\u0117ti? Sveikos mitybos principai, receptai, detoksikacija.<\/p>\n<p>Kaina: 88-222 \u20ac<\/p>\n<p>Pasimetei pasirinkimuose?<\/p>\n<p>U\u017esiregistruok 15 min nemokamai konsultacijai<\/p>\n<h2 style=\"text-align: center;\">Nesi pasirengus mokymams?<\/h2>\n<p style=\"text-align: center;\">Susitikime m\u016bs\u0173 renginiuose<\/p>\n<p>KOVO<\/p>\n<p>9 d.<\/p>\n<p>2023<\/p>\n<p>SIELOS EVOLIUCIJA mentoryst\u0117 su Luna<\/p>\n<p>Unikali 3 ar 6 m\u0117n. mentoryst\u0117 materinio bei dvasinio pasaulio apjungimui su gyvai vedamomis meditacijomis, kv\u0117pavimo praktikomis ir s\u0105moninga bendruomene.<\/p>\n<p>__CONFIG_colors_palette__{&#8222;active_palette&#8221;:0,&#8221;config&#8221;:{&#8222;colors&#8221;:{&#8222;62516&#8221;:{&#8222;name&#8221;:&#8221;Main Accent&#8221;,&#8221;parent&#8221;:-1}},&#8221;gradients&#8221;:[]},&#8221;palettes&#8221;:[{&#8222;name&#8221;:&#8221;Default Palette&#8221;,&#8221;value&#8221;:{&#8222;colors&#8221;:{&#8222;62516&#8221;:{&#8222;val&#8221;:&#8221;rgb(209, 132, 126)&#8221;}},&#8221;gradients&#8221;:[]}}]}__CONFIG_colors_palette__ <a href=\"https:\/\/onlinekursai.kelioneisave.lt\/courses\/luna2023\" target=\"_blank\" rel=\"noopener\"> Pla\u010diau apie program\u0105 <\/a><\/p>\n<p>KOVO<\/p>\n<p>23 d.<\/p>\n<p>2023<\/p>\n<p>Pavasario portalo ceremonija<\/p>\n<p>Ypatinga data bei energeti\u0161kai stiprus etapas atbundant pavasario energijai 2023 03 23 19 val. susitinkame bendrame rituale, kakavos ceremonijoje bei meditacijoje.<\/p>\n<p>__CONFIG_colors_palette__{&#8222;active_palette&#8221;:0,&#8221;config&#8221;:{&#8222;colors&#8221;:{&#8222;62516&#8221;:{&#8222;name&#8221;:&#8221;Main Accent&#8221;,&#8221;parent&#8221;:-1}},&#8221;gradients&#8221;:[]},&#8221;palettes&#8221;:[{&#8222;name&#8221;:&#8221;Default Palette&#8221;,&#8221;value&#8221;:{&#8222;colors&#8221;:{&#8222;62516&#8221;:{&#8222;val&#8221;:&#8221;rgb(209, 132, 126)&#8221;}},&#8221;gradients&#8221;:[]}}]}__CONFIG_colors_palette__ <a href=\"https:\/\/onlinekursai.kelioneisave.lt\/courses\/luna2023\" target=\"_blank\" rel=\"noopener\"> Registruotis \u012f susitikim\u0105 <\/a><\/p>\n<p>LIEPOS<\/p>\n<p>25-29 d.<\/p>\n<p>2023<\/p>\n<p>&#8222;Kelion\u0117 \u012f save:SIELOS EVOLIUCIJA&#8221; Lietuvoje<\/p>\n<p>Tik kart\u0105 metuose jau legendine tapusi unikali patyrim\u0173 savait\u0117 moterims dalyves pritraukianti i\u0161 l\u016bp\u0173 \u012f l\u016bpas per rekomendacijas jau de\u0161imtmet\u012f. Kiekvien\u0105 kart\u0105 vis kitokia, gili, transformuojanti bei suteikianti s\u0105moningumo \u012frankius bei palaikym\u0105 tolimesn\u0117je kelion\u0117je.<\/p>\n<p>__CONFIG_colors_palette__{&#8222;active_palette&#8221;:0,&#8221;config&#8221;:{&#8222;colors&#8221;:{&#8222;62516&#8221;:{&#8222;name&#8221;:&#8221;Main Accent&#8221;,&#8221;parent&#8221;:-1}},&#8221;gradients&#8221;:[]},&#8221;palettes&#8221;:[{&#8222;name&#8221;:&#8221;Default Palette&#8221;,&#8221;value&#8221;:{&#8222;colors&#8221;:{&#8222;62516&#8221;:{&#8222;val&#8221;:&#8221;rgb(209, 132, 126)&#8221;}},&#8221;gradients&#8221;:[]}}]}__CONFIG_colors_palette__ <a href=\"https:\/\/nowbeyou.global\/lt\/mokymai\/kelione-i-save-2023\/\" target=\"_blank\" rel=\"noopener\"> Pla\u010diau apie mokymus <\/a><\/p>\n<p>Lapkri\u010dio<\/p>\n<p>2023<\/p>\n<p>&#8222;Kelion\u0117 \u012f save:SIELOS EVOLIUCIJA&#8221; Ibizoje<\/p>\n<p>Norin\u010dioms t\u0119sti vidin\u0119 kelion\u0119 bei patirti gyl\u012f susijungiant su Ibizos salos magija ir tarptautine bendruomene.<\/p>\n<p>__CONFIG_colors_palette__{&#8222;active_palette&#8221;:0,&#8221;config&#8221;:{&#8222;colors&#8221;:{&#8222;62516&#8221;:{&#8222;name&#8221;:&#8221;Main Accent&#8221;,&#8221;parent&#8221;:-1}},&#8221;gradients&#8221;:[]},&#8221;palettes&#8221;:[{&#8222;name&#8221;:&#8221;Default Palette&#8221;,&#8221;value&#8221;:{&#8222;colors&#8221;:{&#8222;62516&#8221;:{&#8222;val&#8221;:&#8221;rgb(209, 132, 126)&#8221;}},&#8221;gradients&#8221;:[]}}]}__CONFIG_colors_palette__ <a href=\"https:\/\/nowbeyou.global\/lt\/antrapakopa\/\" target=\"_blank\" rel=\"noopener\"> Informacija netrukus <\/a><\/p>\n","protected":false},"excerpt":{"rendered":"<p>S\u0105moningumo mokymai moter\u0173 stovyklos (retreat) I\u0161vykstamosios 5- 6 dien\u0173 stovyklos moterims, sukurian\u010dios gilias vidines transformacijas. Rengiamos Lietuvoje ir u\u017esienyje ONLINE programos \u012evairios online programos toms, kurios nori tobul\u0117ti ir augti \u010dia ir dabar.Laikas sau tau patogiu metu tavo jaukioje aplinkoje. mentoryst\u0117s programos Energija liejasi per kra\u0161tus ir jau kutena padus noras sukurti ka\u017ek\u0105 savo? Puiku! [&hellip;]<\/p>\n","protected":false},"author":1,"featured_media":409,"parent":0,"menu_order":0,"comment_status":"closed","ping_status":"closed","template":"","meta":{"_acf_changed":false,"inline_featured_image":false,"footnotes":""},"class_list":["post-816","page","type-page","status-publish","has-post-thumbnail","hentry","post-wrapper","thrv_wrapper"],"acf":[],"_links":{"self":[{"href":"https:\/\/nowbeyou.global\/lt\/wp-json\/wp\/v2\/pages\/816","targetHints":{"allow":["GET"]}}],"collection":[{"href":"https:\/\/nowbeyou.global\/lt\/wp-json\/wp\/v2\/pages"}],"about":[{"href":"https:\/\/nowbeyou.global\/lt\/wp-json\/wp\/v2\/types\/page"}],"author":[{"embeddable":true,"href":"https:\/\/nowbeyou.global\/lt\/wp-json\/wp\/v2\/users\/1"}],"replies":[{"embeddable":true,"href":"https:\/\/nowbeyou.global\/lt\/wp-json\/wp\/v2\/comments?post=816"}],"version-history":[{"count":15,"href":"https:\/\/nowbeyou.global\/lt\/wp-json\/wp\/v2\/pages\/816\/revisions"}],"predecessor-version":[{"id":2911,"href":"https:\/\/nowbeyou.global\/lt\/wp-json\/wp\/v2\/pages\/816\/revisions\/2911"}],"wp:featuredmedia":[{"embeddable":true,"href":"https:\/\/nowbeyou.global\/lt\/wp-json\/wp\/v2\/media\/409"}],"wp:attachment":[{"href":"https:\/\/nowbeyou.global\/lt\/wp-json\/wp\/v2\/media?parent=816"}],"curies":[{"name":"wp","href":"https:\/\/api.w.org\/{rel}","templated":true}]}}