{"id":803,"date":"2020-09-24T14:01:14","date_gmt":"2020-09-24T11:01:14","guid":{"rendered":"https:\/\/nowbeyou.global\/lt\/clone-of-pagrindinis\/"},"modified":"2022-03-28T18:02:10","modified_gmt":"2022-03-28T15:02:10","slug":"filosofija","status":"publish","type":"page","link":"https:\/\/nowbeyou.global\/lt\/filosofija\/","title":{"rendered":"Be You filosofija"},"content":{"rendered":"<p><img loading=\"lazy\" decoding=\"async\" title=\"\" src=\"https:\/\/nowbeyou.global\/lt\/wp-content\/uploads\/2020\/09\/now-be-you-symbols-3.png\" alt=\"\" width=\"40\" height=\"40\" data-id=\"97\" data-init-width=\"40\" data-init-height=\"40\" data-width=\"40\" data-height=\"40\" \/><\/p>\n<p style=\"text-align: center;\">Mes tikime, kad kiekviena moteris turi vidin\u012f potencial\u0105, kur\u012f i\u0161laisvinus ir u\u017eauginus, ji tampa s\u0105moninga poky\u010di\u0173 lydere savirealizacijos kelyje.<\/p>\n<p><img loading=\"lazy\" decoding=\"async\" title=\"\" src=\"https:\/\/nowbeyou.global\/lt\/wp-content\/uploads\/2020\/09\/block-heads-1.png\" alt=\"\" width=\"215\" height=\"18\" data-id=\"83\" data-init-width=\"217\" data-init-height=\"18\" data-width=\"215\" data-height=\"18\" \/><\/p>\n<p style=\"text-align: center;\">atskleid\u017eiamas tik\u0117jimas SAVO vidiniais resursais<\/p>\n<p style=\"text-align: center;\">Transformacijos kelion\u0117 prasideda kai pamatote, kad vienintel\u0117 riba svajon\u0117s link yra j\u016bs\u0173 pa\u010di\u0173 \u012fsitikinimai. J\u016bs patys atskleid\u017eiate kas \u012fmanoma, i\u0161mokstate svajoti ir veikti sav\u0119s neribojant, kuriant naujus \u012fsitikinimus.<\/p>\n<p><img loading=\"lazy\" decoding=\"async\" title=\"\" src=\"https:\/\/nowbeyou.global\/lt\/wp-content\/uploads\/2020\/09\/block-heads-1.png\" alt=\"\" width=\"215\" height=\"18\" data-id=\"83\" data-init-width=\"217\" data-init-height=\"18\" data-width=\"215\" data-height=\"18\" \/><\/p>\n<p style=\"text-align: center;\">puosel\u0117jAmas tavo augimas seseryst\u0117s vienyJe<\/p>\n<p style=\"text-align: center;\">Now Be You komand\u0105 sudaro 3 tikros seserys, tad puosel\u0117jamas vienas nuostabiausi\u0173 dalyk\u0173, kur\u012f galima patirti moter\u0173 rate &#8211; tikros SESERYST\u0116S jausmas, kurio nei papasakosi nei apra\u0161ysi.<\/p>\n<p><img loading=\"lazy\" decoding=\"async\" title=\"\" src=\"https:\/\/nowbeyou.global\/lt\/wp-content\/uploads\/2020\/09\/block-heads-1.png\" alt=\"\" width=\"215\" height=\"18\" data-id=\"83\" data-init-width=\"217\" data-init-height=\"18\" data-width=\"215\" data-height=\"18\" \/><\/p>\n<p style=\"text-align: center;\">palaikome ir vedame tave savirealizacijos kelyje<\/p>\n<p style=\"text-align: center;\">Tavo gyvenimo tikslas, misija yra tavo kelion\u0117 savirealizacijos, savo potencialo i\u0161laisvinimo link. Now Be You komanda tave palaikys &#8211; juk su u\u017enugariu lengviau \u012ftik\u0117ti savo pa\u010dios galimyb\u0117mis.<\/p>\n<h2 style=\"text-align: center;\">Prad\u017eia visada yra \u201cKelion\u0117 \u012f save\u201d<\/h2>\n<p style=\"text-align: center;\">transformaciniai s\u0105moningumo etapai<\/p>\n<p style=\"text-align: left;\">Now Be You mokymai remiasi \u0161iuo moto: \u201cPokytis viduje &#8211; atspindys i\u0161or\u0117je\u201d. Neveltui prad\u017eia visada yra \u201ckelion\u0117 \u012f save\u201d, nes viduje yra visi atsakymai. Geriausia sav\u0119s versija tai vis\u0173 pirma sav\u0119s pri\u0117mimas ir atsakomyb\u0117s prisi\u0117mimas u\u017e tolimesn\u0119 poky\u010di\u0173 kelion\u0119, kuri\u0105 per daugiau nei de\u0161imtmet\u012f dirbant su \u017emon\u0117mis visame pasaulyje skiriame \u012f tris etapus.<\/p>\n<p><img loading=\"lazy\" decoding=\"async\" title=\"\" src=\"https:\/\/nowbeyou.global\/lt\/wp-content\/uploads\/2020\/09\/Layer-3.png\" alt=\"\" width=\"131\" height=\"131\" data-id=\"91\" data-init-width=\"131\" data-init-height=\"131\" data-width=\"131\" data-height=\"131\" \/><\/p>\n<p style=\"text-align: center;\">Santykis su savimi<\/p>\n<p style=\"text-align: center;\">Viskas prasideda nuo santykio pa\u010diai su savimi, nuo vidinio dialogo bei geb\u0117jimo gird\u0117ti savo vidin\u012f bals\u0105, atskleisti savo talentus ir vidin\u012f potencial\u0105.<\/p>\n<p><img loading=\"lazy\" decoding=\"async\" title=\"\" src=\"https:\/\/nowbeyou.global\/lt\/wp-content\/uploads\/2020\/09\/Layer-4.png\" alt=\"\" width=\"163\" height=\"163\" data-id=\"92\" data-init-width=\"164\" data-init-height=\"164\" data-width=\"163\" data-height=\"163\" \/><\/p>\n<p style=\"text-align: center;\">Santykis su artimaisiais<\/p>\n<p style=\"text-align: center;\">Pozityvus santykis su artima aplinka (\u0161eima, artimieji) kuriamas, kai pati spinduliuoji ramyb\u0119, pagarb\u0105 sau. Naudok s\u0105moningumo \u012frankius kasdien ir b\u016bk pavyzd\u017eiu kitiems.<\/p>\n<p><img loading=\"lazy\" decoding=\"async\" title=\"\" src=\"https:\/\/nowbeyou.global\/lt\/wp-content\/uploads\/2020\/09\/Layer-2.png\" alt=\"\" width=\"224\" height=\"224\" data-id=\"90\" data-init-width=\"224\" data-init-height=\"224\" data-width=\"224\" data-height=\"224\" \/><\/p>\n<p style=\"text-align: center;\">Savirealizacija i\u0161oriniame pasaulyje<\/p>\n<p style=\"text-align: center;\">\u017dmog\u0173 veda didesnis tikslas u\u017e j\u012f pat\u012f &#8211; individuali misija. <em>Now Be You <\/em>veikia kaip vedlys padedantis i\u0161pildyti tavo giliausias svajones ir u\u017emojus, kei\u010dian\u010dius pasaul\u012f.<\/p>\n<p style=\"text-align: center;\">Seseryst\u0117 yra m\u016bs\u0173 vienyb\u0117<\/p>\n<p><img loading=\"lazy\" decoding=\"async\" title=\"\" src=\"https:\/\/nowbeyou.global\/lt\/wp-content\/uploads\/2020\/09\/now-be-you-symbols-3.png\" alt=\"\" width=\"35\" height=\"35\" data-id=\"97\" data-init-width=\"40\" data-init-height=\"40\" data-width=\"35\" data-height=\"35\" \/><\/p>\n<p style=\"text-align: center;\">BE You filosofija<\/p>\n<p style=\"text-align: center;\">Pokytis viduje &#8211; atsispindys i\u0161or\u0117je<\/p>\n<h2 style=\"text-align: center;\">Kaip tapti geriausia sav\u0119s versija?<\/h2>\n<p style=\"text-align: center;\">Transformacinis augimas keturiomis kryptimis<\/p>\n<p style=\"text-align: left;\">Kelias geriausios sav\u0119s versijos link gr\u012fstas praktikomis. Kadangi tu esi daugialyp\u0117 asmenyb\u0117 \u2013 turi ir k\u016bn\u0105, kuris siun\u010dia \u017einutes, emocijas, kurios kei\u010diasi sulig oru, mintis, kuri\u0173 srautas ai\u0161kum\u0105 paskandina r\u016bke, bei vidin\u012f pasaul\u012f, kuris retai yra puosel\u0117jamas \u2013 tai ir praktikos skirtos visoms 4 asmenyb\u0117s dalims \u012fvaldyti.<\/p>\n<p><img loading=\"lazy\" decoding=\"async\" title=\"\" src=\"https:\/\/nowbeyou.global\/lt\/wp-content\/uploads\/2020\/09\/Layer-1.png\" alt=\"\" width=\"325\" height=\"326\" data-id=\"89\" data-init-width=\"295\" data-init-height=\"296\" data-width=\"325\" data-height=\"326\" \/><img loading=\"lazy\" decoding=\"async\" title=\"\" src=\"https:\/\/nowbeyou.global\/lt\/wp-content\/uploads\/2020\/09\/etc-numbers.png\" alt=\"\" width=\"57\" height=\"418\" data-id=\"86\" data-init-width=\"57\" data-init-height=\"418\" data-width=\"57\" data-height=\"418\" \/><\/p>\n<p>Vidinis pasaulio puosel\u0117jimas<\/p>\n<p>D\u0117mesingumo puosel\u0117jimas akimirkoms tarp min\u010di\u0173 padeda patirti vidin\u0119 tyl\u0105, pa\u017einti save u\u017e \u012fsitikinim\u0173 rib\u0173 bei atidaro potencial\u0173 i\u0161minties gyvenim\u0105 u\u017e vidini\u0173 program\u0173 limit\u0173.<\/p>\n<p>K\u016bno \u012fsiklausymas<\/p>\n<p>D\u0117mesingai lavinti jausm\u0105 b\u016bti savo k\u016bne atidaro galimybes suprasti jo siun\u010diamus siganlus bei atrasti draugi\u0161k\u0105 (s\u0105moning\u0105) ry\u0161\u012f su juo<\/p>\n<p>Emocij\u0173 \u012fvaldymas<\/p>\n<p>Emocij\u0173 identifikavimas ir j\u0173 pa\u017einimas, veikia kaip kelrod\u0117 \u017evaig\u017ed\u0117, parodanti prie\u017eastin\u012f gyvenimo situacij\u0173 ry\u0161\u012f su tuo, \u012f k\u0105 labiausiai tur\u0117tume atkreipti savo vidin\u012f d\u0117mes\u012f, tam, kad i\u0161laisvintume save i\u0161 nepageidaujanm\u0173 besikartojan\u010di\u0173 emocini\u0173 \u017eaizd\u0173.<\/p>\n<p>Min\u010di\u0173 pa\u017einimas<\/p>\n<p>Dom\u0117jimasis savo mintimis i\u0161 neutralios &#8222;steb\u0117tojo&#8221; pozicijos, vidini\u0173 program\u0173 bei \u012fsitikinim\u0173 pa\u017einimas j\u0173 sraute i\u0161laisvina i\u0161 min\u010di\u0173 srauto kontrol\u0117s ir atidaro galimybes patirti save u\u017e program\u0173 rib\u0173.<\/p>\n<h2 style=\"text-align: center;\">Pamatin\u0117s vertyb\u0117s<\/h2>\n<p style=\"text-align: center;\">gyvenimo principai pagal Now Be You filosofij\u0105<\/p>\n<p style=\"text-align: left;\">M\u016bs\u0173 komandos misija &#8211; kelti s\u0105moningumo lyg\u012f ir pad\u0117ti \u0161iuolaikiniam \u017emogui \u012fprasminti savo gyvenim\u0105. Now Be You filosofijos vertybinis trikampis: d\u0117l sav\u0119s, d\u0117l kit\u0173, d\u0117l pasaulio. M\u016bs\u0173 veikla kvie\u010dia vis\u0173 pirma atsigr\u0119\u017eti \u012f SAVE, nes tik vidinio augimo d\u0117ka gal\u0117si pad\u0117ti kitiems. Toliau einant \u0161i\u0105 kelion\u0119 kvie\u010diame dalintis ir naudoti \u012frankius tampant s\u0105moningo gyvenimo pavyzd\u017eiu KITIEMS. Kvie\u010diame Tave tapti autenti\u0161k\u0105 sav\u0119s versija ir rasti prasm\u0119, kvie\u010dian\u010di\u0105 \u012fgyvendinti teigiamus poky\u010dius ir didesn\u0117je aplinkoje taip bendromis j\u0117gomis auginant \u017emonijos s\u0105moningum\u0105.<\/p>\n<p><img loading=\"lazy\" decoding=\"async\" title=\"\" src=\"https:\/\/nowbeyou.global\/lt\/wp-content\/uploads\/2020\/09\/now-be-you-symbols-3.png\" alt=\"\" width=\"24\" height=\"24\" data-id=\"97\" data-init-width=\"40\" data-init-height=\"40\" data-width=\"24\" data-height=\"24\" \/><\/p>\n<p style=\"text-align: center;\">Savojo A\u0161 gird\u0117jimas<\/p>\n<p style=\"text-align: center;\">ir intuicija, vedanti \u012f visus atsakymus Tavo viduje<\/p>\n<p><img loading=\"lazy\" decoding=\"async\" title=\"\" src=\"https:\/\/nowbeyou.global\/lt\/wp-content\/uploads\/2020\/09\/now-be-you-symbols-3.png\" alt=\"\" width=\"24\" height=\"24\" data-id=\"97\" data-init-width=\"40\" data-init-height=\"40\" data-width=\"24\" data-height=\"24\" \/><\/p>\n<p style=\"text-align: center;\">Atsakomyb\u0117<\/p>\n<p style=\"text-align: center;\">tapti gyvenimo k\u016br\u0117ja kiekviename \u017eingsnyje<\/p>\n<p><img loading=\"lazy\" decoding=\"async\" title=\"\" src=\"https:\/\/nowbeyou.global\/lt\/wp-content\/uploads\/2020\/09\/now-be-you-symbols-3.png\" alt=\"\" width=\"24\" height=\"24\" data-id=\"97\" data-init-width=\"40\" data-init-height=\"40\" data-width=\"24\" data-height=\"24\" \/><\/p>\n<p style=\"text-align: center;\">Laisv\u0117<\/p>\n<p style=\"text-align: center;\">kurti savo autenti\u0161k\u0105 gyvenim\u0105 ir save, kaip unikal\u0173 specialist\u0105<\/p>\n<p><img loading=\"lazy\" decoding=\"async\" title=\"\" src=\"https:\/\/nowbeyou.global\/lt\/wp-content\/uploads\/2020\/09\/now-be-you-symbols-3.png\" alt=\"\" width=\"24\" height=\"24\" data-id=\"97\" data-init-width=\"40\" data-init-height=\"40\" data-width=\"24\" data-height=\"24\" \/><\/p>\n<p style=\"text-align: center;\">Nuolatinis mokymasis<\/p>\n<p style=\"text-align: center;\">ir gyvenimo profesional\u0117s kelias<\/p>\n<p><img loading=\"lazy\" decoding=\"async\" title=\"\" src=\"https:\/\/nowbeyou.global\/lt\/wp-content\/uploads\/2020\/09\/now-be-you-symbols-3.png\" alt=\"\" width=\"24\" height=\"24\" data-id=\"97\" data-init-width=\"40\" data-init-height=\"40\" data-width=\"24\" data-height=\"24\" \/><\/p>\n<p style=\"text-align: center;\">D\u0117kingumas<\/p>\n<p style=\"text-align: center;\">ir gyvenimas i\u0161 \u0161irdies<\/p>\n<p><img loading=\"lazy\" decoding=\"async\" title=\"\" src=\"https:\/\/nowbeyou.global\/lt\/wp-content\/uploads\/2020\/09\/now-be-you-symbols-3.png\" alt=\"\" width=\"24\" height=\"24\" data-id=\"97\" data-init-width=\"40\" data-init-height=\"40\" data-width=\"24\" data-height=\"24\" \/><\/p>\n<p style=\"text-align: center;\">D\u017eiaugsmas<\/p>\n<p style=\"text-align: center;\">ir m\u0117gavimasis procesu bei dabarties akimirka<\/p>\n<p><img loading=\"lazy\" decoding=\"async\" title=\"\" src=\"https:\/\/nowbeyou.global\/lt\/wp-content\/uploads\/2020\/09\/now-be-you-symbols-3.png\" alt=\"\" width=\"24\" height=\"24\" data-id=\"97\" data-init-width=\"40\" data-init-height=\"40\" data-width=\"24\" data-height=\"24\" \/><\/p>\n<p style=\"text-align: center;\">Moteri\u0161kumas<\/p>\n<p style=\"text-align: center;\">pa\u017eadinti savyje moteri\u0161kum\u0105, pa\u017einti, priimti ir i\u0161laisvinti j\u012f<\/p>\n<p><img loading=\"lazy\" decoding=\"async\" title=\"\" src=\"https:\/\/nowbeyou.global\/lt\/wp-content\/uploads\/2020\/09\/now-be-you-symbols-3.png\" alt=\"\" width=\"24\" height=\"24\" data-id=\"97\" data-init-width=\"40\" data-init-height=\"40\" data-width=\"24\" data-height=\"24\" \/><\/p>\n<p style=\"text-align: center;\">Bes\u0105lygin\u0117 meil\u0117<\/p>\n<p style=\"text-align: center;\">pirmiausiai sau, artimam ir kiekvienai gyvybei<\/p>\n<p><img loading=\"lazy\" decoding=\"async\" title=\"\" src=\"https:\/\/nowbeyou.global\/lt\/wp-content\/uploads\/2020\/09\/now-be-you-symbols-3.png\" alt=\"\" width=\"24\" height=\"24\" data-id=\"97\" data-init-width=\"40\" data-init-height=\"40\" data-width=\"24\" data-height=\"24\" \/><\/p>\n<p style=\"text-align: center;\">Balansas<\/p>\n<p style=\"text-align: center;\">N\u0117ra nei gerai nei blogai, balanso esm\u0117 i\u0161likti centre<\/p>\n<p><img loading=\"lazy\" decoding=\"async\" title=\"Leonora-apaciai_200625_NowBeYou-361 3 (1)\" src=\"https:\/\/nowbeyou.global\/lt\/wp-content\/uploads\/2020\/09\/Leonora-apaciai_200625_NowBeYou-361-3-1.png\" alt=\"\" width=\"1040\" height=\"425\" data-id=\"810\" data-init-width=\"1054\" data-init-height=\"431\" data-width=\"1040\" data-height=\"425\" \/><\/p>\n<p style=\"text-align: center;\">NowBeYou SIMBOLIo filosofija<\/p>\n<p><img loading=\"lazy\" decoding=\"async\" title=\"\" src=\"https:\/\/nowbeyou.global\/lt\/wp-content\/uploads\/2020\/09\/Asset-19-1-1.png\" alt=\"\" width=\"84\" height=\"403\" data-id=\"808\" data-init-width=\"84\" data-init-height=\"403\" data-width=\"84\" data-height=\"403\" \/><\/p>\n<p>Now Be You \u2013 tai daugiau nei tik grafinis simbolis \u2013 tai filosofija, kai asmeninis ir vidinis augimas tampa gyvenimo b\u016bdu ir tikslu. Jis simbolizuoja vidin\u0119 kelion\u0119 centro link, sluoksnis po sluoksnio atidengiant savo \u017emogi\u0161kojo potencialo s\u0117kl\u0105, esan\u010di\u0105 pa\u010diame \u017eenklo centre. Atradus savo telentus, juos puosel\u0117jant ir kuriant pozityvias s\u0105lygas skleistis, auginami 4 asmenyb\u0117s \u017eiedlapiai (vidinis pasaulis, s\u0105moningas ry\u0161ys su k\u016bnu, emocij\u0173 valdymas ir min\u010di\u0173 srauto kontrol\u0117), kurie ir veda savirealizacijos, pilnatv\u0117s jausmo link. Now Be You \u2013 esate j\u016bs &#8211; \u017eydin\u010dios ir pozityvum\u0105 vibruojan\u010dios asmenyb\u0117s \u2013 geriausios savo pa\u010dios versijos.<\/p>\n<p><img loading=\"lazy\" decoding=\"async\" title=\"\" src=\"https:\/\/nowbeyou.global\/lt\/wp-content\/uploads\/2020\/09\/now-be-you-symbols-3.png\" alt=\"\" width=\"35\" height=\"35\" data-id=\"97\" data-init-width=\"40\" data-init-height=\"40\" data-width=\"35\" data-height=\"35\" \/><\/p>\n<p style=\"text-align: center;\">BE You filosofija<\/p>\n<p style=\"text-align: center;\">Ne teorija, o praktika kei\u010dia m\u016bs\u0173 gyvenimus<\/p>\n<p>Ie\u0161kai s\u0105moningos bendruomen\u0117s?<\/p>\n<p>Prisijunk. \u012esikv\u0117pk. Jokio spam.<\/p>\n<p>__CONFIG_colors_palette__{&#8222;active_palette&#8221;:0,&#8221;config&#8221;:{&#8222;colors&#8221;:{&#8222;5e279&#8221;:{&#8222;name&#8221;:&#8221;Fun Blue&#8221;,&#8221;parent&#8221;:-1}},&#8221;gradients&#8221;:[]},&#8221;palettes&#8221;:[{&#8222;name&#8221;:&#8221;Default&#8221;,&#8221;value&#8221;:{&#8222;colors&#8221;:{&#8222;5e279&#8221;:{&#8222;val&#8221;:&#8221;var(&#8211;tcb-skin-color-0)&#8221;}},&#8221;gradients&#8221;:[]},&#8221;original&#8221;:{&#8222;colors&#8221;:{&#8222;5e279&#8221;:{&#8222;val&#8221;:&#8221;rgb(31, 85, 173)&#8221;,&#8221;hsl&#8221;:{&#8222;h&#8221;:217,&#8221;s&#8221;:0.69,&#8221;l&#8221;:0.4,&#8221;a&#8221;:1}}},&#8221;gradients&#8221;:[]}}]}__CONFIG_colors_palette__ __CONFIG_colors_palette__{&#8222;active_palette&#8221;:0,&#8221;config&#8221;:{&#8222;colors&#8221;:{&#8222;62516&#8221;:{&#8222;name&#8221;:&#8221;Main Accent&#8221;,&#8221;parent&#8221;:-1}},&#8221;gradients&#8221;:[]},&#8221;palettes&#8221;:[{&#8222;name&#8221;:&#8221;Default Palette&#8221;,&#8221;value&#8221;:{&#8222;colors&#8221;:{&#8222;62516&#8221;:{&#8222;val&#8221;:&#8221;rgb(209, 132, 126)&#8221;}},&#8221;gradients&#8221;:[]}}]}__CONFIG_colors_palette__ <a href=\"#\"> Registruotis <\/a><\/p>\n","protected":false},"excerpt":{"rendered":"<p>Mes tikime, kad kiekviena moteris turi vidin\u012f potencial\u0105, kur\u012f i\u0161laisvinus ir u\u017eauginus, ji tampa s\u0105moninga poky\u010di\u0173 lydere savirealizacijos kelyje. atskleid\u017eiamas tik\u0117jimas SAVO vidiniais resursais Transformacijos kelion\u0117 prasideda kai pamatote, kad vienintel\u0117 riba svajon\u0117s link yra j\u016bs\u0173 pa\u010di\u0173 \u012fsitikinimai. J\u016bs patys atskleid\u017eiate kas \u012fmanoma, i\u0161mokstate svajoti ir veikti sav\u0119s neribojant, kuriant naujus \u012fsitikinimus. puosel\u0117jAmas tavo augimas [&hellip;]<\/p>\n","protected":false},"author":1,"featured_media":111,"parent":0,"menu_order":0,"comment_status":"closed","ping_status":"closed","template":"","meta":{"_acf_changed":false,"inline_featured_image":false,"footnotes":""},"class_list":["post-803","page","type-page","status-publish","has-post-thumbnail","hentry","post-wrapper","thrv_wrapper"],"acf":[],"_links":{"self":[{"href":"https:\/\/nowbeyou.global\/lt\/wp-json\/wp\/v2\/pages\/803","targetHints":{"allow":["GET"]}}],"collection":[{"href":"https:\/\/nowbeyou.global\/lt\/wp-json\/wp\/v2\/pages"}],"about":[{"href":"https:\/\/nowbeyou.global\/lt\/wp-json\/wp\/v2\/types\/page"}],"author":[{"embeddable":true,"href":"https:\/\/nowbeyou.global\/lt\/wp-json\/wp\/v2\/users\/1"}],"replies":[{"embeddable":true,"href":"https:\/\/nowbeyou.global\/lt\/wp-json\/wp\/v2\/comments?post=803"}],"version-history":[{"count":1,"href":"https:\/\/nowbeyou.global\/lt\/wp-json\/wp\/v2\/pages\/803\/revisions"}],"predecessor-version":[{"id":2459,"href":"https:\/\/nowbeyou.global\/lt\/wp-json\/wp\/v2\/pages\/803\/revisions\/2459"}],"wp:featuredmedia":[{"embeddable":true,"href":"https:\/\/nowbeyou.global\/lt\/wp-json\/wp\/v2\/media\/111"}],"wp:attachment":[{"href":"https:\/\/nowbeyou.global\/lt\/wp-json\/wp\/v2\/media?parent=803"}],"curies":[{"name":"wp","href":"https:\/\/api.w.org\/{rel}","templated":true}]}}