{"id":552,"date":"2020-09-21T23:12:42","date_gmt":"2020-09-21T20:12:42","guid":{"rendered":"https:\/\/nowbeyou.global\/lt\/komanda\/clone-of-ieva-blekaityte-leader-you\/"},"modified":"2024-12-15T17:38:17","modified_gmt":"2024-12-15T15:38:17","slug":"vytautas","status":"publish","type":"page","link":"https:\/\/nowbeyou.global\/lt\/komanda\/vytautas\/","title":{"rendered":"Vytautas Vai\u010daitis (Healthy You)"},"content":{"rendered":"<p><img loading=\"lazy\" decoding=\"async\" style=\"aspect-ratio: auto 40 \/ 29;\" title=\"waves (3)\" src=\"https:\/\/nowbeyou.global\/lt\/wp-content\/uploads\/2020\/09\/waves-3.png\" alt=\"\" width=\"40\" height=\"29\" data-id=\"131\" data-init-width=\"40\" data-init-height=\"29\" data-width=\"40\" data-height=\"29\" \/><\/p>\n<h2 style=\"text-align: center;\">Vytautas Vai\u010daitis (Healthy You)<\/h2>\n<p style=\"text-align: center;\">Intuityvios mitybos praktikas \u25e6 Hipokrato Instituto gyvenimo b\u016bdo mentorius \u25e6 Augalin\u0117s mitybos \u0161efas<\/p>\n<p>Intuityvios mitybos praktikas, Hipokrato Instituto (JAV) sveiko gyvenimo b\u016bdo mentorius, s\u0105moningos Be You virtuv\u0117s \u0161efas. Prie\u0161 6 metus Vytautas prie BE YOU mokym\u0173 program\u0173 k\u016brimo prisijung\u0117 kaip maisto alchemikas. Studijuojantis Hipokrato Institute (JAV) ir besimokantis i\u0161 David Avocado Wolfe ir kit\u0173 mitybos specialist\u0173 \u012fgytas \u017einias prakti\u0161kai taiko kasdien. Pasak Vytauto, m\u016bs\u0173 k\u016bnas visk\u0105 \u017eino ir \u012fsiklausius galima rasti kiekvienam tinkam\u0105 mityb\u0105 bei i\u0161gydyti visas \u012fmanomas ligas.<\/p>\n<p>Per daugiau nei 30 met\u0173 eksperiment\u0173 nuo skirting\u0173 mitybos princip\u0173 taikymo, tyrim\u0173, badavimo ir dvasini\u0173 kelioni\u0173 Vytautas pats sugeb\u0117jo pakeisti medik\u0173 nepagydomos ligos diagnoz\u0119.<\/p>\n<p>&#8222;Gyv\u0105 maist\u0105, vien\u0105 svarbiausi\u0173 \u017emogaus gydom\u0173j\u0173 energijos \u0161altini\u0173, s\u0105moningai rinktis stengiuosi kiekvien\u0105 dien\u0105. Intuityviai jau\u010diu, kad maisto produktais reikia dom\u0117tis, daugel\u012f met\u0173 apie juos ie\u0161kau informacijos, kasdien virtuv\u0117je su\u017einau, k\u0105 nors naujo. Maistas yra pats geriausias m\u016bs\u0173 vaistas, o m\u016bs\u0173 k\u016bnas yra pats geriausias daktaras.&#8221;<\/p>\n<h4 style=\"text-align: center;\"><span style=\"font-size: 14px;\">Vytauto Persona:<\/span><\/h4>\n<p style=\"text-align: center;\"><span style=\"font-size: 14px;\"><span style=\"font-family: 'Open Sans'; font-weight: 300;\">Talent Dynamics: creator<\/span><\/span><span style=\"font-family: 'Open Sans'; font-weight: 300; font-size: 14px;\">Stichija: oras<\/span><\/p>\n<h4 style=\"text-align: center;\"><span style=\"font-size: 14px;\">Temos:<\/span><\/h4>\n<p style=\"text-align: center;\"><span style=\"font-size: 14px;\"><span style=\"font-family: 'Open Sans'; font-weight: 300;\">Augalin\u0117 mityba, receptaiDetox programosMaisto gamyba<\/span><\/span><\/p>\n<h4 style=\"text-align: center;\"><span style=\"font-size: 14px;\">Kontaktai:<\/span><\/h4>\n<p style=\"text-align: center;\"><span style=\"font-size: 14px;\"><span style=\"font-family: 'Open Sans'; font-weight: 300;\">vytautas@nowbeyou.global<\/span><\/span><\/p>\n<h4 style=\"text-align: center;\"><span style=\"font-size: 14px;\">Be you programos:<\/span><\/h4>\n<p style=\"text-align: center;\"><span style=\"font-size: 14px;\"><span style=\"font-family: 'Open Sans'; font-weight: 300;\">Kelion\u0117 \u012f save<\/span><\/span><\/p>\n<p style=\"text-align: center;\"><span style=\"font-size: 14px;\"><span style=\"font-family: 'Open Sans'; font-weight: 300;\">Augalin\u0117s mitybos receptaiAugalin\u0117s mitybos alchemija<\/span><\/span><\/p>\n<p><img loading=\"lazy\" decoding=\"async\" style=\"aspect-ratio: auto 40 \/ 40;\" title=\"\" src=\"https:\/\/nowbeyou.global\/lt\/wp-content\/uploads\/2020\/09\/now-be-you-symbols-3.png\" alt=\"\" width=\"35\" height=\"35\" data-id=\"97\" data-init-width=\"40\" data-init-height=\"40\" data-width=\"35\" data-height=\"35\" \/><\/p>\n<p style=\"text-align: center;\">gyvenimo moto<\/p>\n<p style=\"text-align: center;\">Tegu maistas b\u016bna j\u016bs\u0173 vaistas<\/p>\n<h2 style=\"text-align: center;\">Sveikos mitybos kelion\u0117 su Vytautu<\/h2>\n<p style=\"text-align: center;\">asmenin\u0117s konsultacijos ir darbas grup\u0117se<\/p>\n<p style=\"text-align: center;\">01<\/p>\n<p style=\"text-align: center;\">60 min Zoom pokalbis<\/p>\n<p style=\"text-align: center;\">Asmenin\u0117 sveikos mityboskonsultacija<\/p>\n<p style=\"text-align: center;\">Turintiems konkre\u010di\u0173 su mitybos poky\u010diais susijusi\u0173 klausim\u0173 ir pasirengusiems \u012fgyvendinti poky\u010dius<\/p>\n<p style=\"text-align: center;\">88 Eur<\/p>\n<p style=\"text-align: center;\">02<\/p>\n<p style=\"text-align: center;\">3 val. gyvas susitikimas<\/p>\n<p style=\"text-align: center;\">Augalin\u0117s mitybos konsultacija gyvai<\/p>\n<p style=\"text-align: center;\">Individuali, gyva mitybos sesija, per\u017ei\u016brint spinteli\u0173 turin\u012f bei gaminant pasirinktus patiekalus Tavo namuose*<\/p>\n<p style=\"text-align: center;\">*yra papildom\u0173 s\u0105lyg\u0173<\/p>\n<p style=\"text-align: center;\">288 Eur<\/p>\n<p style=\"text-align: center;\">03<\/p>\n<p style=\"text-align: center;\">2 sav. online programa<\/p>\n<p style=\"text-align: center;\">Augalin\u0117s mitybos alchemija<\/p>\n<p style=\"text-align: center;\">Jud\u0117k s\u0105moning\u0173 mitybos poky\u010di\u0173 link savo tempu &#8211; online programa prieinama neribot\u0105 laik\u0105.<\/p>\n<p style=\"text-align: center;\">111 Eur<\/p>\n<p style=\"text-align: center;\">01<\/p>\n<p style=\"text-align: center;\">60 min ZOOM pokalbis<\/p>\n<h2 style=\"text-align: center;\">Asmenin\u0117 mitybos konsultacija<\/h2>\n<p>Individuali asmenin\u0117 mitybos konsultacija su Vytautu skirta ie\u0161kantiems konkre\u010di\u0173 atsakym\u0173 \u012f klausimus, norintiems pasitarti d\u0117l savo mitybos poky\u010di\u0173.<\/p>\n<p>Registruojantis konsultacijai \u012fra\u0161ykite sau aktualius klausimus, kad konsultacija b\u016bt\u0173 naudinga ir skirta konkre\u010dioms situacijoms.<\/p>\n<h4 style=\"text-align: left;\"><span style=\"font-size: 14px;\">Trukm\u0117:<\/span><\/h4>\n<p style=\"text-align: left;\"><span style=\"font-size: 14px;\"><span style=\"font-family: 'Open Sans'; font-weight: 300;\">60 min.<\/span><\/span><\/p>\n<h4 style=\"text-align: left;\"><span style=\"font-size: 14px;\">Kur:<\/span><\/h4>\n<p style=\"text-align: left;\"><span style=\"font-size: 14px;\"><span style=\"font-family: 'Open Sans'; font-weight: 300;\">Zoom platformoje<\/span><\/span><\/p>\n<h4 style=\"text-align: left;\"><span style=\"font-size: 14px;\">Kada:<\/span><\/h4>\n<p style=\"text-align: left;\"><span style=\"font-size: 14px;\"><span style=\"font-family: 'Open Sans'; font-weight: 300;\">Tau patogiu metu<\/span><\/span><\/p>\n<h4 style=\"text-align: left;\"><span style=\"font-size: 14px;\">Kaina:<\/span><\/h4>\n<p style=\"text-align: left;\"><span style=\"font-size: 14px;\"><span style=\"font-family: 'Open Sans'; font-weight: 300;\">88 Eur<\/span><\/span><\/p>\n<p style=\"text-align: center;\">02<\/p>\n<p style=\"text-align: center;\">3 val gyvas susitikimas<\/p>\n<h2 style=\"text-align: center;\">Augalin\u0117s mitybos konsultacija gyvai<\/h2>\n<p>\u0160i unikali patirtis tiems, kurie nori asmenin\u0117s mitybos transformacij\u0173 savo virtuv\u0117je bei nauj\u0173 skoni\u0173 \u012fvairov\u0117s \u012fne\u0161imo \u012f savo gyvenim\u0105.<\/p>\n<p>Susitikimo metu kartu su Vytautu gaminsite pasirinktus patiekalus, aptarsite turimus produktus, gausite rekomendacijas kaip \u012ftraukti kuo daugiau mitybai nauding\u0173 produkt\u0173 bei kur juos \u012fsigyti.<\/p>\n<p>Registruokit\u0117s nemokamai 15 min. konsultacijai ir susiderinsite tolimesnes detales.<\/p>\n<p>*yra papildom\u0173 s\u0105lyg\u0173.<\/p>\n<h4 style=\"text-align: left;\"><span style=\"font-size: 14px;\">Trukm\u0117:<\/span><\/h4>\n<p style=\"text-align: left;\"><span style=\"font-size: 14px;\"><span style=\"font-family: 'Open Sans'; font-weight: 300;\">3 val.<\/span><\/span><\/p>\n<h4 style=\"text-align: left;\"><span style=\"font-size: 14px;\">Kur:<\/span><\/h4>\n<p style=\"text-align: left;\"><span style=\"font-size: 14px;\"><span style=\"font-family: 'Open Sans'; font-weight: 300;\">Tavo namuose<\/span><\/span><\/p>\n<h4 style=\"text-align: left;\"><span style=\"font-size: 14px;\">Kada:<\/span><\/h4>\n<p style=\"text-align: left;\"><span style=\"font-size: 14px;\"><span style=\"font-family: 'Open Sans'; font-weight: 300;\">Tau patogiu metu<\/span><\/span><\/p>\n<h4 style=\"text-align: left;\"><span style=\"font-size: 14px;\">Kaina:<\/span><\/h4>\n<p style=\"text-align: left;\"><span style=\"font-size: 14px;\"><span style=\"font-family: 'Open Sans'; font-weight: 300;\">288 Eur*\u00a0<\/span><\/span><\/p>\n<p style=\"text-align: center;\">03<\/p>\n<p style=\"text-align: center;\">2 savai\u010di\u0173 online programa<\/p>\n<h2 style=\"text-align: center;\">Augalin\u0117s mitybos alchemija<\/h2>\n<p>Sveikatinimo ir gyvos mitybos praktikos programa vedama Vytauto Vai\u010dai\u010dio ruden\u012f bei pavasar\u012f. Programa skirta norint integruoti sveikos mitybos principus \u012f savo kasdienyb\u0119, \u012ftraukti daugiau s\u0105moningumo savo mitybos, keisti susiformavusius \u012fpro\u010dius ar tiesiog i\u0161mokti nauj\u0173, \u012fdomi\u0173 augalini\u0173 recept\u0173 sau ir savo \u0161eimai. \u0160ioje programoje Vytautas visuomet pritaiko Hipokrato Instituto gyvos mitybos principus bet taip pat ir sezonini\u0173 produkt\u0173 naudojim\u0105 virtuv\u0117je.<\/p>\n<p>\u0160i praktik\u0173 programa apie savo k\u016bno \u012fsiklausym\u0105 ir sveiko gyvenimo b\u016bdo \u012fpro\u010di\u0173 formavim\u0105.<\/p>\n<h4 style=\"text-align: left;\"><span style=\"font-size: 14px;\">Trukm\u0117:<\/span><\/h4>\n<p style=\"text-align: left;\"><span style=\"font-size: 14px;\"><span style=\"font-family: 'Open Sans'; font-weight: 300;\">2 sav.<\/span><\/span><\/p>\n<h4 style=\"text-align: left;\"><span style=\"font-size: 14px;\">Kur:<\/span><\/h4>\n<p style=\"text-align: left;\"><span style=\"font-size: 14px;\"><span style=\"font-family: 'Open Sans'; font-weight: 300;\">Online platformoje, zoom<\/span><\/span><\/p>\n<h4 style=\"text-align: left;\"><span style=\"font-size: 14px;\">Kada:<\/span><\/h4>\n<p style=\"text-align: left;\"><span style=\"font-size: 14px;\"><span style=\"font-family: 'Open Sans'; font-weight: 300;\">Tau patogiu laiku.<\/span><\/span><\/p>\n<h4 style=\"text-align: left;\"><span style=\"font-size: 14px;\">Kaina:<\/span><\/h4>\n<p style=\"text-align: left;\"><span style=\"font-size: 14px;\"><span style=\"font-family: 'Open Sans'; font-weight: 300;\">111 Eur<\/span><\/span><\/p>\n<p style=\"text-align: center;\">\u201c<\/p>\n<p style=\"text-align: center;\">\u0160i programa be galo nuostabus \u012frankis \u012f\u017eiebti poky\u010dius kasdieniame gyvenime. Nuolatinis palaikymas ir priminimas apie tai kaip r\u016bpintis savo k\u016bnu, buvo ne\u012fkainojama pagalba kei\u010diant \u012fpro\u010dius. Didelis a\u010di\u016b u\u017e r\u016bpest\u012f, naujas id\u0117jas ir receptus kokybi\u0161kam gyvenimui<\/p>\n<p style=\"text-align: center;\">neringa apie augalin\u0117s mitybos alchemijos program\u0105<\/p>\n<p>Nesi tikra savo pasirinkimu?<\/p>\n<p>Registruokis nemokamai 15 min. konsultacijai<\/p>\n","protected":false},"excerpt":{"rendered":"<p>Vytautas Vai\u010daitis (Healthy You) Intuityvios mitybos praktikas \u25e6 Hipokrato Instituto gyvenimo b\u016bdo mentorius \u25e6 Augalin\u0117s mitybos \u0161efas Intuityvios mitybos praktikas, Hipokrato Instituto (JAV) sveiko gyvenimo b\u016bdo mentorius, s\u0105moningos Be You virtuv\u0117s \u0161efas. Prie\u0161 6 metus Vytautas prie BE YOU mokym\u0173 program\u0173 k\u016brimo prisijung\u0117 kaip maisto alchemikas. Studijuojantis Hipokrato Institute (JAV) ir besimokantis i\u0161 David Avocado [&hellip;]<\/p>\n","protected":false},"author":1,"featured_media":108,"parent":522,"menu_order":0,"comment_status":"closed","ping_status":"closed","template":"","meta":{"_acf_changed":false,"inline_featured_image":false,"footnotes":""},"class_list":["post-552","page","type-page","status-publish","has-post-thumbnail","hentry","post-wrapper","thrv_wrapper"],"acf":[],"_links":{"self":[{"href":"https:\/\/nowbeyou.global\/lt\/wp-json\/wp\/v2\/pages\/552","targetHints":{"allow":["GET"]}}],"collection":[{"href":"https:\/\/nowbeyou.global\/lt\/wp-json\/wp\/v2\/pages"}],"about":[{"href":"https:\/\/nowbeyou.global\/lt\/wp-json\/wp\/v2\/types\/page"}],"author":[{"embeddable":true,"href":"https:\/\/nowbeyou.global\/lt\/wp-json\/wp\/v2\/users\/1"}],"replies":[{"embeddable":true,"href":"https:\/\/nowbeyou.global\/lt\/wp-json\/wp\/v2\/comments?post=552"}],"version-history":[{"count":8,"href":"https:\/\/nowbeyou.global\/lt\/wp-json\/wp\/v2\/pages\/552\/revisions"}],"predecessor-version":[{"id":3211,"href":"https:\/\/nowbeyou.global\/lt\/wp-json\/wp\/v2\/pages\/552\/revisions\/3211"}],"up":[{"embeddable":true,"href":"https:\/\/nowbeyou.global\/lt\/wp-json\/wp\/v2\/pages\/522"}],"wp:featuredmedia":[{"embeddable":true,"href":"https:\/\/nowbeyou.global\/lt\/wp-json\/wp\/v2\/media\/108"}],"wp:attachment":[{"href":"https:\/\/nowbeyou.global\/lt\/wp-json\/wp\/v2\/media?parent=552"}],"curies":[{"name":"wp","href":"https:\/\/api.w.org\/{rel}","templated":true}]}}