{"id":550,"date":"2020-09-21T23:11:39","date_gmt":"2020-09-21T20:11:39","guid":{"rendered":"https:\/\/nowbeyou.global\/lt\/komanda\/clone-of-ieva-blekaityte-leader-you\/"},"modified":"2025-12-18T15:05:09","modified_gmt":"2025-12-18T13:05:09","slug":"leonorabeyou","status":"publish","type":"page","link":"https:\/\/nowbeyou.global\/lt\/komanda\/leonorabeyou\/","title":{"rendered":"Leonora Blekaityt\u0117 (Be You)"},"content":{"rendered":"<p><img loading=\"lazy\" decoding=\"async\" style=\"aspect-ratio: auto 38 \/ 29;\" title=\"stichija oras\" src=\"https:\/\/nowbeyou.global\/lt\/wp-content\/uploads\/2020\/09\/waves-1.png\" alt=\"\" width=\"35\" height=\"27\" data-id=\"129\" data-init-width=\"38\" data-init-height=\"29\" data-width=\"35\" data-height=\"27\" \/><\/p>\n<h2 style=\"text-align: center;\">Leonora Blekaityt\u0117 (Be You)<\/h2>\n<p style=\"text-align: center;\">Asmenini\u0173 poky\u010di\u0173 trener\u0117 \u25e6 Psicholog\u0117 \u25e6 Autor\u0117<\/p>\n<p><span style=\"font-family: 'Open Sans'; font-weight: 300;\">Psicholog\u0117, bestselerio \u201cSielos aritmetika\u201d autor\u0117, daugiau nei 10 met\u0173 vedanti transformuojan\u010dius mokymus moterims visame pasaulyje dedikuoja savo gyvenim\u0105 \u017emogaus potencialo auginimui, susijungimui su auk\u0161\u010diausia i\u0161mintimi \u00a0bei vidin\u0117s esm\u0117s tobulinimui \u0161ioje fizin\u0117je realyb\u0117je. Integravusi i\u0161minties \u017einias ir niekada nesustojanti augti ir mokytis, psichologijos, teis\u0117s ir skirting\u0173 dvasini\u0173 praktik\u0173 diplomuota specialist\u0117, neria u\u017e \u201c\u012fr\u0117mint\u0173\u201d \u017emogaus galimybi\u0173 rib\u0173 ir jau daugiau nei 10 met\u0173 skiria savo d\u0117mes\u012f ir energij\u0105 pasaulio moter\u0173 i\u0161minties budimui, aktyvinant moters dvasin\u012f, seksualin\u012f, profesin\u012f potencial\u0105. Leonora Be You dvasin\u0117je atbudimo kelion\u0117je i\u0161 \u201chomo sapiens\u201d \u012f \u201chomo Divinus\u201d aktyvizavosi gilus ry\u0161ys su savo auk\u0161\u010diausio potencialo resursu, kuris yra u\u017epildytas gyvais \u00a0asmeniniais gyvenimi\u0161kais pavyzd\u017eiais, realiais stebuklais ir praktikomis. \u0160is auk\u0161tos vibracijos i\u0161minties kanalas pad\u0117jo t\u016bkstan\u010diams moter\u0173 prisiliesti prie savo esm\u0117s, transformuoti savo gyvenimus bei i\u0161silaisvinti i\u0161 besikartojan\u010di\u0173 gyvenimo situacij\u0173. \u201cGydom\u0105sias galias turime kiekvienas i\u0161 m\u016bs\u0173, taip kaip k\u016bnas gali i\u0161gydyti \u017eaizdas, taip \u017emogaus i\u0161mintis gali i\u0161laisvinti save i\u0161 ribotos u\u017emar\u0161ties, tereikia mokintis jas prisiminti\u201d.<\/span><\/p>\n<h3>Kas yra Luna?<\/h3>\n<p><span style=\"font-family: 'Open Sans'; font-weight: 300;\">Apimtinis i\u0161minties ir misterijos mokym\u0173 informacijos kanalas, kuris budina \u017emogaus pas\u0105mon\u0117s galias ir aktyvina Dievi\u0161k\u0105 potencial\u0105 fiziniame gyvenime.<\/span><\/p>\n<p style=\"text-align: center;\">Leonoros autoriniai darbai ir projektai<\/p>\n<p>01<\/p>\n<p>Knyga \u201cSielos aritmetika\u201d<\/p>\n<p>02<\/p>\n<p>Mokymai &#8222;Kelion\u0117 \u012f save&#8221;<\/p>\n<p>03<\/p>\n<p>Luna i\u0161minties ir misteijos mokykla<\/p>\n<p>04<\/p>\n<p>Meditacijos<\/p>\n<p>05<\/p>\n<p>&#8222;Kelion\u0117 \u012f save&#8221; TV<\/p>\n<p>06<\/p>\n<p>Asmenin\u0117 mentoryst\u0117<\/p>\n<h4 style=\"text-align: center;\"><span style=\"font-size: 14px;\">Leonoros persona:<\/span><\/h4>\n<p style=\"text-align: center;\"><span style=\"font-size: 14px;\"><span style=\"font-family: 'Open Sans'; font-weight: 300;\">Talent Dynamics: creator<\/span><\/span><span style=\"font-family: 'Open Sans'; font-weight: 300; font-size: 14px;\">Stichija: oras<\/span><\/p>\n<h4 style=\"text-align: center;\"><span style=\"font-size: 14px;\">Temos:<\/span><\/h4>\n<p style=\"text-align: center;\"><span style=\"font-size: 14px;\"><span style=\"font-family: 'Open Sans'; font-weight: 300;\">Dvasinis augimasMeditacija<\/span><\/span><\/p>\n<h4 style=\"text-align: center;\"><span style=\"font-size: 14px;\">Kontaktai:<\/span><\/h4>\n<p style=\"text-align: center;\"><span style=\"font-size: 14px;\"><span style=\"font-family: 'Open Sans'; font-weight: 300;\">leonora@nowbeyou.global<\/span><\/span><\/p>\n<h4 style=\"text-align: center;\"><span style=\"font-size: 14px;\">Be you programos:<\/span><\/h4>\n<p style=\"text-align: center;\"><span style=\"font-size: 14px;\"><span style=\"font-family: 'Open Sans'; font-weight: 300;\">Kelion\u0117 \u012f saveLuna i\u0161minties ir misterijos mokykla<\/span><\/span><\/p>\n<p><img loading=\"lazy\" decoding=\"async\" style=\"aspect-ratio: auto 40 \/ 40;\" title=\"\" src=\"https:\/\/nowbeyou.global\/lt\/wp-content\/uploads\/2020\/09\/now-be-you-symbols-3.png\" alt=\"\" width=\"35\" height=\"35\" data-id=\"97\" data-init-width=\"40\" data-init-height=\"40\" data-width=\"35\" data-height=\"35\" \/><\/p>\n<p style=\"text-align: center;\">gyvenimo moto<\/p>\n<p style=\"text-align: center;\">Gyvenim\u0105 kei\u010dia ne \u017einios, o praktika<\/p>\n<h2 style=\"text-align: center;\">Atsakyk sau \u012f klausimus su Leonora<\/h2>\n<p style=\"text-align: center;\">asmenin\u0117s konsultacijos mentoryst\u0117s programos<\/p>\n<p style=\"text-align: center;\">01<\/p>\n<p style=\"text-align: center;\">60 min ZOOM pokalbis<\/p>\n<p style=\"text-align: center;\">Asmenini\u0173 poky\u010di\u0173konsultacija<\/p>\n<p style=\"text-align: center;\">Ie\u0161kantiems atsakym\u0173 \u012f gilius vidinius klausimus ar sprend\u017eiant besikartojan\u010dias situacijas.<\/p>\n<p style=\"text-align: center;\">250 EUR<\/p>\n<p style=\"text-align: center;\">02<\/p>\n<p style=\"text-align: center;\">3 ar 6 m\u0117nesi\u0173 programa<\/p>\n<p style=\"text-align: center;\">Lunos i\u0161minties ir misterijos mokykla<\/p>\n<p style=\"text-align: center;\">Glaudi bendruomen\u0117 ir augimas drauge per meditacijas ir praktikas.<\/p>\n<p style=\"text-align: center;\">Nuo 444 Eur<\/p>\n<p style=\"text-align: center;\">03<\/p>\n<p style=\"text-align: center;\">Asmenin\u0117 mentoryst\u0117<\/p>\n<p style=\"text-align: center;\">Asmenin\u0117 mentoryst\u0117<\/p>\n<p style=\"text-align: center;\">Nori nuolatinio ir gilaus palaikymo savo kelionei? Tik keletas viet\u0173 per metus giliai asmeninei kelionei.<\/p>\n<p style=\"text-align: center;\">Nuo 2800 Eur<\/p>\n<p style=\"text-align: center;\">01<\/p>\n<p style=\"text-align: center;\">90 min ZOOM pokalbis<\/p>\n<h2 style=\"text-align: center;\">Asmenini\u0173 poky\u010di\u0173 konsultacija<\/h2>\n<p>Priklausomai nuo kliento esamos situacijos Leonora gali naudoti skirtingas pokalbio formas, praktikas, duoti \u012fvairias u\u017eduotis nam\u0173 darbams. Konsultacija, kitaip vadinama \u201eveidrod\u017eio principo terapija\u201c &#8211; tai tarsi sav\u0119s atspindys veidrodyje, kuomet atsakymai \u201eneprimetami\u201c i\u0161 \u0161ono, ta\u010diau padedama pa\u017evelgti \u012f savo vid\u0173 bei u\u017emegzti objektyv\u0173 santyk\u012f su savimi ir supan\u010dia aplinka bei gauti atsakymus slypin\u010dius viduje. Nor\u0117dami pasiekti geresni\u0173 rezultat\u0173 rinkit\u0117s t\u0119stin\u012f darb\u0105, t.y. asmenini\u0173 konsultacij\u0173 paket\u0105 pagal poreikius.<\/p>\n<h4 style=\"text-align: left;\"><span style=\"font-size: 14px;\">Trukm\u0117:<\/span><\/h4>\n<p style=\"text-align: left;\"><span style=\"font-size: 14px;\"><span style=\"font-family: 'Open Sans'; font-weight: 300;\">60-120 min.<\/span><\/span><\/p>\n<h4 style=\"text-align: left;\"><span style=\"font-size: 14px;\">Kur:<\/span><\/h4>\n<p style=\"text-align: left;\"><span style=\"font-size: 14px;\"><span style=\"font-family: 'Open Sans'; font-weight: 300;\">Zoom<\/span><\/span><\/p>\n<h4 style=\"text-align: left;\"><span style=\"font-size: 14px;\">Kada:<\/span><\/h4>\n<p style=\"text-align: left;\"><span style=\"font-size: 14px;\"><span style=\"font-family: 'Open Sans'; font-weight: 300;\">Tau patogiu metu<\/span><\/span><\/p>\n<h4 style=\"text-align: left;\"><span style=\"font-size: 14px;\">Investicija:<\/span><\/h4>\n<p style=\"text-align: left;\"><span style=\"font-size: 14px;\"><span style=\"font-family: 'Open Sans'; font-weight: 300;\">250 Eur 60min, 369 Eur iki 2 val.<\/span><\/span><\/p>\n<p style=\"text-align: center;\">02<\/p>\n<p style=\"text-align: center;\">3-6-9 m\u0117nesi\u0173 programa<\/p>\n<h2 style=\"text-align: center;\">Luna i\u0161minties ir misterijos mokykla<\/h2>\n<p>Gili dvasin\u0117 kelion\u0117 praple\u010dianti savo i\u0161minties ribas, o ne kolekcionuojanti taisykles, ie\u0161kantiems gylio, tikrumo ir pastovaus augimo bendramin\u010di\u0173 aplinkoje.<\/p>\n<p>Vienintelis i\u0161silaisvinimas i\u0161 mus \u012ftakojan\u010dio genetinio, kult\u016brinio ir \u017eini\u0173 fondo &#8211; i\u0161minties auginimas, kuris atne\u0161a dvasin\u0119 ramyb\u0119, lengvym\u0105 ir laisv\u0119 nuo fizinio pasaulio kasdienini\u0173 i\u0161\u0161\u016bki\u0173.<\/p>\n<p>Tai jau \u0161e\u0161tasis mokyklos semestras vykstantis pagal m\u0117nulio fazes kartu \u012fjungiant meditacijas bei ritualus.<\/p>\n<h4 style=\"text-align: left;\"><span style=\"font-size: 14px;\">Trukm\u0117:<\/span><\/h4>\n<p style=\"text-align: left;\"><span style=\"font-size: 14px;\"><span style=\"font-family: 'Open Sans'; font-weight: 300;\">3\/6 m\u0117nesiai<\/span><\/span><\/p>\n<h4 style=\"text-align: left;\"><span style=\"font-size: 14px;\">Kur:<\/span><\/h4>\n<p style=\"text-align: left;\"><span style=\"font-size: 14px;\"><span style=\"font-family: 'Open Sans'; font-weight: 300;\">Zoom<\/span><\/span><\/p>\n<h4 style=\"text-align: left;\"><span style=\"font-size: 14px;\">Kada:<\/span><\/h4>\n<p style=\"text-align: left;\"><span style=\"font-size: 14px;\"><span style=\"font-family: 'Open Sans'; font-weight: 300;\">2 k.per m\u0117nes\u012f<\/span><\/span><\/p>\n<h4 style=\"text-align: left;\"><span style=\"font-size: 14px;\">Investicija:<\/span><\/h4>\n<p style=\"text-align: left;\"><span style=\"font-size: 14px;\"><span style=\"font-family: 'Open Sans'; font-weight: 300;\">Nuo 444 Eur<\/span><\/span><\/p>\n<p style=\"text-align: center;\">03<\/p>\n<p style=\"text-align: center;\">3 m\u0117nesi\u0173 asmenin\u0117 mentoryst\u0117<\/p>\n<h2 style=\"text-align: center;\">Asmenin\u0117 mentoryst\u0117<\/h2>\n<p>Kelion\u0117, \u012f kuri\u0105 Tave kvie\u010dia Leonora &#8211; Luna, yra i\u0161skirtin\u0117 programa, kuri bus formuojama asmeni\u0161kai pagal Tavo asmeninius, dvasinius ir gyvenimi\u0161kus \u201crodiklius\u201d bus formuojama pagal auk\u0161\u010diausi\u0105 Tavo sielos evoliucij\u0105 ir aktyvizuojama maksimali Tavo \u017eemi\u0161ko gyvenimo materializacija. \u00a0\u0160io proceso metu bus ruo\u0161iama Tavo s\u0105mon\u0117, k\u016bnas ir Siela priimti, jungtis bei integruotis \u012f rezonans\u0105 su auk\u0161\u010diausiu tavo gyvenimo potencialu bei kolektyvin\u0117s evoliucijos perspektyvomis, kuriant bei perkuriant savo gyvenimo trajektorij\u0105 visuose savo b\u016bties lygiuose. Kiekvien\u0105 m\u0117nes\u012f mentoryst\u0117s dalyv\u0117 su Leonora &#8211; Luna, tur\u0117s tiesiogin\u012f bendravim\u0105 asmeni\u0161kai ir\/arba pasirinktines gydom\u0105sias ar aktyvizacines sesijas sau ar savo artimiesiems.<\/p>\n<p>Du kartus per m\u0117nes\u012f abiems i\u0161 anksto suderintu laiku, bus aptariami Tavo asmenini\u0173 u\u017eduo\u010di\u0173, \u012f\u017evalg\u0173, praktik\u0173 rezultatai, vidiniai procesai bei asmeninio materialaus pasaulio situacijos.<\/p>\n<h4 style=\"text-align: left;\"><span style=\"font-size: 14px;\">Trukm\u0117:<\/span><\/h4>\n<p style=\"text-align: left;\"><span style=\"font-size: 14px;\"><span style=\"font-family: 'Open Sans'; font-weight: 300;\">3 m\u0117nesiai<\/span><\/span><\/p>\n<h4 style=\"text-align: left;\"><span style=\"font-size: 14px;\">Kur:<\/span><\/h4>\n<p style=\"text-align: left;\"><span style=\"font-size: 14px;\"><span style=\"font-family: 'Open Sans'; font-weight: 300;\">Zoom<\/span><\/span><\/p>\n<h4 style=\"text-align: left;\"><span style=\"font-size: 14px;\">Kada:<\/span><\/h4>\n<p style=\"text-align: left;\"><span style=\"font-size: 14px;\"><span style=\"font-family: 'Open Sans'; font-weight: 300;\">2 k.per m\u0117nes\u012f Tau patogiu metu<\/span><\/span><\/p>\n<h4 style=\"text-align: left;\"><span style=\"font-size: 14px;\">Investicija:<\/span><\/h4>\n<p style=\"text-align: left;\"><span style=\"font-size: 14px;\"><span style=\"font-family: 'Open Sans'; font-weight: 300;\">3300 Eur.<\/span><\/span><\/p>\n<p style=\"text-align: center;\">\u201c<\/p>\n<p style=\"text-align: center;\">Luna atne\u0161\u0117 vidin\u0117s ramyb\u0117s ir pasitik\u0117jimo savimi. Dav\u0117 suvokim\u0105, kad &#8222;Gyvenimas n\u0117ra estafet\u0117, Gyvenimas yra galimyb\u0117s, procesai ir patirtys&#8221;<\/p>\n<p style=\"text-align: center;\">ASTA apie luna i\u0161minties ir misterijos mokykl\u0105<\/p>\n<p>Nesi tikra savo pasirinkimu?<\/p>\n<p>Registruokis nemokamai 15 min. konsultacijai<\/p>\n","protected":false},"excerpt":{"rendered":"<p>Leonora Blekaityt\u0117 (Be You) Asmenini\u0173 poky\u010di\u0173 trener\u0117 \u25e6 Psicholog\u0117 \u25e6 Autor\u0117 Psicholog\u0117, bestselerio \u201cSielos aritmetika\u201d autor\u0117, daugiau nei 10 met\u0173 vedanti transformuojan\u010dius mokymus moterims visame pasaulyje dedikuoja savo gyvenim\u0105 \u017emogaus potencialo auginimui, susijungimui su auk\u0161\u010diausia i\u0161mintimi \u00a0bei vidin\u0117s esm\u0117s tobulinimui \u0161ioje fizin\u0117je realyb\u0117je. Integravusi i\u0161minties \u017einias ir niekada nesustojanti augti ir mokytis, psichologijos, teis\u0117s ir [&hellip;]<\/p>\n","protected":false},"author":1,"featured_media":917,"parent":522,"menu_order":0,"comment_status":"closed","ping_status":"closed","template":"","meta":{"_acf_changed":false,"inline_featured_image":false,"footnotes":""},"class_list":["post-550","page","type-page","status-publish","has-post-thumbnail","hentry","post-wrapper","thrv_wrapper"],"acf":[],"_links":{"self":[{"href":"https:\/\/nowbeyou.global\/lt\/wp-json\/wp\/v2\/pages\/550","targetHints":{"allow":["GET"]}}],"collection":[{"href":"https:\/\/nowbeyou.global\/lt\/wp-json\/wp\/v2\/pages"}],"about":[{"href":"https:\/\/nowbeyou.global\/lt\/wp-json\/wp\/v2\/types\/page"}],"author":[{"embeddable":true,"href":"https:\/\/nowbeyou.global\/lt\/wp-json\/wp\/v2\/users\/1"}],"replies":[{"embeddable":true,"href":"https:\/\/nowbeyou.global\/lt\/wp-json\/wp\/v2\/comments?post=550"}],"version-history":[{"count":22,"href":"https:\/\/nowbeyou.global\/lt\/wp-json\/wp\/v2\/pages\/550\/revisions"}],"predecessor-version":[{"id":3298,"href":"https:\/\/nowbeyou.global\/lt\/wp-json\/wp\/v2\/pages\/550\/revisions\/3298"}],"up":[{"embeddable":true,"href":"https:\/\/nowbeyou.global\/lt\/wp-json\/wp\/v2\/pages\/522"}],"wp:featuredmedia":[{"embeddable":true,"href":"https:\/\/nowbeyou.global\/lt\/wp-json\/wp\/v2\/media\/917"}],"wp:attachment":[{"href":"https:\/\/nowbeyou.global\/lt\/wp-json\/wp\/v2\/media?parent=550"}],"curies":[{"name":"wp","href":"https:\/\/api.w.org\/{rel}","templated":true}]}}