{"id":548,"date":"2020-09-21T23:06:21","date_gmt":"2020-09-21T20:06:21","guid":{"rendered":"https:\/\/nowbeyou.global\/lt\/komanda\/clone-of-ieva-blekaityte-leader-you\/"},"modified":"2024-12-11T19:16:03","modified_gmt":"2024-12-11T17:16:03","slug":"egle","status":"publish","type":"page","link":"https:\/\/nowbeyou.global\/lt\/komanda\/egle\/","title":{"rendered":"Egl\u0117 Blekaityt\u0117 (Action You)"},"content":{"rendered":"<p><img loading=\"lazy\" decoding=\"async\" style=\"aspect-ratio: auto 36 \/ 29;\" title=\"ugnis\" src=\"https:\/\/nowbeyou.global\/lt\/wp-content\/uploads\/2020\/09\/waves-4.png\" alt=\"\" width=\"35\" height=\"28\" data-id=\"132\" data-init-width=\"36\" data-init-height=\"29\" data-width=\"35\" data-height=\"28\" \/><\/p>\n<h2 style=\"text-align: center;\">Egl\u0117 Blekaityt\u0117 (Action You)<\/h2>\n<p style=\"text-align: center;\">S\u0105moningo verslo konsultant\u0117 \u25e6 Mentor\u0117 \u25e6 BE YOU projekt\u0173 organizator\u0117<\/p>\n<p><span style=\"font-family: 'Open Sans'; font-weight: 300;\">BE YOU projekt\u0173 organizator\u0117, s\u0105moningo verslo ir asmeninio brand\u2019o konsultant\u0117, asmeninio augimo keliu einanti kartu su seserimis beveik 10 met\u0173. Egl\u0117 pasir\u016bpina vis\u0173 BE YOU projekt\u0173 ir proces\u0173 \u012fgyvendinimu, kruop\u0161\u010diai suplanuoja kiekvien\u0105 detal\u0119, kad patirtys ir susitikimai vykt\u0173 skland\u017eiai. Karjer\u0105 s\u0117kmingai vykd\u017eiusi didel\u0117je tarptautin\u0117je kompanijoje kaip prek\u0117s \u017eenklo vadov\u0117, dirbusi su tarptautini\u0173 prek\u0117s \u017eenkl\u0173 \u012fvedimu \u012f rink\u0105, tarptautin\u0117mis socialiai atsakingo verslo konferencijomis bei laisvalaikiu muzikos festivaliais, Egl\u0117 vis tik pasirinko keli\u0105 i\u0161 pajautos: pad\u0117ti \u017emon\u0117ms vystyti asmeninius prek\u0117s \u017eenklus bei i\u0161 pa\u0161aukimo gimstan\u010dius produktus ar paslaugas, kei\u010dian\u010dius pasaul\u012f. Atradusi Entrepreneurs Institute tarptautin\u0119 anterpreneri\u0173 bendruomen\u0119, verslo akseleratori\u0173 bei mentori\u0173 Roger James Hamilton &#8211; Egl\u0117 tapo sertifikuota FLOW konsultante pagal inovatyvi\u0105 instituto metodik\u0105, pripa\u017e\u012fstam\u0105 visame pasaulyje. Wealth Dynamics ir Talent Dynamics testai padeda pa\u017einti save bei savo komand\u0105 sutelkiant d\u0117mes\u012f \u012f prigimtines stiprybes pritaikomas versle. Egl\u0117 yra taip pat aktyvi B1G1 (buy1give1) platformos nar\u0117, ne kart\u0105 atve\u017eusi anterprenerius ir futuristus Paul Dunn ir Masami Sato \u012f Lietuv\u0105 bei skatinanti verslus jungtis prie globali\u0173 darnaus vystymosi tiksl\u0173 \u012fgyvendinimo perprasminant savo verslus.\u00a0<\/span><\/p>\n<p><span style=\"font-family: 'Open Sans'; font-weight: 300;\">Egl\u0117 nuo ma\u017eens turi be galo didel\u012f energijos u\u017etais\u0105, atvir\u0105 \u0161ird\u012f ir nuo\u0161ird\u0173 nor\u0105 padaryti pasaul\u012f bent kiek geresniu prisidedant prie s\u0105moningumo auginimo, s\u0105moning\u0173 projekt\u0173 skatinimo.<\/span><\/p>\n<p><span style=\"font-family: 'Open Sans'; font-weight: 300;\">Egl\u0117 yra ir verslo mentor\u0117, dirbanti su tais, kurie nori &#8222;supakuoti&#8221; savo pa\u0161aukim\u0105, j\u012f paversti ap\u010diuopiamus rezultatus ne\u0161an\u010diu produktu ar paslauga bei i\u0161komunikuoti pasauliui. <\/span><\/p>\n<p><strong><span style=\"font-family: 'Open Sans';\">Klausimai, kuriais galima dirbti su Egle:\u00a0<\/span><\/strong><\/p>\n<ul>\n<li><span style=\"font-family: 'Open Sans'; font-weight: 300;\">kaip savo hob\u012f\/aistr\u0105 paversti pagrindine veikla, <\/span><\/li>\n<li><span style=\"font-family: 'Open Sans'; font-weight: 300;\">kaip perkelti savo talent\u0105 \u012f online platformas (pvz. thinkific, teachable ar kitas), kad prisitaikytume prie \u0161iandieni\u0173 poreiki\u0173 ir technologij\u0173 teikiam\u0173 galimybi\u0173, <\/span><\/li>\n<li><span style=\"font-family: 'Open Sans'; font-weight: 300;\">kaip transformuoti versl\u0105, kad jis tapt\u0173 ne tik pelno bet ir g\u0117rio generatoriumi:)<\/span><\/li>\n<\/ul>\n<h4 style=\"text-align: center;\"><span style=\"font-size: 14px;\">Egl\u0117s persona:<\/span><\/h4>\n<p style=\"text-align: center;\"><span style=\"font-size: 14px;\"><span style=\"font-family: 'Open Sans'; font-weight: 300;\">Talent Dyanmics: creator<\/span><\/span><span style=\"font-family: 'Open Sans'; font-weight: 300; font-size: 14px;\">Stichija: ugnis<\/span><\/p>\n<h4 style=\"text-align: center;\"><span style=\"font-size: 14px;\">Temos:<\/span><\/h4>\n<p style=\"text-align: center;\"><span style=\"font-size: 14px;\"><span style=\"font-family: 'Open Sans'; font-weight: 300;\">S\u0105moning\u0173 versl\u0173 k\u016brimasOnline program\u0173 k\u016brimasBuy1give1 kult\u016bros diegimas<\/span><\/span><\/p>\n<h4 style=\"text-align: center;\"><span style=\"font-size: 14px;\">Kontaktai:<\/span><\/h4>\n<p style=\"text-align: center;\"><span style=\"font-size: 14px;\"><span style=\"font-family: 'Open Sans'; font-weight: 300;\">egle@nowbeyoug.lobal+370 616 04532<\/span><\/span><\/p>\n<h4 style=\"text-align: center;\"><span style=\"font-size: 14px;\">BE YOU programos:<\/span><\/h4>\n<p style=\"text-align: center;\"><span style=\"font-size: 14px;\"><span style=\"font-family: 'Open Sans'; font-weight: 300;\">Kelion\u0117 \u012f saveMentoryst\u0117 &#8222;Women of IMPACT&#8221;\u00a0<\/span><\/span><\/p>\n<p style=\"text-align: center;\"><span style=\"font-size: 14px;\"><span style=\"font-family: 'Open Sans'; font-weight: 300;\">Renginiai ir konferencijos<\/span><\/span><\/p>\n<p><img loading=\"lazy\" decoding=\"async\" style=\"aspect-ratio: auto 40 \/ 40;\" title=\"\" src=\"https:\/\/nowbeyou.global\/lt\/wp-content\/uploads\/2020\/09\/now-be-you-symbols-3.png\" alt=\"\" width=\"35\" height=\"35\" data-id=\"97\" data-init-width=\"40\" data-init-height=\"40\" data-width=\"35\" data-height=\"35\" \/><\/p>\n<p style=\"text-align: center;\">gyvenimo moto<\/p>\n<p style=\"text-align: center;\">Visiems yra vietos po saule<\/p>\n<h2 style=\"text-align: center;\">Jauti, kad laikas VEIKTI? Susisiekite su Egle<\/h2>\n<p style=\"text-align: center;\">asmenin\u0117s konsultacijos ir individuali mentoryst\u0117 verslui<\/p>\n<p style=\"text-align: center;\">01<\/p>\n<p style=\"text-align: center;\">90 min ZOOM pokalbis<\/p>\n<p style=\"text-align: center;\">FLOW konsultacija<\/p>\n<p style=\"text-align: center;\">Talent Dynamics testas (atliekamas savaranki\u0161kai, angl\u0173 k., vert\u0117 97 USD), atskleid\u017eiantis prigimtines kiekvieno stiprybes bei 1.5 val. konsultacija, pritaikyti gautus rezultatus praktikoje.<\/p>\n<p style=\"text-align: center;\">188 Eur<\/p>\n<p style=\"text-align: center;\">02<\/p>\n<p style=\"text-align: center;\">2 VAL. ZOOM DARBIN\u0116 SESIJA<\/p>\n<p style=\"text-align: center;\">Strategin\u0117 sesija<\/p>\n<p style=\"text-align: center;\">REVIEW. RENEW. REFOCUS.<\/p>\n<p style=\"text-align: center;\">Nori ai\u0161kumo savo veikloje? K\u016brybini\u0173 sprendim\u0173 kaip naudoti savo potencial\u0105, kuriant peln\u0105 ir teigiamus poky\u010dius tuo pa\u010diu metu?<\/p>\n<p style=\"text-align: center;\">288 Eur<\/p>\n<p style=\"text-align: center;\">03<\/p>\n<p style=\"text-align: center;\">3 M\u0116N. trukm\u0117s<\/p>\n<p style=\"text-align: center;\">Asmenin\u0117 verslo mentoryst\u0117<\/p>\n<p style=\"text-align: center;\">Ie\u0161kantiems, kaip &#8222;supakuoti&#8221; savo paslaugas \u012f online produktus. Mentoryst\u0117 su kas savaitiniais susitikimais ir kartu atliekamais veiksmais norimo rezultato pasiekimui.<\/p>\n<p style=\"text-align: center;\">2888 Eur<\/p>\n<p style=\"text-align: center;\">01<\/p>\n<p style=\"text-align: center;\">90 min ZOOM pokalbis<\/p>\n<h2 style=\"text-align: center;\">FLOW konsultacija<\/h2>\n<p>\u0160i konsultacija susideda i\u0161 keli\u0173 dali\u0173. Vis\u0173 pirma u\u017esiregistravus gausite nuorod\u0105 bei kod\u0105 atlikti Talent Dynamics\/Wealth Dynamics testui apie kur\u012f pla\u010diau \u010dia: https:\/\/wealthdynamics.geniusu.com\/<\/p>\n<p>Atlikus test\u0105 ir gavus rezultatus suderinsime susitikimo laik\u0105, susitikimo esm\u0117 suprasti ir pritaikyti gautus testo rezultatus savo asmeniniam efektyvumui ir tinkamiausiam prigimtini\u0173 talent\u0173 panaudojimui kasdien\u0117se situacijose.<\/p>\n<p>\u0160is testas vienas inovatyviausi\u0173 asmenybi\u0173 test\u0173 rinkoje sukurtas remiantis senov\u0117s Daoist\u0173 i\u0161mintimi, Karl Jung teorijomis bei futuristo, antreprenerio Roger James Hamilton patirtimi.<\/p>\n<p>Kada verta atlikti test\u0105:<\/p>\n<p>&#8211; jei sprendi karjeros pasi\u016bkio klausimus<\/p>\n<p>&#8211; jei nori efektyvesnio darbo savo komandoje<\/p>\n<p>&#8211; jei ie\u0161kai atsakym\u0173 \u012f asmeninius i\u0161\u0161\u016bkius, prokrastinacij\u0105 kasdienyb\u0117je<\/p>\n<p>&#8211; jei nori geriau pa\u017einti save ir i\u0161siai\u0161kinti prigimtines duotybes<\/p>\n<p>Nesi tikras\/-a ar \u0161i konsultacija Tau? Susisiekite egle@nowbeyou.global<\/p>\n<h4 style=\"text-align: left;\"><span style=\"font-size: 14px;\">Trukm\u0117:<\/span><\/h4>\n<p style=\"text-align: left;\"><span style=\"font-size: 14px;\"><span style=\"font-family: 'Open Sans'; font-weight: 300;\">90 min.<\/span><\/span><\/p>\n<h4 style=\"text-align: left;\"><span style=\"font-size: 14px;\">Kur:<\/span><\/h4>\n<p style=\"text-align: left;\"><span style=\"font-size: 14px;\"><span style=\"font-family: 'Open Sans'; font-weight: 300;\">Zoom<\/span><\/span><\/p>\n<h4 style=\"text-align: left;\"><span style=\"font-size: 14px;\">Kada:<\/span><\/h4>\n<p style=\"text-align: left;\"><span style=\"font-size: 14px;\"><span style=\"font-family: 'Open Sans'; font-weight: 300;\">Tau patogiu metu<\/span><\/span><\/p>\n<h4 style=\"text-align: left;\"><span style=\"font-size: 14px;\">Investicija:<\/span><\/h4>\n<p style=\"text-align: left;\"><span style=\"font-size: 14px;\"><span style=\"font-family: 'Open Sans'; font-weight: 300;\">188 Eur\u00a0 \u00a0 \u00a0\u00a0<\/span><\/span><\/p>\n<p style=\"text-align: center;\">02<\/p>\n<p style=\"text-align: center;\">2 Val. ZOOM DARBIN\u0116 SESIJA<\/p>\n<h2 style=\"text-align: center;\">Strategin\u0117 sesija<\/h2>\n<p>Strategin\u0117 sesija Tau, jei:<\/p>\n<p>&#8211; \u00a0jautiesi praradusi fokus\u0105 savo veikloje, pasimetusi chaose ar u\u017esisukus savo &#8222;sultyse&#8221;<\/p>\n<p>&#8211; \u00a0nori sukurti naujus \u012fplauk\u0173 srautus jau esamoje veikloje, bet ne\u017einai kaip<\/p>\n<p>&#8211; \u00a0turi klausim\u0173 susijusi\u0173 su savirealizacijos kelione, didesne prasme bei nori kurti pokyt\u012f.<\/p>\n<p>U\u017esiregistravus strateginei sesijai gausi klausimyn\u0105, kuris atne\u0161 daugiau ai\u0161kumo apie save ir savo veikl\u0105.<\/p>\n<p>Susitikimo metu mes:<\/p>\n<p><strong>REVIEW:<\/strong> per\u017ei\u016br\u0117sime Tavo dabartin\u0119 situacij\u0105, klausimus bei i\u0161\u0161\u016bkius.<\/p>\n<p><strong>RENEW:<\/strong> atnaujinsime Tavo esmin\u0119 vizij\u0105 bei jos \u012fgyvendinimo strategij\u0105 ar aktualiausios \u0161iuo metu situacijos sprendimo b\u016bdus.<\/p>\n<p><strong>REFOCUS:<\/strong> po strategin\u0117s sesijos i\u0161eisi su ai\u0161kiais sekan\u010diais \u017eingsniais bei dr\u0105sa veikti.<\/p>\n<h4 style=\"text-align: left;\"><span style=\"font-size: 14px;\">Trukm\u0117:<\/span><\/h4>\n<p style=\"text-align: left;\"><span style=\"font-size: 14px;\"><span style=\"font-family: 'Open Sans'; font-weight: 300;\">2 val.<\/span><\/span><\/p>\n<h4 style=\"text-align: left;\"><span style=\"font-size: 14px;\">Kur:<\/span><\/h4>\n<p style=\"text-align: left;\"><span style=\"font-size: 14px;\"><span style=\"font-family: 'Open Sans'; font-weight: 300;\">Zoom<\/span><\/span><\/p>\n<h4 style=\"text-align: left;\"><span style=\"font-size: 14px;\">Kada:<\/span><\/h4>\n<p style=\"text-align: left;\"><span style=\"font-size: 14px;\"><span style=\"font-family: 'Open Sans'; font-weight: 300;\">Tau patogiu metu<\/span><\/span><\/p>\n<h4 style=\"text-align: left;\"><span style=\"font-size: 14px;\">Investicija:<\/span><\/h4>\n<p style=\"text-align: left;\"><span style=\"font-size: 14px;\"><span style=\"font-family: 'Open Sans'; font-weight: 300;\">288 Eur<\/span><\/span><\/p>\n<p style=\"text-align: center;\">03<\/p>\n<p style=\"text-align: center;\">3 m\u0117n. mentoryst\u0117<\/p>\n<h2 style=\"text-align: center;\">Asmenin\u0117 verslo mentoryst\u0117<\/h2>\n<p>Priklausomai nuo kliento esamos situacijos pirmo pa\u017eintinio susitikimo metu i\u0161sigryniname tikslus bei l\u016bkes\u010dius ir susideriname mentoryst\u0117s intensyvum\u0105 bei eig\u0105.<\/p>\n<p>Geriausiems rezultatams pasiekti susitinkame kart\u0105 \u012f savait\u0119 1.5-2 val. sesijai per kuri\u0105 aptariami pra\u0117jusios savait\u0117s nuveikti darbai, ateinan\u010dios fokusas.<\/p>\n<p>Asmenin\u0117s mentoryst\u0117s metu Egl\u0117 taip pat prisilie\u010dia prie klient\u0173 verslo &#8222;hands on&#8221; pad\u0117dama kurti ir\/ar pagerinti produktus ar paslaug\u0173 paketus, perkelti juos \u012f online platformas, tinkamai i\u0161komunikuoti.<\/p>\n<p>Registruokit\u0117s nemokamam 15 min. susitikimui ir i\u0161siai\u0161kime ar \u0161i mentoryst\u0117 Tau.<\/p>\n<h4 style=\"text-align: left;\"><span style=\"font-size: 14px;\">Trukm\u0117:<\/span><\/h4>\n<p style=\"text-align: left;\"><span style=\"font-size: 14px;\"><span style=\"font-family: 'Open Sans'; font-weight: 300;\">3 m\u0117n.<\/span><\/span><\/p>\n<h4 style=\"text-align: left;\"><span style=\"font-size: 14px;\">Kur:<\/span><\/h4>\n<p style=\"text-align: left;\"><span style=\"font-size: 14px;\"><span style=\"font-family: 'Open Sans'; font-weight: 300;\">Zoom<\/span><\/span><\/p>\n<h4 style=\"text-align: left;\"><span style=\"font-size: 14px;\">Kada:<\/span><\/h4>\n<p style=\"text-align: left;\"><span style=\"font-size: 14px;\"><span style=\"font-family: 'Open Sans'; font-weight: 300;\">Tau patogiu metu, kas savait\u0119<\/span><\/span><\/p>\n<h4 style=\"text-align: left;\"><span style=\"font-size: 14px;\">Investicija:<\/span><\/h4>\n<p style=\"text-align: left;\"><span style=\"font-size: 14px;\"><span style=\"font-family: 'Open Sans'; font-weight: 300;\">2888 Eur<\/span><\/span><\/p>\n<p style=\"text-align: center;\">\u201c<\/p>\n<p style=\"text-align: center;\">Egl\u0117 praleido du m\u0117nesius su m\u016bs\u0173 komanda ir ved\u0117 mus kuriant online produktus. Egl\u0117 parod\u0117 ai\u0161k\u0173 keli\u0105, \u017einias ir svarbiausia tik\u0117jo mumis kai mes abejojome. Egl\u0117 ne i\u0161 t\u0173 mentori\u0173, kurie i\u0161 \u0161ono pataria k\u0105 daryti, ta\u010diau ji pati pilnai \u012fsijungia \u012f proces\u0105 &#8222;hands on&#8221;. Ji mums suk\u016br\u0117 piln\u0105 infrastrukt\u016br\u0105 online produktams. \u0160iandien mes esame puikiai pasiruo\u0161\u0119 paleisti savo mentoryst\u0117s programas nuotoliniu b\u016bdu.<\/p>\n<p style=\"text-align: center;\">Laura gerrits-gedvil\u0117, the holistic enterprise CEO<\/p>\n<p>Nesi tikra savo pasirinkimu?<\/p>\n<p>Registruokis nemokamai 15 min. konsultacijai<\/p>\n","protected":false},"excerpt":{"rendered":"<p>Egl\u0117 Blekaityt\u0117 (Action You) S\u0105moningo verslo konsultant\u0117 \u25e6 Mentor\u0117 \u25e6 BE YOU projekt\u0173 organizator\u0117 BE YOU projekt\u0173 organizator\u0117, s\u0105moningo verslo ir asmeninio brand\u2019o konsultant\u0117, asmeninio augimo keliu einanti kartu su seserimis beveik 10 met\u0173. Egl\u0117 pasir\u016bpina vis\u0173 BE YOU projekt\u0173 ir proces\u0173 \u012fgyvendinimu, kruop\u0161\u010diai suplanuoja kiekvien\u0105 detal\u0119, kad patirtys ir susitikimai vykt\u0173 skland\u017eiai. Karjer\u0105 s\u0117kmingai [&hellip;]<\/p>\n","protected":false},"author":1,"featured_media":107,"parent":522,"menu_order":0,"comment_status":"closed","ping_status":"closed","template":"","meta":{"_acf_changed":false,"inline_featured_image":false,"footnotes":""},"class_list":["post-548","page","type-page","status-publish","has-post-thumbnail","hentry","post-wrapper","thrv_wrapper"],"acf":[],"_links":{"self":[{"href":"https:\/\/nowbeyou.global\/lt\/wp-json\/wp\/v2\/pages\/548","targetHints":{"allow":["GET"]}}],"collection":[{"href":"https:\/\/nowbeyou.global\/lt\/wp-json\/wp\/v2\/pages"}],"about":[{"href":"https:\/\/nowbeyou.global\/lt\/wp-json\/wp\/v2\/types\/page"}],"author":[{"embeddable":true,"href":"https:\/\/nowbeyou.global\/lt\/wp-json\/wp\/v2\/users\/1"}],"replies":[{"embeddable":true,"href":"https:\/\/nowbeyou.global\/lt\/wp-json\/wp\/v2\/comments?post=548"}],"version-history":[{"count":10,"href":"https:\/\/nowbeyou.global\/lt\/wp-json\/wp\/v2\/pages\/548\/revisions"}],"predecessor-version":[{"id":3208,"href":"https:\/\/nowbeyou.global\/lt\/wp-json\/wp\/v2\/pages\/548\/revisions\/3208"}],"up":[{"embeddable":true,"href":"https:\/\/nowbeyou.global\/lt\/wp-json\/wp\/v2\/pages\/522"}],"wp:featuredmedia":[{"embeddable":true,"href":"https:\/\/nowbeyou.global\/lt\/wp-json\/wp\/v2\/media\/107"}],"wp:attachment":[{"href":"https:\/\/nowbeyou.global\/lt\/wp-json\/wp\/v2\/media?parent=548"}],"curies":[{"name":"wp","href":"https:\/\/api.w.org\/{rel}","templated":true}]}}