{"id":522,"date":"2020-09-21T21:23:23","date_gmt":"2020-09-21T18:23:23","guid":{"rendered":"https:\/\/nowbeyou.global\/lt\/clone-of-tu-esi-cia-ne-del-neatsitiktinumo\/"},"modified":"2023-04-05T02:04:42","modified_gmt":"2023-04-04T23:04:42","slug":"komanda","status":"publish","type":"page","link":"https:\/\/nowbeyou.global\/lt\/komanda\/","title":{"rendered":"Komanda"},"content":{"rendered":"<h2 style=\"text-align: center;\">BE YOU komanda<\/h2>\n<p style=\"text-align: center;\">Now Be You veikla prasid\u0117jo 2010 m. su Leonora Be You, profesionalia asmenini\u0173 poky\u010di\u0173 konsultante, pirmuosiuose jos vedamuose mokymuose Niujorke. Tuo metu seserys Ieva ir Egl\u0117 siek\u0117 karjeros auk\u0161tum\u0173, ta\u010diau \u0161alia pagrindini\u0173 darb\u0173 pad\u0117jo organizuoti Leonoros seminarus Lietuvoje. Sekdamos pajautos keliu seserys vedinos didesn\u0117s misijos auginti \u017emoni\u0173 s\u0105moningum\u0105 ir pad\u0117ti jiems patik\u0117ti savimi tuo metu kuomet s\u0105moningumo ugdymas toli gra\u017eu nebuvo &#8222;ant bangos&#8221; seserys ne vien\u0105 kart\u0105 rizikavo. Ta\u010diau po poky\u010dius \u012fgyvendinusi\u0173 \u017emoni\u0173 atsiliepim\u0173 per kelerius metus veikla i\u0161augo iki reguliari\u0173 moter\u0173 s\u0105moningumo stovykl\u0173 Lietuvoje, Ibizoje ir kitose \u0161alyse organizavimo. \u0160iuo metu Now \u00a0Be You komandos branduol\u012f sudaro 4 multidicipliniai nariai, kurie savo i\u0161vystytais talentais padeda atrasti moter\u0173 potencial\u0105 ir keli\u0105 link autenti\u0161kos sav\u0119s versijos.<\/p>\n<h2 style=\"text-align: center;\">Now Be You komandos sud\u0117tis<\/h2>\n<p style=\"text-align: center;\">\u012fvairiapusi\u0161kiems poky\u010diams<\/p>\n<p style=\"text-align: left;\">Now Be You \u012fvairiapusi\u0161k\u0105 komand\u0105 sudaro 4 nariai, kurie, remiantis ryt\u0173 filosofijos element\u0173 strukt\u016bra, atstovauja skirting\u0105 srit\u012f bei dalinasi savo daugelio met\u0173 paie\u0161k\u0173, praktik\u0173 bei profesini\u0173 veikl\u0173 patirtimis. Kiekvienas \u012fdeda savo ind\u0117l\u012f tavo vidin\u0117je kelion\u0117je autenti\u0161kiausios savo versijos link.<\/p>\n<p><img loading=\"lazy\" decoding=\"async\" title=\"\" src=\"https:\/\/nowbeyou.global\/lt\/wp-content\/uploads\/2020\/09\/Layer-2-1.png\" alt=\"\" width=\"325\" height=\"316\" data-id=\"652\" data-init-width=\"403\" data-init-height=\"391\" data-width=\"325\" data-height=\"316\" \/><\/p>\n<p>Leonora Be You &#8211; oras<\/p>\n<p>Gyvenimo balansas ir vidin\u0117 ramyb\u0117 &#8211; tavo kelias \u012f geriausi\u0105 sav\u0119s versij\u0105<\/p>\n<p>Vytas Healthy You &#8211; \u017eem\u0117<\/p>\n<p>K\u016bn\u0105 \u012fkraunantis maistas ir sveika mityba bei harmoningi garsai tavo ausims<\/p>\n<p>Ieva Leader You &#8211; vanduo<\/p>\n<p>Kontroliuok save ir savo emocijas, tapk lyderiaujan\u010diu pavyzd\u017eiu kitiems<\/p>\n<p>Egl\u0117 Action You &#8211; ugnis<\/p>\n<p>\u012edarbink savo talent\u0105 veikiant ir gyvenk savo misijos legend\u0105 imantis strategini\u0173 veiksm\u0173<\/p>\n<p><img loading=\"lazy\" decoding=\"async\" title=\"\" src=\"https:\/\/nowbeyou.global\/lt\/wp-content\/uploads\/2020\/09\/photosession-1.png\" alt=\"\" width=\"1050\" height=\"431\" data-id=\"98\" data-init-width=\"1050\" data-init-height=\"431\" data-width=\"1050\" data-height=\"431\" \/><img loading=\"lazy\" decoding=\"async\" title=\"\" src=\"https:\/\/nowbeyou.global\/lt\/wp-content\/uploads\/2020\/09\/now-be-you-symbols-3.png\" alt=\"\" width=\"35\" height=\"35\" data-id=\"97\" data-init-width=\"40\" data-init-height=\"40\" data-width=\"35\" data-height=\"35\" \/><\/p>\n<p style=\"text-align: center;\">gyvenimo moto<\/p>\n<p style=\"text-align: center;\">Pokytis viduje &#8211; atspindys i\u0161or\u0117je<\/p>\n<h2 style=\"text-align: center;\">Daugialyp\u0117 komanda<\/h2>\n<p style=\"text-align: center;\">intuicijos vedini gyvenimo profesionalai<\/p>\n<p><img loading=\"lazy\" decoding=\"async\" title=\"\" src=\"https:\/\/nowbeyou.global\/lt\/wp-content\/uploads\/2020\/09\/waves-1.png\" alt=\"\" width=\"20\" height=\"15\" data-id=\"129\" data-init-width=\"38\" data-init-height=\"29\" data-width=\"20\" data-height=\"15\" \/><\/p>\n<p style=\"text-align: center;\">Vidinis pasaulis<\/p>\n<p><img loading=\"lazy\" decoding=\"async\" title=\"\" src=\"https:\/\/nowbeyou.global\/lt\/wp-content\/uploads\/2020\/09\/team-members-3.png\" alt=\"\" width=\"180\" height=\"180\" data-id=\"126\" data-init-width=\"180\" data-init-height=\"180\" data-width=\"180\" data-height=\"180\" \/><\/p>\n<p style=\"text-align: center;\">Leonora Be You<\/p>\n<p style=\"text-align: center;\"><span style=\"font-size: 45px;\">\u201c<\/span>Gyvenimo balansas ir vidin\u0117 ramyb\u0117<\/p>\n<p>__CONFIG_colors_palette__{&#8222;active_palette&#8221;:0,&#8221;config&#8221;:{&#8222;colors&#8221;:{&#8222;62516&#8221;:{&#8222;name&#8221;:&#8221;Main Accent&#8221;,&#8221;parent&#8221;:-1}},&#8221;gradients&#8221;:[]},&#8221;palettes&#8221;:[{&#8222;name&#8221;:&#8221;Default Palette&#8221;,&#8221;value&#8221;:{&#8222;colors&#8221;:{&#8222;62516&#8221;:{&#8222;val&#8221;:&#8221;rgb(209, 132, 126)&#8221;}},&#8221;gradients&#8221;:[]}}]}__CONFIG_colors_palette__ <a href=\"https:\/\/nowbeyou.global\/lt\/komanda\/leonorabeyou\/\"> Pla\u010diau <\/a> <img loading=\"lazy\" decoding=\"async\" title=\"waves (3)\" src=\"https:\/\/nowbeyou.global\/lt\/wp-content\/uploads\/2020\/09\/waves-3.png\" alt=\"\" width=\"20\" height=\"15\" data-id=\"131\" data-init-width=\"40\" data-init-height=\"29\" data-width=\"20\" data-height=\"15\" \/><\/p>\n<p style=\"text-align: center;\">K\u016bnas<\/p>\n<p><img loading=\"lazy\" decoding=\"async\" title=\"\" src=\"https:\/\/nowbeyou.global\/lt\/wp-content\/uploads\/2020\/09\/team-members-4.png\" alt=\"\" width=\"180\" height=\"180\" data-id=\"127\" data-init-width=\"180\" data-init-height=\"180\" data-width=\"180\" data-height=\"180\" \/><\/p>\n<p style=\"text-align: center;\">Vytas Healthy You<\/p>\n<p style=\"text-align: center;\"><span style=\"font-size: 45px;\">\u201c<\/span>Energizuojantis maistas ir garsai<\/p>\n<p>__CONFIG_colors_palette__{&#8222;active_palette&#8221;:0,&#8221;config&#8221;:{&#8222;colors&#8221;:{&#8222;62516&#8221;:{&#8222;name&#8221;:&#8221;Main Accent&#8221;,&#8221;parent&#8221;:-1}},&#8221;gradients&#8221;:[]},&#8221;palettes&#8221;:[{&#8222;name&#8221;:&#8221;Default Palette&#8221;,&#8221;value&#8221;:{&#8222;colors&#8221;:{&#8222;62516&#8221;:{&#8222;val&#8221;:&#8221;rgb(209, 132, 126)&#8221;}},&#8221;gradients&#8221;:[]}}]}__CONFIG_colors_palette__ <a href=\"https:\/\/nowbeyou.global\/lt\/komanda\/vytautas\"> Pla\u010diau <\/a> <img loading=\"lazy\" decoding=\"async\" title=\"\" src=\"https:\/\/nowbeyou.global\/lt\/wp-content\/uploads\/2020\/09\/waves-2.png\" alt=\"\" width=\"20\" height=\"15\" data-id=\"130\" data-init-width=\"39\" data-init-height=\"29\" data-width=\"20\" data-height=\"15\" \/><\/p>\n<p style=\"text-align: center;\">Emocijos<\/p>\n<p><img loading=\"lazy\" decoding=\"async\" title=\"\" src=\"https:\/\/nowbeyou.global\/lt\/wp-content\/uploads\/2020\/09\/team-members-5.png\" alt=\"\" width=\"180\" height=\"180\" data-id=\"128\" data-init-width=\"180\" data-init-height=\"180\" data-width=\"180\" data-height=\"180\" \/><\/p>\n<p style=\"text-align: center;\">Ieva Leader You<\/p>\n<p style=\"text-align: center;\"><span style=\"font-size: 45px;\">\u201c<\/span>Tapk lydere ir b\u016bk pavyzd\u017eiu kitiems<\/p>\n<p>__CONFIG_colors_palette__{&#8222;active_palette&#8221;:0,&#8221;config&#8221;:{&#8222;colors&#8221;:{&#8222;62516&#8221;:{&#8222;name&#8221;:&#8221;Main Accent&#8221;,&#8221;parent&#8221;:-1}},&#8221;gradients&#8221;:[]},&#8221;palettes&#8221;:[{&#8222;name&#8221;:&#8221;Default Palette&#8221;,&#8221;value&#8221;:{&#8222;colors&#8221;:{&#8222;62516&#8221;:{&#8222;val&#8221;:&#8221;rgb(209, 132, 126)&#8221;}},&#8221;gradients&#8221;:[]}}]}__CONFIG_colors_palette__ <a href=\"https:\/\/nowbeyou.global\/lt\/komanda\/ieva\/\"> Pla\u010diau <\/a> <img loading=\"lazy\" decoding=\"async\" title=\"\" src=\"https:\/\/nowbeyou.global\/lt\/wp-content\/uploads\/2020\/09\/waves-4.png\" alt=\"\" width=\"20\" height=\"16\" data-id=\"132\" data-init-width=\"36\" data-init-height=\"29\" data-width=\"20\" data-height=\"16\" \/><\/p>\n<p style=\"text-align: center;\">Mintys<\/p>\n<p><img loading=\"lazy\" decoding=\"async\" title=\"\" src=\"https:\/\/nowbeyou.global\/lt\/wp-content\/uploads\/2020\/09\/team-members-1.png\" alt=\"\" width=\"180\" height=\"180\" data-id=\"124\" data-init-width=\"180\" data-init-height=\"180\" data-width=\"180\" data-height=\"180\" \/><\/p>\n<p style=\"text-align: center;\">Egle Action You<\/p>\n<p style=\"text-align: center;\"><span style=\"font-size: 45px;\">\u201c<\/span>Gyvenimas vedinas misijos \u012fmanomas imantis veiksm\u0173<\/p>\n<p>__CONFIG_colors_palette__{&#8222;active_palette&#8221;:0,&#8221;config&#8221;:{&#8222;colors&#8221;:{&#8222;62516&#8221;:{&#8222;name&#8221;:&#8221;Main Accent&#8221;,&#8221;parent&#8221;:-1}},&#8221;gradients&#8221;:[]},&#8221;palettes&#8221;:[{&#8222;name&#8221;:&#8221;Default Palette&#8221;,&#8221;value&#8221;:{&#8222;colors&#8221;:{&#8222;62516&#8221;:{&#8222;val&#8221;:&#8221;rgb(209, 132, 126)&#8221;}},&#8221;gradients&#8221;:[]}}]}__CONFIG_colors_palette__ <a href=\"https:\/\/nowbeyou.global\/lt\/komanda\/egle\/\"> Pla\u010diau <\/a><\/p>\n<h2 style=\"text-align: center;\">Mokymai ir projektai<\/h2>\n<p style=\"text-align: center;\">Vidin\u0117 kelion\u0117 prasideda \u010dia<\/p>\n<p><img loading=\"lazy\" decoding=\"async\" title=\"\" src=\"https:\/\/nowbeyou.global\/lt\/wp-content\/uploads\/2020\/09\/now-be-you-symbols-3.png\" alt=\"\" width=\"35\" height=\"35\" data-id=\"97\" data-init-width=\"40\" data-init-height=\"40\" data-width=\"35\" data-height=\"35\" \/><\/p>\n<p style=\"text-align: center;\">moter\u0173 stovyklos (retreat)<\/p>\n<p style=\"text-align: center;\">Stipriausi potyriai, gili transformacija<\/p>\n<p style=\"text-align: center; color: var(--tcb-color-1) !important; --tcb-applied-color: var$(--tcb-color-1) !important;\">Jau de\u0161imtmet\u012f vedami patyriminiai mokymai, dirbant grup\u0117se, atne\u0161antys norimus poky\u010dius \u012f kasdienyb\u0119<\/p>\n<p><img loading=\"lazy\" decoding=\"async\" title=\"\" src=\"https:\/\/nowbeyou.global\/lt\/wp-content\/uploads\/2020\/09\/now-be-you-symbols-3.png\" alt=\"\" width=\"35\" height=\"35\" data-id=\"97\" data-init-width=\"40\" data-init-height=\"40\" data-width=\"35\" data-height=\"35\" \/><\/p>\n<p style=\"text-align: center;\">ONLINE MOKYMAI<\/p>\n<p style=\"text-align: center;\">Trumpieji ir ilgieji mokymai, live ir video \u012fra\u0161ai<\/p>\n<p style=\"text-align: center; color: var(--tcb-color-1) !important; --tcb-applied-color: var$(--tcb-color-1) !important;\">Visiems prieinama galimyb\u0117 prisijungti ir eiti s\u0105moningumo keliu patogiu metu, puikus \u012frankis palaikyti kasdien\u0119 disciplin\u0105<\/p>\n<p><img loading=\"lazy\" decoding=\"async\" title=\"\" src=\"https:\/\/nowbeyou.global\/lt\/wp-content\/uploads\/2020\/09\/now-be-you-symbols-3.png\" alt=\"\" width=\"35\" height=\"35\" data-id=\"97\" data-init-width=\"40\" data-init-height=\"40\" data-width=\"35\" data-height=\"35\" \/><\/p>\n<p style=\"text-align: center;\">Mentoryst\u0117<\/p>\n<p style=\"text-align: center;\">S\u0105moningumu gr\u012fstas gyvenimas ir veikla<\/p>\n<p style=\"text-align: center; color: var(--tcb-color-1) !important; --tcb-applied-color: var$(--tcb-color-1) !important;\">Mentoryst\u0117s programos atlieka atskaitomyb\u0117s partner\u0117s vaidmen\u012f bei padeda sukurti s\u0105moningumu gr\u012fst\u0105 versl\u0105<\/p>\n<p>Ie\u0161kai s\u0105moningos bendruomen\u0117s?<\/p>\n<p>Prisijunk. \u012esikv\u0117pk. Jokio spam.<\/p>\n<p>__CONFIG_colors_palette__{&#8222;active_palette&#8221;:0,&#8221;config&#8221;:{&#8222;colors&#8221;:{&#8222;5e279&#8221;:{&#8222;name&#8221;:&#8221;Fun Blue&#8221;,&#8221;parent&#8221;:-1}},&#8221;gradients&#8221;:[]},&#8221;palettes&#8221;:[{&#8222;name&#8221;:&#8221;Default&#8221;,&#8221;value&#8221;:{&#8222;colors&#8221;:{&#8222;5e279&#8221;:{&#8222;val&#8221;:&#8221;var(&#8211;tcb-skin-color-0)&#8221;}},&#8221;gradients&#8221;:[]},&#8221;original&#8221;:{&#8222;colors&#8221;:{&#8222;5e279&#8221;:{&#8222;val&#8221;:&#8221;rgb(31, 85, 173)&#8221;,&#8221;hsl&#8221;:{&#8222;h&#8221;:217,&#8221;s&#8221;:0.69,&#8221;l&#8221;:0.4,&#8221;a&#8221;:1}}},&#8221;gradients&#8221;:[]}}]}__CONFIG_colors_palette__ __CONFIG_colors_palette__{&#8222;active_palette&#8221;:0,&#8221;config&#8221;:{&#8222;colors&#8221;:{&#8222;62516&#8221;:{&#8222;name&#8221;:&#8221;Main Accent&#8221;,&#8221;parent&#8221;:-1}},&#8221;gradients&#8221;:[]},&#8221;palettes&#8221;:[{&#8222;name&#8221;:&#8221;Default Palette&#8221;,&#8221;value&#8221;:{&#8222;colors&#8221;:{&#8222;62516&#8221;:{&#8222;val&#8221;:&#8221;rgb(209, 132, 126)&#8221;}},&#8221;gradients&#8221;:[]}}]}__CONFIG_colors_palette__ <a href=\"#\"> Registruotis <\/a><\/p>\n","protected":false},"excerpt":{"rendered":"<p>BE YOU komanda Now Be You veikla prasid\u0117jo 2010 m. su Leonora Be You, profesionalia asmenini\u0173 poky\u010di\u0173 konsultante, pirmuosiuose jos vedamuose mokymuose Niujorke. Tuo metu seserys Ieva ir Egl\u0117 siek\u0117 karjeros auk\u0161tum\u0173, ta\u010diau \u0161alia pagrindini\u0173 darb\u0173 pad\u0117jo organizuoti Leonoros seminarus Lietuvoje. Sekdamos pajautos keliu seserys vedinos didesn\u0117s misijos auginti \u017emoni\u0173 s\u0105moningum\u0105 ir pad\u0117ti jiems patik\u0117ti [&hellip;]<\/p>\n","protected":false},"author":1,"featured_media":110,"parent":0,"menu_order":0,"comment_status":"closed","ping_status":"closed","template":"","meta":{"_acf_changed":false,"inline_featured_image":false,"footnotes":""},"class_list":["post-522","page","type-page","status-publish","has-post-thumbnail","hentry","post-wrapper","thrv_wrapper"],"acf":[],"_links":{"self":[{"href":"https:\/\/nowbeyou.global\/lt\/wp-json\/wp\/v2\/pages\/522","targetHints":{"allow":["GET"]}}],"collection":[{"href":"https:\/\/nowbeyou.global\/lt\/wp-json\/wp\/v2\/pages"}],"about":[{"href":"https:\/\/nowbeyou.global\/lt\/wp-json\/wp\/v2\/types\/page"}],"author":[{"embeddable":true,"href":"https:\/\/nowbeyou.global\/lt\/wp-json\/wp\/v2\/users\/1"}],"replies":[{"embeddable":true,"href":"https:\/\/nowbeyou.global\/lt\/wp-json\/wp\/v2\/comments?post=522"}],"version-history":[{"count":4,"href":"https:\/\/nowbeyou.global\/lt\/wp-json\/wp\/v2\/pages\/522\/revisions"}],"predecessor-version":[{"id":2904,"href":"https:\/\/nowbeyou.global\/lt\/wp-json\/wp\/v2\/pages\/522\/revisions\/2904"}],"wp:featuredmedia":[{"embeddable":true,"href":"https:\/\/nowbeyou.global\/lt\/wp-json\/wp\/v2\/media\/110"}],"wp:attachment":[{"href":"https:\/\/nowbeyou.global\/lt\/wp-json\/wp\/v2\/media?parent=522"}],"curies":[{"name":"wp","href":"https:\/\/api.w.org\/{rel}","templated":true}]}}