{"id":500,"date":"2020-09-21T13:59:03","date_gmt":"2020-09-21T10:59:03","guid":{"rendered":"https:\/\/nowbeyou.global\/lt\/?page_id=500"},"modified":"2024-12-11T19:16:09","modified_gmt":"2024-12-11T17:16:09","slug":"ieva","status":"publish","type":"page","link":"https:\/\/nowbeyou.global\/lt\/komanda\/ieva\/","title":{"rendered":"Ieva Blekaityt\u0117 (Leader You)"},"content":{"rendered":"<p><img loading=\"lazy\" decoding=\"async\" style=\"aspect-ratio: auto 39 \/ 29;\" title=\"\" src=\"https:\/\/nowbeyou.global\/lt\/wp-content\/uploads\/2020\/09\/waves-2.png\" alt=\"\" width=\"35\" height=\"26\" data-id=\"130\" data-init-width=\"39\" data-init-height=\"29\" data-width=\"35\" data-height=\"26\" \/><\/p>\n<h2 style=\"text-align: center;\">Ieva Blekaityt\u0117 (Leader You)<\/h2>\n<p style=\"text-align: center;\">Kou\u010der\u0117 \u25e6 Embodiment praktik\u0117 \u25e6 HR strateg\u0117<\/p>\n<p><span style=\"font-family: 'Open Sans'; font-weight: 300;\">Asmeninio augimo bei karjeros mentor\u0117, strateginio kou\u010dingo specialist\u0117, organizacij\u0173 vystymo profesional\u0117, s\u0105moningo judesio praktik\u0117, Be You atostog\u0173 ir kit\u0173 projekt\u0173 bendraautor\u0117 ir organizator\u0117. Daugiau nei 15 met\u0173 personalo vadove dirbusi Ieva nuo\u0161ird\u017eiai tiki, kad kiekvienas \u017emogus turi teis\u0119 jaustis laimingas ir realizuojantis save, tod\u0117l veikla kuri\u0105 jis renkasi turi pad\u0117ti atskleisti jo pagrindinius talentus. \u00a0Ieva veda kou\u010dingo sesijas bei k\u016bno judesio, sensorikos u\u017esi\u0117mimus bei energetines praktikas, taip pat konsultuoja \u012fmones \u017emogi\u0161k\u0173j\u0173 i\u0161tekli\u0173 srityje.<\/span><\/p>\n<h4 style=\"text-align: center;\"><span style=\"font-size: 14px;\">Ievos Persona:<\/span><\/h4>\n<p style=\"text-align: center;\"><span style=\"font-size: 14px;\"><span style=\"font-family: 'Open Sans'; font-weight: 300;\">Talent Dynamics: Dealmaker<\/span><\/span><span style=\"font-family: 'Open Sans'; font-weight: 300; font-size: 14px;\">Stichija: \u017eem\u0117<\/span><\/p>\n<h4 style=\"text-align: center;\"><span style=\"font-size: 14px;\">Temos:<\/span><\/h4>\n<p style=\"text-align: center;\"><span style=\"font-size: 14px;\"><span style=\"font-family: 'Open Sans'; font-weight: 300;\">Kou\u010dingasEmbodiment praktikos<\/span><\/span><\/p>\n<p style=\"text-align: center;\"><span style=\"font-size: 14px;\"><span style=\"font-family: 'Open Sans'; font-weight: 300;\">Lyderyst\u0117 ir \u017emogi\u0161kieji i\u0161tekliai<\/span><\/span><\/p>\n<h4 style=\"text-align: center;\"><span style=\"font-size: 14px;\">Kontaktai:<\/span><\/h4>\n<p style=\"text-align: center;\"><span style=\"font-size: 14px;\"><span style=\"font-family: 'Open Sans'; font-weight: 300;\">ieva@nowbeyou.global<\/span><\/span><\/p>\n<h4 style=\"text-align: center;\"><span style=\"font-size: 14px;\">Be you programos:<\/span><\/h4>\n<p style=\"text-align: center;\"><span style=\"font-size: 14px;\"><span style=\"font-family: 'Open Sans'; font-weight: 300;\">Kelion\u0117 \u012f saveWomen of IMPACT mentoryst\u0117<\/span><\/span><\/p>\n<p><img loading=\"lazy\" decoding=\"async\" style=\"aspect-ratio: auto 40 \/ 40;\" title=\"\" src=\"https:\/\/nowbeyou.global\/lt\/wp-content\/uploads\/2020\/09\/now-be-you-symbols-3.png\" alt=\"\" width=\"35\" height=\"35\" data-id=\"97\" data-init-width=\"40\" data-init-height=\"40\" data-width=\"35\" data-height=\"35\" \/><\/p>\n<p style=\"text-align: center;\">gyvenimo moto<\/p>\n<p style=\"text-align: center;\">Gyvenk taip tarsi tavo diena b\u016bt\u0173 paskutin\u0117<\/p>\n<h2 style=\"text-align: center;\">Galimyb\u0117s dirbti su Ieva<\/h2>\n<p style=\"text-align: center;\">asmenin\u0117s konsultacijos ir grupin\u0117s sesijos<\/p>\n<p style=\"text-align: center;\">01<\/p>\n<p style=\"text-align: center;\">60 min ZOOm pokalbis<\/p>\n<p style=\"text-align: center;\">Kou\u010dingo sesija<\/p>\n<p style=\"text-align: center;\">Kou\u010dingo sesija orientuota \u012f Tavo poky\u010di\u0173 kelion\u0119 asmeniniams bei profesiniams tikslams pasiekti.<\/p>\n<p style=\"text-align: center;\">111 Eur<\/p>\n<p style=\"text-align: center;\">02<\/p>\n<p style=\"text-align: center;\">90 min zoom susitikimas<\/p>\n<p style=\"text-align: center;\">Embodiment sesija<\/p>\n<p style=\"text-align: center;\">K\u016bno judesio ir emocij\u0173 paleidimo praktika, gilinantis \u012f klient\u0117s i\u0161gyvenamus jausmus<\/p>\n<p style=\"text-align: center;\">155 Eur<\/p>\n<p style=\"text-align: center;\">03<\/p>\n<p style=\"text-align: center;\">Trukm\u0117 sutartin\u0117<\/p>\n<p style=\"text-align: center;\">\u017dmogi\u0161k\u0173j\u0173 i\u0161tekli\u0173 vadyba<\/p>\n<p style=\"text-align: center;\">\u012emon\u0117ms, ie\u0161kan\u010dioms po\u017ei\u016brio ir patirtis HR srityje i\u0161 \u0161alies.<\/p>\n<p style=\"text-align: center;\">Kaina sutartin\u0117<\/p>\n<p style=\"text-align: center;\">01<\/p>\n<p style=\"text-align: center;\">60 min zoom pokalbis<\/p>\n<h2 style=\"text-align: center;\">Kou\u010dingo sesija<\/h2>\n<p>Kou\u010dingo sesija su Ieva orientuota Tavo asmeniniams bei profesiniams tikslams pasiekti bei sau atsakyti \u012f klausimus bei rasti i\u0161eit\u012f i\u0161 situacij\u0173, kuriose \u0161iuo metu jautiesi u\u017estrigusi\/-\u0119s.<\/p>\n<p>Kou\u010dingo sesij\u0173 metu Ieva padeda atskleisti potencial\u0105 augti ir siekti savo tiksl\u0173 besim\u0117gaujant procesu.<\/p>\n<h4 style=\"text-align: left;\"><span style=\"font-size: 14px;\">Trukm\u0117:<\/span><\/h4>\n<p style=\"text-align: left;\"><span style=\"font-size: 14px;\"><span style=\"font-family: 'Open Sans'; font-weight: 300;\">60 min.<\/span><\/span><\/p>\n<h4 style=\"text-align: left;\"><span style=\"font-size: 14px;\">Kur:<\/span><\/h4>\n<p style=\"text-align: left;\"><span style=\"font-size: 14px;\"><span style=\"font-family: 'Open Sans'; font-weight: 300;\">Zoom<\/span><\/span><\/p>\n<h4 style=\"text-align: left;\"><span style=\"font-size: 14px;\">Kada:<\/span><\/h4>\n<p style=\"text-align: left;\"><span style=\"font-size: 14px;\"><span style=\"font-family: 'Open Sans'; font-weight: 300;\">Tau patogiu metu<\/span><\/span><\/p>\n<h4 style=\"text-align: left;\"><span style=\"font-size: 14px;\">Kaina:<\/span><\/h4>\n<p style=\"text-align: left;\"><span style=\"font-size: 14px;\"><span style=\"font-family: 'Open Sans'; font-weight: 300;\">111 Eur<\/span><\/span><\/p>\n<p style=\"text-align: center;\">02<\/p>\n<p style=\"text-align: center;\">90 min zoom susitikimas<\/p>\n<h2 style=\"text-align: center;\">K\u016bno judesio ir emocij\u0173 paleidimo sesija<\/h2>\n<p>\u0160is susitikimas yra praktinis, apimantis k\u016bno judesio praktikas per kurias Ieva veda susitikimo metu. Jei jauti, kad kalb\u0117ti nepakanka, kvie\u010diu duoti erdv\u0117s k\u016bnui, i\u0161jausti tai, kas vyksta bei pasitik\u0117ti k\u016bno s\u0105moningumu ir galimybe i\u0161eiti i\u0161 vienos ar kitos sutuacijos, kuri stabdo tave jud\u0117ti toliau.<\/p>\n<h4 style=\"text-align: left;\"><span style=\"font-size: 14px;\">Trukm\u0117:<\/span><\/h4>\n<p style=\"text-align: left;\"><span style=\"font-size: 14px;\"><span style=\"font-family: 'Open Sans'; font-weight: 300;\">90 min.<\/span><\/span><\/p>\n<h4 style=\"text-align: left;\"><span style=\"font-size: 14px;\">Kur:<\/span><\/h4>\n<p style=\"text-align: left;\"><span style=\"font-size: 14px;\"><span style=\"font-family: 'Open Sans'; font-weight: 300;\">Zoom<\/span><\/span><\/p>\n<h4 style=\"text-align: left;\"><span style=\"font-size: 14px;\">Kada:<\/span><\/h4>\n<p style=\"text-align: left;\"><span style=\"font-size: 14px;\"><span style=\"font-family: 'Open Sans'; font-weight: 300;\">Vakarais bei savaitgaliais suderintu metu<\/span><\/span><\/p>\n<h4 style=\"text-align: left;\"><span style=\"font-size: 14px;\">Kaina:<\/span><\/h4>\n<p style=\"text-align: left;\"><span style=\"font-size: 14px;\"><span style=\"font-family: 'Open Sans'; font-weight: 300;\">155 Eur<\/span><\/span><\/p>\n<p style=\"text-align: center;\">03<\/p>\n<p style=\"text-align: center;\">trukm\u0117 sutartin\u0117<\/p>\n<h2 style=\"text-align: center;\">\u017dmogi\u0161k\u0173j\u0173 i\u0161tekli\u0173 vadyba<\/h2>\n<p>Ieva turi \u012fvairios patirties dirbant tarptautin\u0117se kompanijose \u017emogi\u0161k\u0173j\u0173 i\u0161tekli\u0173 vadove. Jei Tau svarbu sukurti organizacin\u0119 kult\u016br\u0105, kurioje kiekvienas darbuotojas jaust\u0173si gerai &#8211; pasikalb\u0117kime.<\/p>\n<p>Susisiekti galite ieva@nowbeyou.global arba registruotis konsultacijai.<\/p>\n<h4 style=\"text-align: left;\"><span style=\"font-size: 14px;\">Trukm\u0117:<\/span><\/h4>\n<p style=\"text-align: left;\"><span style=\"font-size: 14px;\"><span style=\"font-family: 'Open Sans'; font-weight: 300;\">sutartin\u0117<\/span><\/span><\/p>\n<h4 style=\"text-align: left;\"><span style=\"font-size: 14px;\">Kur:<\/span><\/h4>\n<p style=\"text-align: left;\"><span style=\"font-size: 14px;\"><span style=\"font-family: 'Open Sans'; font-weight: 300;\">Zoom<\/span><\/span><\/p>\n<h4 style=\"text-align: left;\"><span style=\"font-size: 14px;\">Kada:<\/span><\/h4>\n<p style=\"text-align: left;\"><span style=\"font-size: 14px;\"><span style=\"font-family: 'Open Sans'; font-weight: 300;\">derinama individualiai<\/span><\/span><\/p>\n<h4 style=\"text-align: left;\"><span style=\"font-size: 14px;\">Kaina:<\/span><\/h4>\n<p style=\"text-align: left;\"><span style=\"font-size: 14px;\"><span style=\"font-family: 'Open Sans'; font-weight: 300;\">sutartin\u0117<\/span><\/span><\/p>\n<p style=\"text-align: center;\">\u201c<\/p>\n<p style=\"text-align: center;\">Esu be galo d\u0117kinga Ievai u\u017e jos pagalb\u0105, kuri\u0105 gavau kou\u010dingo sesij\u0173 metu. Jau po pirmo susitikimo man atsirado ai\u0161kumas d\u0117l savo pa\u010dios tiksl\u0173 ir veiksm\u0173 plano. Ir svarbiausia, kad Ievos vedama padariau tai labai organi\u0161kai, \u012fsiklausydama \u012f savo vidinius norus ir besim\u0117gaudama procesu. A\u010di\u016b, Ieva, u\u017e tavo pagalb\u0105 ir tavo vedim\u0105 mano karjeros poky\u010di\u0173 kelyje.<\/p>\n<p style=\"text-align: center;\">ANDR\u0116JA apie asmenines konsultacijas<\/p>\n<p>Nesi tikra savo pasirinkimu?<\/p>\n<p>Registruokis nemokamai 15 min. konsultacijai<\/p>\n","protected":false},"excerpt":{"rendered":"<p>Ieva Blekaityt\u0117 (Leader You) Kou\u010der\u0117 \u25e6 Embodiment praktik\u0117 \u25e6 HR strateg\u0117 Asmeninio augimo bei karjeros mentor\u0117, strateginio kou\u010dingo specialist\u0117, organizacij\u0173 vystymo profesional\u0117, s\u0105moningo judesio praktik\u0117, Be You atostog\u0173 ir kit\u0173 projekt\u0173 bendraautor\u0117 ir organizator\u0117. Daugiau nei 15 met\u0173 personalo vadove dirbusi Ieva nuo\u0161ird\u017eiai tiki, kad kiekvienas \u017emogus turi teis\u0119 jaustis laimingas ir realizuojantis save, tod\u0117l [&hellip;]<\/p>\n","protected":false},"author":1,"featured_media":109,"parent":522,"menu_order":0,"comment_status":"closed","ping_status":"closed","template":"","meta":{"_acf_changed":false,"inline_featured_image":false,"footnotes":""},"class_list":["post-500","page","type-page","status-publish","has-post-thumbnail","hentry","post-wrapper","thrv_wrapper"],"acf":[],"_links":{"self":[{"href":"https:\/\/nowbeyou.global\/lt\/wp-json\/wp\/v2\/pages\/500","targetHints":{"allow":["GET"]}}],"collection":[{"href":"https:\/\/nowbeyou.global\/lt\/wp-json\/wp\/v2\/pages"}],"about":[{"href":"https:\/\/nowbeyou.global\/lt\/wp-json\/wp\/v2\/types\/page"}],"author":[{"embeddable":true,"href":"https:\/\/nowbeyou.global\/lt\/wp-json\/wp\/v2\/users\/1"}],"replies":[{"embeddable":true,"href":"https:\/\/nowbeyou.global\/lt\/wp-json\/wp\/v2\/comments?post=500"}],"version-history":[{"count":4,"href":"https:\/\/nowbeyou.global\/lt\/wp-json\/wp\/v2\/pages\/500\/revisions"}],"predecessor-version":[{"id":3209,"href":"https:\/\/nowbeyou.global\/lt\/wp-json\/wp\/v2\/pages\/500\/revisions\/3209"}],"up":[{"embeddable":true,"href":"https:\/\/nowbeyou.global\/lt\/wp-json\/wp\/v2\/pages\/522"}],"wp:featuredmedia":[{"embeddable":true,"href":"https:\/\/nowbeyou.global\/lt\/wp-json\/wp\/v2\/media\/109"}],"wp:attachment":[{"href":"https:\/\/nowbeyou.global\/lt\/wp-json\/wp\/v2\/media?parent=500"}],"curies":[{"name":"wp","href":"https:\/\/api.w.org\/{rel}","templated":true}]}}