{"id":432,"date":"2020-09-20T20:30:11","date_gmt":"2020-09-20T17:30:11","guid":{"rendered":"https:\/\/nowbeyou.global\/lt\/?page_id=432"},"modified":"2021-11-21T02:05:00","modified_gmt":"2021-11-21T00:05:00","slug":"kontaktai","status":"publish","type":"page","link":"https:\/\/nowbeyou.global\/lt\/kontaktai\/","title":{"rendered":"Kontaktai"},"content":{"rendered":"<h2 style=\"text-align: center;\">Susisiekti su NowBeYou komanda<\/h2>\n<p style=\"text-align: center;\">Bendriniai klausimai<\/p>\n<p style=\"text-align: center;\">Turi klausim\u0173, nori palikti atsiliepim\u0105? Reikia pagalbos renkantis? Ra\u0161yk bet kokiu i\u0161kilusiu klausimu:<\/p>\n<p style=\"text-align: center;\">info@kelioneisave.lt+37061604532<\/p>\n<h2 style=\"text-align: center;\">Susisiekti individualiai<\/h2>\n<p style=\"text-align: center;\">asmenin\u0117s konsultacijos ir mokymai<\/p>\n<p><img loading=\"lazy\" decoding=\"async\" title=\"\" src=\"https:\/\/nowbeyou.global\/lt\/wp-content\/uploads\/2020\/09\/waves-1.png\" alt=\"\" width=\"20\" height=\"15\" data-id=\"129\" data-init-width=\"38\" data-init-height=\"29\" data-width=\"20\" data-height=\"15\" \/><\/p>\n<p style=\"text-align: center;\">Vidinis pasaulis<\/p>\n<p><img loading=\"lazy\" decoding=\"async\" title=\"\" src=\"https:\/\/nowbeyou.global\/lt\/wp-content\/uploads\/2020\/09\/team-members-3.png\" alt=\"\" width=\"180\" height=\"180\" data-id=\"126\" data-init-width=\"180\" data-init-height=\"180\" data-width=\"180\" data-height=\"180\" \/><\/p>\n<p style=\"text-align: center;\">Leonora Be You<\/p>\n<p style=\"text-align: center;\"><span style=\"font-size: 45px;\">\u201c<\/span>Gyvenimo balansas ir vidin\u0117 ramyb\u0117<\/p>\n<p>__CONFIG_colors_palette__{&#8222;active_palette&#8221;:0,&#8221;config&#8221;:{&#8222;colors&#8221;:{&#8222;62516&#8221;:{&#8222;name&#8221;:&#8221;Main Accent&#8221;,&#8221;parent&#8221;:-1}},&#8221;gradients&#8221;:[]},&#8221;palettes&#8221;:[{&#8222;name&#8221;:&#8221;Default Palette&#8221;,&#8221;value&#8221;:{&#8222;colors&#8221;:{&#8222;62516&#8221;:{&#8222;val&#8221;:&#8221;rgb(209, 132, 126)&#8221;}},&#8221;gradients&#8221;:[]}}]}__CONFIG_colors_palette__ <a href=\"https:\/\/nowbeyou.global\/lt\/komanda\/leonora-blekaityte-be-you\/\" target=\"_blank\" rel=\"noopener noreferrer\"> Pla\u010diau <\/a> <img loading=\"lazy\" decoding=\"async\" title=\"waves (3)\" src=\"https:\/\/nowbeyou.global\/lt\/wp-content\/uploads\/2020\/09\/waves-3.png\" alt=\"\" width=\"20\" height=\"15\" data-id=\"131\" data-init-width=\"40\" data-init-height=\"29\" data-width=\"20\" data-height=\"15\" \/><\/p>\n<p style=\"text-align: center;\">K\u016bnas<\/p>\n<p><img loading=\"lazy\" decoding=\"async\" title=\"\" src=\"https:\/\/nowbeyou.global\/lt\/wp-content\/uploads\/2020\/09\/team-members-4.png\" alt=\"\" width=\"180\" height=\"180\" data-id=\"127\" data-init-width=\"180\" data-init-height=\"180\" data-width=\"180\" data-height=\"180\" \/><\/p>\n<p style=\"text-align: center;\">Vytas Energetic You<\/p>\n<p style=\"text-align: center;\"><span style=\"font-size: 45px;\">\u201c<\/span>Energizuojantis maistas ir garsai<\/p>\n<p>__CONFIG_colors_palette__{&#8222;active_palette&#8221;:0,&#8221;config&#8221;:{&#8222;colors&#8221;:{&#8222;62516&#8221;:{&#8222;name&#8221;:&#8221;Main Accent&#8221;,&#8221;parent&#8221;:-1}},&#8221;gradients&#8221;:[]},&#8221;palettes&#8221;:[{&#8222;name&#8221;:&#8221;Default Palette&#8221;,&#8221;value&#8221;:{&#8222;colors&#8221;:{&#8222;62516&#8221;:{&#8222;val&#8221;:&#8221;rgb(209, 132, 126)&#8221;}},&#8221;gradients&#8221;:[]}}]}__CONFIG_colors_palette__ <a href=\"https:\/\/nowbeyou.global\/lt\/komanda\/vytas-vaicaitis-energetic-you\/\" target=\"_blank\" rel=\"noopener noreferrer\"> Pla\u010diau <\/a> <img loading=\"lazy\" decoding=\"async\" title=\"\" src=\"https:\/\/nowbeyou.global\/lt\/wp-content\/uploads\/2020\/09\/waves-2.png\" alt=\"\" width=\"20\" height=\"15\" data-id=\"130\" data-init-width=\"39\" data-init-height=\"29\" data-width=\"20\" data-height=\"15\" \/><\/p>\n<p style=\"text-align: center;\">Emocijos<\/p>\n<p><img loading=\"lazy\" decoding=\"async\" title=\"\" src=\"https:\/\/nowbeyou.global\/lt\/wp-content\/uploads\/2020\/09\/team-members-5.png\" alt=\"\" width=\"180\" height=\"180\" data-id=\"128\" data-init-width=\"180\" data-init-height=\"180\" data-width=\"180\" data-height=\"180\" \/><\/p>\n<p style=\"text-align: center;\">Ieva Leader You<\/p>\n<p style=\"text-align: center;\"><span style=\"font-size: 45px;\">\u201c<\/span>Tapk lydere ir b\u016bk pavyzd\u017eiu kitiems<\/p>\n<p>__CONFIG_colors_palette__{&#8222;active_palette&#8221;:0,&#8221;config&#8221;:{&#8222;colors&#8221;:{&#8222;62516&#8221;:{&#8222;name&#8221;:&#8221;Main Accent&#8221;,&#8221;parent&#8221;:-1}},&#8221;gradients&#8221;:[]},&#8221;palettes&#8221;:[{&#8222;name&#8221;:&#8221;Default Palette&#8221;,&#8221;value&#8221;:{&#8222;colors&#8221;:{&#8222;62516&#8221;:{&#8222;val&#8221;:&#8221;rgb(209, 132, 126)&#8221;}},&#8221;gradients&#8221;:[]}}]}__CONFIG_colors_palette__ <a href=\"https:\/\/nowbeyou.global\/lt\/komanda\/ieva-blekaityte-leader-you\/\" target=\"_blank\" rel=\"noopener noreferrer\"> Pla\u010diau <\/a> <img loading=\"lazy\" decoding=\"async\" title=\"\" src=\"https:\/\/nowbeyou.global\/lt\/wp-content\/uploads\/2020\/09\/waves-4.png\" alt=\"\" width=\"20\" height=\"16\" data-id=\"132\" data-init-width=\"36\" data-init-height=\"29\" data-width=\"20\" data-height=\"16\" \/><\/p>\n<p style=\"text-align: center;\">Mintys<\/p>\n<p><img loading=\"lazy\" decoding=\"async\" title=\"\" src=\"https:\/\/nowbeyou.global\/lt\/wp-content\/uploads\/2020\/09\/team-members-1.png\" alt=\"\" width=\"180\" height=\"180\" data-id=\"124\" data-init-width=\"180\" data-init-height=\"180\" data-width=\"180\" data-height=\"180\" \/><\/p>\n<p style=\"text-align: center;\">Egle Action You<\/p>\n<p style=\"text-align: center;\"><span style=\"font-size: 45px;\">\u201c<\/span>Gyvenimas vedinas misijos \u012fmanomas imantis veiksm\u0173<\/p>\n<p>__CONFIG_colors_palette__{&#8222;active_palette&#8221;:0,&#8221;config&#8221;:{&#8222;colors&#8221;:{&#8222;62516&#8221;:{&#8222;name&#8221;:&#8221;Main Accent&#8221;,&#8221;parent&#8221;:-1}},&#8221;gradients&#8221;:[]},&#8221;palettes&#8221;:[{&#8222;name&#8221;:&#8221;Default Palette&#8221;,&#8221;value&#8221;:{&#8222;colors&#8221;:{&#8222;62516&#8221;:{&#8222;val&#8221;:&#8221;rgb(209, 132, 126)&#8221;}},&#8221;gradients&#8221;:[]}}]}__CONFIG_colors_palette__ <a href=\"https:\/\/nowbeyou.global\/lt\/komanda\/egle-blekaityte-action-you\/\" target=\"_blank\" rel=\"noopener noreferrer\"> Pla\u010diau <\/a><\/p>\n<h2 style=\"text-align: center;\">Susitikime Now Be You mokymuose<\/h2>\n<p style=\"text-align: center;\">ir renginiuose<\/p>\n<p>liepa<\/p>\n<p>15-17 d.<\/p>\n<p>2020<\/p>\n<p>B1G1 konferencija Vietname<\/p>\n<p>Registracija b\u016btina. Vieta: Barono VilaKlausimai: 07. 15, 19 val. @FbNowBeYou live transliacija<\/p>\n<p>__CONFIG_colors_palette__{&#8222;active_palette&#8221;:0,&#8221;config&#8221;:{&#8222;colors&#8221;:{&#8222;62516&#8221;:{&#8222;name&#8221;:&#8221;Main Accent&#8221;,&#8221;parent&#8221;:-1}},&#8221;gradients&#8221;:[]},&#8221;palettes&#8221;:[{&#8222;name&#8221;:&#8221;Default Palette&#8221;,&#8221;value&#8221;:{&#8222;colors&#8221;:{&#8222;62516&#8221;:{&#8222;val&#8221;:&#8221;rgb(209, 132, 126)&#8221;}},&#8221;gradients&#8221;:[]}}]}__CONFIG_colors_palette__ <a href=\"https:\/\/nowbeyou.global\/lt\/parduotuve\/\" target=\"_blank\" rel=\"noopener noreferrer\"> Registruotis \u012f rengin\u012f <\/a><\/p>\n<p>liepa<\/p>\n<p>15-17 d.<\/p>\n<p>2020<\/p>\n<p>Now Be You festivalis<\/p>\n<p>Registracija b\u016btina. Vieta: Barono VilaKlausimai: 07. 15, 19 val. @FbNowBeYou live transliacija<\/p>\n<p>__CONFIG_colors_palette__{&#8222;active_palette&#8221;:0,&#8221;config&#8221;:{&#8222;colors&#8221;:{&#8222;62516&#8221;:{&#8222;name&#8221;:&#8221;Main Accent&#8221;,&#8221;parent&#8221;:-1}},&#8221;gradients&#8221;:[]},&#8221;palettes&#8221;:[{&#8222;name&#8221;:&#8221;Default Palette&#8221;,&#8221;value&#8221;:{&#8222;colors&#8221;:{&#8222;62516&#8221;:{&#8222;val&#8221;:&#8221;rgb(209, 132, 126)&#8221;}},&#8221;gradients&#8221;:[]}}]}__CONFIG_colors_palette__ <a href=\"http:\/\/google.com\" target=\"_blank\" rel=\"noopener noreferrer\"> Registruotis \u012f rengin\u012f <\/a><\/p>\n<p>liepa<\/p>\n<p>15-17 d.<\/p>\n<p>2020<\/p>\n<p>Mokymai \u201cKelion\u0117 \u012f Save\u201d<\/p>\n<p>(Lietuvoje)<\/p>\n<p>Registracija b\u016btina. Vieta: Barono VilaKlausimai: 07. 15, 19 val. @FbNowBeYou live transliacija<\/p>\n<p>__CONFIG_colors_palette__{&#8222;active_palette&#8221;:0,&#8221;config&#8221;:{&#8222;colors&#8221;:{&#8222;62516&#8221;:{&#8222;name&#8221;:&#8221;Main Accent&#8221;,&#8221;parent&#8221;:-1}},&#8221;gradients&#8221;:[]},&#8221;palettes&#8221;:[{&#8222;name&#8221;:&#8221;Default Palette&#8221;,&#8221;value&#8221;:{&#8222;colors&#8221;:{&#8222;62516&#8221;:{&#8222;val&#8221;:&#8221;rgb(209, 132, 126)&#8221;}},&#8221;gradients&#8221;:[]}}]}__CONFIG_colors_palette__ <a href=\"#\" target=\"_blank\" rel=\"noopener noreferrer\"> Registruotis \u012f rengin\u012f <\/a><\/p>\n<p>liepa<\/p>\n<p>15-17 d.<\/p>\n<p>2020<\/p>\n<p>Nemokamas video susitikimas<\/p>\n<p>(19 val. Zoom)<\/p>\n<p>Registracija b\u016btina. Vieta: Barono VilaKlausimai: 07. 15, 19 val. @FbNowBeYou live transliacija<\/p>\n<p>__CONFIG_colors_palette__{&#8222;active_palette&#8221;:0,&#8221;config&#8221;:{&#8222;colors&#8221;:{&#8222;62516&#8221;:{&#8222;name&#8221;:&#8221;Main Accent&#8221;,&#8221;parent&#8221;:-1}},&#8221;gradients&#8221;:[]},&#8221;palettes&#8221;:[{&#8222;name&#8221;:&#8221;Default Palette&#8221;,&#8221;value&#8221;:{&#8222;colors&#8221;:{&#8222;62516&#8221;:{&#8222;val&#8221;:&#8221;rgb(209, 132, 126)&#8221;}},&#8221;gradients&#8221;:[]}}]}__CONFIG_colors_palette__ <a href=\"#\" target=\"_blank\" rel=\"noopener noreferrer\"> Registruotis \u012f rengin\u012f <\/a><\/p>\n<p>liepa<\/p>\n<p>15-17 d.<\/p>\n<p>2020<\/p>\n<p>B1G1 konferencija Vietname<\/p>\n<p>Registracija b\u016btina. Vieta: Barono VilaKlausimai: 07. 15, 19 val. @FbNowBeYou live transliacija<\/p>\n<p>__CONFIG_colors_palette__{&#8222;active_palette&#8221;:0,&#8221;config&#8221;:{&#8222;colors&#8221;:{&#8222;62516&#8221;:{&#8222;name&#8221;:&#8221;Main Accent&#8221;,&#8221;parent&#8221;:-1}},&#8221;gradients&#8221;:[]},&#8221;palettes&#8221;:[{&#8222;name&#8221;:&#8221;Default Palette&#8221;,&#8221;value&#8221;:{&#8222;colors&#8221;:{&#8222;62516&#8221;:{&#8222;val&#8221;:&#8221;rgb(209, 132, 126)&#8221;}},&#8221;gradients&#8221;:[]}}]}__CONFIG_colors_palette__ <a href=\"#\" target=\"_blank\" rel=\"noopener noreferrer\"> Registruotis \u012f rengin\u012f <\/a><\/p>\n<p>Nori tapti komandos draugu?<\/p>\n<p>Jokio spamo. Kokybi\u0161ka info.<\/p>\n<p>__CONFIG_colors_palette__{&#8222;active_palette&#8221;:0,&#8221;config&#8221;:{&#8222;colors&#8221;:{&#8222;5e279&#8221;:{&#8222;name&#8221;:&#8221;Fun Blue&#8221;,&#8221;parent&#8221;:-1}},&#8221;gradients&#8221;:[]},&#8221;palettes&#8221;:[{&#8222;name&#8221;:&#8221;Default&#8221;,&#8221;value&#8221;:{&#8222;colors&#8221;:{&#8222;5e279&#8221;:{&#8222;val&#8221;:&#8221;var(&#8211;tcb-skin-color-0)&#8221;}},&#8221;gradients&#8221;:[]},&#8221;original&#8221;:{&#8222;colors&#8221;:{&#8222;5e279&#8221;:{&#8222;val&#8221;:&#8221;rgb(31, 85, 173)&#8221;,&#8221;hsl&#8221;:{&#8222;h&#8221;:217,&#8221;s&#8221;:0.69,&#8221;l&#8221;:0.4,&#8221;a&#8221;:1}}},&#8221;gradients&#8221;:[]}}]}__CONFIG_colors_palette__ __CONFIG_colors_palette__{&#8222;active_palette&#8221;:0,&#8221;config&#8221;:{&#8222;colors&#8221;:{&#8222;62516&#8221;:{&#8222;name&#8221;:&#8221;Main Accent&#8221;,&#8221;parent&#8221;:-1}},&#8221;gradients&#8221;:[]},&#8221;palettes&#8221;:[{&#8222;name&#8221;:&#8221;Default Palette&#8221;,&#8221;value&#8221;:{&#8222;colors&#8221;:{&#8222;62516&#8221;:{&#8222;val&#8221;:&#8221;rgb(209, 132, 126)&#8221;}},&#8221;gradients&#8221;:[]}}]}__CONFIG_colors_palette__ <a href=\"#\"> Registruotis <\/a><\/p>\n","protected":false},"excerpt":{"rendered":"<p>Susisiekti su NowBeYou komanda Bendriniai klausimai Turi klausim\u0173, nori palikti atsiliepim\u0105? Reikia pagalbos renkantis? Ra\u0161yk bet kokiu i\u0161kilusiu klausimu: info@kelioneisave.lt+37061604532 Susisiekti individualiai asmenin\u0117s konsultacijos ir mokymai Vidinis pasaulis Leonora Be You \u201cGyvenimo balansas ir vidin\u0117 ramyb\u0117 __CONFIG_colors_palette__{&#8222;active_palette&#8221;:0,&#8221;config&#8221;:{&#8222;colors&#8221;:{&#8222;62516&#8221;:{&#8222;name&#8221;:&#8221;Main Accent&#8221;,&#8221;parent&#8221;:-1}},&#8221;gradients&#8221;:[]},&#8221;palettes&#8221;:[{&#8222;name&#8221;:&#8221;Default Palette&#8221;,&#8221;value&#8221;:{&#8222;colors&#8221;:{&#8222;62516&#8221;:{&#8222;val&#8221;:&#8221;rgb(209, 132, 126)&#8221;}},&#8221;gradients&#8221;:[]}}]}__CONFIG_colors_palette__ Pla\u010diau K\u016bnas Vytas Energetic You \u201cEnergizuojantis maistas ir garsai __CONFIG_colors_palette__{&#8222;active_palette&#8221;:0,&#8221;config&#8221;:{&#8222;colors&#8221;:{&#8222;62516&#8221;:{&#8222;name&#8221;:&#8221;Main Accent&#8221;,&#8221;parent&#8221;:-1}},&#8221;gradients&#8221;:[]},&#8221;palettes&#8221;:[{&#8222;name&#8221;:&#8221;Default Palette&#8221;,&#8221;value&#8221;:{&#8222;colors&#8221;:{&#8222;62516&#8221;:{&#8222;val&#8221;:&#8221;rgb(209, 132, 126)&#8221;}},&#8221;gradients&#8221;:[]}}]}__CONFIG_colors_palette__ [&hellip;]<\/p>\n","protected":false},"author":1,"featured_media":114,"parent":0,"menu_order":0,"comment_status":"closed","ping_status":"closed","template":"","meta":{"_acf_changed":false,"inline_featured_image":false,"footnotes":"","tve_updated_post":"<div class=\"thrv_wrapper thrv-page-section tve-height-update tcb-global-section-kgglrym8\" data-css=\"tve-u-1754144fcce\">\n\t<div class=\"tve-page-section-out tcb-global-section-kgglrym8-out\" data-css=\"tve-u-1754144fce1\"><\/div>\n\t<div class=\"tve-page-section-in tve_empty_dropzone tcb-global-section-kgglrym8-in\" data-css=\"tve-u-1754144fcd4\"><div class=\"thrv_wrapper thrv_text_element\" data-css=\"tve-u-174ac985642\" style=\"\">\t<h2 style=\"text-align: center;\" data-css=\"tve-u-174ac958884\" class=\"\">Susisiekti su Now Be You komanda<\/h2><\/div><div class=\"thrv_wrapper thrv_text_element\">\t<p style=\"text-align: center;\" class=\"tcb-global-text-kfbdt1i8\" data-css=\"tve-u-174ac96a0e8\">Bendriniai klausimai<\/p><\/div><div class=\"thrv_wrapper thrv_text_element\" data-css=\"tve-u-174ac977ab9\" style=\"\">\t<p data-css=\"tve-u-174ac98928c\" style=\"text-align: center;\">Turi klausim\u0173, nori palikti atsiliepim\u0105? Reikia pagalbos renkantis? <br>Ra\u0161yk bet kokiu i\u0161kilusiu klausimu:<\/p><p data-css=\"tve-u-174ac98928c\" style=\"text-align: center;\">info@kelioneisave.lt<br>+37061604532<\/p><\/div><\/div>\n<\/div><div class=\"thrv_wrapper thrv-page-section tve-height-update\" data-css=\"tve-u-174aca14769\" style=\"\">\n\t<div class=\"tve-page-section-out\"><\/div>\n\t<div class=\"tve-page-section-in tve_empty_dropzone\" data-css=\"tve-u-174ac94709a\"><div class=\"thrv_wrapper thrv_text_element\" style=\"\" data-css=\"tve-u-174aca29d10\"><h2 class=\"\" data-css=\"tve-u-174aca29d0e\" style=\"text-align: center;\">Susisiekti individualiai<\/h2><p data-css=\"tve-u-174aca29d0f\" style=\"text-align: center;\">asmenin\u0117s konsultacijos ir mokymai<\/p><\/div><div class=\"thrv_wrapper thrv_symbol thrive-shortcode thrv_symbol_448\" data-shortcode=\"thrive_symbol\" data-id=\"448\" data-selector=\".thrv_symbol_448\"><div class=\"thrive-shortcode-config\" style=\"display: none !important\">__CONFIG_post_symbol__{\"id\":\"448\"}__CONFIG_post_symbol__<\/div><\/div><\/div>\n<\/div><div class=\"thrv_wrapper thrv-page-section tve-height-update tcb-window-width tcb-global-section-kggn0u4e\" style=\"\" data-css=\"tve-u-1754146e5d9\">\n\t<div class=\"tve-page-section-out tcb-global-section-kggn0u4e-out\" style=\"\" data-css=\"tve-u-1754146e5e3\"><\/div>\n\t<div class=\"tve-page-section-in tve_empty_dropzone tcb-global-section-kggn0u4e-in\" data-css=\"tve-u-1754146e5de\"><div class=\"thrv_wrapper thrv_contentbox_shortcode thrv-content-box tve-elem-default-pad\" data-css=\"tve-u-174ac9c1de8\" style=\"\">\n\t<div class=\"tve-content-box-background\" style=\"\" data-css=\"tve-u-174ac9bd041\"><\/div>\n\t<div class=\"tve-cb\" style=\"\" data-css=\"tve-u-174ac9c04b9\"><div class=\"thrv_wrapper thrv_text_element\" style=\"\" data-css=\"tve-u-174ac9ca49c\"><h2 class=\"\" data-css=\"tve-u-174ac9ca499\" style=\"text-align: center;\">Susitikime Now Be You mokymuose<\/h2><p data-css=\"tve-u-174ac9ca49a\" style=\"text-align: center;\">ir renginiuose<\/p><\/div><div class=\"thrv_wrapper thrv_symbol thrive-shortcode thrv_symbol_491\" data-shortcode=\"thrive_symbol\" data-id=\"491\" data-selector=\".thrv_symbol_491\"><div class=\"thrive-shortcode-config\" style=\"display: none !important\">__CONFIG_post_symbol__{\"id\":\"491\"}__CONFIG_post_symbol__<\/div><\/div><\/div>\n<\/div><\/div>\n<\/div><div class=\"thrv_wrapper thrv_symbol thrive-shortcode thrv_symbol_459 tcb-window-width\" data-shortcode=\"thrive_symbol\" data-id=\"459\" data-selector=\".thrv_symbol_459\" style=\"\"><div class=\"thrive-shortcode-config\" style=\"display: none !important\">__CONFIG_post_symbol__{\"id\":\"459\"}__CONFIG_post_symbol__<\/div><\/div>","tve_custom_css":"@import url(\"\/\/fonts.googleapis.com\/css?family=Arsenal:400,700&subset=latin\");@media (min-width: 300px){:not(#tve) [data-css=\"tve-u-174ac958884\"] { font-size: 28px !important; color: var(--tcb-skin-color-0) !important; --tcb-applied-color:var$(--tcb-skin-color-0) !important; --tve-applied-color:var$(--tcb-skin-color-0) !important; }[data-css=\"tve-u-174ac977ab9\"] { max-width: 775px; float: none; margin: 22px auto 50px !important; }[data-css=\"tve-u-174ac985642\"] { margin-bottom: 22px !important; }:not(#tve) [data-css=\"tve-u-174ac98928c\"] { --g-regular-weight:400; --g-bold-weight:700; font-size: 25px !important; color: var(--tcb-color-1) !important; --tcb-applied-color:var$(--tcb-color-1) !important; --tve-applied-color:var$(--tcb-color-1) !important; font-family: Arsenal !important; font-weight: var(--g-regular-weight,normal) !important; }:not(#tve) [data-css=\"tve-u-174ac98928c\"] strong { font-weight: 700 !important; }[data-css=\"tve-u-174ac9bd041\"] { background-image: linear-gradient(var(--tcb-color-3),var(--tcb-color-3)) !important; background-size: auto !important; background-position: 50% 50% !important; background-attachment: scroll !important; background-repeat: no-repeat !important; --tve-applied-background-image:linear-gradient(var$(--tcb-color-3),var$(--tcb-color-3)) !important; }[data-css=\"tve-u-174ac9c04b9\"] { min-height: 1200px; }[data-css=\"tve-u-174ac9c1de8\"] { padding: 50px !important; }:not(#tve) [data-css=\"tve-u-174ac9ca499\"] { padding-bottom: 0px !important; margin-bottom: 0px !important; font-size: 38px !important; padding-top: 19px !important; margin-top: 0px !important; }:not(#tve) [data-css=\"tve-u-174ac9ca49a\"] { --g-regular-weight:400; --g-bold-weight:700; font-family: Arsenal !important; font-weight: var(--g-regular-weight,normal) !important; font-size: 22px !important; color: var(--tcb-color-1) !important; --tcb-applied-color:var$(--tcb-color-1) !important; --tve-applied-color:var$(--tcb-color-1) !important; }:not(#tve) [data-css=\"tve-u-174ac9ca49a\"] strong { font-weight: 700 !important; }[data-css=\"tve-u-174ac9ca49c\"] { margin-bottom: 52px !important; }[data-css=\"tve-u-174aca14769\"] { padding: 50px !important; }:not(#tve) [data-css=\"tve-u-174aca29d0e\"] { padding-bottom: 0px !important; margin-bottom: 0px !important; font-size: 38px !important; padding-top: 19px !important; margin-top: 0px !important; color: var(--tcb-skin-color-0) !important; --tcb-applied-color:var$(--tcb-skin-color-0) !important; --tve-applied-color:var$(--tcb-skin-color-0) !important; }:not(#tve) [data-css=\"tve-u-174aca29d0f\"] { --g-regular-weight:400; --g-bold-weight:700; font-family: Arsenal !important; font-weight: var(--g-regular-weight,normal) !important; font-size: 22px !important; color: var(--tcb-skin-color-0) !important; --tcb-applied-color:var$(--tcb-skin-color-0) !important; --tve-applied-color:var$(--tcb-skin-color-0) !important; }:not(#tve) [data-css=\"tve-u-174aca29d0f\"] strong { font-weight: 700 !important; }[data-css=\"tve-u-174aca29d10\"] { margin-bottom: 52px !important; }[data-css=\"tve-u-1754144fcce\"] { padding: 50px !important; }[data-css=\"tve-u-1754144fcd4\"] { max-width: 860px; }[data-css=\"tve-u-1754146e5d9\"] { padding: 100px !important; margin-top: 50px !important; }[data-css=\"tve-u-1754146e5de\"] { max-width: 1240px; min-height: 100px !important; }[data-css=\"tve-u-17d3fcd154f\"] { max-width: 46.7%; }[data-css=\"tve-u-17d3fcd158b\"] { max-width: 495px; }[data-css=\"tve-u-17d3fcd15c3\"] { max-width: 77%; }[data-css=\"tve-u-17d3fcd15fd\"] { max-width: 114px; }}@media (max-width: 1023px){[data-css=\"tve-u-174ac977ab9\"] { margin-bottom: 22px !important; }:not(#tve) [data-css=\"tve-u-174ac9ca499\"] { font-size: 36px !important; }[data-css=\"tve-u-174ac9ca49c\"] { margin-bottom: 22px !important; }:not(#tve) [data-css=\"tve-u-174aca29d0e\"] { font-size: 36px !important; }[data-css=\"tve-u-174aca29d10\"] { margin-bottom: 52px !important; }[data-css=\"tve-u-174aca14769\"] { padding-left: 50px !important; padding-right: 50px !important; }[data-css=\"tve-u-1754146e5d9\"] { padding: 50px !important; }[data-css=\"tve-u-1754146e5de\"] { min-height: 1px !important; }}@media (max-width: 767px){[data-css=\"tve-u-174ac985642\"] { margin-bottom: 12px !important; }[data-css=\"tve-u-174ac977ab9\"] { margin-top: 12px !important; }:not(#tve) [data-css=\"tve-u-174ac958884\"] { font-size: 24px !important; }:not(#tve) [data-css=\"tve-u-174ac98928c\"] { font-size: 22px !important; }:not(#tve) [data-css=\"tve-u-174ac9ca499\"] { font-size: 32px !important; }[data-css=\"tve-u-174ac9ca49c\"] { margin-bottom: 22px !important; }[data-css=\"tve-u-174ac9c1de8\"] { padding: 20px !important; }[data-css=\"tve-u-174aca14769\"] { padding: 20px !important; }:not(#tve) [data-css=\"tve-u-174aca29d0e\"] { font-size: 32px !important; }[data-css=\"tve-u-174aca29d10\"] { margin-bottom: 22px !important; }[data-css=\"tve-u-1754144fcce\"] { padding: 30px 20px 20px !important; }[data-css=\"tve-u-1754146e5d9\"] { padding: 20px !important; }[data-css=\"tve-u-1754146e5de\"] { min-height: 1px !important; }}","tve_user_custom_css":"","tve_globals":{"e":"1","font_cls":[]},"tcb2_ready":1,"tcb_editor_enabled":1,"tve_landing_page":"","_tve_header":"0","_tve_footer":"0"},"class_list":["post-432","page","type-page","status-publish","has-post-thumbnail","hentry","post-wrapper","thrv_wrapper"],"acf":[],"_links":{"self":[{"href":"https:\/\/nowbeyou.global\/lt\/wp-json\/wp\/v2\/pages\/432","targetHints":{"allow":["GET"]}}],"collection":[{"href":"https:\/\/nowbeyou.global\/lt\/wp-json\/wp\/v2\/pages"}],"about":[{"href":"https:\/\/nowbeyou.global\/lt\/wp-json\/wp\/v2\/types\/page"}],"author":[{"embeddable":true,"href":"https:\/\/nowbeyou.global\/lt\/wp-json\/wp\/v2\/users\/1"}],"replies":[{"embeddable":true,"href":"https:\/\/nowbeyou.global\/lt\/wp-json\/wp\/v2\/comments?post=432"}],"version-history":[{"count":0,"href":"https:\/\/nowbeyou.global\/lt\/wp-json\/wp\/v2\/pages\/432\/revisions"}],"wp:featuredmedia":[{"embeddable":true,"href":"https:\/\/nowbeyou.global\/lt\/wp-json\/wp\/v2\/media\/114"}],"wp:attachment":[{"href":"https:\/\/nowbeyou.global\/lt\/wp-json\/wp\/v2\/media?parent=432"}],"curies":[{"name":"wp","href":"https:\/\/api.w.org\/{rel}","templated":true}]}}