{"id":413,"date":"2020-09-20T18:36:43","date_gmt":"2020-09-20T15:36:43","guid":{"rendered":"https:\/\/nowbeyou.global\/lt\/clone-of-podkastai\/"},"modified":"2022-05-19T02:10:47","modified_gmt":"2022-05-18T23:10:47","slug":"meditacijos","status":"publish","type":"page","link":"https:\/\/nowbeyou.global\/lt\/meditacijos\/","title":{"rendered":"Meditacijos"},"content":{"rendered":"<h2 style=\"text-align: center;\">Meditacijos. Prad\u0117k kelion\u0119 dabar. Tu gali leisti 10 min. sau<\/h2>\n<p><span><img decoding=\"async\" alt=\"\" data-id=\"84\" width=\"215\" data-init-width=\"216\" height=\"16\" data-init-height=\"16\" title=\"\" loading=\"lazy\" src=\"https:\/\/nowbeyou.global\/lt\/wp-content\/uploads\/2020\/09\/block-heads-2.png\" data-width=\"215\" data-height=\"16\"><\/span><\/p>\n<p style=\"text-align: center;\">Sav\u0119s gird\u0117jimas<\/p>\n<p style=\"text-align: center;\">Pastoviai medituojant atsiranda geb\u0117jimas i\u0161girsti tikruosius savo norus bei pasirinkimus i\u0161 vidin\u0117s intuicijos, o ne kit\u0173 primestos nuomon\u0117s<\/p>\n<p><span><img decoding=\"async\" alt=\"\" data-id=\"84\" width=\"215\" data-init-width=\"216\" height=\"16\" data-init-height=\"16\" title=\"\" loading=\"lazy\" src=\"https:\/\/nowbeyou.global\/lt\/wp-content\/uploads\/2020\/09\/block-heads-2.png\" data-width=\"215\" data-height=\"16\"><\/span><\/p>\n<p style=\"text-align: center;\">Susijungimas su savimi<\/p>\n<p style=\"text-align: center;\">Atradus vidin\u012f ry\u0161\u012f su savimi mes geriau jau\u010diame ry\u0161\u012f ir su aplinka, o taip pat atrandame didesn\u012f visumos matym\u0105 ir t\u0105 subtil\u0173 vidin\u012f pasaul\u012f<\/p>\n<p><span><img decoding=\"async\" alt=\"\" data-id=\"84\" width=\"215\" data-init-width=\"216\" height=\"16\" data-init-height=\"16\" title=\"\" loading=\"lazy\" src=\"https:\/\/nowbeyou.global\/lt\/wp-content\/uploads\/2020\/09\/block-heads-2.png\" data-width=\"215\" data-height=\"16\"><\/span><\/p>\n<p style=\"text-align: center;\">laikas sau<\/p>\n<p style=\"text-align: center;\">Tas brangus momentas sau, su savimi, kuriam vis pritr\u016bksta laiko paroje. I\u0161siugd\u017eius meditacijos poreik\u012f dienoje, susikuriame akimik\u0105 sau<\/p>\n<p><span><img decoding=\"async\" alt=\"\" data-id=\"84\" width=\"215\" data-init-width=\"216\" height=\"16\" data-init-height=\"16\" title=\"\" loading=\"lazy\" src=\"https:\/\/nowbeyou.global\/lt\/wp-content\/uploads\/2020\/09\/block-heads-2.png\" data-width=\"215\" data-height=\"16\"><\/span><\/p>\n<p style=\"text-align: center;\">pager\u0117jus koncentracijair fokusas<\/p>\n<p style=\"text-align: center;\">Meditacijos nauda \u012frodyta mokslo: geresn\u0117 miego kokyb\u0117, koncentracija darbe, min\u010di\u0173 tvarka ir emocij\u0173 suvaldymas<\/p>\n<h2 style=\"text-align: center;\">Leonora Be You meditacijos<\/h2>\n<p style=\"text-align: center;\">trumpi, profesional\u016bs meditacij\u0173 \u012fra\u0161ai<\/p>\n<p><span><img decoding=\"async\" alt=\"\" data-id=\"147\" width=\"35\" data-init-width=\"80\" height=\"35\" data-init-height=\"80\" title=\"1e85e345-d850-43a5-afac-4a15b532090e\" loading=\"lazy\" src=\"https:\/\/nowbeyou.global\/lt\/wp-content\/uploads\/2020\/09\/1e85e345-d850-43a5-afac-4a15b532090e.png\" data-width=\"35\" data-height=\"35\" style=\"\"><\/span><\/p>\n<p style=\"text-align: center;\">16 min meditacija<\/p>\n<h3 style=\"text-align: center;\">Meil\u0117s sau meditacija<\/h3>\n<p style=\"text-align: center;\">Meditacija su SOMA kv\u0117pavimo praktika \u0161irdies atv\u0117rimui<\/p>\n<p><span><img decoding=\"async\" alt=\"\" data-id=\"147\" width=\"35\" data-init-width=\"80\" height=\"35\" data-init-height=\"80\" title=\"1e85e345-d850-43a5-afac-4a15b532090e\" loading=\"lazy\" src=\"https:\/\/nowbeyou.global\/lt\/wp-content\/uploads\/2020\/09\/1e85e345-d850-43a5-afac-4a15b532090e.png\" data-width=\"35\" data-height=\"35\" style=\"\"><\/span><\/p>\n<p style=\"text-align: center;\">12 min meditacija<\/p>\n<h3 style=\"text-align: center;\">Nerim\u0105 raminanti meditacija<\/h3>\n<p style=\"text-align: center;\">Skirta nuraminti besikaupiant\u012f vidinio nerimo poj\u016bt\u012f, &#8222;perkrauti&#8221; savo centrin\u0119 nerv\u0173 sistem\u0105<\/p>\n<p><span><img decoding=\"async\" alt=\"\" data-id=\"147\" width=\"35\" data-init-width=\"80\" height=\"35\" data-init-height=\"80\" title=\"1e85e345-d850-43a5-afac-4a15b532090e\" loading=\"lazy\" src=\"https:\/\/nowbeyou.global\/lt\/wp-content\/uploads\/2020\/09\/1e85e345-d850-43a5-afac-4a15b532090e.png\" data-width=\"35\" data-height=\"35\" style=\"\"><\/span><\/p>\n<p style=\"text-align: center;\">13 min meditacija<\/p>\n<h3 style=\"text-align: center;\">Manifestacij\u0173 meditacija<\/h3>\n<p style=\"text-align: center;\">Skirta Tavo vaizduot\u0117s ir k\u016brybi\u0161kumo suaktyvinimui bei nor\u0173 ir intencij\u0173 manifestavimui<\/p>\n<p><span><img decoding=\"async\" alt=\"\" data-id=\"147\" width=\"35\" data-init-width=\"80\" height=\"35\" data-init-height=\"80\" title=\"1e85e345-d850-43a5-afac-4a15b532090e\" loading=\"lazy\" src=\"https:\/\/nowbeyou.global\/lt\/wp-content\/uploads\/2020\/09\/1e85e345-d850-43a5-afac-4a15b532090e.png\" data-width=\"35\" data-height=\"35\" style=\"\"><\/span><\/p>\n<p style=\"text-align: center;\">22 min meditacija<\/p>\n<h3 style=\"text-align: center;\">Streso paleidimo meditacija<\/h3>\n<p style=\"text-align: center;\">Skirta streso paleidimui ir nusiraminimui<\/p>\n<p><span><img decoding=\"async\" alt=\"\" data-id=\"147\" width=\"35\" data-init-width=\"80\" height=\"35\" data-init-height=\"80\" title=\"1e85e345-d850-43a5-afac-4a15b532090e\" loading=\"lazy\" src=\"https:\/\/nowbeyou.global\/lt\/wp-content\/uploads\/2020\/09\/1e85e345-d850-43a5-afac-4a15b532090e.png\" data-width=\"35\" data-height=\"35\" style=\"\"><\/span><\/p>\n<p style=\"text-align: center;\">22 min meditacija<\/p>\n<h3 style=\"text-align: center;\">A\u0161 esu<\/h3>\n<p style=\"text-align: center;\">Skirta susijungti su savo auk\u0161tesniuoju a\u0161 ir i\u0161girsti pas\u0105mon\u0117s dialog\u0105.<\/p>\n<p><span><img decoding=\"async\" alt=\"\" data-id=\"147\" width=\"35\" data-init-width=\"80\" height=\"35\" data-init-height=\"80\" title=\"1e85e345-d850-43a5-afac-4a15b532090e\" loading=\"lazy\" src=\"https:\/\/nowbeyou.global\/lt\/wp-content\/uploads\/2020\/09\/1e85e345-d850-43a5-afac-4a15b532090e.png\" data-width=\"35\" data-height=\"35\" style=\"\"><\/span><\/p>\n<p style=\"text-align: center;\">15 min meditacija<\/p>\n<h3 style=\"text-align: center;\">Pertekliaus meditacija<\/h3>\n<p style=\"text-align: center;\">Skirta kelti savo vibracij\u0105 ir aktyvizuoti gausos energij\u0105 savo gyvenime &nbsp;<\/p>\n<p style=\"text-align: center;\">\n<p style=\"text-align: center;\">moter\u0173 stovyklos (retreat)<\/p>\n<p style=\"text-align: center;\">Transformaciniai mokymai &#8211; s\u0105moningas ir kokybi\u0161kas gyvenimas<\/p>\n<p style=\"text-align: center;\">Gyvi patyriminiai mokymai &#8211; giliausios transformacijos.&nbsp;<\/p>\n","protected":false},"excerpt":{"rendered":"<p>Meditacijos. Prad\u0117k kelion\u0119 dabar. Tu gali leisti 10 min. sau Sav\u0119s gird\u0117jimas Pastoviai medituojant atsiranda geb\u0117jimas i\u0161girsti tikruosius savo norus bei pasirinkimus i\u0161 vidin\u0117s intuicijos, o ne kit\u0173 primestos nuomon\u0117s Susijungimas su savimi Atradus vidin\u012f ry\u0161\u012f su savimi mes geriau jau\u010diame ry\u0161\u012f ir su aplinka, o taip pat atrandame didesn\u012f visumos matym\u0105 ir t\u0105 subtil\u0173 [&hellip;]<\/p>\n","protected":false},"author":1,"featured_media":101,"parent":0,"menu_order":0,"comment_status":"closed","ping_status":"closed","template":"","meta":{"_acf_changed":false,"inline_featured_image":false,"footnotes":""},"class_list":["post-413","page","type-page","status-publish","has-post-thumbnail","hentry","post-wrapper","thrv_wrapper"],"acf":[],"_links":{"self":[{"href":"https:\/\/nowbeyou.global\/lt\/wp-json\/wp\/v2\/pages\/413","targetHints":{"allow":["GET"]}}],"collection":[{"href":"https:\/\/nowbeyou.global\/lt\/wp-json\/wp\/v2\/pages"}],"about":[{"href":"https:\/\/nowbeyou.global\/lt\/wp-json\/wp\/v2\/types\/page"}],"author":[{"embeddable":true,"href":"https:\/\/nowbeyou.global\/lt\/wp-json\/wp\/v2\/users\/1"}],"replies":[{"embeddable":true,"href":"https:\/\/nowbeyou.global\/lt\/wp-json\/wp\/v2\/comments?post=413"}],"version-history":[{"count":6,"href":"https:\/\/nowbeyou.global\/lt\/wp-json\/wp\/v2\/pages\/413\/revisions"}],"predecessor-version":[{"id":2506,"href":"https:\/\/nowbeyou.global\/lt\/wp-json\/wp\/v2\/pages\/413\/revisions\/2506"}],"wp:featuredmedia":[{"embeddable":true,"href":"https:\/\/nowbeyou.global\/lt\/wp-json\/wp\/v2\/media\/101"}],"wp:attachment":[{"href":"https:\/\/nowbeyou.global\/lt\/wp-json\/wp\/v2\/media?parent=413"}],"curies":[{"name":"wp","href":"https:\/\/api.w.org\/{rel}","templated":true}]}}