{"id":407,"date":"2020-09-20T18:25:44","date_gmt":"2020-09-20T15:25:44","guid":{"rendered":"https:\/\/nowbeyou.global\/lt\/clone-of-praktinis-gidas-teigiamu-pokyciu-link\/"},"modified":"2021-11-21T01:15:43","modified_gmt":"2021-11-20T23:15:43","slug":"leonorabeyoupodcast","status":"publish","type":"page","link":"https:\/\/nowbeyou.global\/lt\/leonorabeyoupodcast\/","title":{"rendered":"Podkastai"},"content":{"rendered":"<h2 style=\"text-align: center;\">Garso \u012fra\u0161ai \u201cSielos aritmetika\u201d<\/h2>\n<p style=\"text-align: center;\">Live transliacijos kiekvien\u0105 pirmadien\u012f 19 val. FB puslapyje<\/p>\n<p><a style=\"color: #cccccc; text-decoration: none;\" title=\"Leonora Be You\" href=\"https:\/\/soundcloud.com\/leonorabeyou\" target=\"_blank\" rel=\"noopener noreferrer\">Leonora Be You<\/a> \u00b7 <a style=\"color: #cccccc; text-decoration: none;\" title=\"Sielos Aritmetika\" href=\"https:\/\/soundcloud.com\/leonorabeyou\/sets\/sielos-aritmetika\" target=\"_blank\" rel=\"noopener noreferrer\">Sielos Aritmetika<\/a><\/p>\n<p>Atviruose ir ne visada patogiuose podkasto pokalbiuose Urt\u0117 Karalait\u0117 su \u012fvairiais pa\u0161nekovais tyrin\u0117ja vidin\u012f \u017emog\u0173, kad geriau j\u012f pa\u017ein\u0119, gal\u0117tume skland\u017eiau naviguoti save. Podkastas yra nepriklausomas ir gyvuoja tik klausytoj\u0173 ir r\u0117m\u0117j\u0173 d\u0117ka. A\u010di\u016b jiems, kad galime tokiais pokalbiais nemokamai dalintis su visais. Prisid\u0117k ir tu!<\/p>\n<p>Interviu ir monta\u017eo autor\u0117 \u2013 Urt\u0117 Karalait\u0117Muzika \u2013 Filipe RaposoVizualinis identitetas \u2013 Regina Stonyt\u0117Podkasto garso kokybe r\u016bpinasi garso reklamos k\u016br\u0117jai \u201eDropaudio\u201c<\/p>\n<p>Pokalbiai \u012fra\u0161yti Vilniaus universiteto radijo stotyje \u201eStart FM\u201cPodkasto k\u016brim\u0105 dalinai finansuoja Spaudos, radijo ir televizijos r\u0117mimo fondas.<\/p>\n<p>Pokalbi\u0173 klausyk Spotify, iTunes, 15min Klausyk, Start FM eteryje ir podkast\u0173 klausymo program\u0117l\u0117se.<\/p>\n<p>Be to gali prenumeruoti podkasto RSS.<\/p>\n<h3 style=\"text-align: center;\">Klausyti galima:<\/h3>\n<h4 style=\"text-align: center;\"><span style=\"font-size: 14px;\">SoundCloud<\/span><\/h4>\n<p style=\"text-align: center;\"><span style=\"font-size: 14px;\"><span style=\"font-family: 'Open Sans'; font-weight: 300;\">ICIN persona: creative<\/span><\/span><span style=\"font-family: 'Open Sans'; font-weight: 300; font-size: 14px;\">Talentas: ugnis<\/span><\/p>\n<h4 style=\"text-align: center;\"><span style=\"font-size: 14px;\">Spotify<\/span><\/h4>\n<p style=\"text-align: center;\"><span style=\"font-size: 14px;\"><span style=\"font-family: 'Open Sans'; font-weight: 300;\">S\u0105moning\u0173 versl\u0173 konsultacijaOnline versl\u0173 konsultacija k\u016brimasBuy 1 give 1 kult\u016bros diegimas<\/span><\/span><\/p>\n<h4 style=\"text-align: center;\"><span style=\"font-size: 14px;\">Youtube<\/span><\/h4>\n<p style=\"text-align: center;\"><span style=\"font-size: 14px;\"><span style=\"font-family: 'Open Sans'; font-weight: 300;\">egle@beyou.com+370 655 28525<\/span><\/span><\/p>\n<h4 style=\"text-align: center;\"><span style=\"font-size: 14px;\">iTunes<\/span><\/h4>\n<p style=\"text-align: center;\"><span style=\"font-size: 14px;\"><span style=\"font-family: 'Open Sans'; font-weight: 300;\">Kelion\u0117 \u012f saveMentoryst\u0117<\/span><\/span><\/p>\n","protected":false},"excerpt":{"rendered":"<p>Garso \u012fra\u0161ai \u201cSielos aritmetika\u201d Live transliacijos kiekvien\u0105 pirmadien\u012f 19 val. FB puslapyje Leonora Be You \u00b7 Sielos Aritmetika Atviruose ir ne visada patogiuose podkasto pokalbiuose Urt\u0117 Karalait\u0117 su \u012fvairiais pa\u0161nekovais tyrin\u0117ja vidin\u012f \u017emog\u0173, kad geriau j\u012f pa\u017ein\u0119, gal\u0117tume skland\u017eiau naviguoti save. Podkastas yra nepriklausomas ir gyvuoja tik klausytoj\u0173 ir r\u0117m\u0117j\u0173 d\u0117ka. A\u010di\u016b jiems, kad galime [&hellip;]<\/p>\n","protected":false},"author":1,"featured_media":409,"parent":0,"menu_order":0,"comment_status":"closed","ping_status":"closed","template":"","meta":{"_acf_changed":false,"inline_featured_image":false,"footnotes":"","tve_updated_post":"<div class=\"thrv_wrapper thrv-page-section tve-height-update tcb-global-section-kgglrym8\" style=\"\" data-css=\"tve-u-175414239b1\">\n\t<div class=\"tve-page-section-out tcb-global-section-kgglrym8-out\" style=\"\" data-css=\"tve-u-175414239bc\"><\/div>\n\t<div class=\"tve-page-section-in tve_empty_dropzone tcb-global-section-kgglrym8-in\" style=\"\" data-css=\"tve-u-175414239b4\"><div class=\"thrv_wrapper thrv_text_element\" style=\"\" data-css=\"tve-u-5f677478873e63\">\t<h2 class=\"\" style=\"text-align: center;\" data-css=\"tve-u-5f677478873e72\">Kelion\u0117 \u012f save TV<\/h2><p style=\"text-align: center;\" data-css=\"tve-u-5f677478873e86\">Live transliacijos ir atsakymai \u012f klausimus kiekvien\u0105 pirmadien\u012f Leonora Be You FB puslapyje<\/p><\/div><div class=\"thrv_wrapper thrv_symbol thrive-shortcode thrv_symbol_292\" data-shortcode=\"thrive_symbol\" data-id=\"292\" data-selector=\".thrv_symbol_292\" style=\"\"><div class=\"thrive-shortcode-config\" style=\"display: none !important\">__CONFIG_post_symbol__{\"id\":\"292\"}__CONFIG_post_symbol__<\/div><\/div><div class=\"thrv_wrapper thrv-columns\" data-css=\"tve-u-5f677478873e98\" style=\"--tcb-col-el-width:831.2;\"><div class=\"tcb-flex-row v-2 tcb-resized tcb--cols--2 tcb-medium-wrap\" style=\"\" data-css=\"tve-u-5f677478873ea7\"><div class=\"tcb-flex-col\" style=\"\" data-css=\"tve-u-5f677478873eb3\"><div class=\"tcb-col\"><div class=\"thrv_wrapper tve_wp_shortcode\"><div class=\"tve_shortcode_raw\" style=\"display: none\">___TVE_SHORTCODE_RAW__&lt;p&gt;&lt;iframe width=\"100%\" height=\"450\" scrolling=\"no\" frameborder=\"no\" allow=\"autoplay\" src=\"https:\/\/w.soundcloud.com\/player\/?url=https%3A\/\/api.soundcloud.com\/playlists\/452708532&amp;color=%23cd9990&amp;auto_play=false&amp;hide_related=false&amp;show_comments=true&amp;show_user=true&amp;show_reposts=false&amp;show_teaser=true\"&gt;&lt;\/iframe&gt;&lt;\/p&gt;\n&lt;div style=\"font-size: 10px; color: #cccccc;line-break: anywhere;word-break: normal;overflow: hidden;white-space: nowrap;text-overflow: ellipsis; font-family: Interstate,Lucida Grande,Lucida Sans Unicode,Lucida Sans,Garuda,Verdana,Tahoma,sans-serif;font-weight: 100;\"&gt;&lt;a href=\"https:\/\/soundcloud.com\/leonorabeyou\" title=\"Leonora Be You\" target=\"_blank\" style=\"color: #cccccc; text-decoration: none;\"&gt;Leonora Be You&lt;\/a&gt; \u00b7 &lt;a href=\"https:\/\/soundcloud.com\/leonorabeyou\/sets\/sielos-aritmetika\" title=\"Sielos Aritmetika\" target=\"_blank\" style=\"color: #cccccc; text-decoration: none;\"&gt;Sielos Aritmetika&lt;\/a&gt;&lt;\/div&gt;\n__TVE_SHORTCODE_RAW___<\/div><\/div><\/div><\/div><div class=\"tcb-flex-col\" style=\"\" data-css=\"tve-u-5f677478873ee0\"><div class=\"tcb-col\"><div class=\"thrv_wrapper thrv_text_element\"><p data-css=\"tve-u-5f677478873ef6\" style=\"\">\"Kelion\u0117 \u012f save\" rubrika gimusi prat\u0119sti pokalbius su skaitytojais, klausytojais ir ie\u0161kotojais atsakym\u0173 \u012f kartais ne visuomet paprastus gyvenimi\u0161kus klausimus. Tai susitikimai visiems, ie\u0161kantiems geros energijos ir \u012fkv\u0117pimo savait\u0117s prad\u017eiai. Kartais \u0161ie susitikimai virsta praktikomis ar meditacijomis. Tai t\u0119sinys anks\u010diau buvusi\u0173 pirmadienio pokalbi\u0173 \"Sielos aritmetika\", kurie gim\u0117 kaip atsakymai \u012f klausimus kylan\u010dius Leonora Be You sek\u0117jams ir knygos \"Sielos aritmetika\" skaitytojams. Pirmadienio susitikimai gyvi, parenkant aktualiausi\u0105 savait\u0117s tem\u0105, situacij\u0105 ar klausim\u0105.&nbsp;<\/p><p data-css=\"tve-u-5f677478873ef6\" style=\"\">Si\u0173skite savo situacij\u0105 ar klausim\u0105 info@leonorabeyou.com<\/p><\/div><\/div><\/div><\/div><\/div><div class=\"thrv_wrapper thrv_symbol thrive-shortcode thrv_symbol_292\" data-shortcode=\"thrive_symbol\" data-id=\"292\" data-selector=\".thrv_symbol_292\"><div class=\"thrive-shortcode-config\" style=\"display: none !important\">__CONFIG_post_symbol__{\"id\":\"292\"}__CONFIG_post_symbol__<\/div><\/div><div class=\"thrv_wrapper thrv_text_element\" data-css=\"tve-u-5f677478873f83\" style=\"\">\t<h3 style=\"text-align: center;\" data-css=\"tve-u-5f677478873f98\" class=\"\">Live susitikim\u0173 \u012fra\u0161\u0173 galite klausyti:<\/h3><\/div><div class=\"thrv_wrapper thrv-columns\" style=\"--tcb-col-el-width:831.2;\"><div class=\"tcb-flex-row v-2 tcb--cols--3\"><div class=\"tcb-flex-col\"><div class=\"tcb-col\"><div class=\"thrv_wrapper thrv_text_element\" style=\"\" data-css=\"tve-u-17ad80b0444\"><h4 class=\"\" data-css=\"tve-u-5f677478874002\" style=\"text-align: center;\"><span data-css=\"tve-u-5f677478874011\" style=\"font-size: 14px;\">SoundCloud<\/span><\/h4><p style=\"text-align: center;\"><span data-css=\"tve-u-5f677478874025\" style=\"font-size: 14px;\"><span data-css=\"tve-u-5f677478874034\" style=\"font-family: &quot;Open Sans&quot;; font-weight: 300;\">Leonora Be You<\/span><\/span><\/p><\/div><div class=\"thrv_wrapper thrv-button thrv-button-v2 tcb-local-vars-root tcb-global-button-kfcx86bo\" data-button-style=\"tcb-global-button-kfcx86bo\" data-css=\"tve-u-17d3fa1c0ab\"><div class=\"thrive-colors-palette-config\" style=\"display: none !important\">__CONFIG_colors_palette__{\"active_palette\":0,\"config\":{\"colors\":{\"62516\":{\"name\":\"Main Accent\",\"parent\":-1}},\"gradients\":[]},\"palettes\":[{\"name\":\"Default Palette\",\"value\":{\"colors\":{\"62516\":{\"val\":\"rgb(209, 132, 126)\"}},\"gradients\":[]}}]}__CONFIG_colors_palette__<\/div>\n\t\n\t<a href=\"http:\/\/soundcloud.com\/leonorabeyou\" class=\"tcb-button-link tcb-plain-text\" target=\"_blank\">\n\t\t<span class=\"tcb-button-texts\"><span class=\"tcb-button-text thrv-inline-text tcb-global-button-kfcx86bo-prtext\">Klausyti<\/span><\/span>\n\t<\/a>\n<\/div><\/div><\/div><div class=\"tcb-flex-col\"><div class=\"tcb-col\"><div class=\"thrv_wrapper thrv_text_element\" style=\"\" data-css=\"tve-u-174ac263995\"><h4 class=\"\" data-css=\"tve-u-5f677478874002\" style=\"text-align: center;\"><span data-css=\"tve-u-5f677478874011\" style=\"font-size: 14px;\">Youtube<\/span><\/h4><p style=\"text-align: center;\"><span data-css=\"tve-u-5f677478874025\" style=\"font-size: 14px;\"><span data-css=\"tve-u-5f677478874034\" style=\"font-family: &quot;Open Sans&quot;; font-weight: 300;\">Leonora Be You&nbsp;<\/span><\/span><span data-css=\"tve-u-5f677478874025\" style=\"font-size: 14px;\"><span data-css=\"tve-u-5f677478874034\" style=\"font-family: &quot;Open Sans&quot;; font-weight: 300;\">\"Kelion\u0117 \u012f save\" TV<\/span><\/span><\/p><\/div><div class=\"thrv_wrapper thrv-button thrv-button-v2 tcb-local-vars-root tcb-global-button-kfcx86bo\" data-button-style=\"tcb-global-button-kfcx86bo\" data-css=\"tve-u-17d3fa1e6db\"><div class=\"thrive-colors-palette-config\" style=\"display: none !important\">__CONFIG_colors_palette__{\"active_palette\":0,\"config\":{\"colors\":{\"62516\":{\"name\":\"Main Accent\",\"parent\":-1}},\"gradients\":[]},\"palettes\":[{\"name\":\"Default Palette\",\"value\":{\"colors\":{\"62516\":{\"val\":\"rgb(209, 132, 126)\"}},\"gradients\":[]}}]}__CONFIG_colors_palette__<\/div>\n\t\n\t<a href=\"http:\/\/bit.ly\/kelioneisaveyoutube\" class=\"tcb-button-link tcb-plain-text\" target=\"_blank\">\n\t\t<span class=\"tcb-button-texts\"><span class=\"tcb-button-text thrv-inline-text tcb-global-button-kfcx86bo-prtext\">Klausyti<\/span><\/span>\n\t<\/a>\n<\/div><\/div><\/div><div class=\"tcb-flex-col\"><div class=\"tcb-col\"><div class=\"thrv_wrapper thrv_text_element\" style=\"\" data-css=\"tve-u-174ac263995\"><h4 class=\"\" data-css=\"tve-u-5f677478874002\" style=\"text-align: center;\"><span data-css=\"tve-u-5f677478874011\" style=\"font-size: 14px;\">Facebook<\/span><\/h4><p style=\"text-align: center;\"><span data-css=\"tve-u-5f677478874025\" style=\"font-size: 14px;\"><span data-css=\"tve-u-5f677478874034\" style=\"font-family: &quot;Open Sans&quot;; font-weight: 300;\">Leonora Be You<\/span><\/span><\/p><\/div><div class=\"thrv_wrapper thrv-button thrv-button-v2 tcb-local-vars-root tcb-global-button-kfcx86bo\" data-button-style=\"tcb-global-button-kfcx86bo\" data-css=\"tve-u-17d3fa21e5a\"><div class=\"thrive-colors-palette-config\" style=\"display: none !important\">__CONFIG_colors_palette__{\"active_palette\":0,\"config\":{\"colors\":{\"62516\":{\"name\":\"Main Accent\",\"parent\":-1}},\"gradients\":[]},\"palettes\":[{\"name\":\"Default Palette\",\"value\":{\"colors\":{\"62516\":{\"val\":\"rgb(209, 132, 126)\"}},\"gradients\":[]}}]}__CONFIG_colors_palette__<\/div>\n\t\n\t<a href=\"http:\/\/facebook.com\/leonorabeyou\" class=\"tcb-button-link tcb-plain-text\" target=\"_blank\">\n\t\t<span class=\"tcb-button-texts\"><span class=\"tcb-button-text thrv-inline-text tcb-global-button-kfcx86bo-prtext\">Klausyti<\/span><\/span>\n\t<\/a>\n<\/div><\/div><\/div><\/div><\/div><\/div>\n<\/div>","tve_custom_css":"@import url(\"\/\/fonts.googleapis.com\/css?family=Arsenal:400,700&subset=latin\");@import url(\"\/\/fonts.googleapis.com\/css?family=Open+Sans:400,600,300&subset=latin\");@media (min-width: 300px){[data-css=\"tve-u-5f677478873e63\"] { margin-top: 0px !important; }:not(#tve) [data-css=\"tve-u-5f677478873e72\"] { color: var(--tcb-skin-color-0) !important; --tcb-applied-color:var$(--tcb-skin-color-0) !important; --tve-applied-color:var$(--tcb-skin-color-0) !important; padding-bottom: 5px !important; margin-bottom: 0px !important; font-size: 38px !important; }:not(#tve) [data-css=\"tve-u-5f677478873e86\"] { --g-regular-weight:400; --g-bold-weight:700; font-size: 22px !important; font-family: Arsenal !important; font-weight: var(--g-regular-weight,normal) !important; padding-bottom: 12px !important; margin-bottom: 0px !important; }:not(#tve) [data-css=\"tve-u-5f677478873e86\"] strong { font-weight: 700 !important; }[data-css=\"tve-u-5f677478873ea7\"] > .tcb-flex-col { padding-left: 50px; }[data-css=\"tve-u-5f677478873ea7\"] { margin-left: -50px; padding: 0px !important; }[data-css=\"tve-u-5f677478873e98\"] { margin: 0px 0px 40px !important; }[data-css=\"tve-u-5f677478873eb3\"] { max-width: 50%; }[data-css=\"tve-u-5f677478873ee0\"] { max-width: 50%; }:not(#tve) [data-css=\"tve-u-5f677478873ef6\"] { --g-regular-weight:300; --g-bold-weight:600; font-family: \"Open Sans\" !important; font-weight: var(--g-regular-weight,normal) !important; line-height: 1.8em !important; }:not(#tve) [data-css=\"tve-u-5f677478873ef6\"] strong { font-weight: 600 !important; }:not(#tve) [data-css=\"tve-u-5f677478873f98\"] { font-size: 19px !important; padding-top: 0px !important; margin-top: 0px !important; padding-bottom: 16px !important; margin-bottom: 0px !important; }:not(#tve) [data-css=\"tve-u-5f677478874002\"] { --g-regular-weight:400; --g-bold-weight:600; font-size: 14px !important; padding-bottom: 0px !important; margin-bottom: 0px !important; padding-top: 0px !important; margin-top: 0px !important; font-family: \"Open Sans\" !important; font-weight: var(--g-regular-weight,normal) !important; }:not(#tve) [data-css=\"tve-u-5f677478874002\"] strong { font-weight: 600 !important; }[data-css=\"tve-u-5f677478874011\"] { font-size: 14px !important; }[data-css=\"tve-u-5f677478874025\"] { font-size: 14px !important; }[data-css=\"tve-u-5f677478874034\"] { font-family: \"Open Sans\" !important; font-weight: 300 !important; }[data-css=\"tve-u-5f677478874034\"] strong { font-weight: 600 !important; }[data-css=\"tve-u-5f677478873f83\"] { margin-bottom: 14px !important; }[data-css=\"tve-u-174ac263995\"] { float: none; margin-left: -54px !important; margin-right: -59px !important; }[data-css=\"tve-u-175414239b1\"] { padding: 50px 100px !important; margin-bottom: 0px !important; }[data-css=\"tve-u-175414239b4\"] { max-width: 100%; }[data-css=\"tve-u-17ad80b0444\"] { margin-right: -55px !important; }}@media (max-width: 1023px){:not(#tve) [data-css=\"tve-u-5f677478873f98\"] { padding-bottom: 8px !important; margin-bottom: 0px !important; }[data-css=\"tve-u-5f677478873ea7\"] { flex-wrap: wrap !important; }[data-css=\"tve-u-5f677478873ea7\"] > .tcb-flex-col { flex-basis: 700px !important; }[data-css=\"tve-u-174ac263995\"] { float: none; margin-left: auto !important; margin-right: auto !important; }[data-css=\"tve-u-175414239b1\"] { padding: 50px !important; }}@media (max-width: 767px){[data-css=\"tve-u-5f677478873e63\"] { margin-top: 0px !important; }:not(#tve) [data-css=\"tve-u-5f677478873f98\"] { padding-bottom: 8px !important; margin-bottom: 0px !important; }[data-css=\"tve-u-175414239b1\"] { padding: 20px !important; }}","tve_user_custom_css":"","tve_globals":{"e":"1","font_cls":[]},"tcb2_ready":1,"tcb_editor_enabled":1,"tve_landing_page":"","_tve_header":"0","_tve_footer":"0"},"class_list":["post-407","page","type-page","status-publish","has-post-thumbnail","hentry","post-wrapper","thrv_wrapper"],"acf":[],"_links":{"self":[{"href":"https:\/\/nowbeyou.global\/lt\/wp-json\/wp\/v2\/pages\/407","targetHints":{"allow":["GET"]}}],"collection":[{"href":"https:\/\/nowbeyou.global\/lt\/wp-json\/wp\/v2\/pages"}],"about":[{"href":"https:\/\/nowbeyou.global\/lt\/wp-json\/wp\/v2\/types\/page"}],"author":[{"embeddable":true,"href":"https:\/\/nowbeyou.global\/lt\/wp-json\/wp\/v2\/users\/1"}],"replies":[{"embeddable":true,"href":"https:\/\/nowbeyou.global\/lt\/wp-json\/wp\/v2\/comments?post=407"}],"version-history":[{"count":0,"href":"https:\/\/nowbeyou.global\/lt\/wp-json\/wp\/v2\/pages\/407\/revisions"}],"wp:featuredmedia":[{"embeddable":true,"href":"https:\/\/nowbeyou.global\/lt\/wp-json\/wp\/v2\/media\/409"}],"wp:attachment":[{"href":"https:\/\/nowbeyou.global\/lt\/wp-json\/wp\/v2\/media?parent=407"}],"curies":[{"name":"wp","href":"https:\/\/api.w.org\/{rel}","templated":true}]}}