{"id":3146,"date":"2024-09-26T19:07:04","date_gmt":"2024-09-26T16:07:04","guid":{"rendered":"https:\/\/nowbeyou.global\/lt\/?page_id=3146"},"modified":"2024-12-23T15:41:47","modified_gmt":"2024-12-23T13:41:47","slug":"zanzibaras","status":"publish","type":"page","link":"https:\/\/nowbeyou.global\/lt\/mokymai\/zanzibaras\/","title":{"rendered":"Magi\u0161kas Zanzibaras"},"content":{"rendered":"<p style=\"text-align: center;\">Gamtos ELEMENTAI Tavyje retreat&#8217;as moterims Zanzibare!<\/p>\n<p style=\"text-align: center;\">unikalus augimo ir poilsio tandemas sausio 8-20 d.<\/p>\n<p>\u012esivaizduok, kaip \u0161velniai \u0161iltas Indijos vandenyno v\u0117jas glosto Tavo od\u0105, kai \u017eengi pirmuosius \u017eingsnius \u0161ioje egzoti\u0161koje saloje. Zanzibaras kvie\u010dia Tave \u012f nuotyk\u012f, kuris pakeis ne tik Tavo kasdienyb\u0119, bet ir Tave pa\u010di\u0105 \u2013 \u012f kelion\u0119, kurioje atrasi save i\u0161 naujo per keturis gamtos elementus: \u017eem\u0119, or\u0105, ugn\u012f ir vanden\u012f. \u0160i kelion\u0117 \u2013 tai ne tik poilsis, bet ir gilus sav\u0119s patyrimas, sujungiantis k\u016bn\u0105, siel\u0105 ir dvasi\u0105 su gamta.<\/p>\n<p><strong>Dvi unikalios dalys,<\/strong> kurias gali rinktis kartu arba atskirai:<strong> <span style=\"text-decoration: underline;\">pirmoji dalis<\/span>: KELION\u0116 \u012e SAVE su Leonora Be You<\/strong>, <strong><span style=\"text-decoration: underline;\">antroji dalis:<\/span> KELION\u0116 PO ZANZIBAR\u0104 <\/strong>kruop\u0161\u010diai paruo\u0161ta vietini\u0173 gid\u0173.<\/p>\n<p><strong><em>Kod\u0117l Zanzibaras?<\/em><\/strong><\/p>\n<p>Id\u0117ja kurti \u0161\u012f projekt\u0105 kilo <em><strong>R\u016btai Ra\u010dkauskienei<\/strong><\/em>, kuri jau ne vienerius metus yra saviugdos kelyje bei ketverius metus aktyviai dalyvauja mokymuose kartu su Now Be You komanda.<\/p>\n<p>R\u016bta po daugyb\u0117s met\u0173 emigracijoje ir s\u0117kmingos karjeros restoran\u0173 bei vie\u0161bu\u010di\u0173 versle, atrado savo tikr\u0105j\u012f pa\u0161aukim\u0105 \u2013 organizuoti erdves moter\u0173 sav\u0119s pa\u017einimui ir atsiv\u0117rimui. \u012eveikusi onkologin\u0119 lig\u0105, R\u016bta dar stipriau suvok\u0117, kad organizavimas ir buvimas \u0161alia \u017emoni\u0173, kai jiems reikia emocin\u0117s paramos, jai suteikia prasm\u0119. <em>&#8222;Labai noriu t\u0119sti \u0161\u012f darb\u0105, sukurti erdv\u0119, kurioje moterys gal\u0117t\u0173 atrasti save ir \u0161v\u0119sti gyvenim\u0105.&#8221;<\/em><\/p>\n<p>Kaip projekto iniciator\u0117 R\u016bta pakviet\u0117 Leonor\u0105 paruo\u0161ti unikali\u0105 kelion\u0117s \u012f save program\u0105, kuri tokia bus pirm\u0105 kart\u0105. Na, o kod\u0117l R\u016btos vizijoje atsirado Zanzibaras paklausykite video \u017eemiau.<\/p>\n<h2 style=\"text-align: center;\">PIRMA DALIS: 5 dien\u0173 retreat programa &#8222;Gamtos elementai Tavyje&#8221;:<\/h2>\n<p style=\"text-align: center;\">Sausio 8 d.<\/p>\n<h3 style=\"text-align: center;\">ATVYKIMAS IR RETREAT PROGRAMOS ATIDARYMAS<\/h3>\n<p>J\u016bs pasitiksis Zanzibaro oro uoste. Grup\u0117mis keliausite \u012f vie\u0161but\u012f, \u012fsik\u016brus\u012f ant vandenyno kranto.<\/p>\n<p>\u012esik\u016brus, laukia pirmosios maudyn\u0117s, po kuri\u0173 vyks programos atidarymo ceremonija.<\/p>\n<p>\u0160\u012f vakar\u0105 susipa\u017einsime su viena kita ir pasiruo\u0161ime gilintis \u012f save ir \u012f gamtos element\u0173 paslaptis.<\/p>\n<p><img loading=\"lazy\" decoding=\"async\" style=\"aspect-ratio: auto 1200 \/ 900;\" title=\"580716522\" src=\"https:\/\/nowbeyou.global\/lt\/wp-content\/uploads\/2024\/09\/580716522.jpg\" alt=\"\" width=\"398\" height=\"298\" data-id=\"3149\" data-init-width=\"1200\" data-init-height=\"900\" data-width=\"398\" data-height=\"298\" \/><\/p>\n<p style=\"text-align: center;\">Sausio 9 &#8211; 12 d.<\/p>\n<h3 style=\"text-align: center;\">SAV\u0118S PATYRIMAS PER KETURIS GAMTOS ELEMENTUS: \u017dEM\u0116. VANDUO.UGNIS. ORAS<\/h3>\n<p>Kiekvien\u0105 dien\u0105 skirsime sav\u0119s pa\u017einimui per skirting\u0105 gamtos element\u0105. Priklausomai nuo temos patirsite skirtingas praktikas, kurios apims<em><strong> vedam\u0105sias garso meditacijas<\/strong><\/em> su profesionaliai garso \u012fra\u0161ais bei ausin\u0117mis, <em><strong>kv\u0117pavimo praktikas,<\/strong><\/em> skirtingas <em><strong>k\u016bno judesio bei konstaliacines praktikas, ra\u0161ymo u\u017eduotis<\/strong><\/em>.<\/p>\n<ul>\n<li><strong>\u017dEM\u0116:<\/strong>\u00a0 mano \u0161aknys, pamatin\u0117s vertyb\u0117s, susijungimas su k\u016bnu.<\/li>\n<li><strong>ORAS:<\/strong> mano \u012fkv\u0117pimas, autenti\u0161ka gyvenimo k\u016bryba ir prasm\u0117.<\/li>\n<li><strong>VANDUO:<\/strong> mano santykiai, seksualumas ir vidinis vaikas.<\/li>\n<li><strong>UGNIS:<\/strong> mano vizija, aistra ir tiksl\u0173 integracija \u012f kasdienyb\u0119.<\/li>\n<\/ul>\n<p>Retreat&#8217;o metu ne tik patirsi kiekviena element\u0105 per save, kurie pad\u0117s persikrauti bet ir pa\u017einsi savo tikr\u0105j\u0105 esat\u012f bei nusistatyti savo gyvenime dominuojant\u012f element\u0105!<\/p>\n<p><strong>Preliminarus dienos planas:<\/strong><\/p>\n<p>7-9 val. Kundalini joga su Neringa Sakalauskiene<\/p>\n<p>9 val. Rytin\u0117s maudyn\u0117s Indijos vandenyne<\/p>\n<p>11 val. Pusry\u010diai<\/p>\n<p>13-15val. Laisvas laikas, masa\u017eai<\/p>\n<p>15-16 val. Popiet\u0117 su \u0161vie\u017eiais vaisiais<\/p>\n<p>16-18 val. Praktikos su Leonora Be You<\/p>\n<p>18 val. Vakarien\u0117<\/p>\n<p>19-21 val. Praktikos su Leonora Be You<\/p>\n<p>21val. Maudyn\u0117s ir poilsis<\/p>\n<p><img loading=\"lazy\" decoding=\"async\" style=\"aspect-ratio: auto 2048 \/ 1365;\" title=\"IMG_9718\" src=\"https:\/\/nowbeyou.global\/lt\/wp-content\/uploads\/2024\/04\/IMG_9718.jpg\" alt=\"\" width=\"398\" height=\"265\" data-id=\"3085\" data-init-width=\"2048\" data-init-height=\"1365\" data-width=\"398\" data-height=\"265\" \/><img loading=\"lazy\" decoding=\"async\" style=\"aspect-ratio: auto 1200 \/ 1600;\" title=\"WhatsApp Image 2024-09-25 at 23.41.56 (3)\" src=\"https:\/\/nowbeyou.global\/lt\/wp-content\/uploads\/2024\/09\/WhatsApp-Image-2024-09-25-at-23.41.56-3.jpeg\" alt=\"\" width=\"398\" height=\"530\" data-id=\"3171\" data-init-width=\"1200\" data-init-height=\"1600\" data-width=\"398\" data-height=\"530\" \/><\/p>\n<p style=\"text-align: center;\">Sausio 13-14 d.<\/p>\n<h3 style=\"text-align: center;\">POILSIS IR INTEGRACIJA<\/h3>\n<p>\u0160ios dvi dienos skirtos tam, kad \u012fsisavintum\u0117te patirt\u012f, atsipalaiduotum\u0117te ir leistum\u0117te k\u016bnui bei protui integruoti visk\u0105, k\u0105 i\u0161mokote.<\/p>\n<p>M\u0117gausit\u0117s vandenyno malonumais, masa\u017eais ir buvimu.<\/p>\n<p><img loading=\"lazy\" decoding=\"async\" style=\"aspect-ratio: auto 1920 \/ 2560;\" title=\"image\" src=\"https:\/\/nowbeyou.global\/lt\/wp-content\/uploads\/2024\/09\/image.jpeg\" alt=\"\" width=\"418\" height=\"557\" data-id=\"3157\" data-init-width=\"1920\" data-init-height=\"2560\" data-width=\"418\" data-height=\"557\" \/><\/p>\n<h2 style=\"text-align: center;\">ANTRA DALIS: keliavimas po Zanzibar\u0105<\/h2>\n<p style=\"text-align: center;\">Sausio 15 d.<\/p>\n<h3 style=\"text-align: center;\">SAFARIS MIKUMI NACIONALINIAM PARKE, TANZANIJOJE<\/h3>\n<p>Leisit\u0117s \u012f nepamir\u0161tam\u0105 1 dienos safario nuotyk\u012f i\u0161 Zanzibaro \u012f Mikumi nacionalin\u012f park\u0105.<\/p>\n<p>\u012esp\u016bding\u0173 Mikumi kra\u0161tovaizd\u017ei\u0173 fone pamatysite diding\u0105 laukin\u0119 gamt\u0105 \u2013 nuo li\u016bt\u0173 ir drambli\u0173 iki gyvybing\u0173 pauk\u0161\u010di\u0173 r\u016b\u0161i\u0173. \u00a0Patyr\u0119 gidai ves jus po park\u0105, u\u017etikrindami, kad diena b\u016bt\u0173 kupina \u012fsp\u016bding\u0173 akimirk\u0173 gamtoje.<\/p>\n<p>Patirsite safario jaudul\u012f, kur\u012f prisiminsite vis\u0105 gyvenim\u0105.<\/p>\n<p><img loading=\"lazy\" decoding=\"async\" style=\"aspect-ratio: auto 2560 \/ 1707;\" title=\"muhuji-mshana-xi-ZrRhUC4s-unsplash\" src=\"https:\/\/nowbeyou.global\/lt\/wp-content\/uploads\/2024\/09\/muhuji-mshana-xi-ZrRhUC4s-unsplash-scaled.jpg\" alt=\"\" width=\"418\" height=\"278\" data-id=\"3177\" data-init-width=\"2560\" data-init-height=\"1707\" data-width=\"418\" data-height=\"278\" \/><\/p>\n<p style=\"text-align: center;\">Sausio 16 d.<\/p>\n<h3 style=\"text-align: center;\">M\u0116LYNASIS SAFARI<\/h3>\n<p>Vyksime \u012f Fumba miest\u0105, s\u0117site \u012f afrikieti\u0161ko stiliaus laiv\u0105 ( Dhow ) ir keliausite \u012f papl\u016bdim\u012f \u2013 ten Jums paruo\u0161ime palapin\u0119 \u2013 tent\u0105, po kuriuo gal\u0117site pasisl\u0117pti nuo kaitros, gul\u0117ti, degintis. \u0160vie\u017ei\u0173 egzotini\u0173 vaisi\u0173 u\u017eburiantis kvapas ir skonis, bei gaivieji g\u0117rimai leis atsigaivinti nuo kar\u0161tos saul\u0117s spinduli\u0173. M\u0117lynajame safaryje gal\u0117site maudytis, u\u017esiimti pavir\u0161iniu nardymu ( snorkelinimu ) \u2013 tam tur\u0117site 1.5 val.<\/p>\n<p>Nuve\u0161ime ap\u017ei\u016br\u0117ti nuostabiosios \u017eydrosios lag\u016bnos, ten J\u016bs\u0173 lauks maudyn\u0117s ir piet\u016bs: j\u016bros g\u0117ryb\u0117s, keptos ant groteli\u0173.<\/p>\n<p>Keliausite \u012f Kwale sal\u0105 \u2013 parodysime seniausi\u0105 salos Baobab\u0105, kuris d\u0117l savo seno am\u017eiaus jau gri\u016bva, bet dar vis auga.<\/p>\n<p><img loading=\"lazy\" decoding=\"async\" style=\"aspect-ratio: auto 800 \/ 450;\" title=\"image (2)\" src=\"https:\/\/nowbeyou.global\/lt\/wp-content\/uploads\/2024\/09\/image-2.webp\" alt=\"\" width=\"418\" height=\"235\" data-id=\"3156\" data-init-width=\"800\" data-init-height=\"450\" data-width=\"418\" data-height=\"235\" \/><\/p>\n<p style=\"text-align: center;\">Sausio 17 d.<\/p>\n<h3 style=\"text-align: center;\">JOZANI MI\u0160KAS IR SLAPTIEJI ZANZIBARO PERLAI<\/h3>\n<p>Vyksime \u00a0\u012f Jozani mi\u0161k\u0105 kuriame gal\u0117site steb\u0117ti raudon\u0105sias be\u017ed\u017eiones, kurios veisiasi tik Zanzibare. Taip pat \u0161ios ekskursijos metu pamatysite pat\u012f mi\u0161k\u0105 ir Mangroves med\u017eius \u2013 tai med\u017eiai, augantys atogr\u0105\u017e\u0173 mi\u0161k\u0173 pelk\u0117se.<\/p>\n<p>Mtende slaptasis papl\u016bdimys \u2013 vienas i\u0161 gra\u017eiausi\u0173 ir spalvingiausi\u0173 papl\u016bdimi\u0173 Zanzibare, pasiekiamas automobiliu.<\/p>\n<p>Salami urvas \u2013 tai yra gamtos suformuotas e\u017eeras uoloje, kuriame gal\u0117site maudytis su j\u016bros v\u0117\u017eliais, juos pamaitinti.<\/p>\n<p><img loading=\"lazy\" decoding=\"async\" style=\"aspect-ratio: auto 800 \/ 534;\" title=\"image\" src=\"https:\/\/nowbeyou.global\/lt\/wp-content\/uploads\/2024\/09\/image.webp\" alt=\"\" width=\"418\" height=\"279\" data-id=\"3158\" data-init-width=\"800\" data-init-height=\"534\" data-width=\"418\" data-height=\"279\" \/><\/p>\n<p style=\"text-align: center;\">Sausio 18 d.<\/p>\n<h3 style=\"text-align: center;\">PRIESKONI\u0172 PLANTACIJOS. PRISON ISLAND. NAKUPENDA papl\u016bdimys. STONETOWN<\/h3>\n<p>Nuve\u0161ime \u012f prieskoni\u0173 plantacijas \u2013 ten pamatysite Zanzibare augan\u010dius prieskonius \u2013 vanil\u0119, cinamon\u0105, gvazdik\u0117lius, imbier\u0105 ir daugyb\u0119 kit\u0173 prieskoni\u0173 bei augal\u0173. Jums panor\u0117jus, suteiksime galimyb\u0119 j\u0173 paragauti, juos paliesti bei u\u017euosti egzotinius kvapus. Tur\u0117site prog\u0105 pamatyti kaip nuo kokoso med\u017eio nuskinami vaisiai ir i\u0161girsite unikaliu afrikieti\u0161ku balsu atliekam\u0105 populiari\u0105 dain\u0105 \u201e Jambo Bwana\u2018\u2018. Po turo gal\u0117site \u012fsigyti prieskoni\u0173, kavos, arbatos tiesiai i\u0161 \u016bkio, bei paragauti \u0161vie\u017ei\u0173, prie J\u016bs\u0173 aki\u0173 pjaustom\u0173 vaisi\u0173.<\/p>\n<p>Va\u017eiuosite \u012f akmenin\u012f miestel\u012f (StoneTown) ir tradiciniu mediniu laivu plauksite \u012f kal\u0117jimo sal\u0105 (Prison island), kurioje matysite mil\u017eini\u0161kus sausumos v\u0117\u017elius bei buvusio kal\u0117jimo griuv\u0117sius, ma\u017eas antilopes bei spalvingauodegius povus.<\/p>\n<p>Keliausite \u012f Nakupenda \u2013 tai yra Indijos vandenyno per potvynius u\u017eliejama sala, kuri, beje, yra viena gra\u017eiausi\u0173 pasaulyje. Joje lankydamiesi gal\u0117site plaukioti, nardyti pavir\u0161iniu nardymu, atsipalaiduoti nuostabiame \u017eydrame papl\u016bdimyje, ragauti tropinius vaisius. Pietums bus patiektos j\u016bros g\u0117ryb\u0117s, keptos ant groteli\u0173. Gr\u012f\u0161ite \u012f akmenin\u012f miestel\u012f, kuriame J\u016bs\u0173 lauks: Pasaulinio paveldo miesto StoneTown ekskursija, istorini\u0173 pastat\u0173 lankymas, verg\u0173 turgus, Darjani turgus, Fred\u017eio Merkurio namas, Sultono r\u016bmai, senasis uostas, kuriame \u0161iuo metu veikia naktinis maisto turgus.<\/p>\n<p><img loading=\"lazy\" decoding=\"async\" style=\"aspect-ratio: auto 800 \/ 533;\" title=\"image (1)\" src=\"https:\/\/nowbeyou.global\/lt\/wp-content\/uploads\/2024\/09\/image-1.webp\" alt=\"\" width=\"418\" height=\"278\" data-id=\"3155\" data-init-width=\"800\" data-init-height=\"533\" data-width=\"418\" data-height=\"278\" \/><img loading=\"lazy\" decoding=\"async\" style=\"aspect-ratio: auto 1919 \/ 2560;\" title=\"andre-abreu-FW5Es_Bt1Zk-unsplash\" src=\"https:\/\/nowbeyou.global\/lt\/wp-content\/uploads\/2024\/09\/andre-abreu-FW5Es_Bt1Zk-unsplash-scaled.jpg\" alt=\"\" width=\"418\" height=\"557\" data-id=\"3152\" data-init-width=\"1919\" data-init-height=\"2560\" data-width=\"418\" data-height=\"557\" \/><\/p>\n<p style=\"text-align: center;\">Sausio 19 d.<\/p>\n<h3 style=\"text-align: center;\">DELFIN\u0172 TURAS. MNEMBA SALA. SAUL\u0116LYD\u017dIO KRUIZAS SU DJ<\/h3>\n<p>Keliausime \u012f Matemwe miestel\u012f. I\u0161 jo plukdysime tradicine afrikieti\u0161ka valtimi \u012f delfin\u0173 \u0161eimynos zon\u0105, su jais gal\u0117site maudytis ir nardyti. Suteikiame pavir\u0161inio nardymo priemones.<\/p>\n<p>Mnemba sala- pudr\u0105 primenan\u010dio sm\u0117lio ir stiklo skaidrumo vandens duetas. J\u016bs\u0173 taip pat lauks egzotini\u0173 vaisi\u0173 l\u0117k\u0161t\u0117, j\u016bros g\u0117rybi\u0173 piet\u016bs ir gaivieji g\u0117rimai.<\/p>\n<p>Nungwi saul\u0117lyd\u017eio kruizas, kur su gyvai grojan\u010diu DJ plaukdami laivu gal\u0117site pasim\u0117gauti Indijos vandenyno ir saul\u0117lyd\u017eio gro\u017eiu.<\/p>\n<p><img loading=\"lazy\" decoding=\"async\" style=\"aspect-ratio: auto 2560 \/ 1920;\" title=\"prison island\" src=\"https:\/\/nowbeyou.global\/lt\/wp-content\/uploads\/2024\/09\/prison-island-scaled.jpg\" alt=\"\" width=\"418\" height=\"313\" data-id=\"3163\" data-init-width=\"2560\" data-init-height=\"1920\" data-width=\"418\" data-height=\"313\" \/><\/p>\n<p style=\"text-align: center;\">Sausio 20 d.<\/p>\n<h3 style=\"text-align: center;\">I\u0160VYKIMAS<\/h3>\n<p>Pusry\u010diai, i\u0161siregistravimas i\u0161 vie\u0161bu\u010dio ir i\u0161vykimas (bus organizuojamas grup\u0117mis pritaikant pagal pana\u0161ius skryd\u017ei\u0173 laikus).<\/p>\n<p><img loading=\"lazy\" decoding=\"async\" style=\"aspect-ratio: auto 1243 \/ 900;\" title=\"580829357\" src=\"https:\/\/nowbeyou.global\/lt\/wp-content\/uploads\/2024\/09\/580829357.jpg\" alt=\"\" width=\"418\" height=\"302\" data-id=\"3151\" data-init-width=\"1243\" data-init-height=\"900\" data-width=\"418\" data-height=\"302\" \/><\/p>\n<h3 style=\"text-align: center;\">D\u0117mesio: organizatoriai pasilieka teis\u0119 keisti program\u0105 bei jos eig\u0105. Visais klausimais galite kreiptis \u012f R\u016bt\u0105 tel: +37062099977<\/h3>\n<h2 style=\"text-align: center;\">\u012e paket\u0105 \u012feina:<\/h2>\n<p style=\"text-align: center;\">Nakvyn\u0117 unikaliame vie\u0161butyje ant vandenyno kranto <a style=\"outline: none;\" href=\"https:\/\/www.booking.com\/hotel\/tz\/bahati-sunset-bungalows-michamvi.lt.html?age=11&amp;aid=318615&amp;app_hotel_id=12476736&amp;checkin=2025-01-08&amp;checkout=2025-01-18&amp;from_sn=android&amp;group_adults=6&amp;group_children=1&amp;label=English_Lithuania_EN_LT_29379660625-BSLOiouDPF5e3y3Csdec9ASM640819030446%3Apl%3Ata%3Ap1%3Ap2%3Aac%3Aap%3Aneg%3Afi%3Atidsa-64415224945%3Alp9062300%3Ali%3Adem%3Adm%3Aag29379660625%3Acmp638590710-DLzpLg%401726758984&amp;no_rooms=2&amp;req_adults=6&amp;req_age=11&amp;req_children=1&amp;room1=A%2CA%2CA%2CA%2CA%2CA%2C11#map_closed\" target=\"_blank\" rel=\"noopener\">Bahati Sunset Bungalows Michamv<\/a>i (12 n. sausio 8-20d.) vie\u0161butis rezervuotas tik m\u016bs\u0173 grupei be i\u0161orini\u0173 \u017emoni\u0173.<\/p>\n<p style=\"text-align: center;\">Pilnas maitinimas (v\u0117lyvieji pusry\u010diai, vaisiai, vakarien\u0117s)<\/p>\n<p style=\"text-align: center;\">Mokym\u0173 programa su Leonora Be You, Neringa Sakalauskiene ir kitais Now Be You komandos nariais<\/p>\n<p style=\"text-align: center;\">Visos auk\u0161\u010diau i\u0161vardintos ekskursijos<\/p>\n<p style=\"text-align: center;\"><span style=\"text-decoration: underline;\">Kaina 4000 Eur*<\/span><\/p>\n<p style=\"text-align: center;\">*galima rinktis ir tik pirm\u0105 arba antr\u0105 dal\u012f<\/p>\n<p style=\"text-align: center;\">Nuo gruod\u017eio 1 d. kaina kils iki 5000 Eur<\/p>\n<p style=\"text-align: center;\">Dalyvi\u0173 skai\u010dius grup\u0117je tik apie 15 moter\u0173.<\/p>\n<p style=\"text-align: center;\"><strong>PAPILDOMAI:<\/strong><\/p>\n<p style=\"text-align: center;\">Skryd\u017eiai \u012f\/i\u0161 Zanzibaro. Skryd\u017ei\u0173 pasi\u016blymus pad\u0117s surasti kelion\u0117s organizator\u0117 \u016ala.<\/p>\n<p style=\"text-align: center;\">Zanzibaro viza (\u012fsigijama atvykus \u012f \u0161al\u012f)<\/p>\n<p style=\"text-align: center;\">Draudimas: privaloma \u012fsigyti i\u0161 Zanzibar valstyb\u0117s: https:\/\/visitzanzibar.go.tz\/<\/p>\n<p style=\"text-align: center;\">Masa\u017eai<\/p>\n<p style=\"text-align: center;\">Asmenin\u0117s i\u0161laidos<\/p>\n<h2 style=\"text-align: center;\">Patyrim\u0105 organizuoja<\/h2>\n<p><img loading=\"lazy\" decoding=\"async\" style=\"aspect-ratio: auto 40 \/ 29;\" title=\"waves (3)\" src=\"https:\/\/nowbeyou.global\/lt\/wp-content\/uploads\/2020\/09\/waves-3.png\" alt=\"\" width=\"20\" height=\"15\" data-id=\"131\" data-init-width=\"40\" data-init-height=\"29\" data-width=\"20\" data-height=\"15\" \/><img loading=\"lazy\" decoding=\"async\" style=\"aspect-ratio: auto 36 \/ 29;\" title=\"ugnis\" src=\"https:\/\/nowbeyou.global\/lt\/wp-content\/uploads\/2020\/09\/waves-4.png\" alt=\"\" width=\"21\" height=\"17\" data-id=\"1982\" data-init-width=\"36\" data-init-height=\"29\" data-width=\"21\" data-height=\"17\" \/><\/p>\n<p style=\"text-align: center;\">RETREAT&#8217;o INICIATOR\u0116<\/p>\n<p><img loading=\"lazy\" decoding=\"async\" style=\"aspect-ratio: auto 2048 \/ 2048;\" title=\"Komandos nariu foto website\" src=\"https:\/\/nowbeyou.global\/lt\/wp-content\/uploads\/2024\/09\/Komandos-nariu-foto-website-1.png\" alt=\"\" width=\"205\" height=\"205\" data-id=\"3182\" data-init-width=\"2048\" data-init-height=\"2048\" data-width=\"205\" data-height=\"205\" \/><\/p>\n<p style=\"text-align: center;\">R\u016bta Ra\u010dkauskien\u0117<\/p>\n<p style=\"text-align: center;\">Projekto iniciator\u0117, strukt\u016bros laikytoja, atsakys \u012f visus su projektu susijusius klausimus.<\/p>\n<p><img loading=\"lazy\" decoding=\"async\" style=\"aspect-ratio: auto 38 \/ 29;\" title=\"\" src=\"https:\/\/nowbeyou.global\/lt\/wp-content\/uploads\/2020\/09\/waves-1.png\" alt=\"\" width=\"20\" height=\"15\" data-id=\"129\" data-init-width=\"38\" data-init-height=\"29\" data-width=\"20\" data-height=\"15\" \/><\/p>\n<p style=\"text-align: center;\">RETREAT VEDL\u0116<\/p>\n<p><img loading=\"lazy\" decoding=\"async\" style=\"aspect-ratio: auto 180 \/ 180;\" title=\"\" src=\"https:\/\/nowbeyou.global\/lt\/wp-content\/uploads\/2020\/09\/team-members-3.png\" alt=\"\" width=\"180\" height=\"180\" data-id=\"126\" data-init-width=\"180\" data-init-height=\"180\" data-width=\"180\" data-height=\"180\" \/><\/p>\n<p style=\"text-align: center;\">Leonora Be You<\/p>\n<p style=\"text-align: center;\">Transformuojan\u010dios meditacijos, SOMA kv\u0117pavimo praktikos, konstaliacin\u0117s praktikos bei ra\u0161ymo u\u017eduotys.<\/p>\n<p><img loading=\"lazy\" decoding=\"async\" style=\"aspect-ratio: auto 39 \/ 29;\" title=\"\" src=\"https:\/\/nowbeyou.global\/lt\/wp-content\/uploads\/2020\/09\/waves-2.png\" alt=\"\" width=\"21\" height=\"15\" data-id=\"130\" data-init-width=\"39\" data-init-height=\"29\" data-width=\"21\" data-height=\"15\" \/><\/p>\n<p style=\"text-align: center;\">kundalini jogOS INSTRUKTOR\u0116<\/p>\n<p><img loading=\"lazy\" decoding=\"async\" style=\"aspect-ratio: auto 2048 \/ 2048;\" title=\"Neringa\" src=\"https:\/\/nowbeyou.global\/lt\/wp-content\/uploads\/2023\/03\/Neringa-1.png\" alt=\"\" width=\"225\" height=\"225\" data-id=\"2804\" data-init-width=\"2048\" data-init-height=\"2048\" data-width=\"225\" data-height=\"225\" \/><\/p>\n<p style=\"text-align: center;\">Neringa Sakalauskien\u0117<\/p>\n<p style=\"text-align: center;\">Kasdien\u0117s kundalini praktikos<\/p>\n<p>Jauti, kad dar ne laikas prisijungti?<\/p>\n<p>Prad\u0117k kelion\u0119 \u012f save savo namuose<\/p>\n","protected":false},"excerpt":{"rendered":"<p>Gamtos ELEMENTAI Tavyje retreat&#8217;as moterims Zanzibare! unikalus augimo ir poilsio tandemas sausio 8-20 d. \u012esivaizduok, kaip \u0161velniai \u0161iltas Indijos vandenyno v\u0117jas glosto Tavo od\u0105, kai \u017eengi pirmuosius \u017eingsnius \u0161ioje egzoti\u0161koje saloje. Zanzibaras kvie\u010dia Tave \u012f nuotyk\u012f, kuris pakeis ne tik Tavo kasdienyb\u0119, bet ir Tave pa\u010di\u0105 \u2013 \u012f kelion\u0119, kurioje atrasi save i\u0161 naujo per [&hellip;]<\/p>\n","protected":false},"author":1,"featured_media":3169,"parent":816,"menu_order":0,"comment_status":"closed","ping_status":"closed","template":"","meta":{"_acf_changed":false,"inline_featured_image":false,"footnotes":""},"class_list":["post-3146","page","type-page","status-publish","has-post-thumbnail","hentry","post-wrapper","thrv_wrapper"],"acf":[],"_links":{"self":[{"href":"https:\/\/nowbeyou.global\/lt\/wp-json\/wp\/v2\/pages\/3146","targetHints":{"allow":["GET"]}}],"collection":[{"href":"https:\/\/nowbeyou.global\/lt\/wp-json\/wp\/v2\/pages"}],"about":[{"href":"https:\/\/nowbeyou.global\/lt\/wp-json\/wp\/v2\/types\/page"}],"author":[{"embeddable":true,"href":"https:\/\/nowbeyou.global\/lt\/wp-json\/wp\/v2\/users\/1"}],"replies":[{"embeddable":true,"href":"https:\/\/nowbeyou.global\/lt\/wp-json\/wp\/v2\/comments?post=3146"}],"version-history":[{"count":22,"href":"https:\/\/nowbeyou.global\/lt\/wp-json\/wp\/v2\/pages\/3146\/revisions"}],"predecessor-version":[{"id":3213,"href":"https:\/\/nowbeyou.global\/lt\/wp-json\/wp\/v2\/pages\/3146\/revisions\/3213"}],"up":[{"embeddable":true,"href":"https:\/\/nowbeyou.global\/lt\/wp-json\/wp\/v2\/pages\/816"}],"wp:featuredmedia":[{"embeddable":true,"href":"https:\/\/nowbeyou.global\/lt\/wp-json\/wp\/v2\/media\/3169"}],"wp:attachment":[{"href":"https:\/\/nowbeyou.global\/lt\/wp-json\/wp\/v2\/media?parent=3146"}],"curies":[{"name":"wp","href":"https:\/\/api.w.org\/{rel}","templated":true}]}}