{"id":2240,"date":"2022-02-01T13:04:55","date_gmt":"2022-02-01T11:04:55","guid":{"rendered":"https:\/\/nowbeyou.global\/lt\/clone-of-mokymai-kelione-i-save-trecia-pakopa\/"},"modified":"2022-10-24T17:53:28","modified_gmt":"2022-10-24T14:53:28","slug":"antrapakopa","status":"publish","type":"page","link":"https:\/\/nowbeyou.global\/lt\/antrapakopa\/","title":{"rendered":"Mokymai \u201cKelion\u0117 \u012f save\u201d antra pakopa"},"content":{"rendered":"<p style=\"text-align: center;\">\u201cKelion\u0117 \u012f save: SIELOS EVOLIUCIJA&#8221; patyrim\u0173 savait\u0117 moterims<\/p>\n<p style=\"text-align: center;\">Po 3 met\u0173 pertraukos vienintel\u0117 galimyb\u0117 prisijungti ir Tau!<\/p>\n<p><span><img decoding=\"async\" alt=\"\" data-id=\"84\" width=\"215\" data-init-width=\"216\" height=\"16\" data-init-height=\"16\" title=\"\" src=\"https:\/\/nowbeyou.global\/lt\/wp-content\/uploads\/2020\/09\/block-heads-2.png\" data-width=\"215\" data-height=\"16\" style=\"\" loading=\"lazy\"><\/span><\/p>\n<p style=\"text-align: center;\">PRAKTIK\u0172 SAVAIT\u0116<\/p>\n<p style=\"text-align: center;\">Intensyvi savait\u0117s programa &#8222;Kelion\u0117 \u012f save&#8221; vykstanti tik kart\u0105 metuose Ibizoje.<\/p>\n<p><span><img decoding=\"async\" alt=\"\" data-id=\"84\" width=\"215\" data-init-width=\"216\" height=\"16\" data-init-height=\"16\" title=\"\" src=\"https:\/\/nowbeyou.global\/lt\/wp-content\/uploads\/2020\/09\/block-heads-2.png\" data-width=\"215\" data-height=\"16\" style=\"\" loading=\"lazy\"><\/span><\/p>\n<p style=\"text-align: center;\">nematyta ibiza<\/p>\n<p style=\"text-align: center;\">Ypatingos salos vietos ir j\u0173 energetikos patyrimas<\/p>\n<p><span><img decoding=\"async\" alt=\"\" data-id=\"84\" width=\"215\" data-init-width=\"216\" height=\"18\" data-init-height=\"16\" title=\"\" src=\"https:\/\/nowbeyou.global\/lt\/wp-content\/uploads\/2020\/09\/block-heads-2.png\" data-width=\"215\" data-height=\"18\" style=\"\" loading=\"lazy\"><\/span><\/p>\n<p style=\"text-align: center;\">K\u016bno ir sielos detox&#8217;as<\/p>\n<p style=\"text-align: center;\">Gydantis ir valantis augalinis maistas bei energetin\u0117s praktikos<\/p>\n<p><span><img decoding=\"async\" alt=\"\" data-id=\"84\" width=\"215\" data-init-width=\"216\" height=\"18\" data-init-height=\"16\" title=\"\" src=\"https:\/\/nowbeyou.global\/lt\/wp-content\/uploads\/2020\/09\/block-heads-2.png\" data-width=\"215\" data-height=\"18\" style=\"\" loading=\"lazy\"><\/span><\/p>\n<p style=\"text-align: center;\">bendramin\u010diai<\/p>\n<p style=\"text-align: center;\">Susitikimas su vietiniais salos gyventojais, kurie \u012fne\u0161 \u012f program\u0105 staigmen\u0173<\/p>\n<h4 style=\"text-align: center;\"><span style=\"font-size: 14px;\">Kada:<\/span><\/h4>\n<p style=\"text-align: center;\"><span style=\"font-size: 14px;\"><span style=\"font-family: &quot;Open Sans&quot;; font-weight: 300;\">lapkri\u010dio 19-26 d.<\/span><\/span><\/p>\n<h4 style=\"text-align: center;\"><span style=\"font-size: 14px;\">Kur:<\/span><\/h4>\n<p style=\"text-align: center;\"><span style=\"font-size: 14px;\"><span style=\"font-family: &quot;Open Sans&quot;; font-weight: 300;\">magi\u0161koje Ibisos saloje<\/span><\/span><\/p>\n<h4 style=\"text-align: center;\"><span style=\"font-size: 14px;\">Dalyv\u0117s:<\/span><\/h4>\n<p style=\"text-align: center;\"><span style=\"font-size: 14px;\"><span style=\"font-family: &quot;Open Sans&quot;; font-weight: 300;\">esan\u010dios sav\u0119s pa\u017einimo kelyje ir ie\u0161kan\u010dios gylio<\/span><\/span><\/p>\n<h4 style=\"text-align: center;\"><span style=\"font-size: 14px;\">7 dien\u0173:<\/span><\/h4>\n<p style=\"text-align: center;\"><span style=\"font-size: 14px;\"><span style=\"font-family: &quot;Open Sans&quot;; font-weight: 300;\">unikali\u0173 patyrim\u0173 programa<\/span><\/span><\/p>\n<h2 style=\"text-align: center;\">Programa gyva!<\/h2>\n<p style=\"text-align: center;\">nuolat kintanti ir pritaikyta dalyvi\u0173 poreikiams kaip visuomet su maloniais siurprizais<\/p>\n<p>Nersime \u012f gyl\u012f su SIELOS EVOLIUCIJOS magija ir misterija bei kiekvienos i\u0161 j\u016bs\u0173 kelione nesvarbu kaip seniai ar neseniai buvome susitik\u0119.. Tai savait\u0117 apie vidinio ir i\u0161orinio pasaulio balans\u0105 apie realyb\u0117s ir gylio s\u0105jung\u0105.<\/p>\n<p>Jei jau esi dalyvavusi mokymuose \u201eKelion\u0117 \u012f save\u201c, sutiksi, kad patirt\u012f \u017eod\u017eiais nupasakoti n\u0117ra taip paprasta. Kvie\u010diame tave dar kart\u0105 pasinerti \u012f magi\u0161k\u0105 kelion\u0119 \u012f save, \u0161\u012f kart\u0105 \u2013 dar giliau, prasmingiau ir tvir\u010diau.<\/p>\n<p>Jei nesi dalyvavus m\u016bs\u0173 mokym\u0173 savait\u0117je pirm\u0105 kart\u0105 (po 3 met\u0173 pertraukos!) nor\u0117jome suteikti ir Tau galimyb\u0119 patirti \u0161i\u0105 program\u0105 bei Ibizos magij\u0105 ir misterij\u0105 \u0161iame susitikime.<\/p>\n<p>M\u016bs\u0173 komandos tikslas \u2013 i\u0161mokyti kokybi\u0161kai gyventi ir u\u017e mokym\u0173 rib\u0173, tad \u0161i programa visuomet intuityvi ir pritaikyta vidiniams dalyvi\u0173 klausimams bei situacijoms.&nbsp;<\/p>\n<p>Po \u0161ios savait\u0117s dalyv\u0117s i\u0161vyksta su prapl\u0117stos s\u0105mon\u0117s b\u016bsena, ta\u010diau &#8222;nei\u0161skrid\u0119&#8221; ir tvirtai stovin\u010dios ant \u017eem\u0117s, ramiai priiman\u010dios gyvenimo i\u0161\u0161\u016bkius, ai\u0161kiai planuojan\u010dios tolimesnius \u017eingsnius savo norimo gyvenimo link, ta\u010diau jau su daug platesniu po\u017ei\u016briu ir didesniu s\u0105moningumu. Moteri\u0161kumas, seksualin\u0117 energija, susijungimas su prot\u0117vi\u0173 \u0161aknimis \u012fgauna gilesn\u0119 prasm\u0119 gili\u0173 praktik\u0173 metu ir tampa tvirtumo pagrindu kasdieniame gyvenime.<\/p>\n<p>Pa\u017eadame daug staigmen\u0173 bei ypating\u0173 salos sve\u010di\u0173 m\u016bs\u0173 programoje. Taip pat magi\u0161kos gamtos viet\u0173, gili\u0173 meditacij\u0173, organizmo &#8222;perkrovimo&#8221; ir seser\u0173 bendryst\u0117s. &#8222;Kelion\u0117 \u012f save&#8221; su BE YOU komanda visuomet gyva ir intuityviai &#8222;transliuojama&#8221;, tad pasitik\u0117k, kad bus viskuo pasir\u016bpinta taip, kaip geriausia Tavo k\u016bnui, protui ir sielai.<\/p>\n<p>Kartu patirsime ir BE YOU virtuv\u0117s alchemiko Vytauto organizmo detox, tad gr\u012f\u0161i namo pails\u0117jusi, lengva ir pilna gili\u0173 vidini\u0173 suvokim\u0173.<\/p>\n<h3 style=\"text-align: center;\">PROGRAMOS AKCENTAI<\/h3>\n<p>Savait\u0117s metu nersime \u012f efektyvias <strong>SOMA kv\u0117pavimo praktikas<\/strong>, kurios kei\u010dia m\u016bs\u0173 k\u016bn\u0105 l\u0105steli\u0173 lygmenyje. Taip pat nersime \u012f dar gilesnes <strong>meditacijas<\/strong>, kurios kaip visuomet atliepia grup\u0117s dalyvi\u0173 intencijas ir asmenines situacijas. Gilinsim\u0117s \u012f <strong>s\u0105mon\u0117s konstrukcijas<\/strong>, &#8222;u\u017estrigusias&#8221; programas ir j\u0173 &#8222;perra\u0161ym\u0105&#8221;, susijungim\u0105 su savo vidiniu A\u0160, <strong>gamtos elementais, ritualais<\/strong>. Kartu patirsime <strong>ceremonin\u0117s kakavos gali\u0105<\/strong>.<\/p>\n<p>Kartu sukursime saugi\u0105 erdv\u0119 visiems vidiniams procesams vykti bei tavo asmenin\u0117ms situacijoms spr\u0119sti. Susijungsime ir savo <strong>\u0161eimos bei prot\u0117vi\u0173 linijomis<\/strong>, dirbsime per <strong>moteri\u0161kos energetikos praktikas<\/strong> su sensorika bei <strong>seksualin\u0117s-gyvybin\u0117s energijos i\u0161laisvinimu<\/strong>.<\/p>\n<p>Skirsime d\u0117mesio <strong>k\u016bno ir s\u0105mon\u0117s detoksikacijai<\/strong>: nuo i\u0161orinio triuk\u0161mo, nuo mobili\u0173j\u0173 telefon\u0173 ir kompiuteri\u0173, nuo nereikaling\u0173 toksin\u0173. Praktikuosime protarpin\u012f badavim\u0105, valgysime subalansuot\u0105 itin auk\u0161tos kokyb\u0117s maist\u0105 i\u0161 ekologi\u0161k\u0173 vietini\u0173 produkt\u0173 bei paruo\u0161t\u0105 skiriant tam be galo daug d\u0117mesio ir laiko. Vytautas taip pat dalinsis savo ypatingomis i\u0161traukomis bei augal\u0173 eliksyrais kaip chaga arbata ir kt. Gal\u0117si &#8222;i\u0161sine\u0161ti&#8221; \u0161ias ilgaam\u017eiskumo ir energijos paslaptis ir integruoti savo gyvenime.<\/p>\n<p>Viloje taip pat m\u0117gausim\u0117s <strong>saunos malonumais<\/strong>, patirsime pirties ritualus kitaip kartu su SOMA kv\u0117pavimo praktikomis, maudysim\u0117s baseine po \u017evaig\u017ed\u0117tu dangumi, steb\u0117sime saul\u0117lyd\u017eius tiesiai prie\u0161 akis.<\/p>\n<p>Ibizos sala vis labiau gars\u0117ja savo kita puse, tai did\u017eiul\u0117 koncentracija ypating\u0173 \u017emoni\u0173, kurian\u010di\u0173 \u010dia ateities bendruomenes bei teikian\u010di\u0173 alternatyvias gydymo paslaugas. Tai sala, kuri tapo namais daugybei terapeut\u0173, \u0161aman\u0173, ateities matytoj\u0173, vizionieri\u0173 kaip ypatingos gamtos ir laisv\u0117s vieta, leid\u017eianti kurti ir dalintis su visu pasaulio savo sielos kelione.<\/p>\n<h3 style=\"text-align: center;\">ATVYKIMO IR \u012eSIK\u016aRIMO DIENA<\/h3>\n<p>18:00 Atvykimas ir \u012fsik\u016brimas viloje, kuri taps jaukiais namais vis\u0105 savait\u0119<\/p>\n<p>19:00 Vakarien\u0117<\/p>\n<p>20:00 Erdv\u0117s atidarymas ir susipa\u017einimo ratas&nbsp;<\/p>\n<p>22:22 S\u0105moningas poilsis<\/p>\n<\/p>\n<p><span><img decoding=\"async\" alt=\"\" data-id=\"1891\" width=\"372\" data-init-width=\"2560\" height=\"225\" data-init-height=\"1549\" title=\"DSC_0264\" loading=\"lazy\" src=\"https:\/\/nowbeyou.global\/lt\/wp-content\/uploads\/2022\/01\/DSC_0264-scaled.jpg\" data-width=\"372\" data-height=\"225\" style=\"\"><\/span><\/p>\n<h3 style=\"text-align: center;\">INTENCIJOS IR \u0160IRDIES ATIDARYMAS<\/h3>\n<p>08:08 Ryto gongas<\/p>\n<p>08 :30 Vidin\u0117s tylos meditacija<\/p>\n<p>09:00 Fizinio, emocinio ir mentalinio k\u016bn\u0173 aktyvacijos praktika<\/p>\n<p>10:30 V\u0117lyvieji pusry\u010diai<\/p>\n<p>12:12 \u012esijungimas \u012f erdv\u0119, susijungimas su \u017eeme&nbsp;<\/p>\n<p>15:15 Pertrauka su sveikais u\u017ekand\u017eiais ir \u0161iltu bendravimu<\/p>\n<p>17:17 Saul\u0117lyd\u017eio ritualas<\/p>\n<p>18:30 Ritualas \u201c\u0160irdies medicina\u201d saunoje su kv\u0117pavimo praktikomis<\/p>\n<p>20:20 \u0160ildanti vakarien\u0117&nbsp;<\/p>\n<p>21:00 \u201cPower hour\u201d integracijos vakaras prie lau\u017eo&nbsp;<\/p>\n<p>22:22 &nbsp;S\u0105moningas poilsis&nbsp;<\/p>\n<p><span style=\"\"><img decoding=\"async\" alt=\"\" data-id=\"2756\" width=\"372\" data-init-width=\"900\" height=\"661\" data-init-height=\"1600\" title=\"WhatsApp Image 2022-10-13 at 22.44.06\" loading=\"lazy\" src=\"https:\/\/nowbeyou.global\/lt\/wp-content\/uploads\/2022\/10\/WhatsApp-Image-2022-10-13-at-22.44.06.jpeg\" data-width=\"372\" data-height=\"661\" style=\"\" mt-d=\"-13.232999999999947\"><\/span><\/p>\n<h3 style=\"text-align: center;\">\u012eSI\u017dEMINIMO DIENA &#8211; SUSIJUNGIMAS SU \u017dEM\u0116S ELEMENTU<\/h3>\n<p>08:08 Rytinis gongas<\/p>\n<p>08:30 Fizinio ir subtili\u0173 k\u016bn\u0173 aktyvizacijos praktika&nbsp;<\/p>\n<p>09:30 SOMA kv\u0117pavimo praktika ir meditacija<\/p>\n<p>11:00 Energizuojantys v\u0117lyvieji pusry\u010diai&nbsp;<\/p>\n<p>12:12 Energetin\u0117 transmisija \u0161alia ketvirtosios pagal elektromagnetinio lauko stiprum\u0105 pasaulyje vietos &#8211; Es Vedra uolos. Atlan\u010dio kelias.<\/p>\n<p>Maj\u0173 kakavos ceremonija gamtoje.&nbsp;<\/p>\n<p>18:30 \u012e\u017eeminanti vakarien\u0117 su saul\u0117lyd\u017eiu<\/p>\n<p>20:00 Pasidalijimo ratas prie lau\u017eo<\/p>\n<p>22:22 S\u0105moningas sapnavimas<\/p>\n<\/p>\n<p><span><img decoding=\"async\" alt=\"\" data-id=\"1902\" width=\"372\" data-init-width=\"2048\" height=\"248\" data-init-height=\"1366\" title=\"DSC00312\" loading=\"lazy\" src=\"https:\/\/nowbeyou.global\/lt\/wp-content\/uploads\/2022\/01\/DSC00312.jpg\" data-width=\"372\" data-height=\"248\" style=\"\"><\/span><span><img decoding=\"async\" alt=\"\" data-id=\"2760\" width=\"372\" data-init-width=\"2560\" height=\"248\" data-init-height=\"1707\" title=\"Be you Ibiza 2022-215 (Conflicted copy from MacBook Pro on 2022-09-29)\" loading=\"lazy\" src=\"https:\/\/nowbeyou.global\/lt\/wp-content\/uploads\/2022\/10\/Be-you-Ibiza-2022-215-Conflicted-copy-from-MacBook-Pro-on-2022-09-29-scaled.jpg\" data-width=\"372\" data-height=\"248\" style=\"\"><\/span><\/p>\n<h3 style=\"text-align: center;\">T\u0116KM\u0116S DIENA &#8211; SUSIJUNGIMAS SU VANDENS ELEMENTU<\/h3>\n<p>08:08 Rytinis gongas<\/p>\n<p>08:30 Emocinio ir fizinio k\u016bn\u0173 aktyvizacija ir sensorikos praktika i\u0161 deivi\u0173 \u0161ventykl\u0173<\/p>\n<p>10:30 Energizuojantys v\u0117lyvieji pusry\u010diai<\/p>\n<p>12:12 Senov\u0117s i\u0161minties ritualas keliaujant u\u017e linijinio laiko rib\u0173. Atgimimas Vidur\u017eemio j\u016bros vandenyse.&nbsp;<\/p>\n<p>18:30 Vakarien\u0117 su saul\u0117lyd\u017eius<\/p>\n<p>20:20 Senov\u0117s i\u0161minties moteri\u0161kumo ir gimdos aktyvizacijos praktika. Susijungimas su prot\u0117vi\u0173 \u0161aknimis<\/p>\n<p>22:22 S\u0105moningas kv\u0117pavimas<\/p>\n<\/p>\n<p><span><img decoding=\"async\" alt=\"\" data-id=\"2763\" width=\"372\" data-init-width=\"2048\" height=\"203\" data-init-height=\"1116\" title=\"DSC00368 (Conflicted copy from MacBook Pro on 2022-09-29)\" loading=\"lazy\" src=\"https:\/\/nowbeyou.global\/lt\/wp-content\/uploads\/2022\/10\/DSC00368-Conflicted-copy-from-MacBook-Pro-on-2022-09-29.jpg\" data-width=\"372\" data-height=\"203\" style=\"\"><\/span><span><img decoding=\"async\" alt=\"\" data-id=\"2757\" width=\"372\" data-init-width=\"2560\" height=\"248\" data-init-height=\"1707\" title=\"Be you Ibiza 2022-148 (Conflicted copy from MacBook Pro on 2022-09-29)\" loading=\"lazy\" src=\"https:\/\/nowbeyou.global\/lt\/wp-content\/uploads\/2022\/10\/Be-you-Ibiza-2022-148-Conflicted-copy-from-MacBook-Pro-on-2022-09-29-scaled.jpg\" data-width=\"372\" data-height=\"248\" style=\"\"><\/span><\/p>\n<h3 style=\"text-align: center;\">J\u0116GA BE J\u0116GOS &#8211; DIENA SUSIJUNGIANT SU UGNIES ELEMENTU&nbsp;<\/h3>\n<p>08:08 Rytinis gongas<\/p>\n<p>08:30 SOMA kv\u0117pavimo praktika ir meditacija<\/p>\n<p>09:30 Ugnies \u0161okiai su Ieva<\/p>\n<p>10:30 Energizuojantys v\u0117lyvieji pusry\u010diai<\/p>\n<p>12:12 Salos deiv\u0117s Tanit \u0161ventyklos lankymas ir ritualas. Energetin\u0117 integracija kristal\u0173 kalne.&nbsp;<\/p>\n<p>19:30 Vakarien\u0117 su saul\u0117lyd\u017eius<\/p>\n<p>20:20 Ritualas prie ugnies<\/p>\n<p>22:22 S\u0105moningas poilsis<\/p>\n<p><span><img decoding=\"async\" alt=\"\" data-id=\"2761\" width=\"372\" data-init-width=\"2560\" height=\"248\" data-init-height=\"1707\" title=\"Be you Ibiza 2022-235 (Conflicted copy from MacBook Pro on 2022-09-29)\" loading=\"lazy\" src=\"https:\/\/nowbeyou.global\/lt\/wp-content\/uploads\/2022\/10\/Be-you-Ibiza-2022-235-Conflicted-copy-from-MacBook-Pro-on-2022-09-29-scaled.jpg\" data-width=\"372\" data-height=\"248\" style=\"\"><\/span><span><img decoding=\"async\" alt=\"\" data-id=\"2759\" width=\"372\" data-init-width=\"2560\" height=\"248\" data-init-height=\"1707\" title=\"Be you Ibiza 2022-151\" loading=\"lazy\" src=\"https:\/\/nowbeyou.global\/lt\/wp-content\/uploads\/2022\/10\/Be-you-Ibiza-2022-151-scaled.jpg\" data-width=\"372\" data-height=\"248\" style=\"\"><\/span><\/p>\n<h3 style=\"text-align: center;\">VIDIN\u0116 LAISV\u0116 &#8211; SUSIJUNGIMAS SU ORO ELEMENTU<\/h3>\n<p>08:08 Rytinis gongas<\/p>\n<p>08:30 Ai\u0161kumo meditacija su ypatinga salos alchemike&nbsp;<\/p>\n<p>09:30 Multidimensin\u0117 judesio praktika<\/p>\n<p>10:30 Energizuojantys v\u0117lyvieji pusry\u010diai<\/p>\n<p>12:12 TYLOS ritualas ir bendrai kuriama erdv\u0117 su salos sve\u010diais<\/p>\n<p>18:30 Vakarien\u0117 su saul\u0117lyd\u017eiu<\/p>\n<p>20:20 Kosmin\u0117 transmisija<\/p>\n<p>22:22 &nbsp;S\u0105moningas poilsis&nbsp;<\/p>\n<p><span><img decoding=\"async\" alt=\"\" data-id=\"2252\" width=\"372\" data-init-width=\"2560\" height=\"279\" data-init-height=\"1920\" title=\"bsh\" loading=\"lazy\" src=\"https:\/\/nowbeyou.global\/lt\/wp-content\/uploads\/2022\/02\/IMG_20191121_181546-scaled.jpg\" data-width=\"372\" data-height=\"279\" style=\"\"><\/span><\/p>\n<h3 style=\"text-align: center;\">INTEGRACIJOS DIENA<\/h3>\n<p>08:08 Rytinis gongas<\/p>\n<p>08:30 SOMA kv\u0117pavimo ir meditacijos praktika<\/p>\n<p>09:30 Kundalini \u0161ventin\u0117 judesio meditacija su Ieva<\/p>\n<p>10:30 Energizuojantys v\u0117lyvieji pusry\u010diai<\/p>\n<p>12:12 Senov\u0117s i\u0161minties praktika kartu su salos sve\u010diais<\/p>\n<p>18:30 Vakarien\u0117 su saul\u0117lyd\u017eiu<\/p>\n<p>20:20 Integracijos ratas ir u\u017edarymo ceremonija<\/p>\n<p>22:22 S\u0105moningas poilsis<\/p>\n<p><span><img decoding=\"async\" alt=\"\" data-id=\"2762\" width=\"372\" data-init-width=\"2560\" height=\"248\" data-init-height=\"1707\" title=\"Be you Ibiza 2022-297\" loading=\"lazy\" src=\"https:\/\/nowbeyou.global\/lt\/wp-content\/uploads\/2022\/10\/Be-you-Ibiza-2022-297-scaled.jpg\" data-width=\"372\" data-height=\"248\" style=\"\"><\/span><\/p>\n<h3 style=\"text-align: center;\">I\u0160VYKIMO DIENA<\/h3>\n<p>9:30 Energizuojantys pusry\u010diai<\/p>\n<p>11:11 I\u0161siregistravimas ir i\u0161vykimas i\u0161 vilos<\/p>\n<p>&nbsp;<\/p>\n<p><span><img decoding=\"async\" alt=\"\" data-id=\"2764\" width=\"372\" data-init-width=\"2048\" height=\"205\" data-init-height=\"1128\" title=\"DSC00346\" loading=\"lazy\" src=\"https:\/\/nowbeyou.global\/lt\/wp-content\/uploads\/2022\/10\/DSC00346.jpg\" data-width=\"372\" data-height=\"205\" style=\"\"><\/span><\/p>\n<p style=\"text-align: center;\">po \u0161ios intensyvios savait\u0117s i\u0161sive\u0161i:<\/p>\n<p style=\"\">01<\/p>\n<p style=\"\">Sustiprint\u0105 pasitik\u0117jim\u0105 savimi<\/p>\n<p style=\"\">02<\/p>\n<p style=\"\">Seseryst\u0117s ir sakralaus moteri\u0161kumo patyrim\u0105<\/p>\n<p style=\"\">03<\/p>\n<p style=\"\">\u012egalinan\u010dias meditacijas, k\u016bno gydymo praktikas, atpalaiduojan\u010dias kv\u0117pavimo sesijas ir j\u0173 instrukcijas<\/p>\n<p style=\"\">04<\/p>\n<p style=\"\">Meil\u0119 sau ir savo gyvenimui bei patirt\u0105 gil\u0173 prisilietim\u0105 prie savo esm\u0117s<\/p>\n<p style=\"\">05<\/p>\n<p style=\"\">Vidin\u0117s laisv\u0117s jausm\u0105 nuo sen\u0173 ir skausming\u0173 patyrim\u0173 bei \u012fsitikinim\u0173<\/p>\n<p style=\"\">06<\/p>\n<p style=\"\">Lengv\u0105 ir \u0161var\u0173 k\u016bn\u0105 bei s\u0105mon\u0119<\/p>\n<h2 style=\"text-align: center;\">Investicija<\/h2>\n<p style=\"text-align: center;\">8 dienos, 7 naktys<\/p>\n<p style=\"text-align: center;\">Galite rinktis i\u0161 dviej\u0173 skirting\u0173 apgyvendinimo variant\u0173.<\/p>\n<p style=\"text-align: center;\">Vieta rezervuojama tik atlikus pradin\u0119 \u012fmok\u0105.<\/p>\n<p style=\"text-align: center;\">D\u0117l individuali\u0173 mok\u0117jimo plan\u0173 kreiptis telefonu +37061604532 (Egl\u0117) ar el.pa\u0161tu beyou@nowbeyou.global<\/p>\n<p style=\"\">&nbsp; &nbsp; &nbsp; &nbsp; &nbsp; &nbsp; &nbsp; &nbsp; &nbsp; &nbsp; &nbsp; &nbsp; &nbsp; &nbsp; &nbsp; &nbsp; &nbsp; &nbsp; &nbsp; &nbsp; &nbsp; &nbsp; &nbsp; &nbsp;GYVENIMAS NAMELIUOSE<\/p>\n<p style=\"text-align: center;\">GYVENIMAS NAMELIUOSE<\/p>\n<p style=\"\">&nbsp; &nbsp; &nbsp; &nbsp; &nbsp; &nbsp; &nbsp; &nbsp; &nbsp; &nbsp; &nbsp; &nbsp; &nbsp; &nbsp; &nbsp; &nbsp;PER\u017dI\u016aR\u0116TI NUOTRAUKAS<\/p>\n<p style=\"\">Jauk\u016bs dvivie\u010diai nameliai \u0161alia pagrindinio pastato. Nameliai turi du\u0161\u0105, tualet\u0105. Did\u017eiausi privalumai: ramyb\u0117, privatumas, lauko terasa su vaizdu \u012f gamt\u0105, j\u016br\u0105.<\/p>\n<p style=\"text-align: center;\">1888 Eur su PVM&nbsp;<\/p>\n<p style=\"text-align: center;\"><strong>Visos vietos rezervuotos<\/strong><\/p>\n<p style=\"\">&nbsp; &nbsp; &nbsp; &nbsp; &nbsp; &nbsp; &nbsp; &nbsp; &nbsp; &nbsp; &nbsp; &nbsp; &nbsp; &nbsp; &nbsp; &nbsp; &nbsp; &nbsp; &nbsp;GYVENIMAS PAGRINDIN\u0116JE VILOJE<\/p>\n<p style=\"\">&nbsp; &nbsp; &nbsp; &nbsp; &nbsp; &nbsp; &nbsp; &nbsp; &nbsp; &nbsp; &nbsp; &nbsp; &nbsp;PER\u017dI\u016aR\u0116TI NUOTRAUKAS<\/p>\n<p style=\"\">Dvivie\u010diai-trivie\u010diai kambariai pagrindiniame pastate, visi kambariai turi terasas bei vaizd\u0105 \u012f sod\u0105 ar j\u016br\u0105.<\/p>\n<p style=\"\">\n<p style=\"text-align: center;\">2222 Eur su PVM<\/p>\n<p style=\"text-align: center;\">PAPILDOMOS I\u0160LAIDOS: L\u0117ktuvo bilietai \u012f\/i\u0161 Ibisos, asmenin\u0117s i\u0161laidos pirkiniams.<\/p>\n<p style=\"text-align: center;\">Dalyvi\u0173 skai\u010dius ribotas. Vieta rezervuojama tik atlikus pradin\u0119 \u012fmok\u0105. I\u0161kilus klausimams kreiptis telefonu +37061604532 (Egl\u0117).&nbsp;<\/p>\n<p style=\"text-align: center;\">Socialiai atsakingas pasirinkimas<\/p>\n<p style=\"text-align: center;\">Dalyvaudama mokymuose pad\u0117si kitoms moterims&nbsp;<\/p>\n<p style=\"text-align: center;\">Visos dalyvaujan\u010dios mokymuose &#8222;Kelion\u0117 \u012f save&#8221; prisid\u0117s pagalba kitoms moterims ir vaikams. M\u016bs\u0173 organizacija jau daugel\u012f met\u0173 bendradarbiauja su tarptautiniu tinklu B1G1 (Buy1Give1) bei V\u0160\u012e &#8222;Krizinio n\u0117\u0161tumo centras&#8221;.<\/p>\n<h2 style=\"text-align: center;\">Mokymus organizuoja<\/h2>\n<p style=\"text-align: center;\">multidisciplinin\u0117 komanda<\/p>\n<p>  <span><img decoding=\"async\" alt=\"\" data-id=\"129\" width=\"20\" data-init-width=\"38\" height=\"15\" data-init-height=\"29\" title=\"\" src=\"https:\/\/nowbeyou.global\/lt\/wp-content\/uploads\/2020\/09\/waves-1.png\" data-width=\"20\" data-height=\"15\" style=\"\" loading=\"lazy\"><\/span><\/p>\n<p style=\"text-align: center;\">Vidinis pasaulis<\/p>\n<p><span><img decoding=\"async\" alt=\"\" data-id=\"126\" width=\"180\" data-init-width=\"180\" height=\"180\" data-init-height=\"180\" title=\"\" src=\"https:\/\/nowbeyou.global\/lt\/wp-content\/uploads\/2020\/09\/team-members-3.png\" data-width=\"180\" data-height=\"180\" loading=\"lazy\"><\/span><\/p>\n<p style=\"text-align: center;\">Leonora Be You<\/p>\n<p style=\"text-align: center;\"><span style=\"font-size: 45px;\">\u201c<\/span>Gyvenimo balansas ir vidin\u0117 ramyb\u0117<\/p>\n<p>   <span><img decoding=\"async\" alt=\"\" data-id=\"131\" width=\"20\" data-init-width=\"40\" height=\"15\" data-init-height=\"29\" title=\"waves (3)\" src=\"https:\/\/nowbeyou.global\/lt\/wp-content\/uploads\/2020\/09\/waves-3.png\" data-width=\"20\" data-height=\"15\" style=\"\" loading=\"lazy\"><\/span><\/p>\n<p style=\"text-align: center;\">K\u016bnas<\/p>\n<p><span><img decoding=\"async\" alt=\"\" data-id=\"127\" width=\"180\" data-init-width=\"180\" height=\"180\" data-init-height=\"180\" title=\"\" src=\"https:\/\/nowbeyou.global\/lt\/wp-content\/uploads\/2020\/09\/team-members-4.png\" data-width=\"180\" data-height=\"180\" loading=\"lazy\"><\/span><\/p>\n<p style=\"text-align: center;\">Vytas Healthy You<\/p>\n<p style=\"text-align: center;\"><span style=\"font-size: 45px;\">\u201c<\/span>Energizuojantis maistas ir garsai<\/p>\n<p>   <span><img decoding=\"async\" alt=\"\" data-id=\"130\" width=\"20\" data-init-width=\"39\" height=\"15\" data-init-height=\"29\" title=\"\" src=\"https:\/\/nowbeyou.global\/lt\/wp-content\/uploads\/2020\/09\/waves-2.png\" data-width=\"20\" data-height=\"15\" style=\"\" loading=\"lazy\"><\/span><\/p>\n<p style=\"text-align: center;\">Emocijos<\/p>\n<p><span><img decoding=\"async\" alt=\"\" data-id=\"128\" width=\"180\" data-init-width=\"180\" height=\"180\" data-init-height=\"180\" title=\"\" src=\"https:\/\/nowbeyou.global\/lt\/wp-content\/uploads\/2020\/09\/team-members-5.png\" data-width=\"180\" data-height=\"180\" loading=\"lazy\"><\/span><\/p>\n<p style=\"text-align: center;\">Ieva Leader You<\/p>\n<p style=\"text-align: center;\"><span style=\"font-size: 45px;\">\u201c<\/span>Tapk lydere ir b\u016bk pavyzd\u017eiu kitiems<\/p>\n<p>   <span><img decoding=\"async\" alt=\"\" data-id=\"132\" width=\"20\" data-init-width=\"36\" height=\"16\" data-init-height=\"29\" title=\"\" src=\"https:\/\/nowbeyou.global\/lt\/wp-content\/uploads\/2020\/09\/waves-4.png\" data-width=\"20\" data-height=\"16\" style=\"\" loading=\"lazy\"><\/span><\/p>\n<p style=\"text-align: center;\">Mintys<\/p>\n<p><span><img decoding=\"async\" alt=\"\" data-id=\"124\" width=\"180\" data-init-width=\"180\" height=\"180\" data-init-height=\"180\" title=\"\" src=\"https:\/\/nowbeyou.global\/lt\/wp-content\/uploads\/2020\/09\/team-members-1.png\" data-width=\"180\" data-height=\"180\" loading=\"lazy\"><\/span><\/p>\n<p style=\"text-align: center;\">Egle Action You<\/p>\n<p style=\"text-align: center;\"><span style=\"font-size: 45px;\">\u201c<\/span>Gyvenimas vedinas misijos \u012fmanomas imantis veiksm\u0173<\/p>\n<p>     <span><img decoding=\"async\" alt=\"\" data-id=\"2244\" width=\"560\" data-init-width=\"2048\" height=\"351\" data-init-height=\"1283\" title=\"DSC00208\" loading=\"lazy\" src=\"https:\/\/nowbeyou.global\/lt\/wp-content\/uploads\/2022\/02\/DSC00208.jpg\" data-width=\"560\" data-height=\"351\" style=\"\"><\/span><\/p>\n<p style=\"\">Nori patirti &#8222;Kelion\u0117 \u012f save&#8221; magij\u0105 namuose?<\/p>\n<p style=\"\">NAUJIENA &#8211; nauja online mokym\u0173 programa &#8222;Sielos evoliucija&#8221;<\/p>\n","protected":false},"excerpt":{"rendered":"<p>\u201cKelion\u0117 \u012f save: SIELOS EVOLIUCIJA&#8221; patyrim\u0173 savait\u0117 moterims Po 3 met\u0173 pertraukos vienintel\u0117 galimyb\u0117 prisijungti ir Tau! PRAKTIK\u0172 SAVAIT\u0116 Intensyvi savait\u0117s programa &#8222;Kelion\u0117 \u012f save&#8221; vykstanti tik kart\u0105 metuose Ibizoje. nematyta ibiza Ypatingos salos vietos ir j\u0173 energetikos patyrimas K\u016bno ir sielos detox&#8217;as Gydantis ir valantis augalinis maistas bei energetin\u0117s praktikos bendramin\u010diai Susitikimas su vietiniais [&hellip;]<\/p>\n","protected":false},"author":1,"featured_media":2215,"parent":0,"menu_order":0,"comment_status":"closed","ping_status":"closed","template":"","meta":{"_acf_changed":false,"inline_featured_image":false,"footnotes":""},"class_list":["post-2240","page","type-page","status-publish","has-post-thumbnail","hentry","post-wrapper","thrv_wrapper"],"acf":[],"_links":{"self":[{"href":"https:\/\/nowbeyou.global\/lt\/wp-json\/wp\/v2\/pages\/2240","targetHints":{"allow":["GET"]}}],"collection":[{"href":"https:\/\/nowbeyou.global\/lt\/wp-json\/wp\/v2\/pages"}],"about":[{"href":"https:\/\/nowbeyou.global\/lt\/wp-json\/wp\/v2\/types\/page"}],"author":[{"embeddable":true,"href":"https:\/\/nowbeyou.global\/lt\/wp-json\/wp\/v2\/users\/1"}],"replies":[{"embeddable":true,"href":"https:\/\/nowbeyou.global\/lt\/wp-json\/wp\/v2\/comments?post=2240"}],"version-history":[{"count":9,"href":"https:\/\/nowbeyou.global\/lt\/wp-json\/wp\/v2\/pages\/2240\/revisions"}],"predecessor-version":[{"id":2775,"href":"https:\/\/nowbeyou.global\/lt\/wp-json\/wp\/v2\/pages\/2240\/revisions\/2775"}],"wp:featuredmedia":[{"embeddable":true,"href":"https:\/\/nowbeyou.global\/lt\/wp-json\/wp\/v2\/media\/2215"}],"wp:attachment":[{"href":"https:\/\/nowbeyou.global\/lt\/wp-json\/wp\/v2\/media?parent=2240"}],"curies":[{"name":"wp","href":"https:\/\/api.w.org\/{rel}","templated":true}]}}