{"id":2219,"date":"2022-01-31T21:35:11","date_gmt":"2022-01-31T19:35:11","guid":{"rendered":"https:\/\/nowbeyou.global\/lt\/clone-of-sielos-aritmetika\/"},"modified":"2022-03-28T16:04:44","modified_gmt":"2022-03-28T13:04:44","slug":"dalijimosi-kultura","status":"publish","type":"page","link":"https:\/\/nowbeyou.global\/lt\/dalijimosi-kultura\/","title":{"rendered":"Dalijimosi kult\u016bra"},"content":{"rendered":"<h2 style=\"text-align: center;\">Dalijimosi kult\u016bra<\/h2>\n<p style=\"text-align: center;\">Vienas svarbiausi\u0173 NOW BE YOU komandos veiklos varikli\u0173 yra dalijimasis. Kuo daugiau mes sukuriame,tuo daugiau galime prisid\u0117ti pagalba kitiems.<\/p>\n<p><a href=\"https:\/\/nowbeyou.global\/lt\/wp-content\/uploads\/2022\/01\/static_front_mediakit_B1G1-member-symbol-certified-blue-h.svg\"><img loading=\"lazy\" decoding=\"async\" title=\"_static_front_mediakit_B1G1-member-symbol-certified-blue-h\" src=\"https:\/\/nowbeyou.global\/lt\/wp-content\/uploads\/2022\/01\/static_front_mediakit_B1G1-member-symbol-certified-blue-h.svg\" alt=\"\" width=\"362\" height=\"187\" data-id=\"2221\" data-init-width=\"0\" data-init-height=\"0\" data-link-wrap=\"true\" data-width=\"362\" data-height=\"187\" \/><\/a><\/p>\n<p>Savo veikloje \u012fsipareigojome prie\u0161 save nuo kiekvienos mokym\u0173 ar bet kokio renginio dalyv\u0117s pasidalinti kuriant pokyt\u012f kitiems sunkiai besiver\u010dian\u010diose bendruomen\u0117se. Da\u017eniausiai m\u016bs\u0173 remiami projektai susij\u0119 su pagalba moterims bei vaikams, j\u0173 \u0161vietimas \u012fvairiomis temomis, taip \u012fgalinant pa\u010dius paramos gav\u0117jus daryti poky\u010dius savo bendruomen\u0117se.<\/p>\n<p style=\"text-align: left;\">Nuo 2016 met\u0173 BE YOU komanda prisijung\u0117 prie pasaulin\u0117s iniciatyvos B1G1 (Buy 1 Give 1)<\/p>\n<p>Taigi, tiesiog dalyvaudama mokymuose \u201eKelion\u0117 \u012f save\u201c, BE YOU komandos organizuojamuose renginiuose, dalyvaudama mokymuose internetu ar \u012fsigydama knyg\u0105 Tu jau prisidedi prie gra\u017eesnio pasaulio k\u016brimo padedant moterims ir vaikams, gyvenantiems skurstan\u010diose pasaulio \u0161alyse.<\/p>\n<p style=\"text-align: center;\">Tikime, kad svarbu ne kiek gali \u0161iandien, ta\u010diau svarbu, kad kiekvienas dalint\u0173si, nors \u0161iek tiek daugiau ir tai tapt\u0173 \u012fpro\u010diu m\u016bs\u0173 kasdienyb\u0117je.<\/p>\n<p style=\"text-align: center;\">be You dalijimosi kult\u016bra<\/p>\n<h2 style=\"text-align: center;\">Kod\u0117l B1G1?<\/h2>\n<p style=\"text-align: center;\">Sistema, padedanti net esant super ma\u017eiems, kurti didelius darbus<\/p>\n<p style=\"text-align: center;\">Prad\u0117ti galima \u0161iandien<\/p>\n<h2 style=\"text-align: center;\">Dalijimosi kult\u016bra vienijanti net 2000 organizacij\u0173<\/h2>\n<p><img loading=\"lazy\" decoding=\"async\" title=\"B1G1-Image-20\" src=\"https:\/\/nowbeyou.global\/lt\/wp-content\/uploads\/2022\/01\/B1G1-Image-20-scaled.jpg\" alt=\"\" width=\"368\" height=\"245\" data-id=\"2231\" data-init-width=\"2560\" data-init-height=\"1707\" data-width=\"368\" data-height=\"245\" \/><img loading=\"lazy\" decoding=\"async\" title=\"B1G1-Image-7\" src=\"https:\/\/nowbeyou.global\/lt\/wp-content\/uploads\/2022\/01\/B1G1-Image-7-scaled.jpg\" alt=\"\" width=\"368\" height=\"245\" data-id=\"2227\" data-init-width=\"2560\" data-init-height=\"1707\" data-width=\"368\" data-height=\"245\" \/><img loading=\"lazy\" decoding=\"async\" title=\"B1G1-Image-1\" src=\"https:\/\/nowbeyou.global\/lt\/wp-content\/uploads\/2022\/01\/B1G1-Image-1.jpg\" alt=\"\" width=\"368\" height=\"276\" data-id=\"2225\" data-init-width=\"2272\" data-init-height=\"1704\" data-width=\"368\" data-height=\"276\" \/><\/p>\n<ul>\n<li>Vos daugiau nei 2000 nari\u0173-organizacij\u0173, jau suk\u016br\u0117 daugiau nei\u00a0<strong>215,421,298<\/strong>apskai\u010diuojamo poveikio (giving impacts).<\/li>\n<li>Nes tikime, kad svarbu ne kiek gali \u0161iandien, ta\u010diau svarbu, kad kiekvienas dalint\u0173sinors \u0161iek tiek daugiau ir tai tapt\u0173 \u012fpro\u010diu m\u016bs\u0173 kasdienyb\u0117je.<\/li>\n<li>Dalintis labai paprasta pradedant pa\u010diomis ma\u017eiausiomis investicijomis svarbu taidaryti jau dabar ir i\u0161siugdyti \u012fprot\u012f nelaukiant veiklos s\u0117km\u0117s ir pelno.<\/li>\n<li>Dalijimasis integruojamas \u012f kasdien\u0119 organizacijos veikl\u0105, kurioje patysnusprend\u017eiame kokiam projektui, kiek ir kaip da\u017enai galime pad\u0117ti.<\/li>\n<li>Kasdien darydamas t\u0105 pat\u012f, k\u0105 iki \u0161iol darei gali po truput\u0117l\u012f prisid\u0117ti prie gra\u017eesniopasaulio k\u016brimo.<\/li>\n<li>Tai ne tik dalijimosi platforma, bet ir s\u0105moning\u0173 versl\u0173 tinklas, kurio nariai vieningaisiekia \u012fgyvendinti pasaul\u012f kei\u010dian\u010dias id\u0117jas.<\/li>\n<li>100% l\u0117\u0161\u0173 nukeliauja tiesiai projektui.<\/li>\n<\/ul>\n<p style=\"text-align: left;\">\u017dinut\u0117 nuo B1G1 \u012fk\u016br\u0117j\u0173 Masami Sato ir Paul Dunn<\/p>\n<p>&lt;p &#8222;=&#8221;&#8221;Masami Sato ir Paul Dunn yra B1G1 organizacijos \u012fk\u016br\u0117jai \u0161i\u0105 id\u0117j\u0105 vykstantys jau daugiau nei de\u0161imtmet\u012f bei savo pavyzd\u017eiu \u012fkv\u0117p\u0117 t\u016bkstan\u010dius organizacij\u0173 visame pasaulyje. Tai daugkartiniai TEDx prane\u0161\u0117jai, apdovanoti ne vienu titulo d\u0117l savo nuopeln\u0173 ir ind\u0117lio \u012f s\u0105moningesn\u012f pasaul\u012f.\/p\/div\/div\/divdiv style=&#8221;&#8221;h2 style=&#8221;text-align: center;&#8221;Pagalba tarptautin\u0117ms bendruomen\u0117ms\/h2p style=&#8221;text-align: center;&#8221;Prie koki\u0173 projekt\u0173 prisid\u0117jome iki \u0161iol\/p\/divdiv style=&#8221;&#8221;div\/divdivdiv style=&#8221;&#8211;tcb-col-el-width:730;&#8221;div style=&#8221;&#8221;div style=&#8221;&#8221;divdiv style=&#8221;&#8221;iframe loading=&#8221;lazy&#8221; height=&#8221;396&#8243; width=&#8221;300&#8243; src=&#8221;https:\/\/account.b1g1.com\/frontgivingwidget\/mywidget\/f4wN3keB0eFHga2ArRDJ6zeY6oybGpag&#8221; style=&#8221;border: none;position: relative;&#8221;\/iframediv\/div\/div\/div\/divdiv style=&#8221;&#8221;divdivdiv style=&#8221;&#8221;iframe loading=&#8221;lazy&#8221; style=&#8221;max-width: 100%; border: none; position: static; top: -9999em; visibility: visible;&#8221; frameborder=&#8221;0&#8243; height=&#8221;300&#8243; width=&#8221;800&#8243; src=&#8221;https:\/\/businessesforgood.com\/embed.php?id=4574&amp;id2=Impact&amp;height=300&#8243; onload=&#8221;this.style.position=&#8217;static&#8217;; this.style.visibility=&#8217;visible&#8217;;&#8221;\/iframediv\/div\/div\/div\/div\/div\/div\/divdiv style=&#8221;&#8221;div style=&#8221;position: relative;display: block;margin: auto!important;max-width: 660px;&#8221;div style=&#8221;max-width: 180px;text-align: center;position: relative;float: left;margin:20px;&#8221; data-key=&#8221;7d8ff16f4877655d846b32dadc6dcf78&#8243; data-value=&#8221;3&#8243; data-host=&#8221;https:\/\/account.b1g1.com&#8221; data-server=&#8221;https:\/\/api.b1g1.com&#8221;div style=&#8221;position: relative;&#8221;img src=&#8221;https:\/\/api.b1g1.com\/uploads\/sdg_widget\/big-icon\/E_SDG_Icons-3.jpg&#8221; alt=&#8221;B1G1 SDG&#8221; style=&#8221;width: 100%;display:block;&#8221;div style=&#8221;background:#2a9c47;position: absolute;left: 0px;right: 0px;top: 0px;bottom: 0px;display: none;cursor:pointer;&#8221;p style=&#8221;text-align: left;color: #fff;font-size: 13px;padding: 0px 15px;font-family:Avenir;&#8221;\/p\/div\/divsection style=&#8221;padding-top: 7px;padding-bottom: 7px;float: left;width: 100%;background-color:transparent;&#8221;h3 style=&#8221;font-size: 22px;font-weight: bold;color: #CB807E;margin: 3px;font-family:Avenir;&#8221;\/h3h5 style=&#8221;font-size: 14px;font-weight: 400;color: #CB807E;margin: 0px;font-family:Avenir;&#8221;\/h5\/section\/divcode[tcb-script src=&#8221;https:\/\/account.b1g1.com\/static\/widgets\/sdg_widget.js&#8221;][\/tcb-script]\/codediv style=&#8221;max-width: 180px;text-align: center;position: relative;float: left;margin:20px;&#8221; data-key=&#8221;7d8ff16f4877655d846b32dadc6dcf78&#8243; data-value=&#8221;4&#8243; data-host=&#8221;https:\/\/account.b1g1.com&#8221; data-server=&#8221;https:\/\/api.b1g1.com&#8221;div style=&#8221;position: relative;&#8221;img src=&#8221;https:\/\/api.b1g1.com\/uploads\/sdg_widget\/big-icon\/E_SDG_Icons-4.jpg&#8221; alt=&#8221;B1G1 SDG&#8221; style=&#8221;width: 100%;display:block;&#8221;div style=&#8221;background:#c32033;position: absolute;left: 0px;right: 0px;top: 0px;bottom: 0px;display: none;cursor:pointer;&#8221;p style=&#8221;text-align: left;color: #fff;font-size: 13px;padding: 0px 15px;font-family:Avenir;&#8221;\/p\/div\/divsection style=&#8221;padding-top: 7px;padding-bottom: 7px;float: left;width: 100%;background-color:transparent;&#8221;h3 style=&#8221;font-size: 22px;font-weight: bold;color: #CB807E;margin: 3px;font-family:Avenir;&#8221;\/h3h5 style=&#8221;font-size: 14px;font-weight: 400;color: #CB807E;margin: 0px;font-family:Avenir;&#8221;\/h5\/section\/divcode[tcb-script src=&#8221;https:\/\/account.b1g1.com\/static\/widgets\/sdg_widget.js&#8221;][\/tcb-script]\/codediv style=&#8221;max-width: 180px;text-align: center;position: relative;float: left;margin:20px;&#8221; data-key=&#8221;7d8ff16f4877655d846b32dadc6dcf78&#8243; data-value=&#8221;6&#8243; data-host=&#8221;https:\/\/account.b1g1.com&#8221; data-server=&#8221;https:\/\/api.b1g1.com&#8221;div style=&#8221;position: relative;&#8221;img src=&#8221;https:\/\/api.b1g1.com\/uploads\/sdg_widget\/big-icon\/E_SDG_Icons-6.jpg&#8221; alt=&#8221;B1G1 SDG&#8221; style=&#8221;width: 100%;display:block;&#8221;div style=&#8221;background:#01acd7;position: absolute;left: 0px;right: 0px;top: 0px;bottom: 0px;display: none;cursor:pointer;&#8221;p style=&#8221;text-align: left;color: #fff;font-size: 13px;padding: 0px 15px;font-family:Avenir;&#8221;\/p\/div\/divsection style=&#8221;padding-top: 7px;padding-bottom: 7px;float: left;width: 100%;background-color:transparent;&#8221;h3 style=&#8221;font-size: 22px;font-weight: bold;color: #CB807E;margin: 3px;font-family:Avenir;&#8221;\/h3h5 style=&#8221;font-size: 14px;font-weight: 400;color: #CB807E;margin: 0px;font-family:Avenir;&#8221;\/h5\/section\/divcode[tcb-script src=&#8221;https:\/\/account.b1g1.com\/static\/widgets\/sdg_widget.js&#8221;][\/tcb-script]\/code\/div\/div\/div\/divdiv style=&#8221;&#8221;h2 style=&#8221;text-align: center;&#8221;Pagalba vietinei bendruomenei Lietuvoje,\/h2p style=&#8221;text-align: center;&#8221;nepamir\u0161tant savo \u0161akn\u0173\/p\/divdiv style=&#8221;&#8221;p &#8222;=&#8221;&#8221; style=&#8221;text-align: center;&#8221;&gt;Lietuvoje jau kelet\u0105 met\u0173 bendradarbiaujame su V\u0160\u012e Krizinio n\u0117\u0161tumo centru, kuriam skiriame BE YOU fonde surenkam\u0105 finansin\u0119 param\u0105 prie kurios prisideda visos moterys dirban\u010dios m\u016bs\u0173 komandoje. Jei nori prisid\u0117ti ir Tu, pla\u010diau su\u017einosite \u010dia: <a style=\"outline: none;\" href=\"http:\/\/Lietuvoje jau kelet\u0105 met\u0173 bendradarbiaujame su V\u0160\u012e Krizinio n\u0117\u0161tumo centru, kuriam skiriame BE YOU fonde surenkam\u0105 finansin\u0119 param\u0105 prie kurios prisideda visos moterys dirban\u010dios m\u016bs\u0173 komandoje. Jei nori prisid\u0117ti ir Tu, pla\u010diau su\u017einosite \u010dia: https:\/\/neplanuotasnestumas.lt\/\" target=\"_blank\" rel=\"noopener\">https:\/\/neplanuotasnestumas.lt\/<\/a><\/p>\n<p>Prisijunk prie poky\u010di\u0173 ir tu<\/p>\n<p>Esame B1G1 ambasadoriai ir galime pad\u0117ti \u012fsidiegti dalijimosi kult\u016br\u0105 tavo veikloje.<\/p>\n","protected":false},"excerpt":{"rendered":"<p>Dalijimosi kult\u016bra Vienas svarbiausi\u0173 NOW BE YOU komandos veiklos varikli\u0173 yra dalijimasis. Kuo daugiau mes sukuriame,tuo daugiau galime prisid\u0117ti pagalba kitiems. Savo veikloje \u012fsipareigojome prie\u0161 save nuo kiekvienos mokym\u0173 ar bet kokio renginio dalyv\u0117s pasidalinti kuriant pokyt\u012f kitiems sunkiai besiver\u010dian\u010diose bendruomen\u0117se. Da\u017eniausiai m\u016bs\u0173 remiami projektai susij\u0119 su pagalba moterims bei vaikams, j\u0173 \u0161vietimas \u012fvairiomis temomis, [&hellip;]<\/p>\n","protected":false},"author":1,"featured_media":2212,"parent":0,"menu_order":0,"comment_status":"closed","ping_status":"closed","template":"","meta":{"_acf_changed":false,"inline_featured_image":false,"footnotes":""},"class_list":["post-2219","page","type-page","status-publish","has-post-thumbnail","hentry","post-wrapper","thrv_wrapper"],"acf":[],"_links":{"self":[{"href":"https:\/\/nowbeyou.global\/lt\/wp-json\/wp\/v2\/pages\/2219","targetHints":{"allow":["GET"]}}],"collection":[{"href":"https:\/\/nowbeyou.global\/lt\/wp-json\/wp\/v2\/pages"}],"about":[{"href":"https:\/\/nowbeyou.global\/lt\/wp-json\/wp\/v2\/types\/page"}],"author":[{"embeddable":true,"href":"https:\/\/nowbeyou.global\/lt\/wp-json\/wp\/v2\/users\/1"}],"replies":[{"embeddable":true,"href":"https:\/\/nowbeyou.global\/lt\/wp-json\/wp\/v2\/comments?post=2219"}],"version-history":[{"count":7,"href":"https:\/\/nowbeyou.global\/lt\/wp-json\/wp\/v2\/pages\/2219\/revisions"}],"predecessor-version":[{"id":2455,"href":"https:\/\/nowbeyou.global\/lt\/wp-json\/wp\/v2\/pages\/2219\/revisions\/2455"}],"wp:featuredmedia":[{"embeddable":true,"href":"https:\/\/nowbeyou.global\/lt\/wp-json\/wp\/v2\/media\/2212"}],"wp:attachment":[{"href":"https:\/\/nowbeyou.global\/lt\/wp-json\/wp\/v2\/media?parent=2219"}],"curies":[{"name":"wp","href":"https:\/\/api.w.org\/{rel}","templated":true}]}}