{"id":2177,"date":"2022-01-19T13:20:06","date_gmt":"2022-01-19T11:20:06","guid":{"rendered":"https:\/\/nowbeyou.global\/lt\/clone-of-sielos-aritmetika\/"},"modified":"2025-12-12T21:50:06","modified_gmt":"2025-12-12T19:50:06","slug":"leonorabeyou-mentoryste","status":"publish","type":"page","link":"https:\/\/nowbeyou.global\/lt\/leonorabeyou-mentoryste\/","title":{"rendered":"Leonora Be You asmenin\u0117 mentoryst\u0117"},"content":{"rendered":"<h2 style=\"text-align: center;\">Asmenin\u0117s gyvenimo evoliucijos mentoryst\u0117<\/h2>\n<p style=\"text-align: center;\">su Leonora Be You&nbsp; &#8211; Luna<\/p>\n<p>Gyvenimo potencialas &#8211; yra laisvos valios zona, ta\u010diau did\u017eioji dauguma \u017emonijos, vietoj galimyb\u0117s perkurti savo karmin\u012f likim\u0105 da\u017enai per savo gyvenim\u0105 nes\u0105moningai susikuria jo dar daugiau\u2026 Ko pasekoje karmin\u0117s situacijos, kitaip sakant \u201csielos nam\u0173 darbai\u201d &nbsp;PASIKARTOTINAI dalyvauja kasdieniniame \u017emogaus gyvenime ir taip kuria limitus savo paties galimybi\u0173 lauke.<\/p>\n<p>Ar tai b\u016bt\u0173 susij\u0119 su sveikata ir fiziniais &nbsp;negalavimais, ar finansais ir nestabilumu darbuose, ar santykiais ir nesaugumu meil\u0117je, ar dvasiniu pasauliu ir baime pa\u017einti save\u2026 &#8211; VISA TAI gali tapti ne gyvenimo kan\u010dia ar nelaim\u0117, o GALIMYB\u0116 Tau PRISIMINTI &#8211;&nbsp;<strong>KAS esi? Ir KOD\u0116L gyveni?<\/strong><\/p>\n<p>Kelion\u0117, \u012f kuri\u0105 Tave kvie\u010dia Leonora &#8211; Luna, yra i\u0161skirtin\u0117 programa, kuri pagal Tavo asmeninius, dvasinius ir gyvenimi\u0161kus \u201crodiklius\u201d bus formuojama pagal auk\u0161\u010diausi\u0105 Tavo sielos evoliucij\u0105. \u0160io proceso metu bus ruo\u0161iama Tavo s\u0105mon\u0117, k\u016bnas ir siela priimti, jungtis bei integruotis \u012f rezonans\u0105 su auk\u0161\u010diausiu tavo gyvenimo potencialu bei kolektyvin\u0117s evoliucijos perspektyvomis, kuriant bei perkuriant savo gyvenimo trajektorij\u0105 visuose savo b\u016bties lygiuose.<\/p>\n<p>\u0160ios mentoryst\u0117s eigoje bus aptariami Tavo asmenini\u0173 u\u017eduo\u010di\u0173, \u012f\u017evalg\u0173, praktik\u0173 rezultatai, vidiniai procesai bei asmeninio materialaus pasaulio situacijos.&nbsp;<\/p>\n<p>Kadangi programa asmenin\u0117 ir gyva, toks, koks ir gyvenimas, \u0161ios programos dalyv\u0117(-is), turi piln\u0105 teis\u0119 \u201cformuoti\u201d savo susitikimus pagal savo asmeninius poreikius. &nbsp;<\/p>\n<p><strong>\u0160i mentoryst\u0117 skirta moterims ir vyrams ie\u0161kantiems:<\/strong><\/p>\n<ul>\n<li>vidinio stabilumo ir ramyb\u0117s<\/li>\n<li>pasitik\u0117jimo savimi ir didesne gyvenimo apimtimi<\/li>\n<li>atsakym\u0173 \u012f gilius vidinius klausimus, kuriems neu\u017etenka &#8222;\u017eemi\u0161k\u0173&#8221; paai\u0161kinim\u0173<\/li>\n<li>dvasinio gylio ir gyvenimo prasm\u0117s<\/li>\n<\/ul>\n<h3 style=\"text-align: center;\">Asmenin\u0117 mentoryst\u0117 su Leonora &#8211; Luna:<\/h3>\n<h4 style=\"text-align: center;\"><span style=\"font-size: 14px;\">6 savai\u010di\u0173 trukm\u0117s<\/span><\/h4>\n<p style=\"text-align: center;\"><span style=\"font-size: 14px;\"><span style=\"font-family: &quot;Open Sans&quot;; font-weight: 300;\">Kas savaitiniai susitikimai 90-120 min. trukm\u0117s<\/span><\/span><\/p>\n<p style=\"text-align: center;\"><span style=\"font-size: 14px;\"><\/span><\/p>\n<h4 style=\"text-align: center;\"><span style=\"font-size: 14px;\">Individualios praktikos ir \u012fra\u0161ai:<\/span><\/h4>\n<p style=\"text-align: center;\"><span style=\"font-size: 14px;\"><span style=\"font-family: &quot;Open Sans&quot;; font-weight: 300;\">Asmenin\u0117s SOMA kv\u0117pavimo praktikos &nbsp;bei pagal situacij\u0105 pritaikoma kurs\u0173 med\u017eiaga papildomoms praktikoms.<\/span><\/span><\/p>\n<h4 style=\"text-align: center;\"><span style=\"font-size: 14px;\">Proceso prie\u017ei\u016bra:<\/span><\/h4>\n<p style=\"text-align: center;\"><span style=\"font-size: 14px;\"><span style=\"font-family: &quot;Open Sans&quot;; font-weight: 300;\">Savaitiniai asmeninio proceso &#8222;pasitikrinimai&#8221; komunikuojant balso \u017einut\u0117mis ar trumpu skambu\u010diu.&nbsp;<\/span><\/span><\/p>\n<h4 style=\"text-align: center;\"><span style=\"font-size: 14px;\">Erdv\u0117s laikymas:<\/span><\/h4>\n<p style=\"text-align: center;\"><span style=\"font-size: 14px;\"><span style=\"font-family: &quot;Open Sans&quot;; font-weight: 300;\">Tavo asmenin\u0117je kelion\u0117je kasdienis energetinis palaikymas,&nbsp;<\/span><\/span><span style=\"font-size: 14px;\"><span style=\"font-family: &quot;Open Sans&quot;; font-weight: 300;\">atgalinis ry\u0161ys.&nbsp;<\/span><\/span><\/p>\n<p><strong>Tavo \u012fsipareigojimas \u0161iam sielos evoliucijos keliui:<\/strong><\/p>\n<p>\u0160e\u0161i\u0173 savai\u010di\u0173 mentoryst\u0117 dirbant individualiai asmeniniuose susitikimuose &#8211; 2800 Eur mokant i\u0161 karto (galimyb\u0117 mok\u0117ti dalimis derinama individualiai).&nbsp;<\/p>\n<p><em>Susitikimai vyks dalyvio ir mentor\u0117s asmeni\u0161kai sutartu laiku.&nbsp;<\/em><strong>Nori paklausti papildom\u0173 klausim\u0173 ra\u0161ykite<\/strong>:&nbsp;<a href=\"mailto:info@leonorabeyou.com\" target=\"_blank\" style=\"outline: none;\">info@leonorabeyou.com<\/a><\/p>\n<p style=\"\">Priva\u010dios mentoryst\u0117s dalyvi\u0173 skai\u010dius labai ribotas. Leonora &#8211; Luna pasilieka galimyb\u0119 dalyv\u0119(-\u012f) pasirinkti.<\/p>\n<p style=\"\">\n<\/p>\n<p style=\"text-align: center;\">Viskas, ko \u017emogus i\u0161 tikr\u0173j\u0173 trok\u0161ta, jam yra pasiekiama. Tereikia \u017eini\u0173, kaip pa\u017eadinti mumyse slypin\u010dias galias, kurios leist\u0173 i\u0161 gyvenimo pasiimti tai, kas j\u016bs\u0173 \u2013 kas teis\u0117tai priklauso jums ir k\u0105 jau gimdami atsine\u0161\u0117te.<\/p>\n<p style=\"text-align: center;\">leonora be You<\/p>\n","protected":false},"excerpt":{"rendered":"<p>Asmenin\u0117s gyvenimo evoliucijos mentoryst\u0117 su Leonora Be You&nbsp; &#8211; Luna Gyvenimo potencialas &#8211; yra laisvos valios zona, ta\u010diau did\u017eioji dauguma \u017emonijos, vietoj galimyb\u0117s perkurti savo karmin\u012f likim\u0105 da\u017enai per savo gyvenim\u0105 nes\u0105moningai susikuria jo dar daugiau\u2026 Ko pasekoje karmin\u0117s situacijos, kitaip sakant \u201csielos nam\u0173 darbai\u201d &nbsp;PASIKARTOTINAI dalyvauja kasdieniniame \u017emogaus gyvenime ir taip kuria limitus savo [&hellip;]<\/p>\n","protected":false},"author":1,"featured_media":1432,"parent":0,"menu_order":0,"comment_status":"closed","ping_status":"closed","template":"","meta":{"_acf_changed":false,"inline_featured_image":false,"footnotes":""},"class_list":["post-2177","page","type-page","status-publish","has-post-thumbnail","hentry","post-wrapper","thrv_wrapper"],"acf":[],"_links":{"self":[{"href":"https:\/\/nowbeyou.global\/lt\/wp-json\/wp\/v2\/pages\/2177","targetHints":{"allow":["GET"]}}],"collection":[{"href":"https:\/\/nowbeyou.global\/lt\/wp-json\/wp\/v2\/pages"}],"about":[{"href":"https:\/\/nowbeyou.global\/lt\/wp-json\/wp\/v2\/types\/page"}],"author":[{"embeddable":true,"href":"https:\/\/nowbeyou.global\/lt\/wp-json\/wp\/v2\/users\/1"}],"replies":[{"embeddable":true,"href":"https:\/\/nowbeyou.global\/lt\/wp-json\/wp\/v2\/comments?post=2177"}],"version-history":[{"count":19,"href":"https:\/\/nowbeyou.global\/lt\/wp-json\/wp\/v2\/pages\/2177\/revisions"}],"predecessor-version":[{"id":3295,"href":"https:\/\/nowbeyou.global\/lt\/wp-json\/wp\/v2\/pages\/2177\/revisions\/3295"}],"wp:featuredmedia":[{"embeddable":true,"href":"https:\/\/nowbeyou.global\/lt\/wp-json\/wp\/v2\/media\/1432"}],"wp:attachment":[{"href":"https:\/\/nowbeyou.global\/lt\/wp-json\/wp\/v2\/media?parent=2177"}],"curies":[{"name":"wp","href":"https:\/\/api.w.org\/{rel}","templated":true}]}}