{"id":2160,"date":"2022-01-19T01:38:57","date_gmt":"2022-01-18T23:38:57","guid":{"rendered":"https:\/\/nowbeyou.global\/lt\/clone-of-samoningumo-mokymai\/"},"modified":"2024-07-04T20:59:15","modified_gmt":"2024-07-04T17:59:15","slug":"mentoryste","status":"publish","type":"page","link":"https:\/\/nowbeyou.global\/lt\/mentoryste\/","title":{"rendered":"Individuali mentoryst\u0117"},"content":{"rendered":"<h2 style=\"text-align: center;\">Tavo individuali evoliucijos kelion\u0117<\/h2>\n<p>Kad ir kokioje gyvenimo temoje Tu ie\u0161kai profesionalios pagalbos, \u0161iuo metu NOW BE YOU komanda, dirbantys daugiau nei de\u0161imt met\u0173 \u017emogaus evoliucijos srityje, sveikina Tave pri\u0117jusi\u0105(-\u012f) \u0161\u012f etap\u0105 ir yra pasiruo\u0161\u0119 pad\u0117ti Tau asmeni\u0161kai.<\/p>\n<p>Kad ir koks kelias \u0161iuo metu beb\u016bt\u0173 Tau labiausiai reikalingas, mes esame pasiruo\u0161\u0119 pad\u0117ti Tau, jei ie\u0161kai profesionalios pagalbos \u0161iose temose:<\/p>\n<p><span><img decoding=\"async\" alt=\"\" data-id=\"84\" width=\"216\" data-init-width=\"216\" height=\"16\" data-init-height=\"16\" title=\"\" loading=\"lazy\" src=\"https:\/\/nowbeyou.global\/lt\/wp-content\/uploads\/2020\/09\/block-heads-2.png\" data-width=\"216\" data-height=\"16\" style=\"aspect-ratio: auto 216 \/ 16;\"><\/span><\/p>\n<p style=\"text-align: center;\">DARN\u016aS SANTYKIAI<\/p>\n<p style=\"text-align: center;\">Jei nori puosel\u0117ti santykius \u0161eimoje, versle ir\/ar santykyje su savimi.<\/p>\n<p><span><img decoding=\"async\" alt=\"\" data-id=\"84\" width=\"215\" data-init-width=\"216\" height=\"16\" data-init-height=\"16\" title=\"\" loading=\"lazy\" src=\"https:\/\/nowbeyou.global\/lt\/wp-content\/uploads\/2020\/09\/block-heads-2.png\" data-width=\"215\" data-height=\"16\" style=\"aspect-ratio: auto 216 \/ 16;\"><\/span><\/p>\n<p style=\"text-align: center;\">DVASIN\u0116 EVOLIUCIJA<\/p>\n<p style=\"text-align: center;\">Ie\u0161kai sielos kelio, prasm\u0117s ir nori evoliucionuoti visose gyvenimo srityse.<\/p>\n<p style=\"text-align: center;\">\n<p><span><img decoding=\"async\" alt=\"\" data-id=\"84\" width=\"215\" data-init-width=\"216\" height=\"16\" data-init-height=\"16\" title=\"\" loading=\"lazy\" src=\"https:\/\/nowbeyou.global\/lt\/wp-content\/uploads\/2020\/09\/block-heads-2.png\" data-width=\"215\" data-height=\"16\" style=\"aspect-ratio: auto 216 \/ 16;\"><\/span><\/p>\n<p style=\"text-align: center;\">sveikas k\u016bnas<\/p>\n<p style=\"text-align: center;\">Nori paleisti nereikalingus bei \u017ealingus \u012fpro\u010dius bei susidraugauti su savo k\u016bnu integruojant ilgaam\u017ei\u0161kumo i\u0161mint\u012f \u012f savo gyvenimo b\u016bd\u0105.<\/p>\n<p><span><img decoding=\"async\" alt=\"\" data-id=\"84\" width=\"215\" data-init-width=\"216\" height=\"16\" data-init-height=\"16\" title=\"\" loading=\"lazy\" src=\"https:\/\/nowbeyou.global\/lt\/wp-content\/uploads\/2020\/09\/block-heads-2.png\" data-width=\"215\" data-height=\"16\" style=\"aspect-ratio: auto 216 \/ 16;\"><\/span><\/p>\n<p style=\"text-align: center;\">s\u0105moningas verslas<\/p>\n<p style=\"text-align: center;\">Ie\u0161kai kaip auginti savo versl\u0105 remiantis ateities pasaulio ir s\u0105moningumo principais bei integruojant dalijimosi kult\u016br\u0105 savo organizacijoje.<\/p>\n<p style=\"text-align: center;\">\n<p style=\"text-align: center;\">individuali mentoryst\u0117<\/p>\n<p style=\"text-align: center;\">Lyderyst\u0117s ir moteri\u0161kumo mentoryst\u0117 ambicingoms moterims INFUSION<\/p>\n<p style=\"text-align: center;\">NOW BE YOU komanda yra pasiruo\u0161usi kartu palyd\u0117ti Tave \u012f trok\u0161tam\u0105 gyvenimo evoliucijos etap\u0105.<\/p>\n<h2 style=\"text-align: center;\">Unikali 5 \u017eingsni\u0173 metodika<\/h2>\n<p style=\"text-align: center;\">\u0160ioje kelion\u0117je b\u016bsi vedama net keturi\u0173 skirtingose srityse savo patirt\u012f sukaupusi\u0173 mentori\u0173, tad gausi visapusi\u0161k\u0105 prie\u017ei\u016br\u0105, atskaitomyb\u0119, palaikym\u0105 ir holistin\u012f augimo plan\u0105 atsi\u017evelgiant \u012f Tavo norimus rezultatus.<\/p>\n<p><span><img decoding=\"async\" alt=\"\" data-id=\"3122\" width=\"1238\" data-init-width=\"1920\" height=\"696\" data-init-height=\"1080\" title=\"Now Be YOU INFUSION 4-1 mentoring process\" loading=\"lazy\" src=\"https:\/\/nowbeyou.global\/lt\/wp-content\/uploads\/2024\/06\/Now-Be-YOU-INFUSION-4-1-mentoring-process.png\" data-width=\"1238\" data-height=\"696\" style=\"aspect-ratio: auto 1920 \/ 1080;\"><\/span><\/p>\n<h2 style=\"text-align: center;\">\u012e 12 savai\u010di\u0173, keturi\u0173 mentori\u0173 INFUSION mentoryst\u0117s program\u0105 \u012feina:&nbsp;<\/h2>\n<ul>\n<li>I\u0161samus <strong>pasiruo\u0161imo klausimynas<\/strong> bei tiksl\u0173 i\u0161gryninimo sesija<\/li>\n<li><strong>60-90 min. zoom konsultacija kiekvien\u0105 savait\u0119<\/strong> su dedikuota mentore(-ium)<\/li>\n<li><strong>2 BONUS konsultacijos<\/strong>: susitikimas su visa komanda po programos integruojant tolimesn\u012f Tavo augimo plan\u0105 bei papildomas skambutis po m\u0117nesio \u012fvertinant savo progres\u0105 ir tolimesnius \u017eingsnius<\/li>\n<li><strong>Privati WhatsApp grup\u0117 <\/strong>mentoryst\u0117s eigoje su visais keturiais mentoriais<\/li>\n<li><strong>Atskaitomyb\u0117 ir palaikymas<\/strong> siekiant savo tiksl\u0173 kasdien<\/li>\n<li>Pasaulinio pripa\u017einimo sulauk\u0119s, \u201c<strong>TALENT DYNAMICS\u201d psichometrinis asmenyb\u0117s testas<\/strong><\/li>\n<li><strong>21 DETOX protokolas<\/strong> su prie\u017ei\u016bra<\/li>\n<li>\u201cBiohacking\u201d patarimai ir praktikos, kaip atnaujinti savo fizin\u012f k\u016bn\u0105 l\u0105steli\u0173 lygiu<\/li>\n<li><strong>SOMA kv\u0117pavimo meditacijos<\/strong> vedamos gyvai susitikim\u0173 metu priklausomai nuo Tau aktuali\u0173 tem\u0173<\/li>\n<li><strong>Praktikos, nam\u0173 darbai <\/strong>bei papildomi profesional\u016bs online kurs\u0173 \u012fra\u0161ai, pritaikyti Tavo asmeniniam tobul\u0117jimui.<\/li>\n<\/ul>\n<p>Jei jauti, kad jau laikas pereiti \u012f <strong><span style=\"text-decoration: underline;\">sekant\u012f evoliucin\u012f bei progreso lyg\u012f <\/span><\/strong>bei augti sistemingai, pri\u017ei\u016brimai net keturi\u0173 savo sri\u010di\u0173 profesional\u0173, susisieki pa\u017einimo skambu\u010diui \u017eemiau.<\/p>\n<h2 style=\"text-align: center;\">Asmenin\u0117 mentoryst\u0117 &#8211; norintiems gylio ir rezultato<\/h2>\n<p style=\"text-align: center;\">Kiekvienas Now Be You komandos narys yra pasiruo\u0161\u0119s rasti efektyviausi\u0105 keli\u0105 Tau per asmenines sesijas.<\/p>\n<p>VIDINIS PASAULIS<\/p>\n<p style=\"\">Leonora Be You<\/p>\n<p>Knygos \u201cSIELOS ARITMETIKA\u201d autor\u0117, psicholog\u0117, patyrusi dvasinio augimo vedl\u0117 bei transformacij\u0173 mentor\u0117. Suteiks Tau erdv\u0119 panerti giliau \u012f savo unikali\u0105 gyvenimo prasm\u0119, sielos misij\u0105, pad\u0117s auginti pasitik\u0117jim\u0105 savimi bei meil\u0119 sau.<\/p>\n<p>KOU\u010cINGAS IR JUDESYS<\/p>\n<p style=\"\">Ieva Leader You<\/p>\n<p>Sertifikuota kou\u010der\u0117, karjeros mentor\u0117 dirbusi did\u017eiausiose tarptautin\u0117se \u012fmon\u0117se. Pad\u0117s siekti tiksl\u0173 su malonumu bei ves per psichosomatines judesio praktikas.<\/p>\n<p>SAVIREALIZACIJA IR PRASM\u0116<\/p>\n<p style=\"\">Egle Action You<\/p>\n<p style=\"\">Asmeninio brand&#8217;o bei prasmingo verslo konsultant\u0117, auginanti unikalius savirealizacijos ir wellness projektus. Pad\u0117s auginti savo savirealizacijos keli\u0105, pa\u017einti talentus per Talent Dynamics metodik\u0105 bei auginti autenti\u0161kum\u0105, efektyvum\u0105 bei prasm\u0119 savo veikloje ar profesin\u0117je kelion\u0117je.&nbsp;<\/p>\n<p>biohacking, Detox ir ILGAAM\u017dI\u0160KUMAS<\/p>\n<p style=\"\">Vytautas Healthy You<\/p>\n<p style=\"\">Detox specialistas bei augalin\u0117s mitybos alchemikas, lyd\u0117s Tave per 21 dienos Detox protokol\u0105 &nbsp;bei supa\u017eindins su esminiais biohacking, ilgaam\u017ei\u0161kumo principais, suteikian\u010dius ne tik daugiau energijos tavo kiekvienai dienai bet ir sutvirtinant imunitet\u0105.<\/p>\n<p style=\"text-align: center;\">asmenin\u0117s konsultacijos<\/p>\n<p style=\"text-align: center;\">Ne\u017einai ar Tau tinka asmenin\u0117 mentoryst\u0117?<\/p>\n<p style=\"text-align: center;\">Prad\u0117k nuo individualios konsultacijos, kurios metu laikas skiriamas tik tau ir tavo klausimams.<\/p>\n<h2 style=\"text-align: center;\">Nesi pasirengus asmeniniam susitikimui?<\/h2>\n<p style=\"text-align: center;\">Susitikime m\u016bs\u0173 renginiuose<\/p>\n<p>RUGPJ\u016a\u010cIO<\/p>\n<p style=\"\">15-18 d.<\/p>\n<p style=\"\">2024<\/p>\n<p style=\"\">INFUSION mentoryst\u0117s savaitgalis<\/p>\n<p style=\"\">Vienintelis metuose susitikimas su visa NOW BE YOU komanda vedantis per unikali\u0105 5 saviugdos \u017eingsni\u0173 sistem\u0105.<\/p>\n<p>__CONFIG_colors_palette__{&#8222;active_palette&#8221;:0,&#8221;config&#8221;:{&#8222;colors&#8221;:{&#8222;62516&#8221;:{&#8222;name&#8221;:&#8221;Main Accent&#8221;,&#8221;parent&#8221;:-1}},&#8221;gradients&#8221;:[]},&#8221;palettes&#8221;:[{&#8222;name&#8221;:&#8221;Default Palette&#8221;,&#8221;value&#8221;:{&#8222;colors&#8221;:{&#8222;62516&#8221;:{&#8222;val&#8221;:&#8221;rgb(209, 132, 126)&#8221;}},&#8221;gradients&#8221;:[]}}]}__CONFIG_colors_palette__ <a href=\"https:\/\/nowbeyou.global\/lt\/mokymai\/infusion-savaitgalis\/\" style=\"\" target=\"_blank\" rel=\"noopener\"> <span><span>Daugiau informacijos<\/span><\/span> <\/a>       <\/p>\n<p style=\"\">Nesi tikra ar tai Tau?<\/p>\n<p style=\"\">Registruokis NEMOKAMAI pa\u017einimo konsultacijai<\/p>\n","protected":false},"excerpt":{"rendered":"<p>Tavo individuali evoliucijos kelion\u0117 Kad ir kokioje gyvenimo temoje Tu ie\u0161kai profesionalios pagalbos, \u0161iuo metu NOW BE YOU komanda, dirbantys daugiau nei de\u0161imt met\u0173 \u017emogaus evoliucijos srityje, sveikina Tave pri\u0117jusi\u0105(-\u012f) \u0161\u012f etap\u0105 ir yra pasiruo\u0161\u0119 pad\u0117ti Tau asmeni\u0161kai. Kad ir koks kelias \u0161iuo metu beb\u016bt\u0173 Tau labiausiai reikalingas, mes esame pasiruo\u0161\u0119 pad\u0117ti Tau, jei ie\u0161kai [&hellip;]<\/p>\n","protected":false},"author":1,"featured_media":409,"parent":0,"menu_order":0,"comment_status":"closed","ping_status":"closed","template":"","meta":{"_acf_changed":false,"inline_featured_image":false,"footnotes":""},"class_list":["post-2160","page","type-page","status-publish","has-post-thumbnail","hentry","post-wrapper","thrv_wrapper"],"acf":[],"_links":{"self":[{"href":"https:\/\/nowbeyou.global\/lt\/wp-json\/wp\/v2\/pages\/2160","targetHints":{"allow":["GET"]}}],"collection":[{"href":"https:\/\/nowbeyou.global\/lt\/wp-json\/wp\/v2\/pages"}],"about":[{"href":"https:\/\/nowbeyou.global\/lt\/wp-json\/wp\/v2\/types\/page"}],"author":[{"embeddable":true,"href":"https:\/\/nowbeyou.global\/lt\/wp-json\/wp\/v2\/users\/1"}],"replies":[{"embeddable":true,"href":"https:\/\/nowbeyou.global\/lt\/wp-json\/wp\/v2\/comments?post=2160"}],"version-history":[{"count":13,"href":"https:\/\/nowbeyou.global\/lt\/wp-json\/wp\/v2\/pages\/2160\/revisions"}],"predecessor-version":[{"id":3138,"href":"https:\/\/nowbeyou.global\/lt\/wp-json\/wp\/v2\/pages\/2160\/revisions\/3138"}],"wp:featuredmedia":[{"embeddable":true,"href":"https:\/\/nowbeyou.global\/lt\/wp-json\/wp\/v2\/media\/409"}],"wp:attachment":[{"href":"https:\/\/nowbeyou.global\/lt\/wp-json\/wp\/v2\/media?parent=2160"}],"curies":[{"name":"wp","href":"https:\/\/api.w.org\/{rel}","templated":true}]}}