{"id":1878,"date":"2022-01-13T21:10:32","date_gmt":"2022-01-13T19:10:32","guid":{"rendered":"https:\/\/nowbeyou.global\/lt\/mokymai\/clone-of-transformacine-samoningo-moteriskumo-savaite-2\/"},"modified":"2022-03-28T15:18:00","modified_gmt":"2022-03-28T12:18:00","slug":"kelione-i-save-trecia-pakopa","status":"publish","type":"page","link":"https:\/\/nowbeyou.global\/lt\/kelione-i-save-trecia-pakopa\/","title":{"rendered":"Mokymai \u201cKelion\u0117 \u012f save\u201d tre\u010dia pakopa"},"content":{"rendered":"<p style=\"text-align: center;\">\u201cKelion\u0117 \u012f save\u201d patyrim\u0173 savait\u0117 moterims<\/p>\n<p style=\"text-align: center;\">(III pakopa)<\/p>\n<p><img loading=\"lazy\" decoding=\"async\" title=\"\" src=\"https:\/\/nowbeyou.global\/lt\/wp-content\/uploads\/2020\/09\/block-heads-2.png\" alt=\"\" width=\"215\" height=\"16\" data-id=\"84\" data-init-width=\"216\" data-init-height=\"16\" data-width=\"215\" data-height=\"16\" \/><\/p>\n<p style=\"text-align: center;\">PRAKTIK\u0172 SAVAIT\u0116<\/p>\n<p style=\"text-align: center;\">Intensyvi savait\u0117s programa &#8222;Kelion\u0117 \u012f save&#8221; vykstanti tik kas dvejus metus.<\/p>\n<p><img loading=\"lazy\" decoding=\"async\" title=\"\" src=\"https:\/\/nowbeyou.global\/lt\/wp-content\/uploads\/2020\/09\/block-heads-2.png\" alt=\"\" width=\"215\" height=\"16\" data-id=\"84\" data-init-width=\"216\" data-init-height=\"16\" data-width=\"215\" data-height=\"16\" \/><\/p>\n<p style=\"text-align: center;\">nematyta ibiza<\/p>\n<p style=\"text-align: center;\">Ypatingos salos vietos ir j\u0173 energetikos patyrimas<\/p>\n<p><img loading=\"lazy\" decoding=\"async\" title=\"\" src=\"https:\/\/nowbeyou.global\/lt\/wp-content\/uploads\/2020\/09\/block-heads-2.png\" alt=\"\" width=\"215\" height=\"18\" data-id=\"84\" data-init-width=\"216\" data-init-height=\"16\" data-width=\"215\" data-height=\"18\" \/><\/p>\n<p style=\"text-align: center;\">K\u016bno ir sielos detox&#8217;as<\/p>\n<p style=\"text-align: center;\">Gydantis ir valantis augalinis maistas bei energetin\u0117s praktikos<\/p>\n<p><img loading=\"lazy\" decoding=\"async\" title=\"\" src=\"https:\/\/nowbeyou.global\/lt\/wp-content\/uploads\/2020\/09\/block-heads-2.png\" alt=\"\" width=\"215\" height=\"18\" data-id=\"84\" data-init-width=\"216\" data-init-height=\"16\" data-width=\"215\" data-height=\"18\" \/><\/p>\n<p style=\"text-align: center;\">bendramin\u010diai<\/p>\n<p style=\"text-align: center;\">Susitikimas su vietiniais salos gyventojais, kurie \u012fne\u0161 \u012f program\u0105 staigmen\u0173<\/p>\n<h4 style=\"text-align: center;\"><span style=\"font-size: 14px;\">Kada:<\/span><\/h4>\n<p style=\"text-align: center;\"><span style=\"font-size: 14px;\"><span style=\"font-family: 'Open Sans'; font-weight: 300;\">baland\u017eio 2-9 d.<\/span><\/span><\/p>\n<h4 style=\"text-align: center;\"><span style=\"font-size: 14px;\">Kur:<\/span><\/h4>\n<p style=\"text-align: center;\"><span style=\"font-size: 14px;\"><span style=\"font-family: 'Open Sans'; font-weight: 300;\">Ibisos saloje<\/span><\/span><\/p>\n<h4 style=\"text-align: center;\"><span style=\"font-size: 14px;\">Dalyv\u0117s:<\/span><\/h4>\n<p style=\"text-align: center;\"><span style=\"font-size: 14px;\"><span style=\"font-family: 'Open Sans'; font-weight: 300;\">Jau dalyvav\u0119 mokym\u0173 &#8222;Kelion\u0117 \u012f save&#8221; I ir II pakopoje<\/span><\/span><\/p>\n<h4 style=\"text-align: center;\"><span style=\"font-size: 14px;\">7 dien\u0173:<\/span><\/h4>\n<p style=\"text-align: center;\"><span style=\"font-size: 14px;\"><span style=\"font-family: 'Open Sans'; font-weight: 300;\">unikali\u0173 patyrim\u0173 programa<\/span><\/span><\/p>\n<h2 style=\"text-align: center;\">Programa gyva!<\/h2>\n<p style=\"text-align: center;\">nuolat kintanti ir pritaikyta dalyvi\u0173 poreikiams<\/p>\n<p>Nersime \u012f gyl\u012f su tre\u010dios pakopos magija ir misterija bei kiekvienos i\u0161 j\u016bs\u0173 kelione nesvarbu kaip seniai ar neseniai buvome susitik\u0119.. nesvarbu kur pasuko Tavo kelias &#8211; Ibizos erdv\u0117 atvira patirti naujas sakralias vietas, ceremonijas, susitikimus su magi\u0161kos salos seserimis ir daug kit\u0173 stebukl\u0173 kuri\u0173 tikiu, kad \u017einai, jog \u012f programos r\u0117mus nesura\u0161ysime.. Tai savait\u0117 skirta sakraliam moteri\u0161kumui, vyri\u0161kos ir moteri\u0161kos energijos vienybei, giliam i\u0161sivalymui, paleidimui ir gyvenimo d\u017eiaugsmo \u0161ventei!<\/p>\n<p>Pa\u017eadame daug staigmen\u0173 bei ypating\u0173 salos sve\u010di\u0173 m\u016bs\u0173 programoje. Taip pat magi\u0161kos gamtos viet\u0173, gili\u0173 meditacij\u0173, organizmo &#8222;perkrovimo&#8221; ir seser\u0173 bendryst\u0117s.<\/p>\n<p>Kartu patirsime ir BE YOU virtuv\u0117s alchemiko Vytauto organizmo detox, tad gr\u012f\u0161i namo pails\u0117jusi, lengva ir pilna gili\u0173 vidini\u0173 suvokim\u0173.<\/p>\n<p><img loading=\"lazy\" decoding=\"async\" title=\"Lotus_House-32\" src=\"https:\/\/nowbeyou.global\/lt\/wp-content\/uploads\/2022\/01\/Lotus_House-32-scaled.jpg\" alt=\"\" width=\"466\" height=\"311\" data-id=\"1895\" data-init-width=\"2560\" data-init-height=\"1707\" data-width=\"466\" data-height=\"311\" \/><\/p>\n<h3 style=\"text-align: center;\">MEDITACIJOS IR KV\u0116PAVIMO PRAKTIKOS<\/h3>\n<p>Tre\u010dioje pakopoje giliai nersime \u012f efektyvias SOMA kv\u0117pavimo praktikas, kurios kei\u010dia m\u016bs\u0173 k\u016bn\u0105 l\u0105steli\u0173 lygmenyje. Taip pat nersime \u012f dar gilesnes meditacijas, kurios kaip visuomet atliepia grup\u0117s dalyvi\u0173 intencijas ir asmenines situacijas.<\/p>\n<h3 style=\"text-align: center;\">YPATING\u0172 SALOS VIET\u0172 LANKYMAS<\/h3>\n<p>Savait\u0117s eigoje keliausime po dar neaplankytas vidines kerteles, nersime \u012f gyl\u012f, naudojant abu smegen\u0173 pusrutulius suharmonizuojan\u010dius garsus.<\/p>\n<p>Nesvarbu ar saloje lankysiesi pirm\u0105 kart\u0105 ar jau esi \u010dia buvus ne kart\u0105, savait\u0117s metu lankysim\u0117s ypatingose vietose.<\/p>\n<p><img loading=\"lazy\" decoding=\"async\" title=\"DSC00312\" src=\"https:\/\/nowbeyou.global\/lt\/wp-content\/uploads\/2022\/01\/DSC00312.jpg\" alt=\"\" width=\"372\" height=\"248\" data-id=\"1902\" data-init-width=\"2048\" data-init-height=\"1366\" data-width=\"372\" data-height=\"248\" \/><\/p>\n<h3 style=\"text-align: center;\">K\u016aRYBOS IR MOTERI\u0160KUMO S\u0104JUNGA<\/h3>\n<p>Dar vienas sve\u010dias tai Marie Loher &#8211; mama, talentinga dizainer\u0117, meninink\u0117, k\u016brybin\u0117 m\u016bza per 4 elementu prizm\u0119 pad\u0117s ap\u010diuopti savo asmenyb\u0117s ir esyb\u0117s jungt\u012f per \u017eaisming\u0105 ir prasming\u0105 k\u016bryb\u0105.<\/p>\n<p><img loading=\"lazy\" decoding=\"async\" title=\"WhatsApp Image 2022-02-01 at 19.12.51 (1)\" src=\"https:\/\/nowbeyou.global\/lt\/wp-content\/uploads\/2022\/02\/WhatsApp-Image-2022-02-01-at-19.12.51-1.jpeg\" alt=\"\" width=\"372\" height=\"248\" data-id=\"2255\" data-init-width=\"1024\" data-init-height=\"683\" data-width=\"372\" data-height=\"248\" \/><\/p>\n<h3 style=\"text-align: center;\">VIETIN\u0116S SALOS SESERYS IR ELIKSYRAI<\/h3>\n<p>Savait\u0117s metu programoje tur\u0117sime salos sesi\u0173 specialiai mums paruo\u0161tas ceremonijas ir ritualus bei ypatingus gamtos eliksyrus.<\/p>\n<p>Savait\u0117s metu taip pat patirsite kristal\u0173 magij\u0105.<\/p>\n<p><img loading=\"lazy\" decoding=\"async\" title=\"Kelione i Save 2 pakopa-19\" src=\"https:\/\/nowbeyou.global\/lt\/wp-content\/uploads\/2022\/01\/Kelione-i-Save-2-pakopa-19.jpg\" alt=\"\" width=\"372\" height=\"210\" data-id=\"1900\" data-init-width=\"1917\" data-init-height=\"1080\" data-width=\"372\" data-height=\"210\" \/><\/p>\n<h3 style=\"text-align: center;\">SAUNA IR K\u016aNO DETOKSIKACIJA<\/h3>\n<p>M\u016bs\u0173 retreat centre tur\u0117sime galimyb\u0119 pasim\u0117gauti saunos teikiamais malonumais bei atsigaivinti baseine \u017evelgiant \u012f tolumoje besileid\u017eian\u010di\u0105 saul\u0119.<\/p>\n<p>Be pirties proced\u016br\u0173 \u017einoma m\u016bs\u0173 laukia gydantis augalinis maistas ruo\u0161iamas BE YOU virtuv\u0117s alchemiko Vytauto ir i\u0161krovos dienos m\u016bs\u0173 organizmams &#8222;perkrauti&#8221;.<\/p>\n<p><img loading=\"lazy\" decoding=\"async\" title=\"Kelione i Save 2 pakopa-149\" src=\"https:\/\/nowbeyou.global\/lt\/wp-content\/uploads\/2022\/01\/Kelione-i-Save-2-pakopa-149.jpg\" alt=\"\" width=\"372\" height=\"210\" data-id=\"1901\" data-init-width=\"1917\" data-init-height=\"1080\" data-width=\"372\" data-height=\"210\" \/><\/p>\n<h3 style=\"text-align: center;\">VYRI\u0160KOS ENERGIJOS S\u0104JUNGA<\/h3>\n<p>Programoje m\u016bs\u0173 taip pat laukia sakralus b\u016bgn\u0173 vakaras su vietiniais salos gyventojais. Gydantys muzikos garsai ir \u017einoma \u0161okiai bei pats geriausias vakar\u0117lis!:)<\/p>\n<p><img loading=\"lazy\" decoding=\"async\" title=\"WhatsApp Image 2021-12-31 at 03.57.14\" src=\"https:\/\/nowbeyou.global\/lt\/wp-content\/uploads\/2022\/01\/WhatsApp-Image-2021-12-31-at-03.57.14.jpeg\" alt=\"\" width=\"372\" height=\"243\" data-id=\"1903\" data-init-width=\"1600\" data-init-height=\"1047\" data-width=\"372\" data-height=\"243\" \/><\/p>\n<h3 style=\"text-align: center;\">BALANSUOJAN\u010cIOS TERAPIJOS<\/h3>\n<p>Mokym\u0173 savait\u0119 papildys ypatingas sve\u010dias-terapeutas pajaut\u0119s vidin\u012f \u0161auksm\u0105 atvykti d\u0117l m\u016bs\u0173 Duane. Duane specializuojasi k\u016bno subalansavime atpalaiduojant stubur\u0105, kakl\u0105, pe\u010dius, klubus. Naudodamas kar\u0161tus akmenis ir kitas technikas jis dirba su giliu raumen\u0173 atpalaidavimu be skausmo. Naudodamas Lomi Lomi technik\u0105 bei akupunkt\u016bros ta\u0161kus gali numal\u0161inti galvos skausm\u0105 per kelet\u0105 minu\u010di\u0173. Naudodamas refleksologij\u0105 giliai atpalaiduoja ir veda kiekvien\u0105 ten kur reikalauja k\u016bnas. Duane dirb\u0119s visame pasaulyje ir atvyksta pajaut\u0119s, kad b\u016btent jums nuo\u0161ird\u017eiai nori pad\u0117ti atpalaiduojant ir subalansuojant prot\u0105, k\u016bn\u0105 ir siel\u0105.<\/p>\n<p><img loading=\"lazy\" decoding=\"async\" title=\"Dwayne and Leonora\" src=\"https:\/\/nowbeyou.global\/lt\/wp-content\/uploads\/2022\/03\/Dwayne-and-Leonora.jpeg\" alt=\"\" width=\"372\" height=\"279\" data-id=\"2358\" data-init-width=\"1024\" data-init-height=\"768\" data-width=\"372\" data-height=\"279\" \/><\/p>\n<p style=\"text-align: center;\">po \u0161ios intensyvios savait\u0117s i\u0161sive\u0161i:<\/p>\n<p>01<\/p>\n<p>Sustiprint\u0105 pasitik\u0117jim\u0105 savimi<\/p>\n<p>02<\/p>\n<p>Seseryst\u0117s ir sakralaus moteri\u0161kumo patyrim\u0105<\/p>\n<p>03<\/p>\n<p>\u012egalinan\u010dias meditacijas, k\u016bno gydymo praktikas, atpalaiduojan\u010dias kv\u0117pavimo sesijas ir j\u0173 instrukcijas<\/p>\n<p>04<\/p>\n<p>Meil\u0119 sau ir savo gyvenimui bei patirt\u0105 gil\u0173 prisilietim\u0105 prie savo esm\u0117s<\/p>\n<p>05<\/p>\n<p>Vidin\u0117s laisv\u0117s jausm\u0105 nuo sen\u0173 ir skausming\u0173 patyrim\u0173 bei \u012fsitikinim\u0173<\/p>\n<p>06<\/p>\n<p>Lengv\u0105 ir \u0161var\u0173 k\u016bn\u0105 bei s\u0105mon\u0119<\/p>\n<h2 style=\"text-align: center;\">Investicija<\/h2>\n<p style=\"text-align: center;\">8 dienos, 7 naktys<\/p>\n<p style=\"text-align: center;\">Galite rinktis i\u0161 dviej\u0173 skirting\u0173 apgyvendinimo variant\u0173.<\/p>\n<p style=\"text-align: center;\">Vieta rezervuojama tik atlikus pradin\u0119 \u012fmok\u0105.<\/p>\n<p style=\"text-align: center;\">D\u0117l individuali\u0173 mok\u0117jimo plan\u0173 kreiptis telefonu +37061604532 (Egl\u0117) ar el.pa\u0161tu beyou@nowbeyou.global<\/p>\n<p>\u00a0 \u00a0 \u00a0 \u00a0 \u00a0 \u00a0 \u00a0 \u00a0 \u00a0 \u00a0 \u00a0 \u00a0 \u00a0 \u00a0 \u00a0 \u00a0 \u00a0 \u00a0 \u00a0 \u00a0 \u00a0 \u00a0 \u00a0 \u00a0GYVENIMAS NAMELIUOSE<\/p>\n<p style=\"text-align: center;\">GYVENIMAS NAMELIUOSE<\/p>\n<p>\u00a0 \u00a0 \u00a0 \u00a0 \u00a0 \u00a0 \u00a0 \u00a0 \u00a0 \u00a0 \u00a0 \u00a0 \u00a0 \u00a0 \u00a0 \u00a0PER\u017dI\u016aR\u0116TI NUOTRAUKAS<\/p>\n<p>Jauk\u016bs dvivie\u010diai nameliai \u0161alia pagrindinio pastato. Nameliai turi du\u0161\u0105, tualet\u0105. Did\u017eiausi privalumai: ramyb\u0117, privatumas, lauko terasa su vaizdu \u012f gamt\u0105, j\u016br\u0105.<\/p>\n<p><strong>Visos vietos rezervuotos!<\/strong><\/p>\n<p style=\"text-align: center;\">1888 Eur su PVM<\/p>\n<p>\u00a0 \u00a0 \u00a0 \u00a0 \u00a0 \u00a0 \u00a0 \u00a0 \u00a0 \u00a0 \u00a0 \u00a0 \u00a0 \u00a0 \u00a0 \u00a0 \u00a0 \u00a0 \u00a0GYVENIMAS PAGRINDIN\u0116JE VILOJE<\/p>\n<p>PER\u017dI\u016aR\u0116TI NUOTRAUKAS<\/p>\n<p>Dvivie\u010diai-trivie\u010diai kambariai pagrindiniame pastate, visi kambariai turi terasas bei vaizd\u0105 \u012f sod\u0105 ar j\u016br\u0105.<\/p>\n<p style=\"text-align: center;\">2222 Eur su PVM<\/p>\n<p style=\"text-align: center;\">PAPILDOMOS I\u0160LAIDOS: L\u0117ktuvo bilietai \u012f\/i\u0161 Ibisos, COVID testai, asmenin\u0117s i\u0161laidos pirkiniams.<\/p>\n<p style=\"text-align: center;\">Dalyvi\u0173 skai\u010dius ribotas. Vieta rezervuojama tik atlikus pradin\u0119 \u012fmok\u0105. I\u0161kilus klausimams kreiptis telefonu +37061604532 (Egl\u0117).<\/p>\n<p style=\"text-align: center;\">Socialiai atsakingas pasirinkimas<\/p>\n<p style=\"text-align: center;\">Dalyvaudama mokymuose pad\u0117si kitoms moterims<\/p>\n<p style=\"text-align: center;\">Visos dalyvaujan\u010dios mokymuose &#8222;Kelion\u0117 \u012f save&#8221; prisid\u0117s pagalba kitoms moterims ir vaikams. M\u016bs\u0173 organizacija jau daugel\u012f met\u0173 bendradarbiauja su tarptautiniu tinklu B1G1 (Buy1Give1) bei V\u0160\u012e &#8222;Krizinio n\u0117\u0161tumo centras&#8221;.<\/p>\n<h2 style=\"text-align: center;\">Mokymus organizuoja<\/h2>\n<p style=\"text-align: center;\">multidisciplinin\u0117 komanda<\/p>\n<p><img loading=\"lazy\" decoding=\"async\" title=\"\" src=\"https:\/\/nowbeyou.global\/lt\/wp-content\/uploads\/2020\/09\/waves-1.png\" alt=\"\" width=\"20\" height=\"15\" data-id=\"129\" data-init-width=\"38\" data-init-height=\"29\" data-width=\"20\" data-height=\"15\" \/><\/p>\n<p style=\"text-align: center;\">Vidinis pasaulis<\/p>\n<p><img loading=\"lazy\" decoding=\"async\" title=\"\" src=\"https:\/\/nowbeyou.global\/lt\/wp-content\/uploads\/2020\/09\/team-members-3.png\" alt=\"\" width=\"180\" height=\"180\" data-id=\"126\" data-init-width=\"180\" data-init-height=\"180\" data-width=\"180\" data-height=\"180\" \/><\/p>\n<p style=\"text-align: center;\">Leonora Be You<\/p>\n<p style=\"text-align: center;\"><span style=\"font-size: 45px;\">\u201c<\/span>Gyvenimo balansas ir vidin\u0117 ramyb\u0117<\/p>\n<p><img loading=\"lazy\" decoding=\"async\" title=\"waves (3)\" src=\"https:\/\/nowbeyou.global\/lt\/wp-content\/uploads\/2020\/09\/waves-3.png\" alt=\"\" width=\"20\" height=\"15\" data-id=\"131\" data-init-width=\"40\" data-init-height=\"29\" data-width=\"20\" data-height=\"15\" \/><\/p>\n<p style=\"text-align: center;\">K\u016bnas<\/p>\n<p><img loading=\"lazy\" decoding=\"async\" title=\"\" src=\"https:\/\/nowbeyou.global\/lt\/wp-content\/uploads\/2020\/09\/team-members-4.png\" alt=\"\" width=\"180\" height=\"180\" data-id=\"127\" data-init-width=\"180\" data-init-height=\"180\" data-width=\"180\" data-height=\"180\" \/><\/p>\n<p style=\"text-align: center;\">Vytas Healthy You<\/p>\n<p style=\"text-align: center;\"><span style=\"font-size: 45px;\">\u201c<\/span>Energizuojantis maistas ir garsai<\/p>\n<p><img loading=\"lazy\" decoding=\"async\" title=\"\" src=\"https:\/\/nowbeyou.global\/lt\/wp-content\/uploads\/2020\/09\/waves-2.png\" alt=\"\" width=\"20\" height=\"15\" data-id=\"130\" data-init-width=\"39\" data-init-height=\"29\" data-width=\"20\" data-height=\"15\" \/><\/p>\n<p style=\"text-align: center;\">Emocijos<\/p>\n<p><img loading=\"lazy\" decoding=\"async\" title=\"\" src=\"https:\/\/nowbeyou.global\/lt\/wp-content\/uploads\/2020\/09\/team-members-5.png\" alt=\"\" width=\"180\" height=\"180\" data-id=\"128\" data-init-width=\"180\" data-init-height=\"180\" data-width=\"180\" data-height=\"180\" \/><\/p>\n<p style=\"text-align: center;\">Ieva Leader You<\/p>\n<p style=\"text-align: center;\"><span style=\"font-size: 45px;\">\u201c<\/span>Tapk lydere ir b\u016bk pavyzd\u017eiu kitiems<\/p>\n<p><img loading=\"lazy\" decoding=\"async\" title=\"\" src=\"https:\/\/nowbeyou.global\/lt\/wp-content\/uploads\/2020\/09\/waves-4.png\" alt=\"\" width=\"20\" height=\"16\" data-id=\"132\" data-init-width=\"36\" data-init-height=\"29\" data-width=\"20\" data-height=\"16\" \/><\/p>\n<p style=\"text-align: center;\">Mintys<\/p>\n<p><img loading=\"lazy\" decoding=\"async\" title=\"\" src=\"https:\/\/nowbeyou.global\/lt\/wp-content\/uploads\/2020\/09\/team-members-1.png\" alt=\"\" width=\"180\" height=\"180\" data-id=\"124\" data-init-width=\"180\" data-init-height=\"180\" data-width=\"180\" data-height=\"180\" \/><\/p>\n<p style=\"text-align: center;\">Egle Action You<\/p>\n<p style=\"text-align: center;\"><span style=\"font-size: 45px;\">\u201c<\/span>Gyvenimas vedinas misijos \u012fmanomas imantis veiksm\u0173<\/p>\n<p><img loading=\"lazy\" decoding=\"async\" title=\"DSC00208\" src=\"https:\/\/nowbeyou.global\/lt\/wp-content\/uploads\/2022\/02\/DSC00208.jpg\" alt=\"\" width=\"560\" height=\"351\" data-id=\"2244\" data-init-width=\"2048\" data-init-height=\"1283\" data-width=\"560\" data-height=\"351\" \/><\/p>\n<p>Nori prisiminti antr\u0105 pakop\u0105?<\/p>\n<p>NAUJIENA &#8211; antros pakopos mokym\u0173 online programa &#8222;Sielos evoliucija&#8221;<\/p>\n","protected":false},"excerpt":{"rendered":"<p>\u201cKelion\u0117 \u012f save\u201d patyrim\u0173 savait\u0117 moterims (III pakopa) PRAKTIK\u0172 SAVAIT\u0116 Intensyvi savait\u0117s programa &#8222;Kelion\u0117 \u012f save&#8221; vykstanti tik kas dvejus metus. nematyta ibiza Ypatingos salos vietos ir j\u0173 energetikos patyrimas K\u016bno ir sielos detox&#8217;as Gydantis ir valantis augalinis maistas bei energetin\u0117s praktikos bendramin\u010diai Susitikimas su vietiniais salos gyventojais, kurie \u012fne\u0161 \u012f program\u0105 staigmen\u0173 Kada: baland\u017eio [&hellip;]<\/p>\n","protected":false},"author":1,"featured_media":1421,"parent":0,"menu_order":0,"comment_status":"closed","ping_status":"closed","template":"","meta":{"_acf_changed":false,"inline_featured_image":false,"footnotes":""},"class_list":["post-1878","page","type-page","status-publish","has-post-thumbnail","hentry","post-wrapper","thrv_wrapper"],"acf":[],"_links":{"self":[{"href":"https:\/\/nowbeyou.global\/lt\/wp-json\/wp\/v2\/pages\/1878","targetHints":{"allow":["GET"]}}],"collection":[{"href":"https:\/\/nowbeyou.global\/lt\/wp-json\/wp\/v2\/pages"}],"about":[{"href":"https:\/\/nowbeyou.global\/lt\/wp-json\/wp\/v2\/types\/page"}],"author":[{"embeddable":true,"href":"https:\/\/nowbeyou.global\/lt\/wp-json\/wp\/v2\/users\/1"}],"replies":[{"embeddable":true,"href":"https:\/\/nowbeyou.global\/lt\/wp-json\/wp\/v2\/comments?post=1878"}],"version-history":[{"count":3,"href":"https:\/\/nowbeyou.global\/lt\/wp-json\/wp\/v2\/pages\/1878\/revisions"}],"predecessor-version":[{"id":2450,"href":"https:\/\/nowbeyou.global\/lt\/wp-json\/wp\/v2\/pages\/1878\/revisions\/2450"}],"wp:featuredmedia":[{"embeddable":true,"href":"https:\/\/nowbeyou.global\/lt\/wp-json\/wp\/v2\/media\/1421"}],"wp:attachment":[{"href":"https:\/\/nowbeyou.global\/lt\/wp-json\/wp\/v2\/media?parent=1878"}],"curies":[{"name":"wp","href":"https:\/\/api.w.org\/{rel}","templated":true}]}}