{"id":137,"date":"2020-09-15T14:52:04","date_gmt":"2020-09-15T11:52:04","guid":{"rendered":"https:\/\/nowbeyou.global\/lt\/krepselis\/"},"modified":"2022-03-19T22:39:47","modified_gmt":"2022-03-19T20:39:47","slug":"krepselis","status":"publish","type":"page","link":"https:\/\/nowbeyou.global\/lt\/krepselis\/","title":{"rendered":"Krep\u0161elis"},"content":{"rendered":"<div class=\"woocommerce\"><div class=\"woocommerce-notices-wrapper\"><\/div><div class=\"wc-empty-cart-message\">\n\t<div class=\"cart-empty woocommerce-info\">\n\t\tKrep\u0161elis dar tu\u0161\u010dias.\t<\/div>\n<\/div>\t<p class=\"return-to-shop\">\n\t\t<a class=\"button wc-backward\" href=\"https:\/\/nowbeyou.global\/lt\/parduotuve\/\">\n\t\t\tGr\u012f\u017eti \u012f parduotuv\u0119\t\t<\/a>\n\t<\/p>\n<\/div>\n","protected":false},"excerpt":{"rendered":"","protected":false},"author":1,"featured_media":0,"parent":0,"menu_order":0,"comment_status":"closed","ping_status":"closed","template":"","meta":{"_acf_changed":false,"inline_featured_image":false,"footnotes":""},"class_list":["post-137","page","type-page","status-publish","hentry","post-wrapper","thrv_wrapper"],"acf":[],"_links":{"self":[{"href":"https:\/\/nowbeyou.global\/lt\/wp-json\/wp\/v2\/pages\/137","targetHints":{"allow":["GET"]}}],"collection":[{"href":"https:\/\/nowbeyou.global\/lt\/wp-json\/wp\/v2\/pages"}],"about":[{"href":"https:\/\/nowbeyou.global\/lt\/wp-json\/wp\/v2\/types\/page"}],"author":[{"embeddable":true,"href":"https:\/\/nowbeyou.global\/lt\/wp-json\/wp\/v2\/users\/1"}],"replies":[{"embeddable":true,"href":"https:\/\/nowbeyou.global\/lt\/wp-json\/wp\/v2\/comments?post=137"}],"version-history":[{"count":1,"href":"https:\/\/nowbeyou.global\/lt\/wp-json\/wp\/v2\/pages\/137\/revisions"}],"predecessor-version":[{"id":2442,"href":"https:\/\/nowbeyou.global\/lt\/wp-json\/wp\/v2\/pages\/137\/revisions\/2442"}],"wp:attachment":[{"href":"https:\/\/nowbeyou.global\/lt\/wp-json\/wp\/v2\/media?parent=137"}],"curies":[{"name":"wp","href":"https:\/\/api.w.org\/{rel}","templated":true}]}}